{"id":543,"date":"2015-07-08T20:04:45","date_gmt":"2015-07-08T20:04:45","guid":{"rendered":"http:\/\/zzit.org.pl\/okregi\/wielkopolskolubuski\/?page_id=543"},"modified":"2022-03-29T07:37:53","modified_gmt":"2022-03-29T07:37:53","slug":"druki","status":"publish","type":"page","link":"https:\/\/zzit.org.pl\/okregi\/wielkopolskolubuski\/druki\/","title":{"rendered":"Druki"},"content":{"rendered":"\r\n<p><a href=\"https:\/\/zzit.org.pl\/okregi\/wielkopolskolubuski\/wp-content\/uploads\/sites\/11\/2015\/07\/Wpis_KRS_2015_Statut.pdf\">Wpis_KRS_2015_Statut<\/a><\/p>\r\n<p>Regulamin G\u0142osowa\u0144 Elektronicznych<br \/>Zarz\u0105du Krajowego ZZIT\u00a0<\/p>\r\n<p><a href=\"https:\/\/zzit.org.pl\/okregi\/wielkopolskolubuski\/wp-content\/uploads\/sites\/11\/2022\/03\/Regulamin_Glosowan_Elektronicznych_ZZIT_2013.pdf\">Regulamin_Glosowan_Elektronicznych_ZZIT_2013<\/a><\/p>\r\n<p><!--more--><\/p>\r\n<p><a href=\"https:\/\/zzit.org.pl\/okregi\/wielkopolskolubuski\/wp-content\/uploads\/sites\/11\/2015\/07\/Wniosek-OH-WZ\u00d3R.pdf\">Wniosek-OH-WZ\u00d3R<\/a><\/p>\r\n<p><a href=\"https:\/\/zzit.org.pl\/okregi\/wielkopolskolubuski\/wp-content\/uploads\/sites\/11\/2015\/07\/Delegacja.pdf\">Delegacja<\/a><\/p>\r\n<p><a href=\"https:\/\/zzit.org.pl\/okregi\/wielkopolskolubuski\/wp-content\/uploads\/sites\/11\/2019\/12\/Statut_ZZIT_2019_ca\u0142y.pdf\">Statut_ZZIT_2019<\/a><\/p>\r\n<p><a href=\"https:\/\/zzit.org.pl\/okregi\/wielkopolskolubuski\/wp-content\/uploads\/sites\/11\/2022\/03\/Protokol_z_Zebrania_Zalozycielskiego_ZOZ_ZZIT.pdf\">Protok\u00f3\u0142_z_Zebrania_Za\u0142o\u017cycielskiego_ZOZ_ZZIT<\/a><\/p>\r\n<p><a href=\"https:\/\/zzit.org.pl\/okregi\/wielkopolskolubuski\/wp-content\/uploads\/sites\/11\/2022\/03\/Wniosek_nowej_ZOZ_o_Rejestracje_w_Rejestrze_Okregu_ZZIT.pdf\">Wniosek_nowej_ZOZ_o_Rejestracj\u0119_w_Rejestrze_Okr\u0119gu_ZZIT<\/a><\/p>\r\n<p><a href=\"https:\/\/zzit.org.pl\/okregi\/wielkopolskolubuski\/wp-content\/uploads\/sites\/11\/2022\/03\/Zawiadomienie_Dyrekcji_o_wyborze_wladz_i_ochronie.pdf\">Zawiadomienie_Dyrekcji_o_wyborze_w\u0142adz_i_ochronie<\/a><\/p>\r\n<p><a href=\"https:\/\/zzit.org.pl\/okregi\/wielkopolskolubuski\/wp-content\/uploads\/sites\/11\/2022\/03\/Deklaracja_czlonkowska-szablon-1.pdf\">Deklaracja_czlonkowska-szablon (1)<\/a><\/p>\r\n<p><a href=\"https:\/\/zzit.org.pl\/okregi\/wielkopolskolubuski\/wp-content\/uploads\/sites\/11\/2022\/03\/Deklaracja_rezygnacji_z_czlonkostwa-szablon.pdf\">Deklaracja_rezygnacji_z_czlonkostwa-szablon<\/a><\/p>\r\n<p><a href=\"https:\/\/zzit.org.pl\/okregi\/wielkopolskolubuski\/wp-content\/uploads\/sites\/11\/2022\/03\/Likwidacja_Organizacji_Zwiazkowej_ZOZ_MOZ.pdf\">Likwidacja_Organizacji_Zwi\u0105zkowej_ZOZ_MOZ<\/a><\/p>\r\n\r\n<pre class=\"wp-block-preformatted\">\u00a0<\/pre>\r\n","protected":false},"excerpt":{"rendered":"<p>Wpis_KRS_2015_Statut Regulamin G\u0142osowa\u0144 ElektronicznychZarz\u0105du Krajowego ZZIT\u00a0 Regulamin_Glosowan_Elektronicznych_ZZIT_2013<\/p>\n","protected":false},"author":1,"featured_media":0,"parent":0,"menu_order":0,"comment_status":"closed","ping_status":"closed","template":"","meta":{"footnotes":""},"class_list":["post-543","page","type-page","status-publish","hentry"],"_links":{"self":[{"href":"https:\/\/zzit.org.pl\/okregi\/wielkopolskolubuski\/wp-json\/wp\/v2\/pages\/543","targetHints":{"allow":["GET"]}}],"collection":[{"href":"https:\/\/zzit.org.pl\/okregi\/wielkopolskolubuski\/wp-json\/wp\/v2\/pages"}],"about":[{"href":"https:\/\/zzit.org.pl\/okregi\/wielkopolskolubuski\/wp-json\/wp\/v2\/types\/page"}],"author":[{"embeddable":true,"href":"https:\/\/zzit.org.pl\/okregi\/wielkopolskolubuski\/wp-json\/wp\/v2\/users\/1"}],"replies":[{"embeddable":true,"href":"https:\/\/zzit.org.pl\/okregi\/wielkopolskolubuski\/wp-json\/wp\/v2\/comments?post=543"}],"version-history":[{"count":14,"href":"https:\/\/zzit.org.pl\/okregi\/wielkopolskolubuski\/wp-json\/wp\/v2\/pages\/543\/revisions"}],"predecessor-version":[{"id":3544,"href":"https:\/\/zzit.org.pl\/okregi\/wielkopolskolubuski\/wp-json\/wp\/v2\/pages\/543\/revisions\/3544"}],"wp:attachment":[{"href":"https:\/\/zzit.org.pl\/okregi\/wielkopolskolubuski\/wp-json\/wp\/v2\/media?parent=543"}],"curies":[{"name":"wp","href":"https:\/\/api.w.org\/{rel}","templated":true}]}}