{"id":5,"date":"2014-04-29T13:57:10","date_gmt":"2014-04-29T13:57:10","guid":{"rendered":"http:\/\/zzit.org.pl\/okregi\/wielkopolskolubuski\/?page_id=5"},"modified":"2025-12-10T06:53:33","modified_gmt":"2025-12-10T06:53:33","slug":"strona-glowna","status":"publish","type":"page","link":"https:\/\/zzit.org.pl\/okregi\/wielkopolskolubuski\/","title":{"rendered":"Strona g\u0142\u00f3wna"},"content":{"rendered":"<p><strong>Witamy na stronie<\/strong><\/p>\n<p><strong>Okr\u0119gu Wielkopolsko &#8211; Lubuskiego<\/strong><br \/>\n<strong>Zwi\u0105zku Zawodowego In\u017cynier\u00f3w i Technik\u00f3w<\/strong>.<\/p>\n<p><strong>Uwaga: sk\u0142adka od 1 stycznia 2026\u00a0 r wynosi &#8211; 9,30 z\u0142 \/ cz\u0142onka ZZIT na podstawie uchwa\u0142y nr.62\/2025 \/VIII<\/strong><\/p>\n<p><a href=\"https:\/\/zzit.org.pl\/okregi\/wielkopolskolubuski\/wp-content\/uploads\/sites\/11\/2025\/12\/1000094716.jpg\"><img loading=\"lazy\" decoding=\"async\" class=\"alignnone size-large wp-image-4599\" src=\"https:\/\/zzit.org.pl\/okregi\/wielkopolskolubuski\/wp-content\/uploads\/sites\/11\/2025\/12\/1000094716-1024x802.jpg\" alt=\"\" width=\"584\" height=\"457\" srcset=\"https:\/\/zzit.org.pl\/okregi\/wielkopolskolubuski\/wp-content\/uploads\/sites\/11\/2025\/12\/1000094716-1024x802.jpg 1024w, https:\/\/zzit.org.pl\/okregi\/wielkopolskolubuski\/wp-content\/uploads\/sites\/11\/2025\/12\/1000094716-300x235.jpg 300w, https:\/\/zzit.org.pl\/okregi\/wielkopolskolubuski\/wp-content\/uploads\/sites\/11\/2025\/12\/1000094716-768x602.jpg 768w, https:\/\/zzit.org.pl\/okregi\/wielkopolskolubuski\/wp-content\/uploads\/sites\/11\/2025\/12\/1000094716-383x300.jpg 383w, https:\/\/zzit.org.pl\/okregi\/wielkopolskolubuski\/wp-content\/uploads\/sites\/11\/2025\/12\/1000094716.jpg 1080w\" sizes=\"auto, (max-width: 584px) 100vw, 584px\" \/><\/a><\/p>\n<p>Termin op\u0142acenia sk\u0142adki za 2025 r przez Organizacje Zwi\u0105zkowe\u00a0 do 31.01.2026 r.<\/p>\n<p><strong>numer konta bankowego<\/strong><br \/>\n<strong>54 1020 4027 0000 1102 0345 0087<\/strong><\/p>\n<p>ZWI\u0104ZEK ZAWODOWY IN\u017bYNIER\u00d3W I TECHNIK\u00d3W<\/p>\n<p>OKR\u0118G WIELKOPOLSKO &#8211; LUBUSKI<\/p>\n<p>61-485 POZNA\u0143 ul.28 Czerwca 1956 r nr 223\/229<\/p>\n<p>REGON : 411016218<\/p>\n<p>NIP:\u00a0 \u00a0 783-15-24-896<\/p>\n<p>&nbsp;<\/p>\n","protected":false},"excerpt":{"rendered":"<p>Witamy na stronie Okr\u0119gu Wielkopolsko &#8211; Lubuskiego Zwi\u0105zku Zawodowego In\u017cynier\u00f3w i Technik\u00f3w. Uwaga: sk\u0142adka od 1 stycznia 2026\u00a0 r wynosi &#8211; 9,30 z\u0142 \/ cz\u0142onka ZZIT na podstawie uchwa\u0142y nr.62\/2025 \/VIII Termin op\u0142acenia sk\u0142adki za 2025 r przez Organizacje Zwi\u0105zkowe\u00a0 &hellip; <a href=\"https:\/\/zzit.org.pl\/okregi\/wielkopolskolubuski\/\">Czytaj dalej <span class=\"meta-nav\">&rarr;<\/span><\/a><\/p>\n","protected":false},"author":1,"featured_media":0,"parent":0,"menu_order":0,"comment_status":"closed","ping_status":"closed","template":"sidebar-page.php","meta":{"footnotes":""},"class_list":["post-5","page","type-page","status-publish","hentry"],"_links":{"self":[{"href":"https:\/\/zzit.org.pl\/okregi\/wielkopolskolubuski\/wp-json\/wp\/v2\/pages\/5","targetHints":{"allow":["GET"]}}],"collection":[{"href":"https:\/\/zzit.org.pl\/okregi\/wielkopolskolubuski\/wp-json\/wp\/v2\/pages"}],"about":[{"href":"https:\/\/zzit.org.pl\/okregi\/wielkopolskolubuski\/wp-json\/wp\/v2\/types\/page"}],"author":[{"embeddable":true,"href":"https:\/\/zzit.org.pl\/okregi\/wielkopolskolubuski\/wp-json\/wp\/v2\/users\/1"}],"replies":[{"embeddable":true,"href":"https:\/\/zzit.org.pl\/okregi\/wielkopolskolubuski\/wp-json\/wp\/v2\/comments?post=5"}],"version-history":[{"count":19,"href":"https:\/\/zzit.org.pl\/okregi\/wielkopolskolubuski\/wp-json\/wp\/v2\/pages\/5\/revisions"}],"predecessor-version":[{"id":4601,"href":"https:\/\/zzit.org.pl\/okregi\/wielkopolskolubuski\/wp-json\/wp\/v2\/pages\/5\/revisions\/4601"}],"wp:attachment":[{"href":"https:\/\/zzit.org.pl\/okregi\/wielkopolskolubuski\/wp-json\/wp\/v2\/media?parent=5"}],"curies":[{"name":"wp","href":"https:\/\/api.w.org\/{rel}","templated":true}]}}