{"id":4671,"date":"2026-03-04T13:08:08","date_gmt":"2026-03-04T13:08:08","guid":{"rendered":"https:\/\/zzit.org.pl\/okregi\/wielkopolskolubuski\/?page_id=4671"},"modified":"2026-03-04T13:09:18","modified_gmt":"2026-03-04T13:09:18","slug":"09-01-2026-szkolenie-opzz-nowe-formy-pracy-cyfryzacja-roznorodnosc-wyzwaniami-dla-bezpieczenstwa-pracy","status":"publish","type":"page","link":"https:\/\/zzit.org.pl\/okregi\/wielkopolskolubuski\/galeria\/2026-2\/09-01-2026-szkolenie-opzz-nowe-formy-pracy-cyfryzacja-roznorodnosc-wyzwaniami-dla-bezpieczenstwa-pracy\/","title":{"rendered":"09-01-2026 &#8211; Szkolenie OPZZ &#8211; \u201eNowe formy pracy. Cyfryzacja, r\u00f3\u017cnorodno\u015b\u0107 \u2013 wyzwaniami dla bezpiecze\u0144stwa pracy\u201d"},"content":{"rendered":"<div style=\"text-align: center\"><strong><em>09-01-2026 &#8211; Szkolenie OPZZ &#8211;<\/em> \u201eNowe formy pracy. Cyfryzacja, r\u00f3\u017cnorodno\u015b\u0107 \u2013 wyzwaniami dla bezpiecze\u0144stwa pracy<\/strong>\u201d<\/div>\n<div>\n<p>Szkolenie pt. \u201eNowe formy pracy. Cyfryzacja, r\u00f3\u017cnorodno\u015b\u0107 \u2013 wyzwaniami dla bezpiecze\u0144stwa pracy\u201d zosta\u0142o zorganizowane w ramach dzia\u0142a\u0144 wspieraj\u0105cych rozw\u00f3j kompetencji zwi\u0105zkowych w obszarze ochrony praw pracowniczych i bezpiecze\u0144stwa pracy. Spotkanie by\u0142o skierowane do przedstawicieli organizacji zwi\u0105zkowych oraz os\u00f3b pe\u0142ni\u0105cych funkcj\u0119 Spo\u0142ecznych Inspektor\u00f3w Pracy (SIP).<\/p>\n<p><a href=\"https:\/\/zzit.org.pl\/okregi\/wielkopolskolubuski\/wp-content\/uploads\/sites\/11\/2026\/03\/14444444.jpg\"><img loading=\"lazy\" decoding=\"async\" class=\"alignnone size-full wp-image-4668\" src=\"https:\/\/zzit.org.pl\/okregi\/wielkopolskolubuski\/wp-content\/uploads\/sites\/11\/2026\/03\/14444444.jpg\" alt=\"\" width=\"811\" height=\"499\" srcset=\"https:\/\/zzit.org.pl\/okregi\/wielkopolskolubuski\/wp-content\/uploads\/sites\/11\/2026\/03\/14444444.jpg 811w, https:\/\/zzit.org.pl\/okregi\/wielkopolskolubuski\/wp-content\/uploads\/sites\/11\/2026\/03\/14444444-300x185.jpg 300w, https:\/\/zzit.org.pl\/okregi\/wielkopolskolubuski\/wp-content\/uploads\/sites\/11\/2026\/03\/14444444-768x473.jpg 768w, https:\/\/zzit.org.pl\/okregi\/wielkopolskolubuski\/wp-content\/uploads\/sites\/11\/2026\/03\/14444444-488x300.jpg 488w\" sizes=\"auto, (max-width: 811px) 100vw, 811px\" \/><\/a><\/p>\n<p>Podczas szkolenia om\u00f3wiono wp\u0142yw wsp\u00f3\u0142czesnych zmian w organizacji pracy na warunki zatrudnienia oraz bezpiecze\u0144stwo pracownik\u00f3w. Szczeg\u00f3ln\u0105 uwag\u0119 po\u015bwi\u0119cono:<\/p>\n<p><a href=\"https:\/\/zzit.org.pl\/okregi\/wielkopolskolubuski\/wp-content\/uploads\/sites\/11\/2026\/03\/1000000.jpg\"><img loading=\"lazy\" decoding=\"async\" class=\"alignnone size-full wp-image-4667\" src=\"https:\/\/zzit.org.pl\/okregi\/wielkopolskolubuski\/wp-content\/uploads\/sites\/11\/2026\/03\/1000000.jpg\" alt=\"\" width=\"858\" height=\"552\" srcset=\"https:\/\/zzit.org.pl\/okregi\/wielkopolskolubuski\/wp-content\/uploads\/sites\/11\/2026\/03\/1000000.jpg 858w, https:\/\/zzit.org.pl\/okregi\/wielkopolskolubuski\/wp-content\/uploads\/sites\/11\/2026\/03\/1000000-300x193.jpg 300w, https:\/\/zzit.org.pl\/okregi\/wielkopolskolubuski\/wp-content\/uploads\/sites\/11\/2026\/03\/1000000-768x494.jpg 768w, https:\/\/zzit.org.pl\/okregi\/wielkopolskolubuski\/wp-content\/uploads\/sites\/11\/2026\/03\/1000000-466x300.jpg 466w\" sizes=\"auto, (max-width: 858px) 100vw, 858px\" \/><\/a><\/p>\n<ul>\n<li>nowym formom pracy, w tym pracy zdalnej i hybrydowej,<\/li>\n<li>rosn\u0105cej roli cyfryzacji w \u015brodowisku pracy,<\/li>\n<li>wyzwaniom wynikaj\u0105cym z r\u00f3\u017cnorodno\u015bci zespo\u0142\u00f3w pracowniczych,<\/li>\n<li>zadaniom i uprawnieniom Spo\u0142ecznego Inspektora Pracy w zakresie nadzoru nad przestrzeganiem praw pracowniczych.<\/li>\n<\/ul>\n<p><a href=\"https:\/\/zzit.org.pl\/okregi\/wielkopolskolubuski\/wp-content\/uploads\/sites\/11\/2026\/03\/1222222222222.jpg\"><img loading=\"lazy\" decoding=\"async\" class=\"alignnone size-full wp-image-4669\" src=\"https:\/\/zzit.org.pl\/okregi\/wielkopolskolubuski\/wp-content\/uploads\/sites\/11\/2026\/03\/1222222222222.jpg\" alt=\"\" width=\"850\" height=\"490\" srcset=\"https:\/\/zzit.org.pl\/okregi\/wielkopolskolubuski\/wp-content\/uploads\/sites\/11\/2026\/03\/1222222222222.jpg 850w, https:\/\/zzit.org.pl\/okregi\/wielkopolskolubuski\/wp-content\/uploads\/sites\/11\/2026\/03\/1222222222222-300x173.jpg 300w, https:\/\/zzit.org.pl\/okregi\/wielkopolskolubuski\/wp-content\/uploads\/sites\/11\/2026\/03\/1222222222222-768x443.jpg 768w, https:\/\/zzit.org.pl\/okregi\/wielkopolskolubuski\/wp-content\/uploads\/sites\/11\/2026\/03\/1222222222222-500x288.jpg 500w\" sizes=\"auto, (max-width: 850px) 100vw, 850px\" \/><\/a><\/p>\n<p>Uczestnicy zapoznali si\u0119 z praktycznymi narz\u0119dziami wspieraj\u0105cymi dzia\u0142ania SIP oraz z aktualnymi regulacjami dotycz\u0105cymi bezpiecze\u0144stwa i higieny pracy w zmieniaj\u0105cym si\u0119 \u015brodowisku zawodowym. Podkre\u015blono, \u017ce Spo\u0142eczny Inspektor Pracy stanowi wa\u017cny element systemu ochrony pracownik\u00f3w, a jego dzia\u0142alno\u015b\u0107 przyczynia si\u0119 do skutecznego egzekwowania przepis\u00f3w prawa pracy w miejscu zatrudnienia.<\/p>\n<p><a href=\"https:\/\/zzit.org.pl\/okregi\/wielkopolskolubuski\/wp-content\/uploads\/sites\/11\/2026\/03\/9999.jpg\"><img loading=\"lazy\" decoding=\"async\" class=\"size-full wp-image-4666 aligncenter\" src=\"https:\/\/zzit.org.pl\/okregi\/wielkopolskolubuski\/wp-content\/uploads\/sites\/11\/2026\/03\/9999.jpg\" alt=\"\" width=\"481\" height=\"582\" srcset=\"https:\/\/zzit.org.pl\/okregi\/wielkopolskolubuski\/wp-content\/uploads\/sites\/11\/2026\/03\/9999.jpg 481w, https:\/\/zzit.org.pl\/okregi\/wielkopolskolubuski\/wp-content\/uploads\/sites\/11\/2026\/03\/9999-248x300.jpg 248w\" sizes=\"auto, (max-width: 481px) 100vw, 481px\" \/><\/a><\/p>\n<p style=\"text-align: center\">Szkolenie realizowane jest w ramach projektu:<\/p>\n<p style=\"text-align: center\">\u201eSpo\u0142eczny Inspektor Pracy SIP \u2013 gwarancja przestrzegania praw pracowniczych w Twoim miejscu pracy\u201d<\/p>\n<p style=\"text-align: center\">Nr projektu: FERS.04.03-IP.06-0006\/24.<\/p>\n<\/div>\n<div>\n<hr \/>\n<\/div>\n<div><\/div>\n","protected":false},"excerpt":{"rendered":"<p>09-01-2026 &#8211; Szkolenie OPZZ &#8211; \u201eNowe formy pracy. Cyfryzacja, r\u00f3\u017cnorodno\u015b\u0107 \u2013 wyzwaniami dla bezpiecze\u0144stwa pracy\u201d Szkolenie pt. \u201eNowe formy pracy. Cyfryzacja, r\u00f3\u017cnorodno\u015b\u0107 \u2013 wyzwaniami dla bezpiecze\u0144stwa pracy\u201d zosta\u0142o zorganizowane w ramach dzia\u0142a\u0144 wspieraj\u0105cych rozw\u00f3j kompetencji zwi\u0105zkowych w obszarze ochrony praw &hellip; <a href=\"https:\/\/zzit.org.pl\/okregi\/wielkopolskolubuski\/galeria\/2026-2\/09-01-2026-szkolenie-opzz-nowe-formy-pracy-cyfryzacja-roznorodnosc-wyzwaniami-dla-bezpieczenstwa-pracy\/\">Czytaj dalej <span class=\"meta-nav\">&rarr;<\/span><\/a><\/p>\n","protected":false},"author":9,"featured_media":0,"parent":4628,"menu_order":0,"comment_status":"closed","ping_status":"closed","template":"","meta":{"footnotes":""},"class_list":["post-4671","page","type-page","status-publish","hentry"],"_links":{"self":[{"href":"https:\/\/zzit.org.pl\/okregi\/wielkopolskolubuski\/wp-json\/wp\/v2\/pages\/4671","targetHints":{"allow":["GET"]}}],"collection":[{"href":"https:\/\/zzit.org.pl\/okregi\/wielkopolskolubuski\/wp-json\/wp\/v2\/pages"}],"about":[{"href":"https:\/\/zzit.org.pl\/okregi\/wielkopolskolubuski\/wp-json\/wp\/v2\/types\/page"}],"author":[{"embeddable":true,"href":"https:\/\/zzit.org.pl\/okregi\/wielkopolskolubuski\/wp-json\/wp\/v2\/users\/9"}],"replies":[{"embeddable":true,"href":"https:\/\/zzit.org.pl\/okregi\/wielkopolskolubuski\/wp-json\/wp\/v2\/comments?post=4671"}],"version-history":[{"count":2,"href":"https:\/\/zzit.org.pl\/okregi\/wielkopolskolubuski\/wp-json\/wp\/v2\/pages\/4671\/revisions"}],"predecessor-version":[{"id":4673,"href":"https:\/\/zzit.org.pl\/okregi\/wielkopolskolubuski\/wp-json\/wp\/v2\/pages\/4671\/revisions\/4673"}],"up":[{"embeddable":true,"href":"https:\/\/zzit.org.pl\/okregi\/wielkopolskolubuski\/wp-json\/wp\/v2\/pages\/4628"}],"wp:attachment":[{"href":"https:\/\/zzit.org.pl\/okregi\/wielkopolskolubuski\/wp-json\/wp\/v2\/media?parent=4671"}],"curies":[{"name":"wp","href":"https:\/\/api.w.org\/{rel}","templated":true}]}}