{"id":4661,"date":"2026-03-04T10:49:56","date_gmt":"2026-03-04T10:49:56","guid":{"rendered":"https:\/\/zzit.org.pl\/okregi\/wielkopolskolubuski\/?page_id=4661"},"modified":"2026-03-04T10:51:56","modified_gmt":"2026-03-04T10:51:56","slug":"konferencja-niezbedne-kompetencje-cyfrowe-dla-partnerow-spolecznych-warszawa-5-lutego-2026","status":"publish","type":"page","link":"https:\/\/zzit.org.pl\/okregi\/wielkopolskolubuski\/galeria\/2026-2\/konferencja-niezbedne-kompetencje-cyfrowe-dla-partnerow-spolecznych-warszawa-5-lutego-2026\/","title":{"rendered":"Konferencja \u201eNiezb\u0119dne kompetencje cyfrowe dla partner\u00f3w spo\u0142ecznych\u201d\u00a0Warszawa- 5 lutego 2026\u00a0"},"content":{"rendered":"<p style=\"text-align: center\"><strong>Konferencja \u201eNiezb\u0119dne kompetencje cyfrowe dla partner\u00f3w spo\u0142ecznych\u201d\u00a0 Warszawa, 5 lutego 2026\u00a0<\/strong><\/p>\n<p style=\"text-align: center\">5 lutego 2026 r\u00a0 w Warszawie odby\u0142a si\u0119 konferencja po\u015bwi\u0119cona tematyce rozwoju kompetencji cyfrowych w\u015br\u00f3d partner\u00f3w spo\u0142ecznych. Wydarzenie stanowi\u0142o okazj\u0119 do wymiany do\u015bwiadcze\u0144 oraz dyskusji na temat roli nowoczesnych technologii i narz\u0119dzi informatycznych w dzia\u0142alno\u015bci organizacji spo\u0142ecznych i zawodowych.<\/p>\n<p><a href=\"https:\/\/zzit.org.pl\/okregi\/wielkopolskolubuski\/wp-content\/uploads\/sites\/11\/2026\/03\/IMG_3796.jpg\"><img loading=\"lazy\" decoding=\"async\" class=\"alignnone size-large wp-image-4656\" src=\"https:\/\/zzit.org.pl\/okregi\/wielkopolskolubuski\/wp-content\/uploads\/sites\/11\/2026\/03\/IMG_3796-1024x710.jpg\" alt=\"\" width=\"584\" height=\"405\" srcset=\"https:\/\/zzit.org.pl\/okregi\/wielkopolskolubuski\/wp-content\/uploads\/sites\/11\/2026\/03\/IMG_3796-1024x710.jpg 1024w, https:\/\/zzit.org.pl\/okregi\/wielkopolskolubuski\/wp-content\/uploads\/sites\/11\/2026\/03\/IMG_3796-300x208.jpg 300w, https:\/\/zzit.org.pl\/okregi\/wielkopolskolubuski\/wp-content\/uploads\/sites\/11\/2026\/03\/IMG_3796-768x533.jpg 768w, https:\/\/zzit.org.pl\/okregi\/wielkopolskolubuski\/wp-content\/uploads\/sites\/11\/2026\/03\/IMG_3796-432x300.jpg 432w, https:\/\/zzit.org.pl\/okregi\/wielkopolskolubuski\/wp-content\/uploads\/sites\/11\/2026\/03\/IMG_3796.jpg 1280w\" sizes=\"auto, (max-width: 584px) 100vw, 584px\" \/><\/a><\/p>\n<p style=\"text-align: center\">Podczas spotkania zaprezentowane zosta\u0142y wyst\u0105pienia eksperckie dotycz\u0105ce rozwoju kompetencji cyfrowych oraz praktycznych aspekt\u00f3w wykorzystania technologii informacyjnych w codziennej pracy organizacji. Jedn\u0105 z prezentacji przedstawi\u0142 ekspert ds. IT, Karol Krawczyk, kt\u00f3ry om\u00f3wi\u0142 znaczenie cyfryzacji, bezpiecze\u0144stwa informatycznego oraz podnoszenia kwalifikacji cyfrowych w kontek\u015bcie wsp\u00f3\u0142czesnych wyzwa\u0144 rynku pracy.<\/p>\n<p><a href=\"https:\/\/zzit.org.pl\/okregi\/wielkopolskolubuski\/wp-content\/uploads\/sites\/11\/2026\/03\/222.jpg\"><img loading=\"lazy\" decoding=\"async\" class=\"alignnone size-full wp-image-4657\" src=\"https:\/\/zzit.org.pl\/okregi\/wielkopolskolubuski\/wp-content\/uploads\/sites\/11\/2026\/03\/222.jpg\" alt=\"\" width=\"833\" height=\"530\" srcset=\"https:\/\/zzit.org.pl\/okregi\/wielkopolskolubuski\/wp-content\/uploads\/sites\/11\/2026\/03\/222.jpg 833w, https:\/\/zzit.org.pl\/okregi\/wielkopolskolubuski\/wp-content\/uploads\/sites\/11\/2026\/03\/222-300x191.jpg 300w, https:\/\/zzit.org.pl\/okregi\/wielkopolskolubuski\/wp-content\/uploads\/sites\/11\/2026\/03\/222-768x489.jpg 768w, https:\/\/zzit.org.pl\/okregi\/wielkopolskolubuski\/wp-content\/uploads\/sites\/11\/2026\/03\/222-472x300.jpg 472w\" sizes=\"auto, (max-width: 833px) 100vw, 833px\" \/><\/a>\u00a0<a href=\"https:\/\/zzit.org.pl\/okregi\/wielkopolskolubuski\/wp-content\/uploads\/sites\/11\/2026\/03\/333.jpg\"><img loading=\"lazy\" decoding=\"async\" class=\"alignnone size-large wp-image-4658\" src=\"https:\/\/zzit.org.pl\/okregi\/wielkopolskolubuski\/wp-content\/uploads\/sites\/11\/2026\/03\/333.jpg\" alt=\"\" width=\"584\" height=\"370\" srcset=\"https:\/\/zzit.org.pl\/okregi\/wielkopolskolubuski\/wp-content\/uploads\/sites\/11\/2026\/03\/333.jpg 803w, https:\/\/zzit.org.pl\/okregi\/wielkopolskolubuski\/wp-content\/uploads\/sites\/11\/2026\/03\/333-300x190.jpg 300w, https:\/\/zzit.org.pl\/okregi\/wielkopolskolubuski\/wp-content\/uploads\/sites\/11\/2026\/03\/333-768x487.jpg 768w, https:\/\/zzit.org.pl\/okregi\/wielkopolskolubuski\/wp-content\/uploads\/sites\/11\/2026\/03\/333-473x300.jpg 473w\" sizes=\"auto, (max-width: 584px) 100vw, 584px\" \/><\/a>\u00a0<a href=\"https:\/\/zzit.org.pl\/okregi\/wielkopolskolubuski\/wp-content\/uploads\/sites\/11\/2026\/03\/444.jpg\"><img loading=\"lazy\" decoding=\"async\" class=\"alignnone size-large wp-image-4659\" src=\"https:\/\/zzit.org.pl\/okregi\/wielkopolskolubuski\/wp-content\/uploads\/sites\/11\/2026\/03\/444.jpg\" alt=\"\" width=\"584\" height=\"364\" srcset=\"https:\/\/zzit.org.pl\/okregi\/wielkopolskolubuski\/wp-content\/uploads\/sites\/11\/2026\/03\/444.jpg 812w, https:\/\/zzit.org.pl\/okregi\/wielkopolskolubuski\/wp-content\/uploads\/sites\/11\/2026\/03\/444-300x187.jpg 300w, https:\/\/zzit.org.pl\/okregi\/wielkopolskolubuski\/wp-content\/uploads\/sites\/11\/2026\/03\/444-768x479.jpg 768w, https:\/\/zzit.org.pl\/okregi\/wielkopolskolubuski\/wp-content\/uploads\/sites\/11\/2026\/03\/444-481x300.jpg 481w\" sizes=\"auto, (max-width: 584px) 100vw, 584px\" \/><\/a><\/p>\n<p style=\"text-align: center\">Konferencja by\u0142a r\u00f3wnie\u017c okazj\u0105 do nawi\u0105zania wsp\u00f3\u0142pracy pomi\u0119dzy przedstawicielami r\u00f3\u017cnych \u015brodowisk oraz do rozm\u00f3w o przysz\u0142ych inicjatywach wspieraj\u0105cych rozw\u00f3j kompetencji cyfrowych. ZZIT \u2013 reprezentowa\u0142 B\u0142a\u017cej Wojtczak<\/p>\n","protected":false},"excerpt":{"rendered":"<p>Konferencja \u201eNiezb\u0119dne kompetencje cyfrowe dla partner\u00f3w spo\u0142ecznych\u201d\u00a0 Warszawa, 5 lutego 2026\u00a0 5 lutego 2026 r\u00a0 w Warszawie odby\u0142a si\u0119 konferencja po\u015bwi\u0119cona tematyce rozwoju kompetencji cyfrowych w\u015br\u00f3d partner\u00f3w spo\u0142ecznych. Wydarzenie stanowi\u0142o okazj\u0119 do wymiany do\u015bwiadcze\u0144 oraz dyskusji na temat roli nowoczesnych &hellip; <a href=\"https:\/\/zzit.org.pl\/okregi\/wielkopolskolubuski\/galeria\/2026-2\/konferencja-niezbedne-kompetencje-cyfrowe-dla-partnerow-spolecznych-warszawa-5-lutego-2026\/\">Czytaj dalej <span class=\"meta-nav\">&rarr;<\/span><\/a><\/p>\n","protected":false},"author":9,"featured_media":0,"parent":4628,"menu_order":0,"comment_status":"closed","ping_status":"closed","template":"","meta":{"footnotes":""},"class_list":["post-4661","page","type-page","status-publish","hentry"],"_links":{"self":[{"href":"https:\/\/zzit.org.pl\/okregi\/wielkopolskolubuski\/wp-json\/wp\/v2\/pages\/4661","targetHints":{"allow":["GET"]}}],"collection":[{"href":"https:\/\/zzit.org.pl\/okregi\/wielkopolskolubuski\/wp-json\/wp\/v2\/pages"}],"about":[{"href":"https:\/\/zzit.org.pl\/okregi\/wielkopolskolubuski\/wp-json\/wp\/v2\/types\/page"}],"author":[{"embeddable":true,"href":"https:\/\/zzit.org.pl\/okregi\/wielkopolskolubuski\/wp-json\/wp\/v2\/users\/9"}],"replies":[{"embeddable":true,"href":"https:\/\/zzit.org.pl\/okregi\/wielkopolskolubuski\/wp-json\/wp\/v2\/comments?post=4661"}],"version-history":[{"count":3,"href":"https:\/\/zzit.org.pl\/okregi\/wielkopolskolubuski\/wp-json\/wp\/v2\/pages\/4661\/revisions"}],"predecessor-version":[{"id":4664,"href":"https:\/\/zzit.org.pl\/okregi\/wielkopolskolubuski\/wp-json\/wp\/v2\/pages\/4661\/revisions\/4664"}],"up":[{"embeddable":true,"href":"https:\/\/zzit.org.pl\/okregi\/wielkopolskolubuski\/wp-json\/wp\/v2\/pages\/4628"}],"wp:attachment":[{"href":"https:\/\/zzit.org.pl\/okregi\/wielkopolskolubuski\/wp-json\/wp\/v2\/media?parent=4661"}],"curies":[{"name":"wp","href":"https:\/\/api.w.org\/{rel}","templated":true}]}}