{"id":4643,"date":"2026-02-27T12:34:24","date_gmt":"2026-02-27T12:34:24","guid":{"rendered":"https:\/\/zzit.org.pl\/okregi\/wielkopolskolubuski\/?page_id=4643"},"modified":"2026-02-27T12:34:24","modified_gmt":"2026-02-27T12:34:24","slug":"posiedzenie-prezydium-zk-zzit-27-02-2026-w-starachowicach","status":"publish","type":"page","link":"https:\/\/zzit.org.pl\/okregi\/wielkopolskolubuski\/galeria\/2026-2\/posiedzenie-prezydium-zk-zzit-27-02-2026-w-starachowicach\/","title":{"rendered":"Posiedzenie Prezydium ZK ZZiT -27-02-2026\u00a0 w Starachowicach"},"content":{"rendered":"<p style=\"text-align: center\"><strong>Posiedzenie Prezydium ZK ZZiT -27-02-2026\u00a0 w Starachowicach<\/strong><\/p>\n<p><a href=\"https:\/\/zzit.org.pl\/okregi\/wielkopolskolubuski\/wp-content\/uploads\/sites\/11\/2026\/02\/6.jpg\"><img loading=\"lazy\" decoding=\"async\" class=\"alignnone size-large wp-image-4634\" src=\"https:\/\/zzit.org.pl\/okregi\/wielkopolskolubuski\/wp-content\/uploads\/sites\/11\/2026\/02\/6-1024x457.jpg\" alt=\"\" width=\"584\" height=\"261\" srcset=\"https:\/\/zzit.org.pl\/okregi\/wielkopolskolubuski\/wp-content\/uploads\/sites\/11\/2026\/02\/6-1024x457.jpg 1024w, https:\/\/zzit.org.pl\/okregi\/wielkopolskolubuski\/wp-content\/uploads\/sites\/11\/2026\/02\/6-300x134.jpg 300w, https:\/\/zzit.org.pl\/okregi\/wielkopolskolubuski\/wp-content\/uploads\/sites\/11\/2026\/02\/6-768x343.jpg 768w, https:\/\/zzit.org.pl\/okregi\/wielkopolskolubuski\/wp-content\/uploads\/sites\/11\/2026\/02\/6-500x223.jpg 500w, https:\/\/zzit.org.pl\/okregi\/wielkopolskolubuski\/wp-content\/uploads\/sites\/11\/2026\/02\/6.jpg 1303w\" sizes=\"auto, (max-width: 584px) 100vw, 584px\" \/><\/a>\u00a0<a href=\"https:\/\/zzit.org.pl\/okregi\/wielkopolskolubuski\/wp-content\/uploads\/sites\/11\/2026\/02\/8.jpg\"><img loading=\"lazy\" decoding=\"async\" class=\"alignnone size-large wp-image-4636\" src=\"https:\/\/zzit.org.pl\/okregi\/wielkopolskolubuski\/wp-content\/uploads\/sites\/11\/2026\/02\/8-1024x431.jpg\" alt=\"\" width=\"584\" height=\"246\" srcset=\"https:\/\/zzit.org.pl\/okregi\/wielkopolskolubuski\/wp-content\/uploads\/sites\/11\/2026\/02\/8-1024x431.jpg 1024w, https:\/\/zzit.org.pl\/okregi\/wielkopolskolubuski\/wp-content\/uploads\/sites\/11\/2026\/02\/8-300x126.jpg 300w, https:\/\/zzit.org.pl\/okregi\/wielkopolskolubuski\/wp-content\/uploads\/sites\/11\/2026\/02\/8-768x323.jpg 768w, https:\/\/zzit.org.pl\/okregi\/wielkopolskolubuski\/wp-content\/uploads\/sites\/11\/2026\/02\/8-500x210.jpg 500w, https:\/\/zzit.org.pl\/okregi\/wielkopolskolubuski\/wp-content\/uploads\/sites\/11\/2026\/02\/8.jpg 1453w\" sizes=\"auto, (max-width: 584px) 100vw, 584px\" \/><\/a>\u00a0<a href=\"https:\/\/zzit.org.pl\/okregi\/wielkopolskolubuski\/wp-content\/uploads\/sites\/11\/2026\/02\/9.jpg\"><img loading=\"lazy\" decoding=\"async\" class=\"alignnone size-large wp-image-4637\" src=\"https:\/\/zzit.org.pl\/okregi\/wielkopolskolubuski\/wp-content\/uploads\/sites\/11\/2026\/02\/9-1024x447.jpg\" alt=\"\" width=\"584\" height=\"255\" srcset=\"https:\/\/zzit.org.pl\/okregi\/wielkopolskolubuski\/wp-content\/uploads\/sites\/11\/2026\/02\/9-1024x447.jpg 1024w, https:\/\/zzit.org.pl\/okregi\/wielkopolskolubuski\/wp-content\/uploads\/sites\/11\/2026\/02\/9-300x131.jpg 300w, https:\/\/zzit.org.pl\/okregi\/wielkopolskolubuski\/wp-content\/uploads\/sites\/11\/2026\/02\/9-768x335.jpg 768w, https:\/\/zzit.org.pl\/okregi\/wielkopolskolubuski\/wp-content\/uploads\/sites\/11\/2026\/02\/9-500x218.jpg 500w, https:\/\/zzit.org.pl\/okregi\/wielkopolskolubuski\/wp-content\/uploads\/sites\/11\/2026\/02\/9.jpg 1422w\" sizes=\"auto, (max-width: 584px) 100vw, 584px\" \/><\/a><\/p>\n<p style=\"text-align: center\">\u00a0\u00a0W dniu 27-02-2026 w\u00a0 Starachowicach odby\u0142o\u00a0 si\u0119 posiedzenie Prezydium Zarz\u0105du Krajowego ZZiT. Spotkanie\u00a0 mia\u0142o istotne znaczenie dla dalszego funkcjonowania i koordynacji dzia\u0142a\u0144\u00a0 Zwi\u0105zku In\u017cynier\u00f3w i Technik\u00f3w\u00a0 na szczeblu krajowym oraz<\/p>\n<p style=\"text-align: center\">w strukturach terenowych. Om\u00f3wiono\u00a0 aktualne sytu\u0142acje w zak\u0142adach pracy obj\u0119tych dzia\u0142alno\u015bci\u0105 ZZiT, analiz\u0119 bie\u017c\u0105cych wyzwa\u0144 organizacyjnych oraz podsumowanie dotychczasowych dzia\u0142a\u0144 podejmowanych przez struktury zwi\u0105zkowe. Cz\u0142onkowie Prezydium zajm\u0105 si\u0119 r\u00f3wnie\u017c wypracowaniem stanowisk\u00a0 w kluczowych sprawach pracowniczych oraz okre\u015bleniem kierunk\u00f3w dalszej aktywno\u015bci Zwi\u0105zku oraz aktywizacj\u0105 cz\u0142onk\u00f3w.<\/p>\n<p style=\"text-align: center\">Istotnym elementem spotkania by\u0142o tak\u017ce om\u00f3wienie planu pracy na najbli\u017cszy okres,\u00a0 w tym inicjatyw maj\u0105cych na celu wzmocnienie dialogu spo\u0142ecznego, integracj\u0119 \u015brodowiska zwi\u0105zkowego oraz rozw\u00f3j struktur organizacyjnych.<\/p>\n<p><a href=\"https:\/\/zzit.org.pl\/okregi\/wielkopolskolubuski\/wp-content\/uploads\/sites\/11\/2026\/02\/10.jpg\"><img loading=\"lazy\" decoding=\"async\" class=\"alignnone size-large wp-image-4638\" src=\"https:\/\/zzit.org.pl\/okregi\/wielkopolskolubuski\/wp-content\/uploads\/sites\/11\/2026\/02\/10-1024x568.jpg\" alt=\"\" width=\"584\" height=\"324\" srcset=\"https:\/\/zzit.org.pl\/okregi\/wielkopolskolubuski\/wp-content\/uploads\/sites\/11\/2026\/02\/10-1024x568.jpg 1024w, https:\/\/zzit.org.pl\/okregi\/wielkopolskolubuski\/wp-content\/uploads\/sites\/11\/2026\/02\/10-300x166.jpg 300w, https:\/\/zzit.org.pl\/okregi\/wielkopolskolubuski\/wp-content\/uploads\/sites\/11\/2026\/02\/10-768x426.jpg 768w, https:\/\/zzit.org.pl\/okregi\/wielkopolskolubuski\/wp-content\/uploads\/sites\/11\/2026\/02\/10-500x277.jpg 500w, https:\/\/zzit.org.pl\/okregi\/wielkopolskolubuski\/wp-content\/uploads\/sites\/11\/2026\/02\/10.jpg 1114w\" sizes=\"auto, (max-width: 584px) 100vw, 584px\" \/><\/a><\/p>\n","protected":false},"excerpt":{"rendered":"<p>Posiedzenie Prezydium ZK ZZiT -27-02-2026\u00a0 w Starachowicach \u00a0\u00a0 \u00a0\u00a0W dniu 27-02-2026 w\u00a0 Starachowicach odby\u0142o\u00a0 si\u0119 posiedzenie Prezydium Zarz\u0105du Krajowego ZZiT. Spotkanie\u00a0 mia\u0142o istotne znaczenie dla dalszego funkcjonowania i koordynacji dzia\u0142a\u0144\u00a0 Zwi\u0105zku In\u017cynier\u00f3w i Technik\u00f3w\u00a0 na szczeblu krajowym oraz w strukturach &hellip; <a href=\"https:\/\/zzit.org.pl\/okregi\/wielkopolskolubuski\/galeria\/2026-2\/posiedzenie-prezydium-zk-zzit-27-02-2026-w-starachowicach\/\">Czytaj dalej <span class=\"meta-nav\">&rarr;<\/span><\/a><\/p>\n","protected":false},"author":9,"featured_media":0,"parent":4628,"menu_order":0,"comment_status":"closed","ping_status":"closed","template":"","meta":{"footnotes":""},"class_list":["post-4643","page","type-page","status-publish","hentry"],"_links":{"self":[{"href":"https:\/\/zzit.org.pl\/okregi\/wielkopolskolubuski\/wp-json\/wp\/v2\/pages\/4643","targetHints":{"allow":["GET"]}}],"collection":[{"href":"https:\/\/zzit.org.pl\/okregi\/wielkopolskolubuski\/wp-json\/wp\/v2\/pages"}],"about":[{"href":"https:\/\/zzit.org.pl\/okregi\/wielkopolskolubuski\/wp-json\/wp\/v2\/types\/page"}],"author":[{"embeddable":true,"href":"https:\/\/zzit.org.pl\/okregi\/wielkopolskolubuski\/wp-json\/wp\/v2\/users\/9"}],"replies":[{"embeddable":true,"href":"https:\/\/zzit.org.pl\/okregi\/wielkopolskolubuski\/wp-json\/wp\/v2\/comments?post=4643"}],"version-history":[{"count":2,"href":"https:\/\/zzit.org.pl\/okregi\/wielkopolskolubuski\/wp-json\/wp\/v2\/pages\/4643\/revisions"}],"predecessor-version":[{"id":4645,"href":"https:\/\/zzit.org.pl\/okregi\/wielkopolskolubuski\/wp-json\/wp\/v2\/pages\/4643\/revisions\/4645"}],"up":[{"embeddable":true,"href":"https:\/\/zzit.org.pl\/okregi\/wielkopolskolubuski\/wp-json\/wp\/v2\/pages\/4628"}],"wp:attachment":[{"href":"https:\/\/zzit.org.pl\/okregi\/wielkopolskolubuski\/wp-json\/wp\/v2\/media?parent=4643"}],"curies":[{"name":"wp","href":"https:\/\/api.w.org\/{rel}","templated":true}]}}