{"id":4630,"date":"2026-02-27T12:08:41","date_gmt":"2026-02-27T12:08:41","guid":{"rendered":"https:\/\/zzit.org.pl\/okregi\/wielkopolskolubuski\/?page_id=4630"},"modified":"2026-02-27T12:11:25","modified_gmt":"2026-02-27T12:11:25","slug":"integracja-czlonkow-zzit-hcp-cegielski-20-02-2026-r","status":"publish","type":"page","link":"https:\/\/zzit.org.pl\/okregi\/wielkopolskolubuski\/galeria\/2026-2\/integracja-czlonkow-zzit-hcp-cegielski-20-02-2026-r\/","title":{"rendered":"Integracja cz\u0142onk\u00f3w ZZIT \u2013 HCP- Cegielski \u2013 20.02.2026 r."},"content":{"rendered":"<p style=\"text-align: center\"><strong>Integracja cz\u0142onk\u00f3w ZZIT \u2013 HCP- Cegielski \u2013 20.02.2026 r.<\/strong><\/p>\n<p style=\"text-align: center\"><a href=\"https:\/\/zzit.org.pl\/okregi\/wielkopolskolubuski\/wp-content\/uploads\/sites\/11\/2026\/02\/1.jpg\"><img loading=\"lazy\" decoding=\"async\" class=\"alignnone size-large wp-image-4620\" src=\"https:\/\/zzit.org.pl\/okregi\/wielkopolskolubuski\/wp-content\/uploads\/sites\/11\/2026\/02\/1-1024x448.jpg\" alt=\"\" width=\"584\" height=\"256\" srcset=\"https:\/\/zzit.org.pl\/okregi\/wielkopolskolubuski\/wp-content\/uploads\/sites\/11\/2026\/02\/1-1024x448.jpg 1024w, https:\/\/zzit.org.pl\/okregi\/wielkopolskolubuski\/wp-content\/uploads\/sites\/11\/2026\/02\/1-300x131.jpg 300w, https:\/\/zzit.org.pl\/okregi\/wielkopolskolubuski\/wp-content\/uploads\/sites\/11\/2026\/02\/1-768x336.jpg 768w, https:\/\/zzit.org.pl\/okregi\/wielkopolskolubuski\/wp-content\/uploads\/sites\/11\/2026\/02\/1-1536x672.jpg 1536w, https:\/\/zzit.org.pl\/okregi\/wielkopolskolubuski\/wp-content\/uploads\/sites\/11\/2026\/02\/1-500x219.jpg 500w, https:\/\/zzit.org.pl\/okregi\/wielkopolskolubuski\/wp-content\/uploads\/sites\/11\/2026\/02\/1.jpg 1613w\" sizes=\"auto, (max-width: 584px) 100vw, 584px\" \/><\/a><\/p>\n<p style=\"text-align: center\">W dniu 20 lutego 2026 r. cz\u0142onkowie ZZIT Cegielski HCP, jako organizacja mi\u0119dzyzak\u0142adowa, uczestniczyli w spotkaniu integracyjnym w kr\u0119gielni \u201eCzarna Kula\u201d.<\/p>\n<p style=\"text-align: center\">Wydarzenie mia\u0142o charakter sportowo\u2013integracyjny. Opr\u00f3cz zdrowej rywalizacji na torach kr\u0119glarskich, spotkanie by\u0142o doskona\u0142\u0105 okazj\u0105 do integracji cz\u0142onk\u00f3w Zwi\u0105zku oraz sympatyk\u00f3w z HCP S.A. Wsp\u00f3lna zabawa i sportowa atmosfera sprzyja\u0142y budowaniu relacji, wymianie do\u015bwiadcze\u0144 oraz umacnianiu wi\u0119zi w naszym \u015brodowisku.<\/p>\n<p style=\"text-align: center\">Dzi\u0119kujemy wszystkim uczestnikom za obecno\u015b\u0107, zaanga\u017cowanie i wsp\u00f3lnie sp\u0119dzony czas.<\/p>\n<p><a href=\"https:\/\/zzit.org.pl\/okregi\/wielkopolskolubuski\/wp-content\/uploads\/sites\/11\/2026\/02\/2.jpg\"><img loading=\"lazy\" decoding=\"async\" class=\"alignnone size-large wp-image-4621\" src=\"https:\/\/zzit.org.pl\/okregi\/wielkopolskolubuski\/wp-content\/uploads\/sites\/11\/2026\/02\/2-1024x580.jpg\" alt=\"\" width=\"584\" height=\"331\" srcset=\"https:\/\/zzit.org.pl\/okregi\/wielkopolskolubuski\/wp-content\/uploads\/sites\/11\/2026\/02\/2-1024x580.jpg 1024w, https:\/\/zzit.org.pl\/okregi\/wielkopolskolubuski\/wp-content\/uploads\/sites\/11\/2026\/02\/2-300x170.jpg 300w, https:\/\/zzit.org.pl\/okregi\/wielkopolskolubuski\/wp-content\/uploads\/sites\/11\/2026\/02\/2-768x435.jpg 768w, https:\/\/zzit.org.pl\/okregi\/wielkopolskolubuski\/wp-content\/uploads\/sites\/11\/2026\/02\/2-500x283.jpg 500w, https:\/\/zzit.org.pl\/okregi\/wielkopolskolubuski\/wp-content\/uploads\/sites\/11\/2026\/02\/2.jpg 1335w\" sizes=\"auto, (max-width: 584px) 100vw, 584px\" \/><\/a> <a href=\"https:\/\/zzit.org.pl\/okregi\/wielkopolskolubuski\/wp-content\/uploads\/sites\/11\/2026\/02\/3.jpg\"><img loading=\"lazy\" decoding=\"async\" class=\"alignnone size-large wp-image-4622\" src=\"https:\/\/zzit.org.pl\/okregi\/wielkopolskolubuski\/wp-content\/uploads\/sites\/11\/2026\/02\/3-1024x453.jpg\" alt=\"\" width=\"584\" height=\"258\" srcset=\"https:\/\/zzit.org.pl\/okregi\/wielkopolskolubuski\/wp-content\/uploads\/sites\/11\/2026\/02\/3-1024x453.jpg 1024w, https:\/\/zzit.org.pl\/okregi\/wielkopolskolubuski\/wp-content\/uploads\/sites\/11\/2026\/02\/3-300x133.jpg 300w, https:\/\/zzit.org.pl\/okregi\/wielkopolskolubuski\/wp-content\/uploads\/sites\/11\/2026\/02\/3-768x339.jpg 768w, https:\/\/zzit.org.pl\/okregi\/wielkopolskolubuski\/wp-content\/uploads\/sites\/11\/2026\/02\/3-500x221.jpg 500w, https:\/\/zzit.org.pl\/okregi\/wielkopolskolubuski\/wp-content\/uploads\/sites\/11\/2026\/02\/3.jpg 1432w\" sizes=\"auto, (max-width: 584px) 100vw, 584px\" \/><\/a> <a href=\"https:\/\/zzit.org.pl\/okregi\/wielkopolskolubuski\/wp-content\/uploads\/sites\/11\/2026\/02\/4.jpg\"><img loading=\"lazy\" decoding=\"async\" class=\"size-full wp-image-4623 aligncenter\" src=\"https:\/\/zzit.org.pl\/okregi\/wielkopolskolubuski\/wp-content\/uploads\/sites\/11\/2026\/02\/4.jpg\" alt=\"\" width=\"409\" height=\"465\" srcset=\"https:\/\/zzit.org.pl\/okregi\/wielkopolskolubuski\/wp-content\/uploads\/sites\/11\/2026\/02\/4.jpg 409w, https:\/\/zzit.org.pl\/okregi\/wielkopolskolubuski\/wp-content\/uploads\/sites\/11\/2026\/02\/4-264x300.jpg 264w\" sizes=\"auto, (max-width: 409px) 100vw, 409px\" \/><\/a> <a href=\"https:\/\/zzit.org.pl\/okregi\/wielkopolskolubuski\/wp-content\/uploads\/sites\/11\/2026\/02\/5.jpg\"><img loading=\"lazy\" decoding=\"async\" class=\"size-full wp-image-4624 aligncenter\" src=\"https:\/\/zzit.org.pl\/okregi\/wielkopolskolubuski\/wp-content\/uploads\/sites\/11\/2026\/02\/5.jpg\" alt=\"\" width=\"434\" height=\"741\" srcset=\"https:\/\/zzit.org.pl\/okregi\/wielkopolskolubuski\/wp-content\/uploads\/sites\/11\/2026\/02\/5.jpg 434w, https:\/\/zzit.org.pl\/okregi\/wielkopolskolubuski\/wp-content\/uploads\/sites\/11\/2026\/02\/5-176x300.jpg 176w\" sizes=\"auto, (max-width: 434px) 100vw, 434px\" \/><\/a><\/p>\n","protected":false},"excerpt":{"rendered":"<p>Integracja cz\u0142onk\u00f3w ZZIT \u2013 HCP- Cegielski \u2013 20.02.2026 r. W dniu 20 lutego 2026 r. cz\u0142onkowie ZZIT Cegielski HCP, jako organizacja mi\u0119dzyzak\u0142adowa, uczestniczyli w spotkaniu integracyjnym w kr\u0119gielni \u201eCzarna Kula\u201d. Wydarzenie mia\u0142o charakter sportowo\u2013integracyjny. Opr\u00f3cz zdrowej rywalizacji na torach kr\u0119glarskich, &hellip; <a href=\"https:\/\/zzit.org.pl\/okregi\/wielkopolskolubuski\/galeria\/2026-2\/integracja-czlonkow-zzit-hcp-cegielski-20-02-2026-r\/\">Czytaj dalej <span class=\"meta-nav\">&rarr;<\/span><\/a><\/p>\n","protected":false},"author":9,"featured_media":0,"parent":4628,"menu_order":0,"comment_status":"closed","ping_status":"closed","template":"","meta":{"footnotes":""},"class_list":["post-4630","page","type-page","status-publish","hentry"],"_links":{"self":[{"href":"https:\/\/zzit.org.pl\/okregi\/wielkopolskolubuski\/wp-json\/wp\/v2\/pages\/4630","targetHints":{"allow":["GET"]}}],"collection":[{"href":"https:\/\/zzit.org.pl\/okregi\/wielkopolskolubuski\/wp-json\/wp\/v2\/pages"}],"about":[{"href":"https:\/\/zzit.org.pl\/okregi\/wielkopolskolubuski\/wp-json\/wp\/v2\/types\/page"}],"author":[{"embeddable":true,"href":"https:\/\/zzit.org.pl\/okregi\/wielkopolskolubuski\/wp-json\/wp\/v2\/users\/9"}],"replies":[{"embeddable":true,"href":"https:\/\/zzit.org.pl\/okregi\/wielkopolskolubuski\/wp-json\/wp\/v2\/comments?post=4630"}],"version-history":[{"count":2,"href":"https:\/\/zzit.org.pl\/okregi\/wielkopolskolubuski\/wp-json\/wp\/v2\/pages\/4630\/revisions"}],"predecessor-version":[{"id":4632,"href":"https:\/\/zzit.org.pl\/okregi\/wielkopolskolubuski\/wp-json\/wp\/v2\/pages\/4630\/revisions\/4632"}],"up":[{"embeddable":true,"href":"https:\/\/zzit.org.pl\/okregi\/wielkopolskolubuski\/wp-json\/wp\/v2\/pages\/4628"}],"wp:attachment":[{"href":"https:\/\/zzit.org.pl\/okregi\/wielkopolskolubuski\/wp-json\/wp\/v2\/media?parent=4630"}],"curies":[{"name":"wp","href":"https:\/\/api.w.org\/{rel}","templated":true}]}}