{"id":4592,"date":"2025-12-10T06:40:05","date_gmt":"2025-12-10T06:40:05","guid":{"rendered":"https:\/\/zzit.org.pl\/okregi\/wielkopolskolubuski\/?page_id=4592"},"modified":"2025-12-10T06:40:30","modified_gmt":"2025-12-10T06:40:30","slug":"zarzad-krajowy-5-6-grudnia-2025-warszawa","status":"publish","type":"page","link":"https:\/\/zzit.org.pl\/okregi\/wielkopolskolubuski\/galeria\/2025-2\/zarzad-krajowy-5-6-grudnia-2025-warszawa\/","title":{"rendered":"Zarz\u0105d Krajowy 5-6\u00a0 grudnia 2025- Warszawa"},"content":{"rendered":"<p style=\"text-align: center\"><strong>Zarz\u0105d Krajowy 5-6\u00a0 grudnia 2025- Warszawa<\/strong><\/p>\n<p style=\"text-align: center\">W dniach 5-6 grudnia 2025r. w Warszawie odby\u0142y si\u0119 obrady Prezydium i Zarz\u0105du Krajowego ZZIT.<\/p>\n<p><a href=\"https:\/\/zzit.org.pl\/okregi\/wielkopolskolubuski\/wp-content\/uploads\/sites\/11\/2025\/12\/1000094367.jpg\"><img loading=\"lazy\" decoding=\"async\" class=\"alignnone size-large wp-image-4588\" src=\"https:\/\/zzit.org.pl\/okregi\/wielkopolskolubuski\/wp-content\/uploads\/sites\/11\/2025\/12\/1000094367-1024x768.jpg\" alt=\"\" width=\"584\" height=\"438\" srcset=\"https:\/\/zzit.org.pl\/okregi\/wielkopolskolubuski\/wp-content\/uploads\/sites\/11\/2025\/12\/1000094367-1024x768.jpg 1024w, https:\/\/zzit.org.pl\/okregi\/wielkopolskolubuski\/wp-content\/uploads\/sites\/11\/2025\/12\/1000094367-300x225.jpg 300w, https:\/\/zzit.org.pl\/okregi\/wielkopolskolubuski\/wp-content\/uploads\/sites\/11\/2025\/12\/1000094367-768x576.jpg 768w, https:\/\/zzit.org.pl\/okregi\/wielkopolskolubuski\/wp-content\/uploads\/sites\/11\/2025\/12\/1000094367-1536x1152.jpg 1536w, https:\/\/zzit.org.pl\/okregi\/wielkopolskolubuski\/wp-content\/uploads\/sites\/11\/2025\/12\/1000094367-400x300.jpg 400w, https:\/\/zzit.org.pl\/okregi\/wielkopolskolubuski\/wp-content\/uploads\/sites\/11\/2025\/12\/1000094367.jpg 2000w\" sizes=\"auto, (max-width: 584px) 100vw, 584px\" \/><\/a><\/p>\n<p>Przedstawiciele Prezydium Zarz\u0105du Krajowego z\u0142o\u017cyli wi\u0105zank\u0119 na grobie \u015bp. Marka Dy\u017cakowskiego d\u0142ugoletniego Przewodnicz\u0105cego Okr\u0119gu Mazowieckiego ZZIT oraz d\u0142ugoletniego cz\u0142onka Zarz\u0105du Krajowego ZZIT.Na posiedzeniu Prezydium Zarz\u0105du Krajowego ZZIT om\u00f3wiono sprawy finansowe Zwi\u0105zku. Przygotowano projekt preliminarza wydatk\u00f3w na rok 2026 oraz projekty uchwa\u0142 na posiedzenie Zarz\u0105du Krajowego oraz przekazano informacj\u0119 o zmianach w KRS. Na posiedzemiu Zarz\u0105du Krajowego om\u00f3wiono zmiany w sk\u0142adzie Prezydium Zarz\u0105du Krajowego ZZIT.<\/p>\n<p><a href=\"https:\/\/zzit.org.pl\/okregi\/wielkopolskolubuski\/wp-content\/uploads\/sites\/11\/2025\/12\/1000094579-scaled.jpg\"><img loading=\"lazy\" decoding=\"async\" class=\"alignnone size-large wp-image-4589\" src=\"https:\/\/zzit.org.pl\/okregi\/wielkopolskolubuski\/wp-content\/uploads\/sites\/11\/2025\/12\/1000094579-1024x473.jpg\" alt=\"\" width=\"584\" height=\"270\" srcset=\"https:\/\/zzit.org.pl\/okregi\/wielkopolskolubuski\/wp-content\/uploads\/sites\/11\/2025\/12\/1000094579-1024x473.jpg 1024w, https:\/\/zzit.org.pl\/okregi\/wielkopolskolubuski\/wp-content\/uploads\/sites\/11\/2025\/12\/1000094579-300x139.jpg 300w, https:\/\/zzit.org.pl\/okregi\/wielkopolskolubuski\/wp-content\/uploads\/sites\/11\/2025\/12\/1000094579-768x355.jpg 768w, https:\/\/zzit.org.pl\/okregi\/wielkopolskolubuski\/wp-content\/uploads\/sites\/11\/2025\/12\/1000094579-1536x710.jpg 1536w, https:\/\/zzit.org.pl\/okregi\/wielkopolskolubuski\/wp-content\/uploads\/sites\/11\/2025\/12\/1000094579-2048x946.jpg 2048w, https:\/\/zzit.org.pl\/okregi\/wielkopolskolubuski\/wp-content\/uploads\/sites\/11\/2025\/12\/1000094579-500x231.jpg 500w\" sizes=\"auto, (max-width: 584px) 100vw, 584px\" \/><\/a><\/p>\n<p>Zesp\u00f3\u0142 organizacyjny KZD w 2027r. przedstawi\u0142 zebrane informacje o wybranym miejscu i zasadach organizacji,\u00a0 podj\u0119to decyzj\u0119 o organizacji zjazdu w dniach\u00a0 \u00a0 \u00a0 \u00a0 \u00a0 \u00a0 \u00a0 \u00a0 \u00a0 od 9 do 12 czerwca 2027 roku w Starachowicach.Przewodnicz\u0105cy Okr\u0119g\u00f3w przedstawili relacj\u0119 z dzia\u0142alno\u015bci kierowanych przez nich okr\u0119g\u00f3w w 2025r m.in. ilo\u015b\u0107 posiedze\u0144, sytuacja w firmach, ilo\u015b\u0107 organizacji zrzeszonych w danym Okr\u0119gu, wsp\u00f3\u0142praca z lokalnymi strukturami OPZZ, udzia\u0142 w szkoleniach, udzia\u0142 w uroczysto\u015bciach pa\u0144stwowych oraz liczebno\u015b\u0107.Przewodnicz\u0105cy Zarz\u0105du Krajowego ZZIT Piotr Sadowski zaprezentowa\u0142 r\u00f3wnie\u017c wykres przedstawiaj\u0105cy liczebno\u015b\u0107 danego<\/p>\n<p><a href=\"https:\/\/zzit.org.pl\/okregi\/wielkopolskolubuski\/wp-content\/uploads\/sites\/11\/2025\/12\/1000094345.jpg\"><img loading=\"lazy\" decoding=\"async\" class=\"alignnone size-large wp-image-4590\" src=\"https:\/\/zzit.org.pl\/okregi\/wielkopolskolubuski\/wp-content\/uploads\/sites\/11\/2025\/12\/1000094345-1024x768.jpg\" alt=\"\" width=\"584\" height=\"438\" srcset=\"https:\/\/zzit.org.pl\/okregi\/wielkopolskolubuski\/wp-content\/uploads\/sites\/11\/2025\/12\/1000094345-1024x768.jpg 1024w, https:\/\/zzit.org.pl\/okregi\/wielkopolskolubuski\/wp-content\/uploads\/sites\/11\/2025\/12\/1000094345-300x225.jpg 300w, https:\/\/zzit.org.pl\/okregi\/wielkopolskolubuski\/wp-content\/uploads\/sites\/11\/2025\/12\/1000094345-768x576.jpg 768w, https:\/\/zzit.org.pl\/okregi\/wielkopolskolubuski\/wp-content\/uploads\/sites\/11\/2025\/12\/1000094345-1536x1152.jpg 1536w, https:\/\/zzit.org.pl\/okregi\/wielkopolskolubuski\/wp-content\/uploads\/sites\/11\/2025\/12\/1000094345-400x300.jpg 400w, https:\/\/zzit.org.pl\/okregi\/wielkopolskolubuski\/wp-content\/uploads\/sites\/11\/2025\/12\/1000094345.jpg 2048w\" sizes=\"auto, (max-width: 584px) 100vw, 584px\" \/><\/a><\/p>\n<p>Podsumowano r\u00f3wnie\u017c dotychczasow\u0105 prac\u0119 Zespo\u0142u ds. Eurocadres.<\/p>\n<p>Przedstawiciel Krajowej Komisji Rewizyjnej przedstawi\u0142 informacje odno\u015bnie ostatnich aktywno\u015bci przeprowadzonych przez Komisj\u0119.<\/p>\n<p>Przedstawiciele komisji odznacze\u0144 przedstawili i om\u00f3wili wnioski, kt\u00f3re wp\u0142yne\u0142y.<\/p>\n<p>Om\u00f3wiono sprawy bie\u017c\u0105ce oraz przekazano materia\u0142y promocyjne Cz\u0142onkom Zarz\u0105du Krajowego ZZIT. Na zebraniu om\u00f3wiono r\u00f3wnie\u017c tegoroczn\u0105 edycj\u0119 \u201eDiament\u00f3w OPZZ\u201d. Przewodnicz\u0105cy Zarz\u0105du krajowego przypomnia\u0142 r\u00f3wnie\u017c zasady zg\u0142osze\u0144 kandydat\u00f3w do odznaczenia \u201eDobrze zas\u0142u\u017cony dla polskiego przemys\u0142u\u201d.<\/p>\n<p>Na zako\u0144czenie obrad Przewodnicz\u0105cy Zarz\u0105du Krajowego Zwi\u0105zku Zawodowego In\u017cynier\u00f3w i Technik\u00f3w Piotr Sadowski \u017cyczy\u0142 wszystkim uczestnikom spotkania Weso\u0142ych \u015awi\u0105t i wszystkiego dobrego w nadchodz\u0105cym Nowym Roku 2026.<\/p>\n<p><a href=\"https:\/\/zzit.org.pl\/okregi\/wielkopolskolubuski\/wp-content\/uploads\/sites\/11\/2025\/12\/1000094364.jpg\"><img loading=\"lazy\" decoding=\"async\" class=\"alignnone size-large wp-image-4594\" src=\"https:\/\/zzit.org.pl\/okregi\/wielkopolskolubuski\/wp-content\/uploads\/sites\/11\/2025\/12\/1000094364-768x1024.jpg\" alt=\"\" width=\"584\" height=\"779\" srcset=\"https:\/\/zzit.org.pl\/okregi\/wielkopolskolubuski\/wp-content\/uploads\/sites\/11\/2025\/12\/1000094364-768x1024.jpg 768w, https:\/\/zzit.org.pl\/okregi\/wielkopolskolubuski\/wp-content\/uploads\/sites\/11\/2025\/12\/1000094364-225x300.jpg 225w, https:\/\/zzit.org.pl\/okregi\/wielkopolskolubuski\/wp-content\/uploads\/sites\/11\/2025\/12\/1000094364-1152x1536.jpg 1152w, https:\/\/zzit.org.pl\/okregi\/wielkopolskolubuski\/wp-content\/uploads\/sites\/11\/2025\/12\/1000094364.jpg 1500w\" sizes=\"auto, (max-width: 584px) 100vw, 584px\" \/><\/a><\/p>\n","protected":false},"excerpt":{"rendered":"<p>Zarz\u0105d Krajowy 5-6\u00a0 grudnia 2025- Warszawa W dniach 5-6 grudnia 2025r. w Warszawie odby\u0142y si\u0119 obrady Prezydium i Zarz\u0105du Krajowego ZZIT. Przedstawiciele Prezydium Zarz\u0105du Krajowego z\u0142o\u017cyli wi\u0105zank\u0119 na grobie \u015bp. Marka Dy\u017cakowskiego d\u0142ugoletniego Przewodnicz\u0105cego Okr\u0119gu Mazowieckiego ZZIT oraz d\u0142ugoletniego cz\u0142onka &hellip; <a href=\"https:\/\/zzit.org.pl\/okregi\/wielkopolskolubuski\/galeria\/2025-2\/zarzad-krajowy-5-6-grudnia-2025-warszawa\/\">Czytaj dalej <span class=\"meta-nav\">&rarr;<\/span><\/a><\/p>\n","protected":false},"author":9,"featured_media":0,"parent":4234,"menu_order":0,"comment_status":"closed","ping_status":"closed","template":"","meta":{"footnotes":""},"class_list":["post-4592","page","type-page","status-publish","hentry"],"_links":{"self":[{"href":"https:\/\/zzit.org.pl\/okregi\/wielkopolskolubuski\/wp-json\/wp\/v2\/pages\/4592","targetHints":{"allow":["GET"]}}],"collection":[{"href":"https:\/\/zzit.org.pl\/okregi\/wielkopolskolubuski\/wp-json\/wp\/v2\/pages"}],"about":[{"href":"https:\/\/zzit.org.pl\/okregi\/wielkopolskolubuski\/wp-json\/wp\/v2\/types\/page"}],"author":[{"embeddable":true,"href":"https:\/\/zzit.org.pl\/okregi\/wielkopolskolubuski\/wp-json\/wp\/v2\/users\/9"}],"replies":[{"embeddable":true,"href":"https:\/\/zzit.org.pl\/okregi\/wielkopolskolubuski\/wp-json\/wp\/v2\/comments?post=4592"}],"version-history":[{"count":2,"href":"https:\/\/zzit.org.pl\/okregi\/wielkopolskolubuski\/wp-json\/wp\/v2\/pages\/4592\/revisions"}],"predecessor-version":[{"id":4597,"href":"https:\/\/zzit.org.pl\/okregi\/wielkopolskolubuski\/wp-json\/wp\/v2\/pages\/4592\/revisions\/4597"}],"up":[{"embeddable":true,"href":"https:\/\/zzit.org.pl\/okregi\/wielkopolskolubuski\/wp-json\/wp\/v2\/pages\/4234"}],"wp:attachment":[{"href":"https:\/\/zzit.org.pl\/okregi\/wielkopolskolubuski\/wp-json\/wp\/v2\/media?parent=4592"}],"curies":[{"name":"wp","href":"https:\/\/api.w.org\/{rel}","templated":true}]}}