{"id":4584,"date":"2025-12-10T06:28:46","date_gmt":"2025-12-10T06:28:46","guid":{"rendered":"https:\/\/zzit.org.pl\/okregi\/wielkopolskolubuski\/?page_id=4584"},"modified":"2025-12-10T06:29:18","modified_gmt":"2025-12-10T06:29:18","slug":"29-30-listopada-szkolenie-opzz-gdansk","status":"publish","type":"page","link":"https:\/\/zzit.org.pl\/okregi\/wielkopolskolubuski\/galeria\/2025-2\/29-30-listopada-szkolenie-opzz-gdansk\/","title":{"rendered":"29-30 listopada &#8211; Szkolenie OPZZ -Gda\u0144sk"},"content":{"rendered":"<p style=\"text-align: center\"><strong>29-30 listopada &#8211; Szkolenie OPZZ -Gda\u0144sk<\/strong><\/p>\n<p style=\"text-align: center\">Tematyka szkolenia &#8211; Proces stanowienia prawa w kontek\u015bcie prawa europejskiego i jego implementacja na grut krajowy oraz wyst\u0105pienia publiczne.<\/p>\n<p style=\"text-align: center\">Udzia\u0142 w szkoleniu z organizacji Mahle Ber Ostr\u00f3w Wielkopolski<\/p>\n<p style=\"text-align: center\"><strong>kol. B\u0142a\u017cej Wojtczak i kol.Rados\u0142aw Tura<\/strong><\/p>\n<p><a href=\"https:\/\/zzit.org.pl\/okregi\/wielkopolskolubuski\/wp-content\/uploads\/sites\/11\/2025\/12\/Zrzut-ekranu-2025-12-10-072637.jpg\"><img loading=\"lazy\" decoding=\"async\" class=\"alignnone size-large wp-image-4582\" src=\"https:\/\/zzit.org.pl\/okregi\/wielkopolskolubuski\/wp-content\/uploads\/sites\/11\/2025\/12\/Zrzut-ekranu-2025-12-10-072637-1024x518.jpg\" alt=\"\" width=\"584\" height=\"295\" srcset=\"https:\/\/zzit.org.pl\/okregi\/wielkopolskolubuski\/wp-content\/uploads\/sites\/11\/2025\/12\/Zrzut-ekranu-2025-12-10-072637-1024x518.jpg 1024w, https:\/\/zzit.org.pl\/okregi\/wielkopolskolubuski\/wp-content\/uploads\/sites\/11\/2025\/12\/Zrzut-ekranu-2025-12-10-072637-300x152.jpg 300w, https:\/\/zzit.org.pl\/okregi\/wielkopolskolubuski\/wp-content\/uploads\/sites\/11\/2025\/12\/Zrzut-ekranu-2025-12-10-072637-768x389.jpg 768w, https:\/\/zzit.org.pl\/okregi\/wielkopolskolubuski\/wp-content\/uploads\/sites\/11\/2025\/12\/Zrzut-ekranu-2025-12-10-072637-1536x778.jpg 1536w, https:\/\/zzit.org.pl\/okregi\/wielkopolskolubuski\/wp-content\/uploads\/sites\/11\/2025\/12\/Zrzut-ekranu-2025-12-10-072637-500x253.jpg 500w, https:\/\/zzit.org.pl\/okregi\/wielkopolskolubuski\/wp-content\/uploads\/sites\/11\/2025\/12\/Zrzut-ekranu-2025-12-10-072637.jpg 1665w\" sizes=\"auto, (max-width: 584px) 100vw, 584px\" \/><\/a><\/p>\n<p>&nbsp;<\/p>\n","protected":false},"excerpt":{"rendered":"<p>29-30 listopada &#8211; Szkolenie OPZZ -Gda\u0144sk Tematyka szkolenia &#8211; Proces stanowienia prawa w kontek\u015bcie prawa europejskiego i jego implementacja na grut krajowy oraz wyst\u0105pienia publiczne. Udzia\u0142 w szkoleniu z organizacji Mahle Ber Ostr\u00f3w Wielkopolski kol. B\u0142a\u017cej Wojtczak i kol.Rados\u0142aw Tura &hellip; <a href=\"https:\/\/zzit.org.pl\/okregi\/wielkopolskolubuski\/galeria\/2025-2\/29-30-listopada-szkolenie-opzz-gdansk\/\">Czytaj dalej <span class=\"meta-nav\">&rarr;<\/span><\/a><\/p>\n","protected":false},"author":9,"featured_media":0,"parent":4234,"menu_order":0,"comment_status":"closed","ping_status":"closed","template":"","meta":{"footnotes":""},"class_list":["post-4584","page","type-page","status-publish","hentry"],"_links":{"self":[{"href":"https:\/\/zzit.org.pl\/okregi\/wielkopolskolubuski\/wp-json\/wp\/v2\/pages\/4584","targetHints":{"allow":["GET"]}}],"collection":[{"href":"https:\/\/zzit.org.pl\/okregi\/wielkopolskolubuski\/wp-json\/wp\/v2\/pages"}],"about":[{"href":"https:\/\/zzit.org.pl\/okregi\/wielkopolskolubuski\/wp-json\/wp\/v2\/types\/page"}],"author":[{"embeddable":true,"href":"https:\/\/zzit.org.pl\/okregi\/wielkopolskolubuski\/wp-json\/wp\/v2\/users\/9"}],"replies":[{"embeddable":true,"href":"https:\/\/zzit.org.pl\/okregi\/wielkopolskolubuski\/wp-json\/wp\/v2\/comments?post=4584"}],"version-history":[{"count":2,"href":"https:\/\/zzit.org.pl\/okregi\/wielkopolskolubuski\/wp-json\/wp\/v2\/pages\/4584\/revisions"}],"predecessor-version":[{"id":4586,"href":"https:\/\/zzit.org.pl\/okregi\/wielkopolskolubuski\/wp-json\/wp\/v2\/pages\/4584\/revisions\/4586"}],"up":[{"embeddable":true,"href":"https:\/\/zzit.org.pl\/okregi\/wielkopolskolubuski\/wp-json\/wp\/v2\/pages\/4234"}],"wp:attachment":[{"href":"https:\/\/zzit.org.pl\/okregi\/wielkopolskolubuski\/wp-json\/wp\/v2\/media?parent=4584"}],"curies":[{"name":"wp","href":"https:\/\/api.w.org\/{rel}","templated":true}]}}