{"id":4576,"date":"2025-12-02T13:05:38","date_gmt":"2025-12-02T13:05:38","guid":{"rendered":"https:\/\/zzit.org.pl\/okregi\/wielkopolskolubuski\/?page_id=4576"},"modified":"2025-12-02T13:05:54","modified_gmt":"2025-12-02T13:05:54","slug":"18-11-2025-zarzad-okregu-wielkopolsko-lubuskiego-poznan","status":"publish","type":"page","link":"https:\/\/zzit.org.pl\/okregi\/wielkopolskolubuski\/galeria\/2025-2\/18-11-2025-zarzad-okregu-wielkopolsko-lubuskiego-poznan\/","title":{"rendered":"18-11-2025 Zarz\u0105d Okr\u0119gu Wielkopolsko &#8211; Lubuskiego &#8211; Pozna\u0144\u00a0"},"content":{"rendered":"<p style=\"text-align: center\"><em><strong>18-11-2025 Zarz\u0105d Okr\u0119gu Wielkopolsko &#8211; Lubuskiego &#8211; Pozna\u0144\u00a0<\/strong><\/em><\/p>\n<p>W dniu 18 listopada 2025 r. w Poznaniu odby\u0142o si\u0119 posiedzenie Zarz\u0105du Zwi\u0105zku Zawodowego In\u017cynier\u00f3w i Technik\u00f3w Okr\u0119gu Wielkopolski\u2013Lubuskiego. Podczas spotkania om\u00f3wiono bie\u017c\u0105c\u0105 sytuacj\u0119 w zak\u0142adach regionu oraz priorytety dzia\u0142 zwi\u0105zku na nadchodz\u0105cy rok. Zarz\u0105d przeanalizowa\u0142 stan realizacji dotychczasowych projekt\u00f3w, w tym inicjatyw szkoleniowych i program\u00f3w wspieraj\u0105cych rozw\u00f3j zawodowy cz\u0142onk\u00f3w. Dyskutowano r\u00f3wnie\u017c o potrzebie intensyfikacji wsp\u00f3\u0142pracymi\u0119dzyzak\u0142adowej oraz wzmocnienia dialogu z pracodawcami w zakresie poprawy warunk\u00f3w pracy i wynagrodze\u0144.W trakcie posiedzenia przyj\u0119to wst\u0119pny plan dzia\u0142ania Okr\u0119gu na rok 2026 oraz ustalono harmonogram kolejnych spotka\u0144 i konsultacji. Zarz\u0105d podkre\u015bli\u0142 znaczenie aktywnego udzia\u0142u cz\u0142onk\u00f3w w pracach zwi\u0105zku oraz zaprosi\u0142 do wsp\u00f3\u0142tworzenia nowych inicjatyw na rzecz \u015brodowiska in\u017cynier\u00f3w i technik\u00f3w.<\/p>\n<p><a href=\"https:\/\/zzit.org.pl\/okregi\/wielkopolskolubuski\/wp-content\/uploads\/sites\/11\/2025\/12\/1000092175.jpg\"><img loading=\"lazy\" decoding=\"async\" class=\"alignnone size-large wp-image-4574\" src=\"https:\/\/zzit.org.pl\/okregi\/wielkopolskolubuski\/wp-content\/uploads\/sites\/11\/2025\/12\/1000092175-1024x768.jpg\" alt=\"\" width=\"584\" height=\"438\" srcset=\"https:\/\/zzit.org.pl\/okregi\/wielkopolskolubuski\/wp-content\/uploads\/sites\/11\/2025\/12\/1000092175-1024x768.jpg 1024w, https:\/\/zzit.org.pl\/okregi\/wielkopolskolubuski\/wp-content\/uploads\/sites\/11\/2025\/12\/1000092175-300x225.jpg 300w, https:\/\/zzit.org.pl\/okregi\/wielkopolskolubuski\/wp-content\/uploads\/sites\/11\/2025\/12\/1000092175-768x576.jpg 768w, https:\/\/zzit.org.pl\/okregi\/wielkopolskolubuski\/wp-content\/uploads\/sites\/11\/2025\/12\/1000092175-1536x1152.jpg 1536w, https:\/\/zzit.org.pl\/okregi\/wielkopolskolubuski\/wp-content\/uploads\/sites\/11\/2025\/12\/1000092175-400x300.jpg 400w, https:\/\/zzit.org.pl\/okregi\/wielkopolskolubuski\/wp-content\/uploads\/sites\/11\/2025\/12\/1000092175.jpg 1600w\" sizes=\"auto, (max-width: 584px) 100vw, 584px\" \/><\/a><\/p>\n","protected":false},"excerpt":{"rendered":"<p>18-11-2025 Zarz\u0105d Okr\u0119gu Wielkopolsko &#8211; Lubuskiego &#8211; Pozna\u0144\u00a0 W dniu 18 listopada 2025 r. w Poznaniu odby\u0142o si\u0119 posiedzenie Zarz\u0105du Zwi\u0105zku Zawodowego In\u017cynier\u00f3w i Technik\u00f3w Okr\u0119gu Wielkopolski\u2013Lubuskiego. Podczas spotkania om\u00f3wiono bie\u017c\u0105c\u0105 sytuacj\u0119 w zak\u0142adach regionu oraz priorytety dzia\u0142 zwi\u0105zku na &hellip; <a href=\"https:\/\/zzit.org.pl\/okregi\/wielkopolskolubuski\/galeria\/2025-2\/18-11-2025-zarzad-okregu-wielkopolsko-lubuskiego-poznan\/\">Czytaj dalej <span class=\"meta-nav\">&rarr;<\/span><\/a><\/p>\n","protected":false},"author":9,"featured_media":0,"parent":4234,"menu_order":0,"comment_status":"closed","ping_status":"closed","template":"","meta":{"footnotes":""},"class_list":["post-4576","page","type-page","status-publish","hentry"],"_links":{"self":[{"href":"https:\/\/zzit.org.pl\/okregi\/wielkopolskolubuski\/wp-json\/wp\/v2\/pages\/4576","targetHints":{"allow":["GET"]}}],"collection":[{"href":"https:\/\/zzit.org.pl\/okregi\/wielkopolskolubuski\/wp-json\/wp\/v2\/pages"}],"about":[{"href":"https:\/\/zzit.org.pl\/okregi\/wielkopolskolubuski\/wp-json\/wp\/v2\/types\/page"}],"author":[{"embeddable":true,"href":"https:\/\/zzit.org.pl\/okregi\/wielkopolskolubuski\/wp-json\/wp\/v2\/users\/9"}],"replies":[{"embeddable":true,"href":"https:\/\/zzit.org.pl\/okregi\/wielkopolskolubuski\/wp-json\/wp\/v2\/comments?post=4576"}],"version-history":[{"count":2,"href":"https:\/\/zzit.org.pl\/okregi\/wielkopolskolubuski\/wp-json\/wp\/v2\/pages\/4576\/revisions"}],"predecessor-version":[{"id":4578,"href":"https:\/\/zzit.org.pl\/okregi\/wielkopolskolubuski\/wp-json\/wp\/v2\/pages\/4576\/revisions\/4578"}],"up":[{"embeddable":true,"href":"https:\/\/zzit.org.pl\/okregi\/wielkopolskolubuski\/wp-json\/wp\/v2\/pages\/4234"}],"wp:attachment":[{"href":"https:\/\/zzit.org.pl\/okregi\/wielkopolskolubuski\/wp-json\/wp\/v2\/media?parent=4576"}],"curies":[{"name":"wp","href":"https:\/\/api.w.org\/{rel}","templated":true}]}}