{"id":4541,"date":"2025-12-02T12:14:26","date_gmt":"2025-12-02T12:14:26","guid":{"rendered":"https:\/\/zzit.org.pl\/okregi\/wielkopolskolubuski\/?page_id=4541"},"modified":"2025-12-02T12:14:47","modified_gmt":"2025-12-02T12:14:47","slug":"5-6-listopada-2025-spotkanie-zespolu-organizacyjnego-kzd-2027-w-starachowicach","status":"publish","type":"page","link":"https:\/\/zzit.org.pl\/okregi\/wielkopolskolubuski\/galeria\/2025-2\/5-6-listopada-2025-spotkanie-zespolu-organizacyjnego-kzd-2027-w-starachowicach\/","title":{"rendered":"5-6 listopada 2025 spotkanie zespo\u0142u organizacyjnego KZD 2027\u00a0w Starachowicach."},"content":{"rendered":"<p style=\"text-align: center\"><em><strong>\u00a0 \u00a05-6 listopada 2025 spotkanie zespo\u0142u organizacyjnego KZD 2027\u00a0 \u00a0 \u00a0 \u00a0 \u00a0 \u00a0 \u00a0 \u00a0 \u00a0 \u00a0 \u00a0 \u00a0 \u00a0 \u00a0 \u00a0w Starachowicach<\/strong><\/em>.<\/p>\n<p><a href=\"https:\/\/zzit.org.pl\/okregi\/wielkopolskolubuski\/wp-content\/uploads\/sites\/11\/2025\/12\/IMG-20251106-WA0010.jpg\"><img loading=\"lazy\" decoding=\"async\" class=\"alignnone size-large wp-image-4539\" src=\"https:\/\/zzit.org.pl\/okregi\/wielkopolskolubuski\/wp-content\/uploads\/sites\/11\/2025\/12\/IMG-20251106-WA0010-1024x899.jpg\" alt=\"\" width=\"584\" height=\"513\" srcset=\"https:\/\/zzit.org.pl\/okregi\/wielkopolskolubuski\/wp-content\/uploads\/sites\/11\/2025\/12\/IMG-20251106-WA0010-1024x899.jpg 1024w, https:\/\/zzit.org.pl\/okregi\/wielkopolskolubuski\/wp-content\/uploads\/sites\/11\/2025\/12\/IMG-20251106-WA0010-300x263.jpg 300w, https:\/\/zzit.org.pl\/okregi\/wielkopolskolubuski\/wp-content\/uploads\/sites\/11\/2025\/12\/IMG-20251106-WA0010-768x674.jpg 768w, https:\/\/zzit.org.pl\/okregi\/wielkopolskolubuski\/wp-content\/uploads\/sites\/11\/2025\/12\/IMG-20251106-WA0010-1536x1348.jpg 1536w, https:\/\/zzit.org.pl\/okregi\/wielkopolskolubuski\/wp-content\/uploads\/sites\/11\/2025\/12\/IMG-20251106-WA0010-342x300.jpg 342w, https:\/\/zzit.org.pl\/okregi\/wielkopolskolubuski\/wp-content\/uploads\/sites\/11\/2025\/12\/IMG-20251106-WA0010.jpg 1600w\" sizes=\"auto, (max-width: 584px) 100vw, 584px\" \/><\/a><\/p>\n<p style=\"text-align: center\">Podczas wizyty \u00a0zwiedzono o\u015brodek i negocjowano przedstawion\u0105 ofert\u0105 oraz na zaproszenie Kamila Pliszki zwiedzono zak\u0142adam MAN w Starachowicach<\/p>\n","protected":false},"excerpt":{"rendered":"<p>\u00a0 \u00a05-6 listopada 2025 spotkanie zespo\u0142u organizacyjnego KZD 2027\u00a0 \u00a0 \u00a0 \u00a0 \u00a0 \u00a0 \u00a0 \u00a0 \u00a0 \u00a0 \u00a0 \u00a0 \u00a0 \u00a0 \u00a0w Starachowicach. Podczas wizyty \u00a0zwiedzono o\u015brodek i negocjowano przedstawion\u0105 ofert\u0105 oraz na zaproszenie Kamila Pliszki zwiedzono zak\u0142adam MAN &hellip; <a href=\"https:\/\/zzit.org.pl\/okregi\/wielkopolskolubuski\/galeria\/2025-2\/5-6-listopada-2025-spotkanie-zespolu-organizacyjnego-kzd-2027-w-starachowicach\/\">Czytaj dalej <span class=\"meta-nav\">&rarr;<\/span><\/a><\/p>\n","protected":false},"author":9,"featured_media":0,"parent":4234,"menu_order":0,"comment_status":"closed","ping_status":"closed","template":"","meta":{"footnotes":""},"class_list":["post-4541","page","type-page","status-publish","hentry"],"_links":{"self":[{"href":"https:\/\/zzit.org.pl\/okregi\/wielkopolskolubuski\/wp-json\/wp\/v2\/pages\/4541","targetHints":{"allow":["GET"]}}],"collection":[{"href":"https:\/\/zzit.org.pl\/okregi\/wielkopolskolubuski\/wp-json\/wp\/v2\/pages"}],"about":[{"href":"https:\/\/zzit.org.pl\/okregi\/wielkopolskolubuski\/wp-json\/wp\/v2\/types\/page"}],"author":[{"embeddable":true,"href":"https:\/\/zzit.org.pl\/okregi\/wielkopolskolubuski\/wp-json\/wp\/v2\/users\/9"}],"replies":[{"embeddable":true,"href":"https:\/\/zzit.org.pl\/okregi\/wielkopolskolubuski\/wp-json\/wp\/v2\/comments?post=4541"}],"version-history":[{"count":2,"href":"https:\/\/zzit.org.pl\/okregi\/wielkopolskolubuski\/wp-json\/wp\/v2\/pages\/4541\/revisions"}],"predecessor-version":[{"id":4543,"href":"https:\/\/zzit.org.pl\/okregi\/wielkopolskolubuski\/wp-json\/wp\/v2\/pages\/4541\/revisions\/4543"}],"up":[{"embeddable":true,"href":"https:\/\/zzit.org.pl\/okregi\/wielkopolskolubuski\/wp-json\/wp\/v2\/pages\/4234"}],"wp:attachment":[{"href":"https:\/\/zzit.org.pl\/okregi\/wielkopolskolubuski\/wp-json\/wp\/v2\/media?parent=4541"}],"curies":[{"name":"wp","href":"https:\/\/api.w.org\/{rel}","templated":true}]}}