{"id":4536,"date":"2025-12-02T12:08:27","date_gmt":"2025-12-02T12:08:27","guid":{"rendered":"https:\/\/zzit.org.pl\/okregi\/wielkopolskolubuski\/?page_id=4536"},"modified":"2025-12-02T12:08:30","modified_gmt":"2025-12-02T12:08:30","slug":"24-pazdziernika-2025-r-moz-zzit-przy-h-cegielski-poznan-sa-integracja","status":"publish","type":"page","link":"https:\/\/zzit.org.pl\/okregi\/wielkopolskolubuski\/galeria\/2025-2\/24-pazdziernika-2025-r-moz-zzit-przy-h-cegielski-poznan-sa-integracja\/","title":{"rendered":"24 pa\u017adziernika 2025 r MOZ ZZIT przy H. Cegielski-Pozna\u0144 SA &#8211; Integracja"},"content":{"rendered":"<p style=\"text-align: center\"><em><strong>24 pa\u017adziernika 2025 r MOZ ZZIT przy H. Cegielski-Pozna\u0144 SA<\/strong><\/em><\/p>\n<p style=\"text-align: center\"><em><strong>Zorganizowano dla cz\u0142onk\u00f3w zwi\u0105zku ZZIT i sympatyk\u00f3w spotkanie integracyjne na POSIR Pozna\u0144 Rataje<\/strong><\/em>.<\/p>\n<p><a href=\"https:\/\/zzit.org.pl\/okregi\/wielkopolskolubuski\/wp-content\/uploads\/sites\/11\/2025\/12\/Zrzut-ekranu-2025-12-02-130542.jpg\"><img loading=\"lazy\" decoding=\"async\" class=\"alignnone size-large wp-image-4534\" src=\"https:\/\/zzit.org.pl\/okregi\/wielkopolskolubuski\/wp-content\/uploads\/sites\/11\/2025\/12\/Zrzut-ekranu-2025-12-02-130542-1024x504.jpg\" alt=\"\" width=\"584\" height=\"287\" srcset=\"https:\/\/zzit.org.pl\/okregi\/wielkopolskolubuski\/wp-content\/uploads\/sites\/11\/2025\/12\/Zrzut-ekranu-2025-12-02-130542-1024x504.jpg 1024w, https:\/\/zzit.org.pl\/okregi\/wielkopolskolubuski\/wp-content\/uploads\/sites\/11\/2025\/12\/Zrzut-ekranu-2025-12-02-130542-300x148.jpg 300w, https:\/\/zzit.org.pl\/okregi\/wielkopolskolubuski\/wp-content\/uploads\/sites\/11\/2025\/12\/Zrzut-ekranu-2025-12-02-130542-768x378.jpg 768w, https:\/\/zzit.org.pl\/okregi\/wielkopolskolubuski\/wp-content\/uploads\/sites\/11\/2025\/12\/Zrzut-ekranu-2025-12-02-130542-1536x756.jpg 1536w, https:\/\/zzit.org.pl\/okregi\/wielkopolskolubuski\/wp-content\/uploads\/sites\/11\/2025\/12\/Zrzut-ekranu-2025-12-02-130542-500x246.jpg 500w, https:\/\/zzit.org.pl\/okregi\/wielkopolskolubuski\/wp-content\/uploads\/sites\/11\/2025\/12\/Zrzut-ekranu-2025-12-02-130542.jpg 1749w\" sizes=\"auto, (max-width: 584px) 100vw, 584px\" \/><\/a><\/p>\n<p style=\"text-align: center\">Opr\u00f3cz sportowej rywalizacji podczas zbijania kr\u0119gli w bowlingu cz\u0142onkowie zwi\u0105zku mogli przedyskutowa\u0107 sprawy zawodowe<\/p>\n<p>&nbsp;<\/p>\n","protected":false},"excerpt":{"rendered":"<p>24 pa\u017adziernika 2025 r MOZ ZZIT przy H. Cegielski-Pozna\u0144 SA Zorganizowano dla cz\u0142onk\u00f3w zwi\u0105zku ZZIT i sympatyk\u00f3w spotkanie integracyjne na POSIR Pozna\u0144 Rataje. Opr\u00f3cz sportowej rywalizacji podczas zbijania kr\u0119gli w bowlingu cz\u0142onkowie zwi\u0105zku mogli przedyskutowa\u0107 sprawy zawodowe &nbsp;<\/p>\n","protected":false},"author":9,"featured_media":0,"parent":4234,"menu_order":0,"comment_status":"closed","ping_status":"closed","template":"","meta":{"footnotes":""},"class_list":["post-4536","page","type-page","status-publish","hentry"],"_links":{"self":[{"href":"https:\/\/zzit.org.pl\/okregi\/wielkopolskolubuski\/wp-json\/wp\/v2\/pages\/4536","targetHints":{"allow":["GET"]}}],"collection":[{"href":"https:\/\/zzit.org.pl\/okregi\/wielkopolskolubuski\/wp-json\/wp\/v2\/pages"}],"about":[{"href":"https:\/\/zzit.org.pl\/okregi\/wielkopolskolubuski\/wp-json\/wp\/v2\/types\/page"}],"author":[{"embeddable":true,"href":"https:\/\/zzit.org.pl\/okregi\/wielkopolskolubuski\/wp-json\/wp\/v2\/users\/9"}],"replies":[{"embeddable":true,"href":"https:\/\/zzit.org.pl\/okregi\/wielkopolskolubuski\/wp-json\/wp\/v2\/comments?post=4536"}],"version-history":[{"count":2,"href":"https:\/\/zzit.org.pl\/okregi\/wielkopolskolubuski\/wp-json\/wp\/v2\/pages\/4536\/revisions"}],"predecessor-version":[{"id":4538,"href":"https:\/\/zzit.org.pl\/okregi\/wielkopolskolubuski\/wp-json\/wp\/v2\/pages\/4536\/revisions\/4538"}],"up":[{"embeddable":true,"href":"https:\/\/zzit.org.pl\/okregi\/wielkopolskolubuski\/wp-json\/wp\/v2\/pages\/4234"}],"wp:attachment":[{"href":"https:\/\/zzit.org.pl\/okregi\/wielkopolskolubuski\/wp-json\/wp\/v2\/media?parent=4536"}],"curies":[{"name":"wp","href":"https:\/\/api.w.org\/{rel}","templated":true}]}}