{"id":4405,"date":"2025-07-04T06:01:52","date_gmt":"2025-07-04T06:01:52","guid":{"rendered":"https:\/\/zzit.org.pl\/okregi\/wielkopolskolubuski\/?page_id=4405"},"modified":"2025-07-04T06:02:43","modified_gmt":"2025-07-04T06:02:43","slug":"integracja-zzit-mahle-behr-ostrow-wielkopolski-28-06-2025","status":"publish","type":"page","link":"https:\/\/zzit.org.pl\/okregi\/wielkopolskolubuski\/galeria\/2025-2\/integracja-zzit-mahle-behr-ostrow-wielkopolski-28-06-2025\/","title":{"rendered":"Integracja ZZIT Mahle Behr Ostr\u00f3w Wielkopolski 28-06-2025"},"content":{"rendered":"<p style=\"text-align: center\"><em><strong>Spotkanie integracyjno-sprawozdawcze Zwi\u0105zku Zawodowego ZZIT<\/strong><\/em><\/p>\n<p style=\"text-align: center\"><em><strong>\u00a028.06.2025\u00a0 <\/strong><\/em><em><strong>Mahle Behr Ostr\u00f3w Wielkopolski<\/strong><\/em><\/p>\n<p style=\"text-align: center\">W sobot\u0119, 28 czerwca 2025 roku, odby\u0142o si\u0119 spotkanie cz\u0142onk\u00f3w Zwi\u0105zku Zawodowego In\u017cynier\u00f3w i Technik\u00f3w- dzia\u0142aj\u0105cego w Mahle Behr Ostr\u00f3w Wielkopolski.\u00a0 \u00a0 \u00a0 \u00a0 \u00a0 \u00a0 Wydarzenie mia\u0142o charakter integracyjno-sprawozdawczy i by\u0142o doskona\u0142\u0105 okazj\u0105 do podsumowania dzia\u0142alno\u015bci zwi\u0105zku w ostatnim okresie, om\u00f3wienia bie\u017c\u0105cych spraw oraz wzmocnienia wi\u0119zi mi\u0119dzy cz\u0142onkami.<\/p>\n<p style=\"text-align: center\">Po cz\u0119\u015bci oficjalnej, podczas kt\u00f3rej przedstawiono sprawozdania oraz podj\u0119to dyskusj\u0119 na temat plan\u00f3w na przysz\u0142o\u015b\u0107, uczestnicy spotkania mogli zrelaksowa\u0107 si\u0119 przy wsp\u00f3lnym grillu. W mi\u0142ej atmosferze, przy dobrej pogodzie i smacznym jedzeniu, by\u0142 czas na rozmowy, wymian\u0119 do\u015bwiadcze\u0144 i wsp\u00f3lne sp\u0119dzenie sobotniego popo\u0142udnia.<\/p>\n<p style=\"text-align: center\">Dzi\u0119kujemy wszystkim za obecno\u015b\u0107 i aktywny udzia\u0142. Takie spotkania pokazuj\u0105, jak wa\u017cna jest integracja i wsp\u00f3\u0142praca w \u015brodowisku zwi\u0105zkowym<\/p>\n<p><a href=\"https:\/\/zzit.org.pl\/okregi\/wielkopolskolubuski\/wp-content\/uploads\/sites\/11\/2025\/07\/1.jpg\"><img loading=\"lazy\" decoding=\"async\" class=\"size-full wp-image-4397 aligncenter\" src=\"https:\/\/zzit.org.pl\/okregi\/wielkopolskolubuski\/wp-content\/uploads\/sites\/11\/2025\/07\/1.jpg\" alt=\"\" width=\"439\" height=\"619\" srcset=\"https:\/\/zzit.org.pl\/okregi\/wielkopolskolubuski\/wp-content\/uploads\/sites\/11\/2025\/07\/1.jpg 439w, https:\/\/zzit.org.pl\/okregi\/wielkopolskolubuski\/wp-content\/uploads\/sites\/11\/2025\/07\/1-213x300.jpg 213w\" sizes=\"auto, (max-width: 439px) 100vw, 439px\" \/><\/a> <a href=\"https:\/\/zzit.org.pl\/okregi\/wielkopolskolubuski\/wp-content\/uploads\/sites\/11\/2025\/07\/2.jpg\"><img loading=\"lazy\" decoding=\"async\" class=\"size-full wp-image-4398 aligncenter\" src=\"https:\/\/zzit.org.pl\/okregi\/wielkopolskolubuski\/wp-content\/uploads\/sites\/11\/2025\/07\/2.jpg\" alt=\"\" width=\"478\" height=\"563\" srcset=\"https:\/\/zzit.org.pl\/okregi\/wielkopolskolubuski\/wp-content\/uploads\/sites\/11\/2025\/07\/2.jpg 478w, https:\/\/zzit.org.pl\/okregi\/wielkopolskolubuski\/wp-content\/uploads\/sites\/11\/2025\/07\/2-255x300.jpg 255w\" sizes=\"auto, (max-width: 478px) 100vw, 478px\" \/><\/a> <a href=\"https:\/\/zzit.org.pl\/okregi\/wielkopolskolubuski\/wp-content\/uploads\/sites\/11\/2025\/07\/3.jpg\"><img loading=\"lazy\" decoding=\"async\" class=\"size-large wp-image-4399 aligncenter\" src=\"https:\/\/zzit.org.pl\/okregi\/wielkopolskolubuski\/wp-content\/uploads\/sites\/11\/2025\/07\/3-1024x628.jpg\" alt=\"\" width=\"584\" height=\"358\" srcset=\"https:\/\/zzit.org.pl\/okregi\/wielkopolskolubuski\/wp-content\/uploads\/sites\/11\/2025\/07\/3-1024x628.jpg 1024w, https:\/\/zzit.org.pl\/okregi\/wielkopolskolubuski\/wp-content\/uploads\/sites\/11\/2025\/07\/3-300x184.jpg 300w, https:\/\/zzit.org.pl\/okregi\/wielkopolskolubuski\/wp-content\/uploads\/sites\/11\/2025\/07\/3-768x471.jpg 768w, https:\/\/zzit.org.pl\/okregi\/wielkopolskolubuski\/wp-content\/uploads\/sites\/11\/2025\/07\/3-490x300.jpg 490w, https:\/\/zzit.org.pl\/okregi\/wielkopolskolubuski\/wp-content\/uploads\/sites\/11\/2025\/07\/3.jpg 1108w\" sizes=\"auto, (max-width: 584px) 100vw, 584px\" \/><\/a> <a href=\"https:\/\/zzit.org.pl\/okregi\/wielkopolskolubuski\/wp-content\/uploads\/sites\/11\/2025\/07\/4.jpg\"><img loading=\"lazy\" decoding=\"async\" class=\"alignnone size-large wp-image-4400\" src=\"https:\/\/zzit.org.pl\/okregi\/wielkopolskolubuski\/wp-content\/uploads\/sites\/11\/2025\/07\/4-1024x387.jpg\" alt=\"\" width=\"584\" height=\"221\" srcset=\"https:\/\/zzit.org.pl\/okregi\/wielkopolskolubuski\/wp-content\/uploads\/sites\/11\/2025\/07\/4-1024x387.jpg 1024w, https:\/\/zzit.org.pl\/okregi\/wielkopolskolubuski\/wp-content\/uploads\/sites\/11\/2025\/07\/4-300x113.jpg 300w, https:\/\/zzit.org.pl\/okregi\/wielkopolskolubuski\/wp-content\/uploads\/sites\/11\/2025\/07\/4-768x290.jpg 768w, https:\/\/zzit.org.pl\/okregi\/wielkopolskolubuski\/wp-content\/uploads\/sites\/11\/2025\/07\/4-1536x580.jpg 1536w, https:\/\/zzit.org.pl\/okregi\/wielkopolskolubuski\/wp-content\/uploads\/sites\/11\/2025\/07\/4-500x189.jpg 500w, https:\/\/zzit.org.pl\/okregi\/wielkopolskolubuski\/wp-content\/uploads\/sites\/11\/2025\/07\/4.jpg 1661w\" sizes=\"auto, (max-width: 584px) 100vw, 584px\" \/><\/a> <a href=\"https:\/\/zzit.org.pl\/okregi\/wielkopolskolubuski\/wp-content\/uploads\/sites\/11\/2025\/07\/5.jpg\"><img loading=\"lazy\" decoding=\"async\" class=\"alignnone size-full wp-image-4401\" src=\"https:\/\/zzit.org.pl\/okregi\/wielkopolskolubuski\/wp-content\/uploads\/sites\/11\/2025\/07\/5.jpg\" alt=\"\" width=\"688\" height=\"624\" srcset=\"https:\/\/zzit.org.pl\/okregi\/wielkopolskolubuski\/wp-content\/uploads\/sites\/11\/2025\/07\/5.jpg 688w, https:\/\/zzit.org.pl\/okregi\/wielkopolskolubuski\/wp-content\/uploads\/sites\/11\/2025\/07\/5-300x272.jpg 300w, https:\/\/zzit.org.pl\/okregi\/wielkopolskolubuski\/wp-content\/uploads\/sites\/11\/2025\/07\/5-331x300.jpg 331w\" sizes=\"auto, (max-width: 688px) 100vw, 688px\" \/><\/a> <a href=\"https:\/\/zzit.org.pl\/okregi\/wielkopolskolubuski\/wp-content\/uploads\/sites\/11\/2025\/07\/6.jpg\"><img loading=\"lazy\" decoding=\"async\" class=\"alignnone size-full wp-image-4402\" src=\"https:\/\/zzit.org.pl\/okregi\/wielkopolskolubuski\/wp-content\/uploads\/sites\/11\/2025\/07\/6.jpg\" alt=\"\" width=\"707\" height=\"614\" srcset=\"https:\/\/zzit.org.pl\/okregi\/wielkopolskolubuski\/wp-content\/uploads\/sites\/11\/2025\/07\/6.jpg 707w, https:\/\/zzit.org.pl\/okregi\/wielkopolskolubuski\/wp-content\/uploads\/sites\/11\/2025\/07\/6-300x261.jpg 300w, https:\/\/zzit.org.pl\/okregi\/wielkopolskolubuski\/wp-content\/uploads\/sites\/11\/2025\/07\/6-345x300.jpg 345w\" sizes=\"auto, (max-width: 707px) 100vw, 707px\" \/><\/a> <a href=\"https:\/\/zzit.org.pl\/okregi\/wielkopolskolubuski\/wp-content\/uploads\/sites\/11\/2025\/07\/7.jpg\"><img loading=\"lazy\" decoding=\"async\" class=\"alignnone size-full wp-image-4403\" src=\"https:\/\/zzit.org.pl\/okregi\/wielkopolskolubuski\/wp-content\/uploads\/sites\/11\/2025\/07\/7.jpg\" alt=\"\" width=\"692\" height=\"751\" srcset=\"https:\/\/zzit.org.pl\/okregi\/wielkopolskolubuski\/wp-content\/uploads\/sites\/11\/2025\/07\/7.jpg 692w, https:\/\/zzit.org.pl\/okregi\/wielkopolskolubuski\/wp-content\/uploads\/sites\/11\/2025\/07\/7-276x300.jpg 276w\" sizes=\"auto, (max-width: 692px) 100vw, 692px\" \/><\/a><\/p>\n","protected":false},"excerpt":{"rendered":"<p>Spotkanie integracyjno-sprawozdawcze Zwi\u0105zku Zawodowego ZZIT \u00a028.06.2025\u00a0 Mahle Behr Ostr\u00f3w Wielkopolski W sobot\u0119, 28 czerwca 2025 roku, odby\u0142o si\u0119 spotkanie cz\u0142onk\u00f3w Zwi\u0105zku Zawodowego In\u017cynier\u00f3w i Technik\u00f3w- dzia\u0142aj\u0105cego w Mahle Behr Ostr\u00f3w Wielkopolski.\u00a0 \u00a0 \u00a0 \u00a0 \u00a0 \u00a0 Wydarzenie mia\u0142o charakter integracyjno-sprawozdawczy &hellip; <a href=\"https:\/\/zzit.org.pl\/okregi\/wielkopolskolubuski\/galeria\/2025-2\/integracja-zzit-mahle-behr-ostrow-wielkopolski-28-06-2025\/\">Czytaj dalej <span class=\"meta-nav\">&rarr;<\/span><\/a><\/p>\n","protected":false},"author":9,"featured_media":0,"parent":4234,"menu_order":0,"comment_status":"closed","ping_status":"closed","template":"","meta":{"footnotes":""},"class_list":["post-4405","page","type-page","status-publish","hentry"],"_links":{"self":[{"href":"https:\/\/zzit.org.pl\/okregi\/wielkopolskolubuski\/wp-json\/wp\/v2\/pages\/4405","targetHints":{"allow":["GET"]}}],"collection":[{"href":"https:\/\/zzit.org.pl\/okregi\/wielkopolskolubuski\/wp-json\/wp\/v2\/pages"}],"about":[{"href":"https:\/\/zzit.org.pl\/okregi\/wielkopolskolubuski\/wp-json\/wp\/v2\/types\/page"}],"author":[{"embeddable":true,"href":"https:\/\/zzit.org.pl\/okregi\/wielkopolskolubuski\/wp-json\/wp\/v2\/users\/9"}],"replies":[{"embeddable":true,"href":"https:\/\/zzit.org.pl\/okregi\/wielkopolskolubuski\/wp-json\/wp\/v2\/comments?post=4405"}],"version-history":[{"count":2,"href":"https:\/\/zzit.org.pl\/okregi\/wielkopolskolubuski\/wp-json\/wp\/v2\/pages\/4405\/revisions"}],"predecessor-version":[{"id":4407,"href":"https:\/\/zzit.org.pl\/okregi\/wielkopolskolubuski\/wp-json\/wp\/v2\/pages\/4405\/revisions\/4407"}],"up":[{"embeddable":true,"href":"https:\/\/zzit.org.pl\/okregi\/wielkopolskolubuski\/wp-json\/wp\/v2\/pages\/4234"}],"wp:attachment":[{"href":"https:\/\/zzit.org.pl\/okregi\/wielkopolskolubuski\/wp-json\/wp\/v2\/media?parent=4405"}],"curies":[{"name":"wp","href":"https:\/\/api.w.org\/{rel}","templated":true}]}}