{"id":4342,"date":"2025-06-24T05:43:23","date_gmt":"2025-06-24T05:43:23","guid":{"rendered":"https:\/\/zzit.org.pl\/okregi\/wielkopolskolubuski\/?page_id=4342"},"modified":"2025-06-24T05:52:20","modified_gmt":"2025-06-24T05:52:20","slug":"20-lecie-zzit-przy-pgo-s-a-odlewna-zeliwa-oddzial-w-sremie","status":"publish","type":"page","link":"https:\/\/zzit.org.pl\/okregi\/wielkopolskolubuski\/galeria\/2025-2\/20-lecie-zzit-przy-pgo-s-a-odlewna-zeliwa-oddzial-w-sremie\/","title":{"rendered":"\u00a020-lecie ZZIT przy PGO S.A. Odlewna \u017beliwa Oddzia\u0142 w \u015aremie"},"content":{"rendered":"<p style=\"text-align: center\"><strong>\u00a020-lecie ZZIT przy PGO S.A. Odlewna \u017beliwa Oddzia\u0142 w \u015aremie<\/strong><\/p>\n<p><a href=\"https:\/\/zzit.org.pl\/okregi\/wielkopolskolubuski\/wp-content\/uploads\/sites\/11\/2025\/06\/5.jpg\"><img loading=\"lazy\" decoding=\"async\" class=\"alignnone size-full wp-image-4325\" src=\"https:\/\/zzit.org.pl\/okregi\/wielkopolskolubuski\/wp-content\/uploads\/sites\/11\/2025\/06\/5.jpg\" alt=\"\" width=\"922\" height=\"686\" srcset=\"https:\/\/zzit.org.pl\/okregi\/wielkopolskolubuski\/wp-content\/uploads\/sites\/11\/2025\/06\/5.jpg 922w, https:\/\/zzit.org.pl\/okregi\/wielkopolskolubuski\/wp-content\/uploads\/sites\/11\/2025\/06\/5-300x223.jpg 300w, https:\/\/zzit.org.pl\/okregi\/wielkopolskolubuski\/wp-content\/uploads\/sites\/11\/2025\/06\/5-768x571.jpg 768w, https:\/\/zzit.org.pl\/okregi\/wielkopolskolubuski\/wp-content\/uploads\/sites\/11\/2025\/06\/5-403x300.jpg 403w\" sizes=\"auto, (max-width: 922px) 100vw, 922px\" \/><\/a> <a href=\"https:\/\/zzit.org.pl\/okregi\/wielkopolskolubuski\/wp-content\/uploads\/sites\/11\/2025\/06\/6.jpg\"><img loading=\"lazy\" decoding=\"async\" class=\"alignnone size-full wp-image-4326\" src=\"https:\/\/zzit.org.pl\/okregi\/wielkopolskolubuski\/wp-content\/uploads\/sites\/11\/2025\/06\/6.jpg\" alt=\"\" width=\"650\" height=\"466\" srcset=\"https:\/\/zzit.org.pl\/okregi\/wielkopolskolubuski\/wp-content\/uploads\/sites\/11\/2025\/06\/6.jpg 650w, https:\/\/zzit.org.pl\/okregi\/wielkopolskolubuski\/wp-content\/uploads\/sites\/11\/2025\/06\/6-300x215.jpg 300w, https:\/\/zzit.org.pl\/okregi\/wielkopolskolubuski\/wp-content\/uploads\/sites\/11\/2025\/06\/6-418x300.jpg 418w\" sizes=\"auto, (max-width: 650px) 100vw, 650px\" \/><\/a> <a href=\"https:\/\/zzit.org.pl\/okregi\/wielkopolskolubuski\/wp-content\/uploads\/sites\/11\/2025\/06\/4.jpg\"><img loading=\"lazy\" decoding=\"async\" class=\"alignnone size-full wp-image-4324\" src=\"https:\/\/zzit.org.pl\/okregi\/wielkopolskolubuski\/wp-content\/uploads\/sites\/11\/2025\/06\/4.jpg\" alt=\"\" width=\"693\" height=\"514\" srcset=\"https:\/\/zzit.org.pl\/okregi\/wielkopolskolubuski\/wp-content\/uploads\/sites\/11\/2025\/06\/4.jpg 693w, https:\/\/zzit.org.pl\/okregi\/wielkopolskolubuski\/wp-content\/uploads\/sites\/11\/2025\/06\/4-300x223.jpg 300w, https:\/\/zzit.org.pl\/okregi\/wielkopolskolubuski\/wp-content\/uploads\/sites\/11\/2025\/06\/4-404x300.jpg 404w\" sizes=\"auto, (max-width: 693px) 100vw, 693px\" \/><\/a> <a href=\"https:\/\/zzit.org.pl\/okregi\/wielkopolskolubuski\/wp-content\/uploads\/sites\/11\/2025\/06\/3.jpg\"><img loading=\"lazy\" decoding=\"async\" class=\"alignnone size-full wp-image-4323\" src=\"https:\/\/zzit.org.pl\/okregi\/wielkopolskolubuski\/wp-content\/uploads\/sites\/11\/2025\/06\/3.jpg\" alt=\"\" width=\"690\" height=\"495\" srcset=\"https:\/\/zzit.org.pl\/okregi\/wielkopolskolubuski\/wp-content\/uploads\/sites\/11\/2025\/06\/3.jpg 690w, https:\/\/zzit.org.pl\/okregi\/wielkopolskolubuski\/wp-content\/uploads\/sites\/11\/2025\/06\/3-300x215.jpg 300w, https:\/\/zzit.org.pl\/okregi\/wielkopolskolubuski\/wp-content\/uploads\/sites\/11\/2025\/06\/3-418x300.jpg 418w\" sizes=\"auto, (max-width: 690px) 100vw, 690px\" \/><\/a> <a href=\"https:\/\/zzit.org.pl\/okregi\/wielkopolskolubuski\/wp-content\/uploads\/sites\/11\/2025\/06\/1.jpg\"><img loading=\"lazy\" decoding=\"async\" class=\"alignnone size-full wp-image-4321\" src=\"https:\/\/zzit.org.pl\/okregi\/wielkopolskolubuski\/wp-content\/uploads\/sites\/11\/2025\/06\/1.jpg\" alt=\"\" width=\"676\" height=\"654\" srcset=\"https:\/\/zzit.org.pl\/okregi\/wielkopolskolubuski\/wp-content\/uploads\/sites\/11\/2025\/06\/1.jpg 676w, https:\/\/zzit.org.pl\/okregi\/wielkopolskolubuski\/wp-content\/uploads\/sites\/11\/2025\/06\/1-300x290.jpg 300w, https:\/\/zzit.org.pl\/okregi\/wielkopolskolubuski\/wp-content\/uploads\/sites\/11\/2025\/06\/1-310x300.jpg 310w\" sizes=\"auto, (max-width: 676px) 100vw, 676px\" \/><\/a> <a href=\"https:\/\/zzit.org.pl\/okregi\/wielkopolskolubuski\/wp-content\/uploads\/sites\/11\/2025\/06\/2.jpg\"><img loading=\"lazy\" decoding=\"async\" class=\"alignnone size-large wp-image-4322\" src=\"https:\/\/zzit.org.pl\/okregi\/wielkopolskolubuski\/wp-content\/uploads\/sites\/11\/2025\/06\/2-1024x626.jpg\" alt=\"\" width=\"584\" height=\"357\" srcset=\"https:\/\/zzit.org.pl\/okregi\/wielkopolskolubuski\/wp-content\/uploads\/sites\/11\/2025\/06\/2-1024x626.jpg 1024w, https:\/\/zzit.org.pl\/okregi\/wielkopolskolubuski\/wp-content\/uploads\/sites\/11\/2025\/06\/2-300x183.jpg 300w, https:\/\/zzit.org.pl\/okregi\/wielkopolskolubuski\/wp-content\/uploads\/sites\/11\/2025\/06\/2-768x469.jpg 768w, https:\/\/zzit.org.pl\/okregi\/wielkopolskolubuski\/wp-content\/uploads\/sites\/11\/2025\/06\/2-491x300.jpg 491w, https:\/\/zzit.org.pl\/okregi\/wielkopolskolubuski\/wp-content\/uploads\/sites\/11\/2025\/06\/2.jpg 1224w\" sizes=\"auto, (max-width: 584px) 100vw, 584px\" \/><\/a> <a href=\"https:\/\/zzit.org.pl\/okregi\/wielkopolskolubuski\/wp-content\/uploads\/sites\/11\/2025\/06\/11.jpg\"><img loading=\"lazy\" decoding=\"async\" class=\"size-full wp-image-4330 aligncenter\" src=\"https:\/\/zzit.org.pl\/okregi\/wielkopolskolubuski\/wp-content\/uploads\/sites\/11\/2025\/06\/11.jpg\" alt=\"\" width=\"527\" height=\"521\" srcset=\"https:\/\/zzit.org.pl\/okregi\/wielkopolskolubuski\/wp-content\/uploads\/sites\/11\/2025\/06\/11.jpg 527w, https:\/\/zzit.org.pl\/okregi\/wielkopolskolubuski\/wp-content\/uploads\/sites\/11\/2025\/06\/11-300x297.jpg 300w, https:\/\/zzit.org.pl\/okregi\/wielkopolskolubuski\/wp-content\/uploads\/sites\/11\/2025\/06\/11-303x300.jpg 303w\" sizes=\"auto, (max-width: 527px) 100vw, 527px\" \/><\/a> <a href=\"https:\/\/zzit.org.pl\/okregi\/wielkopolskolubuski\/wp-content\/uploads\/sites\/11\/2025\/06\/12.jpg\"><img loading=\"lazy\" decoding=\"async\" class=\"alignnone size-large wp-image-4331\" src=\"https:\/\/zzit.org.pl\/okregi\/wielkopolskolubuski\/wp-content\/uploads\/sites\/11\/2025\/06\/12.jpg\" alt=\"\" width=\"584\" height=\"695\" srcset=\"https:\/\/zzit.org.pl\/okregi\/wielkopolskolubuski\/wp-content\/uploads\/sites\/11\/2025\/06\/12.jpg 701w, https:\/\/zzit.org.pl\/okregi\/wielkopolskolubuski\/wp-content\/uploads\/sites\/11\/2025\/06\/12-252x300.jpg 252w\" sizes=\"auto, (max-width: 584px) 100vw, 584px\" \/><\/a> <a href=\"https:\/\/zzit.org.pl\/okregi\/wielkopolskolubuski\/wp-content\/uploads\/sites\/11\/2025\/06\/10.jpg\"><img loading=\"lazy\" decoding=\"async\" class=\"alignnone size-full wp-image-4329\" src=\"https:\/\/zzit.org.pl\/okregi\/wielkopolskolubuski\/wp-content\/uploads\/sites\/11\/2025\/06\/10.jpg\" alt=\"\" width=\"575\" height=\"466\" srcset=\"https:\/\/zzit.org.pl\/okregi\/wielkopolskolubuski\/wp-content\/uploads\/sites\/11\/2025\/06\/10.jpg 575w, https:\/\/zzit.org.pl\/okregi\/wielkopolskolubuski\/wp-content\/uploads\/sites\/11\/2025\/06\/10-300x243.jpg 300w, https:\/\/zzit.org.pl\/okregi\/wielkopolskolubuski\/wp-content\/uploads\/sites\/11\/2025\/06\/10-370x300.jpg 370w\" sizes=\"auto, (max-width: 575px) 100vw, 575px\" \/><\/a> <a href=\"https:\/\/zzit.org.pl\/okregi\/wielkopolskolubuski\/wp-content\/uploads\/sites\/11\/2025\/06\/8.jpg\"><img loading=\"lazy\" decoding=\"async\" class=\"alignnone size-large wp-image-4328\" src=\"https:\/\/zzit.org.pl\/okregi\/wielkopolskolubuski\/wp-content\/uploads\/sites\/11\/2025\/06\/8.jpg\" alt=\"\" width=\"583\" height=\"426\" srcset=\"https:\/\/zzit.org.pl\/okregi\/wielkopolskolubuski\/wp-content\/uploads\/sites\/11\/2025\/06\/8.jpg 583w, https:\/\/zzit.org.pl\/okregi\/wielkopolskolubuski\/wp-content\/uploads\/sites\/11\/2025\/06\/8-300x219.jpg 300w, https:\/\/zzit.org.pl\/okregi\/wielkopolskolubuski\/wp-content\/uploads\/sites\/11\/2025\/06\/8-411x300.jpg 411w\" sizes=\"auto, (max-width: 583px) 100vw, 583px\" \/><\/a> <a href=\"https:\/\/zzit.org.pl\/okregi\/wielkopolskolubuski\/wp-content\/uploads\/sites\/11\/2025\/06\/7.jpg\"><img loading=\"lazy\" decoding=\"async\" class=\"alignnone size-large wp-image-4327\" src=\"https:\/\/zzit.org.pl\/okregi\/wielkopolskolubuski\/wp-content\/uploads\/sites\/11\/2025\/06\/7.jpg\" alt=\"\" width=\"584\" height=\"534\" srcset=\"https:\/\/zzit.org.pl\/okregi\/wielkopolskolubuski\/wp-content\/uploads\/sites\/11\/2025\/06\/7.jpg 682w, https:\/\/zzit.org.pl\/okregi\/wielkopolskolubuski\/wp-content\/uploads\/sites\/11\/2025\/06\/7-300x274.jpg 300w, https:\/\/zzit.org.pl\/okregi\/wielkopolskolubuski\/wp-content\/uploads\/sites\/11\/2025\/06\/7-328x300.jpg 328w\" sizes=\"auto, (max-width: 584px) 100vw, 584px\" \/><\/a> <a href=\"https:\/\/zzit.org.pl\/okregi\/wielkopolskolubuski\/wp-content\/uploads\/sites\/11\/2025\/06\/13.jpg\"><img loading=\"lazy\" decoding=\"async\" class=\"alignnone size-full wp-image-4332\" src=\"https:\/\/zzit.org.pl\/okregi\/wielkopolskolubuski\/wp-content\/uploads\/sites\/11\/2025\/06\/13.jpg\" alt=\"\" width=\"637\" height=\"829\" srcset=\"https:\/\/zzit.org.pl\/okregi\/wielkopolskolubuski\/wp-content\/uploads\/sites\/11\/2025\/06\/13.jpg 637w, https:\/\/zzit.org.pl\/okregi\/wielkopolskolubuski\/wp-content\/uploads\/sites\/11\/2025\/06\/13-231x300.jpg 231w\" sizes=\"auto, (max-width: 637px) 100vw, 637px\" \/><\/a> <a href=\"https:\/\/zzit.org.pl\/okregi\/wielkopolskolubuski\/wp-content\/uploads\/sites\/11\/2025\/06\/14.jpg\"><img loading=\"lazy\" decoding=\"async\" class=\"alignnone size-full wp-image-4333\" src=\"https:\/\/zzit.org.pl\/okregi\/wielkopolskolubuski\/wp-content\/uploads\/sites\/11\/2025\/06\/14.jpg\" alt=\"\" width=\"595\" height=\"506\" srcset=\"https:\/\/zzit.org.pl\/okregi\/wielkopolskolubuski\/wp-content\/uploads\/sites\/11\/2025\/06\/14.jpg 595w, https:\/\/zzit.org.pl\/okregi\/wielkopolskolubuski\/wp-content\/uploads\/sites\/11\/2025\/06\/14-300x255.jpg 300w, https:\/\/zzit.org.pl\/okregi\/wielkopolskolubuski\/wp-content\/uploads\/sites\/11\/2025\/06\/14-353x300.jpg 353w\" sizes=\"auto, (max-width: 595px) 100vw, 595px\" \/><\/a> <a href=\"https:\/\/zzit.org.pl\/okregi\/wielkopolskolubuski\/wp-content\/uploads\/sites\/11\/2025\/06\/16.jpg\"><img loading=\"lazy\" decoding=\"async\" class=\"size-full wp-image-4335 aligncenter\" src=\"https:\/\/zzit.org.pl\/okregi\/wielkopolskolubuski\/wp-content\/uploads\/sites\/11\/2025\/06\/16.jpg\" alt=\"\" width=\"445\" height=\"522\" srcset=\"https:\/\/zzit.org.pl\/okregi\/wielkopolskolubuski\/wp-content\/uploads\/sites\/11\/2025\/06\/16.jpg 445w, https:\/\/zzit.org.pl\/okregi\/wielkopolskolubuski\/wp-content\/uploads\/sites\/11\/2025\/06\/16-256x300.jpg 256w\" sizes=\"auto, (max-width: 445px) 100vw, 445px\" \/><\/a> <a href=\"https:\/\/zzit.org.pl\/okregi\/wielkopolskolubuski\/wp-content\/uploads\/sites\/11\/2025\/06\/15.jpg\"><img loading=\"lazy\" decoding=\"async\" class=\"alignnone size-large wp-image-4334\" src=\"https:\/\/zzit.org.pl\/okregi\/wielkopolskolubuski\/wp-content\/uploads\/sites\/11\/2025\/06\/15-1024x556.jpg\" alt=\"\" width=\"584\" height=\"317\" srcset=\"https:\/\/zzit.org.pl\/okregi\/wielkopolskolubuski\/wp-content\/uploads\/sites\/11\/2025\/06\/15-1024x556.jpg 1024w, https:\/\/zzit.org.pl\/okregi\/wielkopolskolubuski\/wp-content\/uploads\/sites\/11\/2025\/06\/15-300x163.jpg 300w, https:\/\/zzit.org.pl\/okregi\/wielkopolskolubuski\/wp-content\/uploads\/sites\/11\/2025\/06\/15-768x417.jpg 768w, https:\/\/zzit.org.pl\/okregi\/wielkopolskolubuski\/wp-content\/uploads\/sites\/11\/2025\/06\/15-500x271.jpg 500w, https:\/\/zzit.org.pl\/okregi\/wielkopolskolubuski\/wp-content\/uploads\/sites\/11\/2025\/06\/15.jpg 1211w\" sizes=\"auto, (max-width: 584px) 100vw, 584px\" \/><\/a> <a href=\"https:\/\/zzit.org.pl\/okregi\/wielkopolskolubuski\/wp-content\/uploads\/sites\/11\/2025\/06\/18.jpg\"><img loading=\"lazy\" decoding=\"async\" class=\"alignnone size-full wp-image-4337\" src=\"https:\/\/zzit.org.pl\/okregi\/wielkopolskolubuski\/wp-content\/uploads\/sites\/11\/2025\/06\/18.jpg\" alt=\"\" width=\"951\" height=\"484\" srcset=\"https:\/\/zzit.org.pl\/okregi\/wielkopolskolubuski\/wp-content\/uploads\/sites\/11\/2025\/06\/18.jpg 951w, https:\/\/zzit.org.pl\/okregi\/wielkopolskolubuski\/wp-content\/uploads\/sites\/11\/2025\/06\/18-300x153.jpg 300w, https:\/\/zzit.org.pl\/okregi\/wielkopolskolubuski\/wp-content\/uploads\/sites\/11\/2025\/06\/18-768x391.jpg 768w, https:\/\/zzit.org.pl\/okregi\/wielkopolskolubuski\/wp-content\/uploads\/sites\/11\/2025\/06\/18-500x254.jpg 500w\" sizes=\"auto, (max-width: 951px) 100vw, 951px\" \/><\/a> <a href=\"https:\/\/zzit.org.pl\/okregi\/wielkopolskolubuski\/wp-content\/uploads\/sites\/11\/2025\/06\/17.jpg\"><img loading=\"lazy\" decoding=\"async\" class=\"alignnone size-large wp-image-4336\" src=\"https:\/\/zzit.org.pl\/okregi\/wielkopolskolubuski\/wp-content\/uploads\/sites\/11\/2025\/06\/17-1024x381.jpg\" alt=\"\" width=\"584\" height=\"217\" srcset=\"https:\/\/zzit.org.pl\/okregi\/wielkopolskolubuski\/wp-content\/uploads\/sites\/11\/2025\/06\/17-1024x381.jpg 1024w, https:\/\/zzit.org.pl\/okregi\/wielkopolskolubuski\/wp-content\/uploads\/sites\/11\/2025\/06\/17-300x112.jpg 300w, https:\/\/zzit.org.pl\/okregi\/wielkopolskolubuski\/wp-content\/uploads\/sites\/11\/2025\/06\/17-768x286.jpg 768w, https:\/\/zzit.org.pl\/okregi\/wielkopolskolubuski\/wp-content\/uploads\/sites\/11\/2025\/06\/17-500x186.jpg 500w, https:\/\/zzit.org.pl\/okregi\/wielkopolskolubuski\/wp-content\/uploads\/sites\/11\/2025\/06\/17.jpg 1240w\" sizes=\"auto, (max-width: 584px) 100vw, 584px\" \/><\/a> <a href=\"https:\/\/zzit.org.pl\/okregi\/wielkopolskolubuski\/wp-content\/uploads\/sites\/11\/2025\/06\/19.jpg\"><img loading=\"lazy\" decoding=\"async\" class=\"alignnone size-large wp-image-4338\" src=\"https:\/\/zzit.org.pl\/okregi\/wielkopolskolubuski\/wp-content\/uploads\/sites\/11\/2025\/06\/19-1024x505.jpg\" alt=\"\" width=\"584\" height=\"288\" srcset=\"https:\/\/zzit.org.pl\/okregi\/wielkopolskolubuski\/wp-content\/uploads\/sites\/11\/2025\/06\/19-1024x505.jpg 1024w, https:\/\/zzit.org.pl\/okregi\/wielkopolskolubuski\/wp-content\/uploads\/sites\/11\/2025\/06\/19-300x148.jpg 300w, https:\/\/zzit.org.pl\/okregi\/wielkopolskolubuski\/wp-content\/uploads\/sites\/11\/2025\/06\/19-768x379.jpg 768w, https:\/\/zzit.org.pl\/okregi\/wielkopolskolubuski\/wp-content\/uploads\/sites\/11\/2025\/06\/19-500x247.jpg 500w, https:\/\/zzit.org.pl\/okregi\/wielkopolskolubuski\/wp-content\/uploads\/sites\/11\/2025\/06\/19.jpg 1159w\" sizes=\"auto, (max-width: 584px) 100vw, 584px\" \/><\/a> <a href=\"https:\/\/zzit.org.pl\/okregi\/wielkopolskolubuski\/wp-content\/uploads\/sites\/11\/2025\/06\/20.jpg\"><img loading=\"lazy\" decoding=\"async\" class=\"alignnone size-full wp-image-4339\" src=\"https:\/\/zzit.org.pl\/okregi\/wielkopolskolubuski\/wp-content\/uploads\/sites\/11\/2025\/06\/20.jpg\" alt=\"\" width=\"685\" height=\"609\" srcset=\"https:\/\/zzit.org.pl\/okregi\/wielkopolskolubuski\/wp-content\/uploads\/sites\/11\/2025\/06\/20.jpg 685w, https:\/\/zzit.org.pl\/okregi\/wielkopolskolubuski\/wp-content\/uploads\/sites\/11\/2025\/06\/20-300x267.jpg 300w, https:\/\/zzit.org.pl\/okregi\/wielkopolskolubuski\/wp-content\/uploads\/sites\/11\/2025\/06\/20-337x300.jpg 337w\" sizes=\"auto, (max-width: 685px) 100vw, 685px\" \/><\/a> <a href=\"https:\/\/zzit.org.pl\/okregi\/wielkopolskolubuski\/wp-content\/uploads\/sites\/11\/2025\/06\/21.jpg\"><img loading=\"lazy\" decoding=\"async\" class=\"alignnone size-full wp-image-4340\" src=\"https:\/\/zzit.org.pl\/okregi\/wielkopolskolubuski\/wp-content\/uploads\/sites\/11\/2025\/06\/21.jpg\" alt=\"\" width=\"871\" height=\"435\" srcset=\"https:\/\/zzit.org.pl\/okregi\/wielkopolskolubuski\/wp-content\/uploads\/sites\/11\/2025\/06\/21.jpg 871w, https:\/\/zzit.org.pl\/okregi\/wielkopolskolubuski\/wp-content\/uploads\/sites\/11\/2025\/06\/21-300x150.jpg 300w, https:\/\/zzit.org.pl\/okregi\/wielkopolskolubuski\/wp-content\/uploads\/sites\/11\/2025\/06\/21-768x384.jpg 768w, https:\/\/zzit.org.pl\/okregi\/wielkopolskolubuski\/wp-content\/uploads\/sites\/11\/2025\/06\/21-500x250.jpg 500w\" sizes=\"auto, (max-width: 871px) 100vw, 871px\" \/><\/a><\/p>\n<p style=\"text-align: center\">W dniu 13 czerwca odby\u0142o si\u0119 spotkanie z cz\u0142onkami Zwi\u0105zku z okazji jubileuszu 20 lecia powstania organizacji zwi\u0105zkowej przy odlewni \u017beliwa \u015aREM.<\/p>\n<p style=\"text-align: center\">Zaproszenia na spotkanie przyj\u0119li: Dyrektor Oddzia\u0142u Jakub Ko\u0142akowski, Przewodnicz\u0105cy Zarz\u0105du Okr\u0119gu Wielkopolsko-Lubuskiego Ireneusz Pierzchot i Przewodnicz\u0105cy Zwi\u0105zku zawodowego Hutnik\u00f3w Przy OZ Srem S\u0142awomir Kubala. Po uroczystym obiedzie i toa\u015bcie lamk\u0105 szampana Przewodnicz\u0105cy Janusz St\u0119pniak przedstawi\u0142 rys historyczny i osi\u0105gni\u0119cia zak\u0142adowe organizacji zwi\u0105zkowej. \u017byczenie dalszej owocnej wsp\u00f3\u0142pracy przekaza\u0142 dyrektor Oddzia\u0142u, a panowie Przewodnicz\u0105cy z\u0142o\u017cyli \u017cyczenia oraz przekazali pami\u0105tkowe upominki.<\/p>\n<p style=\"text-align: center\">Nast\u0119pnie wr\u0119czono honorowe wyr\u00f3\u017cnienia zwi\u0105zkowe:<\/p>\n<p style=\"text-align: center\"><strong> Z\u0142ot\u0105 odznak\u0119 ZZIT otrzyma\u0142a<\/strong> <strong>kol. Teresa Drgas\u00a0<\/strong><\/p>\n<p><a href=\"https:\/\/zzit.org.pl\/okregi\/wielkopolskolubuski\/wp-content\/uploads\/sites\/11\/2025\/06\/24.jpg\"><img loading=\"lazy\" decoding=\"async\" class=\"alignnone size-large wp-image-4348\" src=\"https:\/\/zzit.org.pl\/okregi\/wielkopolskolubuski\/wp-content\/uploads\/sites\/11\/2025\/06\/24-1024x707.jpg\" alt=\"\" width=\"584\" height=\"403\" srcset=\"https:\/\/zzit.org.pl\/okregi\/wielkopolskolubuski\/wp-content\/uploads\/sites\/11\/2025\/06\/24-1024x707.jpg 1024w, https:\/\/zzit.org.pl\/okregi\/wielkopolskolubuski\/wp-content\/uploads\/sites\/11\/2025\/06\/24-300x207.jpg 300w, https:\/\/zzit.org.pl\/okregi\/wielkopolskolubuski\/wp-content\/uploads\/sites\/11\/2025\/06\/24-768x530.jpg 768w, https:\/\/zzit.org.pl\/okregi\/wielkopolskolubuski\/wp-content\/uploads\/sites\/11\/2025\/06\/24-434x300.jpg 434w, https:\/\/zzit.org.pl\/okregi\/wielkopolskolubuski\/wp-content\/uploads\/sites\/11\/2025\/06\/24.jpg 1238w\" sizes=\"auto, (max-width: 584px) 100vw, 584px\" \/><\/a><\/p>\n<p>&nbsp;<\/p>\n<p>&nbsp;<\/p>\n<p style=\"text-align: center\"><strong>Srebrnymi odznakami\u00a0 ZZIT- uhonorowano :<\/strong><\/p>\n<p style=\"text-align: center\"><strong>kol. Iren\u0105 Morawiec\u00a0<\/strong><\/p>\n<p><a href=\"https:\/\/zzit.org.pl\/okregi\/wielkopolskolubuski\/wp-content\/uploads\/sites\/11\/2025\/06\/23.jpg\"><img loading=\"lazy\" decoding=\"async\" class=\"alignnone size-large wp-image-4347\" src=\"https:\/\/zzit.org.pl\/okregi\/wielkopolskolubuski\/wp-content\/uploads\/sites\/11\/2025\/06\/23-1024x604.jpg\" alt=\"\" width=\"584\" height=\"344\" srcset=\"https:\/\/zzit.org.pl\/okregi\/wielkopolskolubuski\/wp-content\/uploads\/sites\/11\/2025\/06\/23-1024x604.jpg 1024w, https:\/\/zzit.org.pl\/okregi\/wielkopolskolubuski\/wp-content\/uploads\/sites\/11\/2025\/06\/23-300x177.jpg 300w, https:\/\/zzit.org.pl\/okregi\/wielkopolskolubuski\/wp-content\/uploads\/sites\/11\/2025\/06\/23-768x453.jpg 768w, https:\/\/zzit.org.pl\/okregi\/wielkopolskolubuski\/wp-content\/uploads\/sites\/11\/2025\/06\/23-500x295.jpg 500w, https:\/\/zzit.org.pl\/okregi\/wielkopolskolubuski\/wp-content\/uploads\/sites\/11\/2025\/06\/23.jpg 1444w\" sizes=\"auto, (max-width: 584px) 100vw, 584px\" \/><\/a><\/p>\n<p style=\"text-align: center\"><strong> \u00a0kol.Bogdana Beszterd\u0119.\u00a0<\/strong><\/p>\n<p><a href=\"https:\/\/zzit.org.pl\/okregi\/wielkopolskolubuski\/wp-content\/uploads\/sites\/11\/2025\/06\/25.jpg\"><img loading=\"lazy\" decoding=\"async\" class=\"alignnone size-large wp-image-4349\" src=\"https:\/\/zzit.org.pl\/okregi\/wielkopolskolubuski\/wp-content\/uploads\/sites\/11\/2025\/06\/25-1024x668.jpg\" alt=\"\" width=\"584\" height=\"381\" srcset=\"https:\/\/zzit.org.pl\/okregi\/wielkopolskolubuski\/wp-content\/uploads\/sites\/11\/2025\/06\/25-1024x668.jpg 1024w, https:\/\/zzit.org.pl\/okregi\/wielkopolskolubuski\/wp-content\/uploads\/sites\/11\/2025\/06\/25-300x196.jpg 300w, https:\/\/zzit.org.pl\/okregi\/wielkopolskolubuski\/wp-content\/uploads\/sites\/11\/2025\/06\/25-768x501.jpg 768w, https:\/\/zzit.org.pl\/okregi\/wielkopolskolubuski\/wp-content\/uploads\/sites\/11\/2025\/06\/25-460x300.jpg 460w, https:\/\/zzit.org.pl\/okregi\/wielkopolskolubuski\/wp-content\/uploads\/sites\/11\/2025\/06\/25.jpg 1312w\" sizes=\"auto, (max-width: 584px) 100vw, 584px\" \/><\/a><\/p>\n<p style=\"text-align: center\">Ka\u017cdy ze zwi\u0105zkowc\u00f3w otrzyma\u0142 bon podarunkowy do wykorzystania w jednym z dyskont\u00f3w.<\/p>\n<p style=\"text-align: center\">Du\u017cym zainteresowanie cieszy\u0142a si\u0119 kronika w kt\u00f3rej zawarto historyczne informacje i bardzo du\u017c\u0105 ilo\u015b\u0107 zdj\u0119\u0107.<\/p>\n","protected":false},"excerpt":{"rendered":"<p>\u00a020-lecie ZZIT przy PGO S.A. Odlewna \u017beliwa Oddzia\u0142 w \u015aremie W dniu 13 czerwca odby\u0142o si\u0119 spotkanie z cz\u0142onkami Zwi\u0105zku z okazji jubileuszu 20 lecia powstania organizacji zwi\u0105zkowej przy odlewni \u017beliwa \u015aREM. Zaproszenia na spotkanie przyj\u0119li: Dyrektor Oddzia\u0142u Jakub Ko\u0142akowski, &hellip; <a href=\"https:\/\/zzit.org.pl\/okregi\/wielkopolskolubuski\/galeria\/2025-2\/20-lecie-zzit-przy-pgo-s-a-odlewna-zeliwa-oddzial-w-sremie\/\">Czytaj dalej <span class=\"meta-nav\">&rarr;<\/span><\/a><\/p>\n","protected":false},"author":9,"featured_media":0,"parent":4234,"menu_order":0,"comment_status":"closed","ping_status":"closed","template":"","meta":{"footnotes":""},"class_list":["post-4342","page","type-page","status-publish","hentry"],"_links":{"self":[{"href":"https:\/\/zzit.org.pl\/okregi\/wielkopolskolubuski\/wp-json\/wp\/v2\/pages\/4342","targetHints":{"allow":["GET"]}}],"collection":[{"href":"https:\/\/zzit.org.pl\/okregi\/wielkopolskolubuski\/wp-json\/wp\/v2\/pages"}],"about":[{"href":"https:\/\/zzit.org.pl\/okregi\/wielkopolskolubuski\/wp-json\/wp\/v2\/types\/page"}],"author":[{"embeddable":true,"href":"https:\/\/zzit.org.pl\/okregi\/wielkopolskolubuski\/wp-json\/wp\/v2\/users\/9"}],"replies":[{"embeddable":true,"href":"https:\/\/zzit.org.pl\/okregi\/wielkopolskolubuski\/wp-json\/wp\/v2\/comments?post=4342"}],"version-history":[{"count":4,"href":"https:\/\/zzit.org.pl\/okregi\/wielkopolskolubuski\/wp-json\/wp\/v2\/pages\/4342\/revisions"}],"predecessor-version":[{"id":4345,"href":"https:\/\/zzit.org.pl\/okregi\/wielkopolskolubuski\/wp-json\/wp\/v2\/pages\/4342\/revisions\/4345"}],"up":[{"embeddable":true,"href":"https:\/\/zzit.org.pl\/okregi\/wielkopolskolubuski\/wp-json\/wp\/v2\/pages\/4234"}],"wp:attachment":[{"href":"https:\/\/zzit.org.pl\/okregi\/wielkopolskolubuski\/wp-json\/wp\/v2\/media?parent=4342"}],"curies":[{"name":"wp","href":"https:\/\/api.w.org\/{rel}","templated":true}]}}