{"id":4308,"date":"2025-04-09T09:38:10","date_gmt":"2025-04-09T09:38:10","guid":{"rendered":"https:\/\/zzit.org.pl\/okregi\/wielkopolskolubuski\/?page_id=4308"},"modified":"2025-04-09T09:38:49","modified_gmt":"2025-04-09T09:38:49","slug":"szkolenie-opzz-pt-zbiorowe-prawo-pracy-termin-4-6-kwietnia-2025-r-chorzow","status":"publish","type":"page","link":"https:\/\/zzit.org.pl\/okregi\/wielkopolskolubuski\/galeria\/2025-2\/szkolenie-opzz-pt-zbiorowe-prawo-pracy-termin-4-6-kwietnia-2025-r-chorzow\/","title":{"rendered":"SZKOLENIE OPZZ  pt. &#8222;Zbiorowe prawo pracy &#8221;  Termin: 4-6 \u00a0kwietnia 2025 r.  Chorz\u00f3w"},"content":{"rendered":"<p class=\"gwp1ca95976_ms-outlook-mobile-reference-message gwp1ca95976_skipProofing\" dir=\"ltr\" style=\"text-align: center\"><b>SZKOLENIE OPZZ<\/b><\/p>\n<div class=\"gwp1ca95976_ms-outlook-mobile-reference-message gwp1ca95976_skipProofing\" dir=\"ltr\" style=\"text-align: center\"><b>pt. &#8222;<\/b><b>Zbiorowe prawo pracy <\/b><b>&#8222;<\/b><\/div>\n<p class=\"gwp1ca95976_ms-outlook-mobile-reference-message gwp1ca95976_skipProofing\" dir=\"ltr\" style=\"text-align: center\"><b>Termin: 4-6 \u00a0kwietnia 2025 r.<\/b><b><br \/>\n<\/b><b>Miejsce: Chorz\u00f3w (woj. \u015al\u0105skie)<\/b><\/p>\n<p dir=\"ltr\">W dniach 04-06-kwiatnia 2025 roku w Chorzowie odby\u0142o si\u0119 szkolenie z ,, Zbiorowego prawa pracy ,, oranizatorem by\u0142o OPZZ<\/p>\n<p dir=\"ltr\">Poruszono zagadnienia :<\/p>\n<p dir=\"ltr\" style=\"text-align: left\">1.Autonomiczne \u017ar\u00f3d\u0142a prawa pracy \u2014 uprawnienia organizacji zwi\u0105zkowych oraz rola zwi\u0105zk\u00f3w w procesie ich wprowadzania i zmiany<\/p>\n<p dir=\"ltr\" style=\"text-align: left\">2.Rola zwi\u0105zk\u00f3w zawodowych w zakresie reprezentacji w sprawach indywidualnych<\/p>\n<p dir=\"ltr\" style=\"text-align: left\">3.Wybrane uprawnienia zak\u0142adowej organizacji zwi\u0105zkowej, w tym w szczeg\u00f3lno\u015bci: kontrola przestrzegania przepis\u00f3w prawa pracy w tym w zakresie badania bezpiecze\u0144stwa pracy oraz zakres dzia\u0142ania zak\u0142adowej organizacji zak\u0142adowej<\/p>\n<p dir=\"ltr\" style=\"text-align: left\">4.Ustawa o szczeg\u00f3lnych zasadach rozwi\u0105zywania\u00a0 z pracownikami stosunk\u00f3w pracy z przyczyn niedotycz\u0105cych pracownik\u00f3w \u2013 zwolnienia grupowe i zwolnienia indywidualne<\/p>\n<p dir=\"ltr\" style=\"text-align: left\">5.Prawa i zadania zwi\u0105zku zawodowego w procesie zwolnie\u0144 grupowych<\/p>\n<p dir=\"ltr\" style=\"text-align: left\">6.Spo\u0142eczna inspekcja pracy \u2013 rola zwi\u0105zku zawodowego<\/p>\n<p dir=\"ltr\" style=\"text-align: left\">7.Uk\u0142ady zbiorowe pracy i porozumienia zbiorowe stan obecny i perspektywa wynikaj\u0105ca z Dyrektywy Parlamentu Europejskiego i Rady (UE) 2022\/2041 z dnia 19 pa\u017adziernika 2022 r. w sprawie adekwatnych wynagrodze\u0144 minimalnych w Unii Europejskiej<\/p>\n<p dir=\"ltr\">Z Okr\u0119gu W-L uczestniczy\u0142 : B\u0142a\u017cej Wojtczak<\/p>\n<p dir=\"ltr\"><a href=\"https:\/\/zzit.org.pl\/okregi\/wielkopolskolubuski\/wp-content\/uploads\/sites\/11\/2025\/04\/14.jpg\"><img loading=\"lazy\" decoding=\"async\" class=\"alignnone size-large wp-image-4306\" src=\"https:\/\/zzit.org.pl\/okregi\/wielkopolskolubuski\/wp-content\/uploads\/sites\/11\/2025\/04\/14-1024x538.jpg\" alt=\"\" width=\"584\" height=\"307\" srcset=\"https:\/\/zzit.org.pl\/okregi\/wielkopolskolubuski\/wp-content\/uploads\/sites\/11\/2025\/04\/14-1024x538.jpg 1024w, https:\/\/zzit.org.pl\/okregi\/wielkopolskolubuski\/wp-content\/uploads\/sites\/11\/2025\/04\/14-300x158.jpg 300w, https:\/\/zzit.org.pl\/okregi\/wielkopolskolubuski\/wp-content\/uploads\/sites\/11\/2025\/04\/14-768x404.jpg 768w, https:\/\/zzit.org.pl\/okregi\/wielkopolskolubuski\/wp-content\/uploads\/sites\/11\/2025\/04\/14-500x263.jpg 500w, https:\/\/zzit.org.pl\/okregi\/wielkopolskolubuski\/wp-content\/uploads\/sites\/11\/2025\/04\/14.jpg 1414w\" sizes=\"auto, (max-width: 584px) 100vw, 584px\" \/><\/a><\/p>\n","protected":false},"excerpt":{"rendered":"<p>SZKOLENIE OPZZ pt. &#8222;Zbiorowe prawo pracy &#8222; Termin: 4-6 \u00a0kwietnia 2025 r. Miejsce: Chorz\u00f3w (woj. \u015al\u0105skie) W dniach 04-06-kwiatnia 2025 roku w Chorzowie odby\u0142o si\u0119 szkolenie z ,, Zbiorowego prawa pracy ,, oranizatorem by\u0142o OPZZ Poruszono zagadnienia : 1.Autonomiczne \u017ar\u00f3d\u0142a &hellip; <a href=\"https:\/\/zzit.org.pl\/okregi\/wielkopolskolubuski\/galeria\/2025-2\/szkolenie-opzz-pt-zbiorowe-prawo-pracy-termin-4-6-kwietnia-2025-r-chorzow\/\">Czytaj dalej <span class=\"meta-nav\">&rarr;<\/span><\/a><\/p>\n","protected":false},"author":9,"featured_media":0,"parent":4234,"menu_order":0,"comment_status":"closed","ping_status":"closed","template":"","meta":{"footnotes":""},"class_list":["post-4308","page","type-page","status-publish","hentry"],"_links":{"self":[{"href":"https:\/\/zzit.org.pl\/okregi\/wielkopolskolubuski\/wp-json\/wp\/v2\/pages\/4308","targetHints":{"allow":["GET"]}}],"collection":[{"href":"https:\/\/zzit.org.pl\/okregi\/wielkopolskolubuski\/wp-json\/wp\/v2\/pages"}],"about":[{"href":"https:\/\/zzit.org.pl\/okregi\/wielkopolskolubuski\/wp-json\/wp\/v2\/types\/page"}],"author":[{"embeddable":true,"href":"https:\/\/zzit.org.pl\/okregi\/wielkopolskolubuski\/wp-json\/wp\/v2\/users\/9"}],"replies":[{"embeddable":true,"href":"https:\/\/zzit.org.pl\/okregi\/wielkopolskolubuski\/wp-json\/wp\/v2\/comments?post=4308"}],"version-history":[{"count":2,"href":"https:\/\/zzit.org.pl\/okregi\/wielkopolskolubuski\/wp-json\/wp\/v2\/pages\/4308\/revisions"}],"predecessor-version":[{"id":4310,"href":"https:\/\/zzit.org.pl\/okregi\/wielkopolskolubuski\/wp-json\/wp\/v2\/pages\/4308\/revisions\/4310"}],"up":[{"embeddable":true,"href":"https:\/\/zzit.org.pl\/okregi\/wielkopolskolubuski\/wp-json\/wp\/v2\/pages\/4234"}],"wp:attachment":[{"href":"https:\/\/zzit.org.pl\/okregi\/wielkopolskolubuski\/wp-json\/wp\/v2\/media?parent=4308"}],"curies":[{"name":"wp","href":"https:\/\/api.w.org\/{rel}","templated":true}]}}