{"id":4268,"date":"2025-03-20T07:15:09","date_gmt":"2025-03-20T07:15:09","guid":{"rendered":"https:\/\/zzit.org.pl\/okregi\/wielkopolskolubuski\/?page_id=4268"},"modified":"2025-03-20T07:15:35","modified_gmt":"2025-03-20T07:15:35","slug":"powrot-akademii-organizowania-13-14-marca-warszawa","status":"publish","type":"page","link":"https:\/\/zzit.org.pl\/okregi\/wielkopolskolubuski\/galeria\/2025-2\/powrot-akademii-organizowania-13-14-marca-warszawa\/","title":{"rendered":"Powr\u00f3t Akademii Organizowania 13-14 marca Warszawa"},"content":{"rendered":"<h2 id=\"ef0f967c-12f7-4fbc-8f25-0b05a1681843_title\" class=\"post__title mb-4\" style=\"text-align: center\">Powr\u00f3t Akademii Organizowania<\/h2>\n<p style=\"text-align: center\"><strong>13 i 14 marca odby\u0142o si\u0119 pierwsze w bie\u017c\u0105cym roku szkolenie Akademii Organizowania OPZZ. To ju\u017c pi\u0105ty sezon tego cyklu!<\/strong><\/p>\n<p style=\"text-align: center\">\u00a0 \u00a0Szkolenie od pocz\u0105tku ma miejsce dzi\u0119ki wsparciu Fundacji im. Friedricha Eberta.\u00a0 \u00a0 \u00a0 \u00a0Za zawarto\u015b\u0107 merytoryczn\u0105 odpowiadali trenerzy Centrum Organizowania Zwi\u0105zk\u00f3w Zawodowych \u2013 Ma\u0142gorzata Maciejewska i Sebastian Bara\u0144ski. Stron\u0119 logistyczn\u0105 u\u0142atwi\u0142a Fundacja Wsparcie.Akademia s\u0142u\u017cy rozwijaniu umiej\u0119tno\u015bci wzmacniania struktur zwi\u0105zkowych przez pozyskiwanie i aktywizowanie nowych cz\u0142onk\u00f3w organizacji. Pierwsza tegoroczna grupa by\u0142a zr\u00f3\u017cnicowana zar\u00f3wno je\u015bli chodzi o d\u0142ugo\u015b\u0107 dzia\u0142alno\u015bci zwi\u0105zkowej jak i do\u015bwiadczenia. Najm\u0142odsi sta\u017cem uczestnicy wsp\u00f3\u0142tworz\u0105 struktury w swoich zak\u0142adach od oko\u0142o roku, najstarsi od ponad 30 lat.\u00a0 \u00a0 \u00a0 \u00a0 Ta wymiana perspektyw jest wa\u017cnym elementem tego typu szkole\u0144.W programie nie zabrak\u0142o sta\u0142ych element\u00f3w, takich jak rozmowy 1:1, mapowanie zak\u0142adu pracy czy strukturalne planowanie rozwoju zwi\u0105zku. Szkolenie sk\u0142ada si\u0119 z dw\u00f3ch cz\u0119\u015bci, z kt\u00f3rych kolejna odb\u0119dzie si\u0119 we wrze\u015bniu.<\/p>\n<p style=\"text-align: center\"><a href=\"https:\/\/zzit.org.pl\/okregi\/wielkopolskolubuski\/wp-content\/uploads\/sites\/11\/2025\/03\/8-1.jpg\"><img loading=\"lazy\" decoding=\"async\" class=\"alignnone size-large wp-image-4264\" src=\"https:\/\/zzit.org.pl\/okregi\/wielkopolskolubuski\/wp-content\/uploads\/sites\/11\/2025\/03\/8-1-1024x667.jpg\" alt=\"\" width=\"584\" height=\"380\" srcset=\"https:\/\/zzit.org.pl\/okregi\/wielkopolskolubuski\/wp-content\/uploads\/sites\/11\/2025\/03\/8-1-1024x667.jpg 1024w, https:\/\/zzit.org.pl\/okregi\/wielkopolskolubuski\/wp-content\/uploads\/sites\/11\/2025\/03\/8-1-300x196.jpg 300w, https:\/\/zzit.org.pl\/okregi\/wielkopolskolubuski\/wp-content\/uploads\/sites\/11\/2025\/03\/8-1-768x501.jpg 768w, https:\/\/zzit.org.pl\/okregi\/wielkopolskolubuski\/wp-content\/uploads\/sites\/11\/2025\/03\/8-1-460x300.jpg 460w, https:\/\/zzit.org.pl\/okregi\/wielkopolskolubuski\/wp-content\/uploads\/sites\/11\/2025\/03\/8-1.jpg 1074w\" sizes=\"auto, (max-width: 584px) 100vw, 584px\" \/><\/a> <a href=\"https:\/\/zzit.org.pl\/okregi\/wielkopolskolubuski\/wp-content\/uploads\/sites\/11\/2025\/03\/9.jpg\"><img loading=\"lazy\" decoding=\"async\" class=\"alignnone size-large wp-image-4265\" src=\"https:\/\/zzit.org.pl\/okregi\/wielkopolskolubuski\/wp-content\/uploads\/sites\/11\/2025\/03\/9-1024x521.jpg\" alt=\"\" width=\"584\" height=\"297\" srcset=\"https:\/\/zzit.org.pl\/okregi\/wielkopolskolubuski\/wp-content\/uploads\/sites\/11\/2025\/03\/9-1024x521.jpg 1024w, https:\/\/zzit.org.pl\/okregi\/wielkopolskolubuski\/wp-content\/uploads\/sites\/11\/2025\/03\/9-300x152.jpg 300w, https:\/\/zzit.org.pl\/okregi\/wielkopolskolubuski\/wp-content\/uploads\/sites\/11\/2025\/03\/9-768x390.jpg 768w, https:\/\/zzit.org.pl\/okregi\/wielkopolskolubuski\/wp-content\/uploads\/sites\/11\/2025\/03\/9-1536x781.jpg 1536w, https:\/\/zzit.org.pl\/okregi\/wielkopolskolubuski\/wp-content\/uploads\/sites\/11\/2025\/03\/9-500x254.jpg 500w, https:\/\/zzit.org.pl\/okregi\/wielkopolskolubuski\/wp-content\/uploads\/sites\/11\/2025\/03\/9.jpg 1625w\" sizes=\"auto, (max-width: 584px) 100vw, 584px\" \/><\/a> <a href=\"https:\/\/zzit.org.pl\/okregi\/wielkopolskolubuski\/wp-content\/uploads\/sites\/11\/2025\/03\/11.jpg\"><img loading=\"lazy\" decoding=\"async\" class=\"alignnone size-large wp-image-4266\" src=\"https:\/\/zzit.org.pl\/okregi\/wielkopolskolubuski\/wp-content\/uploads\/sites\/11\/2025\/03\/11-1024x453.jpg\" alt=\"\" width=\"584\" height=\"258\" srcset=\"https:\/\/zzit.org.pl\/okregi\/wielkopolskolubuski\/wp-content\/uploads\/sites\/11\/2025\/03\/11-1024x453.jpg 1024w, https:\/\/zzit.org.pl\/okregi\/wielkopolskolubuski\/wp-content\/uploads\/sites\/11\/2025\/03\/11-300x133.jpg 300w, https:\/\/zzit.org.pl\/okregi\/wielkopolskolubuski\/wp-content\/uploads\/sites\/11\/2025\/03\/11-768x340.jpg 768w, https:\/\/zzit.org.pl\/okregi\/wielkopolskolubuski\/wp-content\/uploads\/sites\/11\/2025\/03\/11-1536x680.jpg 1536w, https:\/\/zzit.org.pl\/okregi\/wielkopolskolubuski\/wp-content\/uploads\/sites\/11\/2025\/03\/11-500x221.jpg 500w, https:\/\/zzit.org.pl\/okregi\/wielkopolskolubuski\/wp-content\/uploads\/sites\/11\/2025\/03\/11.jpg 1823w\" sizes=\"auto, (max-width: 584px) 100vw, 584px\" \/><\/a><\/p>\n","protected":false},"excerpt":{"rendered":"<p>Powr\u00f3t Akademii Organizowania 13 i 14 marca odby\u0142o si\u0119 pierwsze w bie\u017c\u0105cym roku szkolenie Akademii Organizowania OPZZ. To ju\u017c pi\u0105ty sezon tego cyklu! \u00a0 \u00a0Szkolenie od pocz\u0105tku ma miejsce dzi\u0119ki wsparciu Fundacji im. Friedricha Eberta.\u00a0 \u00a0 \u00a0 \u00a0Za zawarto\u015b\u0107 merytoryczn\u0105 &hellip; <a href=\"https:\/\/zzit.org.pl\/okregi\/wielkopolskolubuski\/galeria\/2025-2\/powrot-akademii-organizowania-13-14-marca-warszawa\/\">Czytaj dalej <span class=\"meta-nav\">&rarr;<\/span><\/a><\/p>\n","protected":false},"author":9,"featured_media":0,"parent":4234,"menu_order":0,"comment_status":"closed","ping_status":"closed","template":"","meta":{"footnotes":""},"class_list":["post-4268","page","type-page","status-publish","hentry"],"_links":{"self":[{"href":"https:\/\/zzit.org.pl\/okregi\/wielkopolskolubuski\/wp-json\/wp\/v2\/pages\/4268","targetHints":{"allow":["GET"]}}],"collection":[{"href":"https:\/\/zzit.org.pl\/okregi\/wielkopolskolubuski\/wp-json\/wp\/v2\/pages"}],"about":[{"href":"https:\/\/zzit.org.pl\/okregi\/wielkopolskolubuski\/wp-json\/wp\/v2\/types\/page"}],"author":[{"embeddable":true,"href":"https:\/\/zzit.org.pl\/okregi\/wielkopolskolubuski\/wp-json\/wp\/v2\/users\/9"}],"replies":[{"embeddable":true,"href":"https:\/\/zzit.org.pl\/okregi\/wielkopolskolubuski\/wp-json\/wp\/v2\/comments?post=4268"}],"version-history":[{"count":2,"href":"https:\/\/zzit.org.pl\/okregi\/wielkopolskolubuski\/wp-json\/wp\/v2\/pages\/4268\/revisions"}],"predecessor-version":[{"id":4270,"href":"https:\/\/zzit.org.pl\/okregi\/wielkopolskolubuski\/wp-json\/wp\/v2\/pages\/4268\/revisions\/4270"}],"up":[{"embeddable":true,"href":"https:\/\/zzit.org.pl\/okregi\/wielkopolskolubuski\/wp-json\/wp\/v2\/pages\/4234"}],"wp:attachment":[{"href":"https:\/\/zzit.org.pl\/okregi\/wielkopolskolubuski\/wp-json\/wp\/v2\/media?parent=4268"}],"curies":[{"name":"wp","href":"https:\/\/api.w.org\/{rel}","templated":true}]}}