{"id":4175,"date":"2024-11-25T07:18:19","date_gmt":"2024-11-25T07:18:19","guid":{"rendered":"https:\/\/zzit.org.pl\/okregi\/wielkopolskolubuski\/?page_id=4175"},"modified":"2024-11-25T07:20:10","modified_gmt":"2024-11-25T07:20:10","slug":"integracja-czlonkow-om-zzit-h-cegielski-poznan-s-a","status":"publish","type":"page","link":"https:\/\/zzit.org.pl\/okregi\/wielkopolskolubuski\/galeria\/2024-2\/integracja-czlonkow-om-zzit-h-cegielski-poznan-s-a\/","title":{"rendered":"Integracja &#8211; cz\u0142onk\u00f3w OM ZZIT H.Cegielski-Pozna\u0144 S.A"},"content":{"rendered":"<div style=\"text-align: center\"><strong>Integracja &#8211; cz\u0142onk\u00f3w OM ZZIT H.Cegielski-Pozna\u0144 S.A<\/strong><\/div>\n<div>\n<p style=\"text-align: center\"><strong>W dniach 16-17 listopada odby\u0142 si\u0119 wyjazd integracyjny cz\u0142onk\u00f3w OM ZZIT H.Cegielski-Pozna\u0144 S.A.<\/strong><\/p>\n<p style=\"text-align: center\">Podczas wyjazdu grupa zwiedzi\u0142a zesp\u00f3\u0142 pa\u0142acowo-parkowy w \u015amie\u0142owie, w kt\u00f3rym mie\u015bci si\u0119 Muzeum Adama Mickiewicza i jako jedyne miejsce w Polsce dedykowane narodowemu wieszczowi zachwyca bogatym zbiorem pami\u0105tek zwi\u0105zanych z jego \u017cyciem i tw\u00f3rczo\u015bci\u0105.\u00a0Kolejnym punktem wyjazdu by\u0142o Muzeum Ziemia\u0144stwa w Dobrzycy, gdzie\u00a0\u00a0podziwiali\u015bmy pi\u0119knie odrestaurowany XVIII pa\u0142ac, park w stylu angielskim posiadaj\u0105cy ponad 30 pomnik\u00f3w przyrody, w tym najwi\u0119kszy w Europie Platan Klonolistny oraz wystaw\u0119 czasow\u0105 po\u015bwi\u0119con\u0105 Stanis\u0142awowi Wyspia\u0144skiemu.Docelow\u0105 miejscowo\u015bci\u0105 by\u0142 Dolsk i obiekt wypoczynkowy Villa Natura, gdzie mia\u0142a miejsce uroczysta kolacja i zabawa taneczna.<\/p>\n<p><a href=\"https:\/\/zzit.org.pl\/okregi\/wielkopolskolubuski\/wp-content\/uploads\/sites\/11\/2024\/11\/1.jpg\"><img loading=\"lazy\" decoding=\"async\" class=\"alignnone size-large wp-image-4173\" src=\"https:\/\/zzit.org.pl\/okregi\/wielkopolskolubuski\/wp-content\/uploads\/sites\/11\/2024\/11\/1-1024x819.jpg\" alt=\"\" width=\"584\" height=\"467\" srcset=\"https:\/\/zzit.org.pl\/okregi\/wielkopolskolubuski\/wp-content\/uploads\/sites\/11\/2024\/11\/1-1024x819.jpg 1024w, https:\/\/zzit.org.pl\/okregi\/wielkopolskolubuski\/wp-content\/uploads\/sites\/11\/2024\/11\/1-300x240.jpg 300w, https:\/\/zzit.org.pl\/okregi\/wielkopolskolubuski\/wp-content\/uploads\/sites\/11\/2024\/11\/1-768x615.jpg 768w, https:\/\/zzit.org.pl\/okregi\/wielkopolskolubuski\/wp-content\/uploads\/sites\/11\/2024\/11\/1-375x300.jpg 375w, https:\/\/zzit.org.pl\/okregi\/wielkopolskolubuski\/wp-content\/uploads\/sites\/11\/2024\/11\/1.jpg 1161w\" sizes=\"auto, (max-width: 584px) 100vw, 584px\" \/><\/a><\/p>\n<p><a href=\"https:\/\/zzit.org.pl\/okregi\/wielkopolskolubuski\/wp-content\/uploads\/sites\/11\/2024\/11\/smielow.jpg\"><img loading=\"lazy\" decoding=\"async\" class=\"alignnone wp-image-4172\" src=\"https:\/\/zzit.org.pl\/okregi\/wielkopolskolubuski\/wp-content\/uploads\/sites\/11\/2024\/11\/smielow.jpg\" alt=\"\" width=\"575\" height=\"423\" \/><\/a><\/p>\n<p><a href=\"https:\/\/zzit.org.pl\/okregi\/wielkopolskolubuski\/wp-content\/uploads\/sites\/11\/2024\/11\/dobrzyca.jpg\"><img loading=\"lazy\" decoding=\"async\" class=\"alignnone wp-image-4171\" src=\"https:\/\/zzit.org.pl\/okregi\/wielkopolskolubuski\/wp-content\/uploads\/sites\/11\/2024\/11\/dobrzyca.jpg\" alt=\"\" width=\"574\" height=\"436\" \/><\/a><\/p>\n<\/div>\n","protected":false},"excerpt":{"rendered":"<p>Integracja &#8211; cz\u0142onk\u00f3w OM ZZIT H.Cegielski-Pozna\u0144 S.A W dniach 16-17 listopada odby\u0142 si\u0119 wyjazd integracyjny cz\u0142onk\u00f3w OM ZZIT H.Cegielski-Pozna\u0144 S.A. Podczas wyjazdu grupa zwiedzi\u0142a zesp\u00f3\u0142 pa\u0142acowo-parkowy w \u015amie\u0142owie, w kt\u00f3rym mie\u015bci si\u0119 Muzeum Adama Mickiewicza i jako jedyne miejsce w &hellip; <a href=\"https:\/\/zzit.org.pl\/okregi\/wielkopolskolubuski\/galeria\/2024-2\/integracja-czlonkow-om-zzit-h-cegielski-poznan-s-a\/\">Czytaj dalej <span class=\"meta-nav\">&rarr;<\/span><\/a><\/p>\n","protected":false},"author":9,"featured_media":0,"parent":3792,"menu_order":0,"comment_status":"closed","ping_status":"closed","template":"","meta":{"footnotes":""},"class_list":["post-4175","page","type-page","status-publish","hentry"],"_links":{"self":[{"href":"https:\/\/zzit.org.pl\/okregi\/wielkopolskolubuski\/wp-json\/wp\/v2\/pages\/4175","targetHints":{"allow":["GET"]}}],"collection":[{"href":"https:\/\/zzit.org.pl\/okregi\/wielkopolskolubuski\/wp-json\/wp\/v2\/pages"}],"about":[{"href":"https:\/\/zzit.org.pl\/okregi\/wielkopolskolubuski\/wp-json\/wp\/v2\/types\/page"}],"author":[{"embeddable":true,"href":"https:\/\/zzit.org.pl\/okregi\/wielkopolskolubuski\/wp-json\/wp\/v2\/users\/9"}],"replies":[{"embeddable":true,"href":"https:\/\/zzit.org.pl\/okregi\/wielkopolskolubuski\/wp-json\/wp\/v2\/comments?post=4175"}],"version-history":[{"count":2,"href":"https:\/\/zzit.org.pl\/okregi\/wielkopolskolubuski\/wp-json\/wp\/v2\/pages\/4175\/revisions"}],"predecessor-version":[{"id":4177,"href":"https:\/\/zzit.org.pl\/okregi\/wielkopolskolubuski\/wp-json\/wp\/v2\/pages\/4175\/revisions\/4177"}],"up":[{"embeddable":true,"href":"https:\/\/zzit.org.pl\/okregi\/wielkopolskolubuski\/wp-json\/wp\/v2\/pages\/3792"}],"wp:attachment":[{"href":"https:\/\/zzit.org.pl\/okregi\/wielkopolskolubuski\/wp-json\/wp\/v2\/media?parent=4175"}],"curies":[{"name":"wp","href":"https:\/\/api.w.org\/{rel}","templated":true}]}}