{"id":3998,"date":"2024-07-03T09:24:22","date_gmt":"2024-07-03T09:24:22","guid":{"rendered":"https:\/\/zzit.org.pl\/okregi\/wielkopolskolubuski\/?page_id=3998"},"modified":"2024-07-03T09:25:35","modified_gmt":"2024-07-03T09:25:35","slug":"68-rocznica-wydarzen-poznanskiego-czerwca-1956","status":"publish","type":"page","link":"https:\/\/zzit.org.pl\/okregi\/wielkopolskolubuski\/galeria\/2023-2\/68-rocznica-wydarzen-poznanskiego-czerwca-1956\/","title":{"rendered":"68 rocznica wydarze\u0144 Pozna\u0144skiego Czerwca 1956."},"content":{"rendered":"<p style=\"text-align: center\"><strong>68 rocznica wydarze\u0144 Pozna\u0144skiego Czerwca 1956.<\/strong><\/p>\n<p style=\"text-align: center\">Uroczysto\u015bci w dniu 28 czerwca rozpocz\u0119\u0142y si\u0119 tradycyjnie o godz. 6:00 od z\u0142o\u017cenia kwiat\u00f3w pod tablic\u0105 pami\u0105tkow\u0105 usytuowan\u0105 przy bramie Fabryki Pojazd\u00f3w Szynowych (dawna W3) H. Cegielski &#8211; Zwi\u0105zek In\u017cynier\u00f3w i Technik\u00f3w -Reprezentowa\u0142a kol. Agniesza B\u0105k<\/p>\n<p><a href=\"https:\/\/zzit.org.pl\/okregi\/wielkopolskolubuski\/wp-content\/uploads\/sites\/11\/2024\/07\/Przechwytywanie.jpg\"><img loading=\"lazy\" decoding=\"async\" class=\"size-full wp-image-3991 aligncenter\" src=\"https:\/\/zzit.org.pl\/okregi\/wielkopolskolubuski\/wp-content\/uploads\/sites\/11\/2024\/07\/Przechwytywanie.jpg\" alt=\"\" width=\"401\" height=\"647\" srcset=\"https:\/\/zzit.org.pl\/okregi\/wielkopolskolubuski\/wp-content\/uploads\/sites\/11\/2024\/07\/Przechwytywanie.jpg 401w, https:\/\/zzit.org.pl\/okregi\/wielkopolskolubuski\/wp-content\/uploads\/sites\/11\/2024\/07\/Przechwytywanie-186x300.jpg 186w\" sizes=\"auto, (max-width: 401px) 100vw, 401px\" \/><\/a> <a href=\"https:\/\/zzit.org.pl\/okregi\/wielkopolskolubuski\/wp-content\/uploads\/sites\/11\/2024\/07\/messenger_creation_04eb6a1a-37c2-4bbe-9818-4ec10aaf1511.jpeg\"><img loading=\"lazy\" decoding=\"async\" class=\"alignnone size-large wp-image-3992\" src=\"https:\/\/zzit.org.pl\/okregi\/wielkopolskolubuski\/wp-content\/uploads\/sites\/11\/2024\/07\/messenger_creation_04eb6a1a-37c2-4bbe-9818-4ec10aaf1511-1024x576.jpeg\" alt=\"\" width=\"584\" height=\"329\" srcset=\"https:\/\/zzit.org.pl\/okregi\/wielkopolskolubuski\/wp-content\/uploads\/sites\/11\/2024\/07\/messenger_creation_04eb6a1a-37c2-4bbe-9818-4ec10aaf1511-1024x576.jpeg 1024w, https:\/\/zzit.org.pl\/okregi\/wielkopolskolubuski\/wp-content\/uploads\/sites\/11\/2024\/07\/messenger_creation_04eb6a1a-37c2-4bbe-9818-4ec10aaf1511-300x169.jpeg 300w, https:\/\/zzit.org.pl\/okregi\/wielkopolskolubuski\/wp-content\/uploads\/sites\/11\/2024\/07\/messenger_creation_04eb6a1a-37c2-4bbe-9818-4ec10aaf1511-768x432.jpeg 768w, https:\/\/zzit.org.pl\/okregi\/wielkopolskolubuski\/wp-content\/uploads\/sites\/11\/2024\/07\/messenger_creation_04eb6a1a-37c2-4bbe-9818-4ec10aaf1511-1536x864.jpeg 1536w, https:\/\/zzit.org.pl\/okregi\/wielkopolskolubuski\/wp-content\/uploads\/sites\/11\/2024\/07\/messenger_creation_04eb6a1a-37c2-4bbe-9818-4ec10aaf1511-500x281.jpeg 500w, https:\/\/zzit.org.pl\/okregi\/wielkopolskolubuski\/wp-content\/uploads\/sites\/11\/2024\/07\/messenger_creation_04eb6a1a-37c2-4bbe-9818-4ec10aaf1511.jpeg 2048w\" sizes=\"auto, (max-width: 584px) 100vw, 584px\" \/><\/a> <a href=\"https:\/\/zzit.org.pl\/okregi\/wielkopolskolubuski\/wp-content\/uploads\/sites\/11\/2024\/07\/messenger_creation_5c1bf774-dfe3-4699-9cb6-c372b5a1b384.jpeg\"><img loading=\"lazy\" decoding=\"async\" class=\"alignnone size-full wp-image-3994\" src=\"https:\/\/zzit.org.pl\/okregi\/wielkopolskolubuski\/wp-content\/uploads\/sites\/11\/2024\/07\/messenger_creation_5c1bf774-dfe3-4699-9cb6-c372b5a1b384.jpeg\" alt=\"\" width=\"1024\" height=\"768\" srcset=\"https:\/\/zzit.org.pl\/okregi\/wielkopolskolubuski\/wp-content\/uploads\/sites\/11\/2024\/07\/messenger_creation_5c1bf774-dfe3-4699-9cb6-c372b5a1b384.jpeg 1024w, https:\/\/zzit.org.pl\/okregi\/wielkopolskolubuski\/wp-content\/uploads\/sites\/11\/2024\/07\/messenger_creation_5c1bf774-dfe3-4699-9cb6-c372b5a1b384-300x225.jpeg 300w, https:\/\/zzit.org.pl\/okregi\/wielkopolskolubuski\/wp-content\/uploads\/sites\/11\/2024\/07\/messenger_creation_5c1bf774-dfe3-4699-9cb6-c372b5a1b384-768x576.jpeg 768w, https:\/\/zzit.org.pl\/okregi\/wielkopolskolubuski\/wp-content\/uploads\/sites\/11\/2024\/07\/messenger_creation_5c1bf774-dfe3-4699-9cb6-c372b5a1b384-400x300.jpeg 400w\" sizes=\"auto, (max-width: 1024px) 100vw, 1024px\" \/><\/a> <a href=\"https:\/\/zzit.org.pl\/okregi\/wielkopolskolubuski\/wp-content\/uploads\/sites\/11\/2024\/07\/999999.jpg\"><img loading=\"lazy\" decoding=\"async\" class=\"alignnone size-large wp-image-3995\" src=\"https:\/\/zzit.org.pl\/okregi\/wielkopolskolubuski\/wp-content\/uploads\/sites\/11\/2024\/07\/999999-1024x687.jpg\" alt=\"\" width=\"584\" height=\"392\" srcset=\"https:\/\/zzit.org.pl\/okregi\/wielkopolskolubuski\/wp-content\/uploads\/sites\/11\/2024\/07\/999999-1024x687.jpg 1024w, https:\/\/zzit.org.pl\/okregi\/wielkopolskolubuski\/wp-content\/uploads\/sites\/11\/2024\/07\/999999-300x201.jpg 300w, https:\/\/zzit.org.pl\/okregi\/wielkopolskolubuski\/wp-content\/uploads\/sites\/11\/2024\/07\/999999-768x516.jpg 768w, https:\/\/zzit.org.pl\/okregi\/wielkopolskolubuski\/wp-content\/uploads\/sites\/11\/2024\/07\/999999-447x300.jpg 447w, https:\/\/zzit.org.pl\/okregi\/wielkopolskolubuski\/wp-content\/uploads\/sites\/11\/2024\/07\/999999.jpg 1384w\" sizes=\"auto, (max-width: 584px) 100vw, 584px\" \/><\/a> <a href=\"https:\/\/zzit.org.pl\/okregi\/wielkopolskolubuski\/wp-content\/uploads\/sites\/11\/2024\/07\/8888888.jpg\"><img loading=\"lazy\" decoding=\"async\" class=\"alignnone size-large wp-image-3996\" src=\"https:\/\/zzit.org.pl\/okregi\/wielkopolskolubuski\/wp-content\/uploads\/sites\/11\/2024\/07\/8888888-1024x674.jpg\" alt=\"\" width=\"584\" height=\"384\" srcset=\"https:\/\/zzit.org.pl\/okregi\/wielkopolskolubuski\/wp-content\/uploads\/sites\/11\/2024\/07\/8888888-1024x674.jpg 1024w, https:\/\/zzit.org.pl\/okregi\/wielkopolskolubuski\/wp-content\/uploads\/sites\/11\/2024\/07\/8888888-300x197.jpg 300w, https:\/\/zzit.org.pl\/okregi\/wielkopolskolubuski\/wp-content\/uploads\/sites\/11\/2024\/07\/8888888-768x505.jpg 768w, https:\/\/zzit.org.pl\/okregi\/wielkopolskolubuski\/wp-content\/uploads\/sites\/11\/2024\/07\/8888888-456x300.jpg 456w, https:\/\/zzit.org.pl\/okregi\/wielkopolskolubuski\/wp-content\/uploads\/sites\/11\/2024\/07\/8888888.jpg 1258w\" sizes=\"auto, (max-width: 584px) 100vw, 584px\" \/><\/a><\/p>\n<p>Nast\u0119pnie upami\u0119tniono student\u00f3w poleg\u0142ych w czasie czerwcowego zrywu przy tablicy pami\u0105tkowej znajduj\u0105cej si\u0119 w gmachu Rektoratu Politechniki Pozna\u0144skiej. Kolejnym miejscem sk\u0142adania wi\u0105zanek i honorowania pami\u0119ci powsta\u0144c\u00f3w by\u0142a tablica pami\u0105tkowa przy ZNTK S.A. na ul. Roboczej.<\/p>\n<p>Dalsze uroczysto\u015bci przenios\u0142y si\u0119 na teren dawnej zajezdni MPK przy ul. Gajowej. Warto wspomnie\u0107, \u017ce naprzeciw zajezdni mieszka\u0142a Kazimiera I\u0142\u0142akowicz\u00f3wna, autorka emocjonalnego wiersza poruszaj\u0105cego wydarzenia sprzed 63 lat, kt\u00f3rego fragmenty znajduj\u0105 si\u0119 na tablicy pami\u0105tkowej:<\/p>\n<p style=\"text-align: center\">\u201eLecz zbryzgano m\u00f3zgiem bruk<\/p>\n<p style=\"text-align: center\">i bruk si\u0119 wzdyma powoli.<\/p>\n<p style=\"text-align: center\">[&#8230;] krew nie p\u0142ynie ju\u017c, ju\u017c tylko skrzep\u2026<\/p>\n<p style=\"text-align: center\">Rozstrzelano moje serce w Poznaniu.\u201d<\/p>\n<p>Po z\u0142o\u017ceniu kwiat\u00f3w pod tablic\u0105 grupa rekonstruktor\u00f3w i uczestnicy przemaszerowali ulicami miasta w kierunku Skweru im. Trzech Tramwajarek i ul. Kochanowskiego. Tam uroczysto\u015bci skoncentrowa\u0142y si\u0119 wok\u00f3\u0142 Pomnika Poleg\u0142ych w Powstaniu Pozna\u0144skim 28-30 czerwca 1956 r. Nast\u0119pnie z\u0142o\u017cono winiec pod tablic\u0105 pami\u0105tkow\u0105 umieszczon\u0105 na gmachu Komendy Wojew\u00f3dzkiej Policji w Poznaniu.<\/p>\n<p>&nbsp;<\/p>\n<p>&nbsp;<\/p>\n","protected":false},"excerpt":{"rendered":"<p>68 rocznica wydarze\u0144 Pozna\u0144skiego Czerwca 1956. Uroczysto\u015bci w dniu 28 czerwca rozpocz\u0119\u0142y si\u0119 tradycyjnie o godz. 6:00 od z\u0142o\u017cenia kwiat\u00f3w pod tablic\u0105 pami\u0105tkow\u0105 usytuowan\u0105 przy bramie Fabryki Pojazd\u00f3w Szynowych (dawna W3) H. Cegielski &#8211; Zwi\u0105zek In\u017cynier\u00f3w i Technik\u00f3w -Reprezentowa\u0142a kol. &hellip; <a href=\"https:\/\/zzit.org.pl\/okregi\/wielkopolskolubuski\/galeria\/2023-2\/68-rocznica-wydarzen-poznanskiego-czerwca-1956\/\">Czytaj dalej <span class=\"meta-nav\">&rarr;<\/span><\/a><\/p>\n","protected":false},"author":9,"featured_media":0,"parent":3515,"menu_order":0,"comment_status":"closed","ping_status":"closed","template":"","meta":{"footnotes":""},"class_list":["post-3998","page","type-page","status-publish","hentry"],"_links":{"self":[{"href":"https:\/\/zzit.org.pl\/okregi\/wielkopolskolubuski\/wp-json\/wp\/v2\/pages\/3998","targetHints":{"allow":["GET"]}}],"collection":[{"href":"https:\/\/zzit.org.pl\/okregi\/wielkopolskolubuski\/wp-json\/wp\/v2\/pages"}],"about":[{"href":"https:\/\/zzit.org.pl\/okregi\/wielkopolskolubuski\/wp-json\/wp\/v2\/types\/page"}],"author":[{"embeddable":true,"href":"https:\/\/zzit.org.pl\/okregi\/wielkopolskolubuski\/wp-json\/wp\/v2\/users\/9"}],"replies":[{"embeddable":true,"href":"https:\/\/zzit.org.pl\/okregi\/wielkopolskolubuski\/wp-json\/wp\/v2\/comments?post=3998"}],"version-history":[{"count":2,"href":"https:\/\/zzit.org.pl\/okregi\/wielkopolskolubuski\/wp-json\/wp\/v2\/pages\/3998\/revisions"}],"predecessor-version":[{"id":4000,"href":"https:\/\/zzit.org.pl\/okregi\/wielkopolskolubuski\/wp-json\/wp\/v2\/pages\/3998\/revisions\/4000"}],"up":[{"embeddable":true,"href":"https:\/\/zzit.org.pl\/okregi\/wielkopolskolubuski\/wp-json\/wp\/v2\/pages\/3515"}],"wp:attachment":[{"href":"https:\/\/zzit.org.pl\/okregi\/wielkopolskolubuski\/wp-json\/wp\/v2\/media?parent=3998"}],"curies":[{"name":"wp","href":"https:\/\/api.w.org\/{rel}","templated":true}]}}