{"id":3963,"date":"2024-06-21T07:58:16","date_gmt":"2024-06-21T07:58:16","guid":{"rendered":"https:\/\/zzit.org.pl\/okregi\/wielkopolskolubuski\/?page_id=3963"},"modified":"2024-06-21T07:58:16","modified_gmt":"2024-06-21T07:58:16","slug":"oznaczenia-kol-jolanta-chylinska","status":"publish","type":"page","link":"https:\/\/zzit.org.pl\/okregi\/wielkopolskolubuski\/galeria\/2024-2\/oznaczenia-kol-jolanta-chylinska\/","title":{"rendered":"OZNACZENIA &#8211; kol.Jolanta Chylinska"},"content":{"rendered":"<p style=\"text-align: center\"><strong>OZNACZENIA &#8211; kol.Jolanta Chylinska<\/strong><\/p>\n<p style=\"text-align: center\"><strong>W dniu 07-06-2024\u00a0 Zwi\u0105zek Zawodowy In\u017cynier\u00f3w i Technik\u00f3w- Zarz\u0105d Krajowy przyznaje\u00a0 kol. <em>Jolancie Chylinskiej<\/em>\u00a0 &#8211; Z\u0142ot\u0105 Oznak\u0119 Honorow\u0105 ZZIT \u2013<\/strong><\/p>\n<p style=\"text-align: center\"><strong> Gratulacje sk\u0142ada Zarz\u0105d Okr\u0119gu Wielkopolsko \u2013 Lubuskiego<\/strong><\/p>\n<p><a href=\"https:\/\/zzit.org.pl\/okregi\/wielkopolskolubuski\/wp-content\/uploads\/sites\/11\/2024\/06\/63.jpg\"><img loading=\"lazy\" decoding=\"async\" class=\"alignnone size-large wp-image-3957\" src=\"https:\/\/zzit.org.pl\/okregi\/wielkopolskolubuski\/wp-content\/uploads\/sites\/11\/2024\/06\/63-1024x766.jpg\" alt=\"\" width=\"584\" height=\"437\" srcset=\"https:\/\/zzit.org.pl\/okregi\/wielkopolskolubuski\/wp-content\/uploads\/sites\/11\/2024\/06\/63-1024x766.jpg 1024w, https:\/\/zzit.org.pl\/okregi\/wielkopolskolubuski\/wp-content\/uploads\/sites\/11\/2024\/06\/63-300x224.jpg 300w, https:\/\/zzit.org.pl\/okregi\/wielkopolskolubuski\/wp-content\/uploads\/sites\/11\/2024\/06\/63-768x574.jpg 768w, https:\/\/zzit.org.pl\/okregi\/wielkopolskolubuski\/wp-content\/uploads\/sites\/11\/2024\/06\/63-401x300.jpg 401w, https:\/\/zzit.org.pl\/okregi\/wielkopolskolubuski\/wp-content\/uploads\/sites\/11\/2024\/06\/63.jpg 1071w\" sizes=\"auto, (max-width: 584px) 100vw, 584px\" \/><\/a> <a href=\"https:\/\/zzit.org.pl\/okregi\/wielkopolskolubuski\/wp-content\/uploads\/sites\/11\/2024\/06\/66.jpg\"><img loading=\"lazy\" decoding=\"async\" class=\"alignnone size-large wp-image-3958\" src=\"https:\/\/zzit.org.pl\/okregi\/wielkopolskolubuski\/wp-content\/uploads\/sites\/11\/2024\/06\/66-1024x805.jpg\" alt=\"\" width=\"584\" height=\"459\" srcset=\"https:\/\/zzit.org.pl\/okregi\/wielkopolskolubuski\/wp-content\/uploads\/sites\/11\/2024\/06\/66-1024x805.jpg 1024w, https:\/\/zzit.org.pl\/okregi\/wielkopolskolubuski\/wp-content\/uploads\/sites\/11\/2024\/06\/66-300x236.jpg 300w, https:\/\/zzit.org.pl\/okregi\/wielkopolskolubuski\/wp-content\/uploads\/sites\/11\/2024\/06\/66-768x603.jpg 768w, https:\/\/zzit.org.pl\/okregi\/wielkopolskolubuski\/wp-content\/uploads\/sites\/11\/2024\/06\/66-382x300.jpg 382w, https:\/\/zzit.org.pl\/okregi\/wielkopolskolubuski\/wp-content\/uploads\/sites\/11\/2024\/06\/66.jpg 1027w\" sizes=\"auto, (max-width: 584px) 100vw, 584px\" \/><\/a> \u00a0<a href=\"https:\/\/zzit.org.pl\/okregi\/wielkopolskolubuski\/wp-content\/uploads\/sites\/11\/2024\/06\/70.jpg\"><img loading=\"lazy\" decoding=\"async\" class=\"alignnone size-full wp-image-3959\" src=\"https:\/\/zzit.org.pl\/okregi\/wielkopolskolubuski\/wp-content\/uploads\/sites\/11\/2024\/06\/70.jpg\" alt=\"\" width=\"669\" height=\"863\" srcset=\"https:\/\/zzit.org.pl\/okregi\/wielkopolskolubuski\/wp-content\/uploads\/sites\/11\/2024\/06\/70.jpg 669w, https:\/\/zzit.org.pl\/okregi\/wielkopolskolubuski\/wp-content\/uploads\/sites\/11\/2024\/06\/70-233x300.jpg 233w\" sizes=\"auto, (max-width: 669px) 100vw, 669px\" \/><\/a> <a href=\"https:\/\/zzit.org.pl\/okregi\/wielkopolskolubuski\/wp-content\/uploads\/sites\/11\/2024\/06\/73.jpg\"><img loading=\"lazy\" decoding=\"async\" class=\"alignnone size-large wp-image-3961\" src=\"https:\/\/zzit.org.pl\/okregi\/wielkopolskolubuski\/wp-content\/uploads\/sites\/11\/2024\/06\/73-1024x777.jpg\" alt=\"\" width=\"584\" height=\"443\" srcset=\"https:\/\/zzit.org.pl\/okregi\/wielkopolskolubuski\/wp-content\/uploads\/sites\/11\/2024\/06\/73-1024x777.jpg 1024w, https:\/\/zzit.org.pl\/okregi\/wielkopolskolubuski\/wp-content\/uploads\/sites\/11\/2024\/06\/73-300x228.jpg 300w, https:\/\/zzit.org.pl\/okregi\/wielkopolskolubuski\/wp-content\/uploads\/sites\/11\/2024\/06\/73-768x583.jpg 768w, https:\/\/zzit.org.pl\/okregi\/wielkopolskolubuski\/wp-content\/uploads\/sites\/11\/2024\/06\/73-395x300.jpg 395w, https:\/\/zzit.org.pl\/okregi\/wielkopolskolubuski\/wp-content\/uploads\/sites\/11\/2024\/06\/73.jpg 1140w\" sizes=\"auto, (max-width: 584px) 100vw, 584px\" \/><\/a><\/p>\n","protected":false},"excerpt":{"rendered":"<p>OZNACZENIA &#8211; kol.Jolanta Chylinska W dniu 07-06-2024\u00a0 Zwi\u0105zek Zawodowy In\u017cynier\u00f3w i Technik\u00f3w- Zarz\u0105d Krajowy przyznaje\u00a0 kol. Jolancie Chylinskiej\u00a0 &#8211; Z\u0142ot\u0105 Oznak\u0119 Honorow\u0105 ZZIT \u2013 Gratulacje sk\u0142ada Zarz\u0105d Okr\u0119gu Wielkopolsko \u2013 Lubuskiego \u00a0<\/p>\n","protected":false},"author":9,"featured_media":0,"parent":3792,"menu_order":0,"comment_status":"closed","ping_status":"closed","template":"","meta":{"footnotes":""},"class_list":["post-3963","page","type-page","status-publish","hentry"],"_links":{"self":[{"href":"https:\/\/zzit.org.pl\/okregi\/wielkopolskolubuski\/wp-json\/wp\/v2\/pages\/3963","targetHints":{"allow":["GET"]}}],"collection":[{"href":"https:\/\/zzit.org.pl\/okregi\/wielkopolskolubuski\/wp-json\/wp\/v2\/pages"}],"about":[{"href":"https:\/\/zzit.org.pl\/okregi\/wielkopolskolubuski\/wp-json\/wp\/v2\/types\/page"}],"author":[{"embeddable":true,"href":"https:\/\/zzit.org.pl\/okregi\/wielkopolskolubuski\/wp-json\/wp\/v2\/users\/9"}],"replies":[{"embeddable":true,"href":"https:\/\/zzit.org.pl\/okregi\/wielkopolskolubuski\/wp-json\/wp\/v2\/comments?post=3963"}],"version-history":[{"count":1,"href":"https:\/\/zzit.org.pl\/okregi\/wielkopolskolubuski\/wp-json\/wp\/v2\/pages\/3963\/revisions"}],"predecessor-version":[{"id":3964,"href":"https:\/\/zzit.org.pl\/okregi\/wielkopolskolubuski\/wp-json\/wp\/v2\/pages\/3963\/revisions\/3964"}],"up":[{"embeddable":true,"href":"https:\/\/zzit.org.pl\/okregi\/wielkopolskolubuski\/wp-json\/wp\/v2\/pages\/3792"}],"wp:attachment":[{"href":"https:\/\/zzit.org.pl\/okregi\/wielkopolskolubuski\/wp-json\/wp\/v2\/media?parent=3963"}],"curies":[{"name":"wp","href":"https:\/\/api.w.org\/{rel}","templated":true}]}}