{"id":3834,"date":"2024-04-04T06:04:07","date_gmt":"2024-04-04T06:04:07","guid":{"rendered":"https:\/\/zzit.org.pl\/okregi\/wielkopolskolubuski\/?page_id=3834"},"modified":"2024-04-04T06:06:06","modified_gmt":"2024-04-04T06:06:06","slug":"03-04-2024-protest-przed-zakladami-h-cegielskiego-pracownicy-opuscili-fabryke-i-wyszli-na-ulice","status":"publish","type":"page","link":"https:\/\/zzit.org.pl\/okregi\/wielkopolskolubuski\/galeria\/2024-2\/03-04-2024-protest-przed-zakladami-h-cegielskiego-pracownicy-opuscili-fabryke-i-wyszli-na-ulice\/","title":{"rendered":"03-04-2024 Protest przed Zak\u0142adami H. Cegielskiego \u2013 pracownicy opu\u015bcili fabryk\u0119 i wyszli na ulice"},"content":{"rendered":"<h1 class=\"entry-title h2-style\">Protest przed Zak\u0142adami H. Cegielskiego \u2013 pracownicy opu\u015bcili fabryk\u0119 i wyszli na ulice<\/h1>\n<div class=\"excerpt\">\n<p>W \u015brodowe popo\u0142udnie 03-04-2024\u00a0 punktualnie o godzinie 13:00 cz\u0119\u015b\u0107 pracownik\u00f3w Zak\u0142ad\u00f3w H. Cegielskiego opu\u015bci\u0142a mury fabryki na znak protestu.<\/p>\n<\/div>\n<p>Pracownicy pozna\u0144skiej firmy domagaj\u0105 si\u0119 zmiany sytuacji zak\u0142adu.\u00a0 Jak wskazuj\u0105 wyja\u015bniaj\u0105c sw\u00f3j dzisiejszy protest, ich sprzeciw budzi polityka zbrojeniowa i brak wywi\u0105zywania si\u0119 z obietnic zwi\u0105zanych z przyst\u0105pieniem do Polskiej Grupy Zbrojeniowej.<\/p>\n<p><em><strong>\u201eBrak odpowiedzi na nasze zapytania ze strony rz\u0105dz\u0105cych jest lekcewa\u017ceniem naszej Za\u0142ogi, kt\u00f3rej po wej\u015bciu do Polskiej Grupy Zbrojeniowej obiecano wsparcie finansowe na inwestycje, odkup teren\u00f3w sprzedanych za d\u0142ugi ARP-owi oraz ulokowanie produkcji zbrojeniowej\u201d \u2013 napisano w o\u015bwiadczeniu<\/strong><\/em><\/p>\n<p>Zdaniem protestuj\u0105cych, do odej\u015bcia od stanowisk pracy i wyj\u015bcia na ulice nie dosz\u0142oby, gdyby \u201erz\u0105dz\u0105cy zaakceptowali strategi\u0119 Zarz\u0105du dla HCP SA le\u017c\u0105c\u0105 na ich biurkach\u201d.<\/p>\n<p>Pracownicy domagaj\u0105 si\u0119 zam\u00f3wie\u0144, o kt\u00f3rych m\u00f3wiono w medialnych przekazach i zaprzestaniu zakup\u00f3w zbrojeniowych poza granicami Polski.<\/p>\n<p>\u201eDajcie prac\u0119 a zobaczycie, jak Cegielski poradzi sobie z produkcj\u0105. Nie z takimi wyzwaniami Cegielszczacy sobie radzili. Chcemy pracy, o kt\u00f3r\u0105 zabiegamy\u201d \u2013 wskazuj\u0105 protestuj\u0105cy<\/p>\n<p><a href=\"https:\/\/zzit.org.pl\/okregi\/wielkopolskolubuski\/wp-content\/uploads\/sites\/11\/2024\/04\/Przechwytywanie.jpg\"><img loading=\"lazy\" decoding=\"async\" class=\"alignnone size-full wp-image-3828\" src=\"https:\/\/zzit.org.pl\/okregi\/wielkopolskolubuski\/wp-content\/uploads\/sites\/11\/2024\/04\/Przechwytywanie.jpg\" alt=\"\" width=\"987\" height=\"700\" srcset=\"https:\/\/zzit.org.pl\/okregi\/wielkopolskolubuski\/wp-content\/uploads\/sites\/11\/2024\/04\/Przechwytywanie.jpg 987w, https:\/\/zzit.org.pl\/okregi\/wielkopolskolubuski\/wp-content\/uploads\/sites\/11\/2024\/04\/Przechwytywanie-300x213.jpg 300w, https:\/\/zzit.org.pl\/okregi\/wielkopolskolubuski\/wp-content\/uploads\/sites\/11\/2024\/04\/Przechwytywanie-768x545.jpg 768w, https:\/\/zzit.org.pl\/okregi\/wielkopolskolubuski\/wp-content\/uploads\/sites\/11\/2024\/04\/Przechwytywanie-423x300.jpg 423w\" sizes=\"auto, (max-width: 987px) 100vw, 987px\" \/><\/a> <a href=\"https:\/\/zzit.org.pl\/okregi\/wielkopolskolubuski\/wp-content\/uploads\/sites\/11\/2024\/04\/2.jpg\"><img loading=\"lazy\" decoding=\"async\" class=\"alignnone size-large wp-image-3829\" src=\"https:\/\/zzit.org.pl\/okregi\/wielkopolskolubuski\/wp-content\/uploads\/sites\/11\/2024\/04\/2-1024x732.jpg\" alt=\"\" width=\"584\" height=\"417\" srcset=\"https:\/\/zzit.org.pl\/okregi\/wielkopolskolubuski\/wp-content\/uploads\/sites\/11\/2024\/04\/2-1024x732.jpg 1024w, https:\/\/zzit.org.pl\/okregi\/wielkopolskolubuski\/wp-content\/uploads\/sites\/11\/2024\/04\/2-300x215.jpg 300w, https:\/\/zzit.org.pl\/okregi\/wielkopolskolubuski\/wp-content\/uploads\/sites\/11\/2024\/04\/2-768x549.jpg 768w, https:\/\/zzit.org.pl\/okregi\/wielkopolskolubuski\/wp-content\/uploads\/sites\/11\/2024\/04\/2-420x300.jpg 420w, https:\/\/zzit.org.pl\/okregi\/wielkopolskolubuski\/wp-content\/uploads\/sites\/11\/2024\/04\/2.jpg 1211w\" sizes=\"auto, (max-width: 584px) 100vw, 584px\" \/><\/a> <a href=\"https:\/\/zzit.org.pl\/okregi\/wielkopolskolubuski\/wp-content\/uploads\/sites\/11\/2024\/04\/3.jpg\"><img loading=\"lazy\" decoding=\"async\" class=\"alignnone size-large wp-image-3830\" src=\"https:\/\/zzit.org.pl\/okregi\/wielkopolskolubuski\/wp-content\/uploads\/sites\/11\/2024\/04\/3-1024x754.jpg\" alt=\"\" width=\"584\" height=\"430\" srcset=\"https:\/\/zzit.org.pl\/okregi\/wielkopolskolubuski\/wp-content\/uploads\/sites\/11\/2024\/04\/3-1024x754.jpg 1024w, https:\/\/zzit.org.pl\/okregi\/wielkopolskolubuski\/wp-content\/uploads\/sites\/11\/2024\/04\/3-300x221.jpg 300w, https:\/\/zzit.org.pl\/okregi\/wielkopolskolubuski\/wp-content\/uploads\/sites\/11\/2024\/04\/3-768x566.jpg 768w, https:\/\/zzit.org.pl\/okregi\/wielkopolskolubuski\/wp-content\/uploads\/sites\/11\/2024\/04\/3-407x300.jpg 407w, https:\/\/zzit.org.pl\/okregi\/wielkopolskolubuski\/wp-content\/uploads\/sites\/11\/2024\/04\/3.jpg 1047w\" sizes=\"auto, (max-width: 584px) 100vw, 584px\" \/><\/a> <a href=\"https:\/\/zzit.org.pl\/okregi\/wielkopolskolubuski\/wp-content\/uploads\/sites\/11\/2024\/04\/7.jpg\"><img loading=\"lazy\" decoding=\"async\" class=\"alignnone size-full wp-image-3831\" src=\"https:\/\/zzit.org.pl\/okregi\/wielkopolskolubuski\/wp-content\/uploads\/sites\/11\/2024\/04\/7.jpg\" alt=\"\" width=\"886\" height=\"543\" srcset=\"https:\/\/zzit.org.pl\/okregi\/wielkopolskolubuski\/wp-content\/uploads\/sites\/11\/2024\/04\/7.jpg 886w, https:\/\/zzit.org.pl\/okregi\/wielkopolskolubuski\/wp-content\/uploads\/sites\/11\/2024\/04\/7-300x184.jpg 300w, https:\/\/zzit.org.pl\/okregi\/wielkopolskolubuski\/wp-content\/uploads\/sites\/11\/2024\/04\/7-768x471.jpg 768w, https:\/\/zzit.org.pl\/okregi\/wielkopolskolubuski\/wp-content\/uploads\/sites\/11\/2024\/04\/7-490x300.jpg 490w\" sizes=\"auto, (max-width: 886px) 100vw, 886px\" \/><\/a> <a href=\"https:\/\/zzit.org.pl\/okregi\/wielkopolskolubuski\/wp-content\/uploads\/sites\/11\/2024\/04\/5.jpg\"><img loading=\"lazy\" decoding=\"async\" class=\"alignnone size-full wp-image-3832\" src=\"https:\/\/zzit.org.pl\/okregi\/wielkopolskolubuski\/wp-content\/uploads\/sites\/11\/2024\/04\/5.jpg\" alt=\"\" width=\"805\" height=\"594\" srcset=\"https:\/\/zzit.org.pl\/okregi\/wielkopolskolubuski\/wp-content\/uploads\/sites\/11\/2024\/04\/5.jpg 805w, https:\/\/zzit.org.pl\/okregi\/wielkopolskolubuski\/wp-content\/uploads\/sites\/11\/2024\/04\/5-300x221.jpg 300w, https:\/\/zzit.org.pl\/okregi\/wielkopolskolubuski\/wp-content\/uploads\/sites\/11\/2024\/04\/5-768x567.jpg 768w, https:\/\/zzit.org.pl\/okregi\/wielkopolskolubuski\/wp-content\/uploads\/sites\/11\/2024\/04\/5-407x300.jpg 407w\" sizes=\"auto, (max-width: 805px) 100vw, 805px\" \/><\/a><\/p>\n<p><a href=\"https:\/\/zzit.org.pl\/okregi\/wielkopolskolubuski\/wp-content\/uploads\/sites\/11\/2024\/04\/8.jpg\"><img loading=\"lazy\" decoding=\"async\" class=\"alignnone size-large wp-image-3835\" src=\"https:\/\/zzit.org.pl\/okregi\/wielkopolskolubuski\/wp-content\/uploads\/sites\/11\/2024\/04\/8-1024x761.jpg\" alt=\"\" width=\"584\" height=\"434\" srcset=\"https:\/\/zzit.org.pl\/okregi\/wielkopolskolubuski\/wp-content\/uploads\/sites\/11\/2024\/04\/8-1024x761.jpg 1024w, https:\/\/zzit.org.pl\/okregi\/wielkopolskolubuski\/wp-content\/uploads\/sites\/11\/2024\/04\/8-300x223.jpg 300w, https:\/\/zzit.org.pl\/okregi\/wielkopolskolubuski\/wp-content\/uploads\/sites\/11\/2024\/04\/8-768x570.jpg 768w, https:\/\/zzit.org.pl\/okregi\/wielkopolskolubuski\/wp-content\/uploads\/sites\/11\/2024\/04\/8-404x300.jpg 404w, https:\/\/zzit.org.pl\/okregi\/wielkopolskolubuski\/wp-content\/uploads\/sites\/11\/2024\/04\/8.jpg 1034w\" sizes=\"auto, (max-width: 584px) 100vw, 584px\" \/><\/a> <a href=\"https:\/\/zzit.org.pl\/okregi\/wielkopolskolubuski\/wp-content\/uploads\/sites\/11\/2024\/04\/10.jpg\"><img loading=\"lazy\" decoding=\"async\" class=\"alignnone size-large wp-image-3836\" src=\"https:\/\/zzit.org.pl\/okregi\/wielkopolskolubuski\/wp-content\/uploads\/sites\/11\/2024\/04\/10-1024x605.jpg\" alt=\"\" width=\"584\" height=\"345\" srcset=\"https:\/\/zzit.org.pl\/okregi\/wielkopolskolubuski\/wp-content\/uploads\/sites\/11\/2024\/04\/10-1024x605.jpg 1024w, https:\/\/zzit.org.pl\/okregi\/wielkopolskolubuski\/wp-content\/uploads\/sites\/11\/2024\/04\/10-300x177.jpg 300w, https:\/\/zzit.org.pl\/okregi\/wielkopolskolubuski\/wp-content\/uploads\/sites\/11\/2024\/04\/10-768x454.jpg 768w, https:\/\/zzit.org.pl\/okregi\/wielkopolskolubuski\/wp-content\/uploads\/sites\/11\/2024\/04\/10-500x295.jpg 500w, https:\/\/zzit.org.pl\/okregi\/wielkopolskolubuski\/wp-content\/uploads\/sites\/11\/2024\/04\/10.jpg 1034w\" sizes=\"auto, (max-width: 584px) 100vw, 584px\" \/><\/a> <a href=\"https:\/\/zzit.org.pl\/okregi\/wielkopolskolubuski\/wp-content\/uploads\/sites\/11\/2024\/04\/11.jpg\"><img loading=\"lazy\" decoding=\"async\" class=\"alignnone size-large wp-image-3837\" src=\"https:\/\/zzit.org.pl\/okregi\/wielkopolskolubuski\/wp-content\/uploads\/sites\/11\/2024\/04\/11-1024x609.jpg\" alt=\"\" width=\"584\" height=\"347\" srcset=\"https:\/\/zzit.org.pl\/okregi\/wielkopolskolubuski\/wp-content\/uploads\/sites\/11\/2024\/04\/11-1024x609.jpg 1024w, https:\/\/zzit.org.pl\/okregi\/wielkopolskolubuski\/wp-content\/uploads\/sites\/11\/2024\/04\/11-300x179.jpg 300w, https:\/\/zzit.org.pl\/okregi\/wielkopolskolubuski\/wp-content\/uploads\/sites\/11\/2024\/04\/11-768x457.jpg 768w, https:\/\/zzit.org.pl\/okregi\/wielkopolskolubuski\/wp-content\/uploads\/sites\/11\/2024\/04\/11-500x298.jpg 500w, https:\/\/zzit.org.pl\/okregi\/wielkopolskolubuski\/wp-content\/uploads\/sites\/11\/2024\/04\/11.jpg 1042w\" sizes=\"auto, (max-width: 584px) 100vw, 584px\" \/><\/a> <a href=\"https:\/\/zzit.org.pl\/okregi\/wielkopolskolubuski\/wp-content\/uploads\/sites\/11\/2024\/04\/13.jpg\"><img loading=\"lazy\" decoding=\"async\" class=\"alignnone size-large wp-image-3838\" src=\"https:\/\/zzit.org.pl\/okregi\/wielkopolskolubuski\/wp-content\/uploads\/sites\/11\/2024\/04\/13-1024x718.jpg\" alt=\"\" width=\"584\" height=\"409\" srcset=\"https:\/\/zzit.org.pl\/okregi\/wielkopolskolubuski\/wp-content\/uploads\/sites\/11\/2024\/04\/13-1024x718.jpg 1024w, https:\/\/zzit.org.pl\/okregi\/wielkopolskolubuski\/wp-content\/uploads\/sites\/11\/2024\/04\/13-300x210.jpg 300w, https:\/\/zzit.org.pl\/okregi\/wielkopolskolubuski\/wp-content\/uploads\/sites\/11\/2024\/04\/13-768x538.jpg 768w, https:\/\/zzit.org.pl\/okregi\/wielkopolskolubuski\/wp-content\/uploads\/sites\/11\/2024\/04\/13-428x300.jpg 428w, https:\/\/zzit.org.pl\/okregi\/wielkopolskolubuski\/wp-content\/uploads\/sites\/11\/2024\/04\/13.jpg 1030w\" sizes=\"auto, (max-width: 584px) 100vw, 584px\" \/><\/a> <a href=\"https:\/\/zzit.org.pl\/okregi\/wielkopolskolubuski\/wp-content\/uploads\/sites\/11\/2024\/04\/14.jpg\"><img loading=\"lazy\" decoding=\"async\" class=\"alignnone size-large wp-image-3839\" src=\"https:\/\/zzit.org.pl\/okregi\/wielkopolskolubuski\/wp-content\/uploads\/sites\/11\/2024\/04\/14-1024x690.jpg\" alt=\"\" width=\"584\" height=\"394\" srcset=\"https:\/\/zzit.org.pl\/okregi\/wielkopolskolubuski\/wp-content\/uploads\/sites\/11\/2024\/04\/14-1024x690.jpg 1024w, https:\/\/zzit.org.pl\/okregi\/wielkopolskolubuski\/wp-content\/uploads\/sites\/11\/2024\/04\/14-300x202.jpg 300w, https:\/\/zzit.org.pl\/okregi\/wielkopolskolubuski\/wp-content\/uploads\/sites\/11\/2024\/04\/14-768x518.jpg 768w, https:\/\/zzit.org.pl\/okregi\/wielkopolskolubuski\/wp-content\/uploads\/sites\/11\/2024\/04\/14-445x300.jpg 445w, https:\/\/zzit.org.pl\/okregi\/wielkopolskolubuski\/wp-content\/uploads\/sites\/11\/2024\/04\/14.jpg 1040w\" sizes=\"auto, (max-width: 584px) 100vw, 584px\" \/><\/a> <a href=\"https:\/\/zzit.org.pl\/okregi\/wielkopolskolubuski\/wp-content\/uploads\/sites\/11\/2024\/04\/15.jpg\"><img loading=\"lazy\" decoding=\"async\" class=\"alignnone size-large wp-image-3840\" src=\"https:\/\/zzit.org.pl\/okregi\/wielkopolskolubuski\/wp-content\/uploads\/sites\/11\/2024\/04\/15.jpg\" alt=\"\" width=\"584\" height=\"284\" srcset=\"https:\/\/zzit.org.pl\/okregi\/wielkopolskolubuski\/wp-content\/uploads\/sites\/11\/2024\/04\/15.jpg 1017w, https:\/\/zzit.org.pl\/okregi\/wielkopolskolubuski\/wp-content\/uploads\/sites\/11\/2024\/04\/15-300x146.jpg 300w, https:\/\/zzit.org.pl\/okregi\/wielkopolskolubuski\/wp-content\/uploads\/sites\/11\/2024\/04\/15-768x373.jpg 768w, https:\/\/zzit.org.pl\/okregi\/wielkopolskolubuski\/wp-content\/uploads\/sites\/11\/2024\/04\/15-500x243.jpg 500w\" sizes=\"auto, (max-width: 584px) 100vw, 584px\" \/><\/a><\/p>\n","protected":false},"excerpt":{"rendered":"<p>Protest przed Zak\u0142adami H. Cegielskiego \u2013 pracownicy opu\u015bcili fabryk\u0119 i wyszli na ulice W \u015brodowe popo\u0142udnie 03-04-2024\u00a0 punktualnie o godzinie 13:00 cz\u0119\u015b\u0107 pracownik\u00f3w Zak\u0142ad\u00f3w H. Cegielskiego opu\u015bci\u0142a mury fabryki na znak protestu. Pracownicy pozna\u0144skiej firmy domagaj\u0105 si\u0119 zmiany sytuacji zak\u0142adu.\u00a0 &hellip; <a href=\"https:\/\/zzit.org.pl\/okregi\/wielkopolskolubuski\/galeria\/2024-2\/03-04-2024-protest-przed-zakladami-h-cegielskiego-pracownicy-opuscili-fabryke-i-wyszli-na-ulice\/\">Czytaj dalej <span class=\"meta-nav\">&rarr;<\/span><\/a><\/p>\n","protected":false},"author":9,"featured_media":0,"parent":3792,"menu_order":0,"comment_status":"closed","ping_status":"closed","template":"","meta":{"footnotes":""},"class_list":["post-3834","page","type-page","status-publish","hentry"],"_links":{"self":[{"href":"https:\/\/zzit.org.pl\/okregi\/wielkopolskolubuski\/wp-json\/wp\/v2\/pages\/3834","targetHints":{"allow":["GET"]}}],"collection":[{"href":"https:\/\/zzit.org.pl\/okregi\/wielkopolskolubuski\/wp-json\/wp\/v2\/pages"}],"about":[{"href":"https:\/\/zzit.org.pl\/okregi\/wielkopolskolubuski\/wp-json\/wp\/v2\/types\/page"}],"author":[{"embeddable":true,"href":"https:\/\/zzit.org.pl\/okregi\/wielkopolskolubuski\/wp-json\/wp\/v2\/users\/9"}],"replies":[{"embeddable":true,"href":"https:\/\/zzit.org.pl\/okregi\/wielkopolskolubuski\/wp-json\/wp\/v2\/comments?post=3834"}],"version-history":[{"count":2,"href":"https:\/\/zzit.org.pl\/okregi\/wielkopolskolubuski\/wp-json\/wp\/v2\/pages\/3834\/revisions"}],"predecessor-version":[{"id":3842,"href":"https:\/\/zzit.org.pl\/okregi\/wielkopolskolubuski\/wp-json\/wp\/v2\/pages\/3834\/revisions\/3842"}],"up":[{"embeddable":true,"href":"https:\/\/zzit.org.pl\/okregi\/wielkopolskolubuski\/wp-json\/wp\/v2\/pages\/3792"}],"wp:attachment":[{"href":"https:\/\/zzit.org.pl\/okregi\/wielkopolskolubuski\/wp-json\/wp\/v2\/media?parent=3834"}],"curies":[{"name":"wp","href":"https:\/\/api.w.org\/{rel}","templated":true}]}}