{"id":3801,"date":"2024-03-18T08:39:49","date_gmt":"2024-03-18T08:39:49","guid":{"rendered":"https:\/\/zzit.org.pl\/okregi\/wielkopolskolubuski\/?page_id=3801"},"modified":"2024-03-18T08:39:49","modified_gmt":"2024-03-18T08:39:49","slug":"szkolenie-zdalne-opzz-28-02-2024-konsultacja-zwiazkowa-zamiaru-wypowiedzenia-lub-rozwiazania-umowy-o-prace-przez-pracodawce","status":"publish","type":"page","link":"https:\/\/zzit.org.pl\/okregi\/wielkopolskolubuski\/galeria\/2024-2\/szkolenie-zdalne-opzz-28-02-2024-konsultacja-zwiazkowa-zamiaru-wypowiedzenia-lub-rozwiazania-umowy-o-prace-przez-pracodawce\/","title":{"rendered":"\u00a0 \u00a0 Szkolenie &#8211; Zdalne OPZZ\u00a0 -28-02-2024  -Konsultacja zwi\u0105zkowa zamiaru wypowiedzenia lub rozwi\u0105zania umowy o prac\u0119 przez pracodawc\u0119&#8221;"},"content":{"rendered":"<p style=\"text-align: center\">\u00a0 \u00a0 <strong>Szkolenie &#8211; Zdalne OPZZ<\/strong><\/p>\n<p style=\"text-align: center\"><strong>W dniu 28-02-2024 -Odby\u0142o si\u0119 Szkolenie OPZZ &#8222;Porozmawiajmy o prawie&#8221; cz. 5 &#8222;Konsultacja zwi\u0105zkowa zamiaru wypowiedzenia lub rozwi\u0105zania umowy o prac\u0119 przez pracodawc\u0119&#8221;<\/strong><\/p>\n<p><a href=\"https:\/\/zzit.org.pl\/okregi\/wielkopolskolubuski\/wp-content\/uploads\/sites\/11\/2024\/03\/6.jpg\"><img loading=\"lazy\" decoding=\"async\" class=\"size-full wp-image-3797 aligncenter\" src=\"https:\/\/zzit.org.pl\/okregi\/wielkopolskolubuski\/wp-content\/uploads\/sites\/11\/2024\/03\/6.jpg\" alt=\"\" width=\"408\" height=\"334\" srcset=\"https:\/\/zzit.org.pl\/okregi\/wielkopolskolubuski\/wp-content\/uploads\/sites\/11\/2024\/03\/6.jpg 408w, https:\/\/zzit.org.pl\/okregi\/wielkopolskolubuski\/wp-content\/uploads\/sites\/11\/2024\/03\/6-300x246.jpg 300w, https:\/\/zzit.org.pl\/okregi\/wielkopolskolubuski\/wp-content\/uploads\/sites\/11\/2024\/03\/6-366x300.jpg 366w\" sizes=\"auto, (max-width: 408px) 100vw, 408px\" \/><\/a> <a href=\"https:\/\/zzit.org.pl\/okregi\/wielkopolskolubuski\/wp-content\/uploads\/sites\/11\/2024\/03\/7.jpg\"><img loading=\"lazy\" decoding=\"async\" class=\"size-large wp-image-3798 aligncenter\" src=\"https:\/\/zzit.org.pl\/okregi\/wielkopolskolubuski\/wp-content\/uploads\/sites\/11\/2024\/03\/7-1024x699.jpg\" alt=\"\" width=\"584\" height=\"399\" srcset=\"https:\/\/zzit.org.pl\/okregi\/wielkopolskolubuski\/wp-content\/uploads\/sites\/11\/2024\/03\/7-1024x699.jpg 1024w, https:\/\/zzit.org.pl\/okregi\/wielkopolskolubuski\/wp-content\/uploads\/sites\/11\/2024\/03\/7-300x205.jpg 300w, https:\/\/zzit.org.pl\/okregi\/wielkopolskolubuski\/wp-content\/uploads\/sites\/11\/2024\/03\/7-768x524.jpg 768w, https:\/\/zzit.org.pl\/okregi\/wielkopolskolubuski\/wp-content\/uploads\/sites\/11\/2024\/03\/7-440x300.jpg 440w, https:\/\/zzit.org.pl\/okregi\/wielkopolskolubuski\/wp-content\/uploads\/sites\/11\/2024\/03\/7.jpg 1197w\" sizes=\"auto, (max-width: 584px) 100vw, 584px\" \/><\/a> <a href=\"https:\/\/zzit.org.pl\/okregi\/wielkopolskolubuski\/wp-content\/uploads\/sites\/11\/2024\/03\/9.jpg\"><img loading=\"lazy\" decoding=\"async\" class=\"size-full wp-image-3799 aligncenter\" src=\"https:\/\/zzit.org.pl\/okregi\/wielkopolskolubuski\/wp-content\/uploads\/sites\/11\/2024\/03\/9.jpg\" alt=\"\" width=\"1004\" height=\"654\" srcset=\"https:\/\/zzit.org.pl\/okregi\/wielkopolskolubuski\/wp-content\/uploads\/sites\/11\/2024\/03\/9.jpg 1004w, https:\/\/zzit.org.pl\/okregi\/wielkopolskolubuski\/wp-content\/uploads\/sites\/11\/2024\/03\/9-300x195.jpg 300w, https:\/\/zzit.org.pl\/okregi\/wielkopolskolubuski\/wp-content\/uploads\/sites\/11\/2024\/03\/9-768x500.jpg 768w, https:\/\/zzit.org.pl\/okregi\/wielkopolskolubuski\/wp-content\/uploads\/sites\/11\/2024\/03\/9-461x300.jpg 461w\" sizes=\"auto, (max-width: 1004px) 100vw, 1004px\" \/><\/a><\/p>\n","protected":false},"excerpt":{"rendered":"<p>\u00a0 \u00a0 Szkolenie &#8211; Zdalne OPZZ W dniu 28-02-2024 -Odby\u0142o si\u0119 Szkolenie OPZZ &#8222;Porozmawiajmy o prawie&#8221; cz. 5 &#8222;Konsultacja zwi\u0105zkowa zamiaru wypowiedzenia lub rozwi\u0105zania umowy o prac\u0119 przez pracodawc\u0119&#8221;<\/p>\n","protected":false},"author":9,"featured_media":0,"parent":3792,"menu_order":0,"comment_status":"closed","ping_status":"closed","template":"","meta":{"footnotes":""},"class_list":["post-3801","page","type-page","status-publish","hentry"],"_links":{"self":[{"href":"https:\/\/zzit.org.pl\/okregi\/wielkopolskolubuski\/wp-json\/wp\/v2\/pages\/3801","targetHints":{"allow":["GET"]}}],"collection":[{"href":"https:\/\/zzit.org.pl\/okregi\/wielkopolskolubuski\/wp-json\/wp\/v2\/pages"}],"about":[{"href":"https:\/\/zzit.org.pl\/okregi\/wielkopolskolubuski\/wp-json\/wp\/v2\/types\/page"}],"author":[{"embeddable":true,"href":"https:\/\/zzit.org.pl\/okregi\/wielkopolskolubuski\/wp-json\/wp\/v2\/users\/9"}],"replies":[{"embeddable":true,"href":"https:\/\/zzit.org.pl\/okregi\/wielkopolskolubuski\/wp-json\/wp\/v2\/comments?post=3801"}],"version-history":[{"count":2,"href":"https:\/\/zzit.org.pl\/okregi\/wielkopolskolubuski\/wp-json\/wp\/v2\/pages\/3801\/revisions"}],"predecessor-version":[{"id":3803,"href":"https:\/\/zzit.org.pl\/okregi\/wielkopolskolubuski\/wp-json\/wp\/v2\/pages\/3801\/revisions\/3803"}],"up":[{"embeddable":true,"href":"https:\/\/zzit.org.pl\/okregi\/wielkopolskolubuski\/wp-json\/wp\/v2\/pages\/3792"}],"wp:attachment":[{"href":"https:\/\/zzit.org.pl\/okregi\/wielkopolskolubuski\/wp-json\/wp\/v2\/media?parent=3801"}],"curies":[{"name":"wp","href":"https:\/\/api.w.org\/{rel}","templated":true}]}}