{"id":3771,"date":"2023-12-11T08:46:17","date_gmt":"2023-12-11T08:46:17","guid":{"rendered":"https:\/\/zzit.org.pl\/okregi\/wielkopolskolubuski\/?page_id=3771"},"modified":"2023-12-11T08:46:39","modified_gmt":"2023-12-11T08:46:39","slug":"mediator-staly-kol-marlena-rutkowska","status":"publish","type":"page","link":"https:\/\/zzit.org.pl\/okregi\/wielkopolskolubuski\/galeria\/2023-2\/mediator-staly-kol-marlena-rutkowska\/","title":{"rendered":"Mediator Sta\u0142y \u2013 kol. Marlena Rutkowska"},"content":{"rendered":"<p style=\"text-align: center\"><strong>Mediator Sta\u0142y \u2013 kol. Marlena Rutkowska<\/strong><\/p>\n<p style=\"text-align: center\"><strong><a href=\"https:\/\/zzit.org.pl\/okregi\/wielkopolskolubuski\/wp-content\/uploads\/sites\/11\/2019\/11\/marlenaXxY.jpg\"><img loading=\"lazy\" decoding=\"async\" class=\" wp-image-2465 aligncenter\" src=\"https:\/\/zzit.org.pl\/okregi\/wielkopolskolubuski\/wp-content\/uploads\/sites\/11\/2019\/11\/marlenaXxY-824x1024.jpg\" alt=\"\" width=\"216\" height=\"267\" srcset=\"https:\/\/zzit.org.pl\/okregi\/wielkopolskolubuski\/wp-content\/uploads\/sites\/11\/2019\/11\/marlenaXxY-824x1024.jpg 824w, https:\/\/zzit.org.pl\/okregi\/wielkopolskolubuski\/wp-content\/uploads\/sites\/11\/2019\/11\/marlenaXxY-768x954.jpg 768w, https:\/\/zzit.org.pl\/okregi\/wielkopolskolubuski\/wp-content\/uploads\/sites\/11\/2019\/11\/marlenaXxY-1236x1536.jpg 1236w, https:\/\/zzit.org.pl\/okregi\/wielkopolskolubuski\/wp-content\/uploads\/sites\/11\/2019\/11\/marlenaXxY-1648x2048.jpg 1648w, https:\/\/zzit.org.pl\/okregi\/wielkopolskolubuski\/wp-content\/uploads\/sites\/11\/2019\/11\/marlenaXxY.jpg 2038w\" sizes=\"auto, (max-width: 216px) 100vw, 216px\" \/><\/a><\/strong>Mi\u0142o nam poinformowa\u0107 \u2013 gratulujemy\u00a0\ud83d\ude42<\/p>\n<div class=\"gwp4ee77b45_elementToProof\" style=\"text-align: center\">Kol. Marlena Rutkowska zasili\u0142a grono Mediator\u00f3w Sta\u0142ych S\u0105du Okregowego<\/div>\n<div class=\"gwp4ee77b45_elementToProof\" style=\"text-align: center\">w Gorzowie Wlkp.<\/div>\n<div class=\"gwp4ee77b45_elementToProof\" style=\"text-align: center\"><em><strong>\u00a0Czynnie zajmuje sie mediacjami z zakresu:<\/strong><\/em><\/div>\n<p>mediacje pracownicze\/ prawo pracy<\/p>\n<p>mediacje cywilne<\/p>\n<p>mediacje rodzinne\/ w tym oko\u0142orozwodowe<\/p>\n<p>mediacje spo\u0142eczne\/s\u0105siedzkie<\/p>\n<p>mediacje pozas\u0105dowe<\/p>\n","protected":false},"excerpt":{"rendered":"<p>Mediator Sta\u0142y \u2013 kol. Marlena Rutkowska Mi\u0142o nam poinformowa\u0107 \u2013 gratulujemy\u00a0\ud83d\ude42 Kol. Marlena Rutkowska zasili\u0142a grono Mediator\u00f3w Sta\u0142ych S\u0105du Okregowego w Gorzowie Wlkp. \u00a0Czynnie zajmuje sie mediacjami z zakresu: mediacje pracownicze\/ prawo pracy mediacje cywilne mediacje rodzinne\/ w tym oko\u0142orozwodowe &hellip; <a href=\"https:\/\/zzit.org.pl\/okregi\/wielkopolskolubuski\/galeria\/2023-2\/mediator-staly-kol-marlena-rutkowska\/\">Czytaj dalej <span class=\"meta-nav\">&rarr;<\/span><\/a><\/p>\n","protected":false},"author":9,"featured_media":0,"parent":3515,"menu_order":0,"comment_status":"closed","ping_status":"closed","template":"","meta":{"footnotes":""},"class_list":["post-3771","page","type-page","status-publish","hentry"],"_links":{"self":[{"href":"https:\/\/zzit.org.pl\/okregi\/wielkopolskolubuski\/wp-json\/wp\/v2\/pages\/3771","targetHints":{"allow":["GET"]}}],"collection":[{"href":"https:\/\/zzit.org.pl\/okregi\/wielkopolskolubuski\/wp-json\/wp\/v2\/pages"}],"about":[{"href":"https:\/\/zzit.org.pl\/okregi\/wielkopolskolubuski\/wp-json\/wp\/v2\/types\/page"}],"author":[{"embeddable":true,"href":"https:\/\/zzit.org.pl\/okregi\/wielkopolskolubuski\/wp-json\/wp\/v2\/users\/9"}],"replies":[{"embeddable":true,"href":"https:\/\/zzit.org.pl\/okregi\/wielkopolskolubuski\/wp-json\/wp\/v2\/comments?post=3771"}],"version-history":[{"count":2,"href":"https:\/\/zzit.org.pl\/okregi\/wielkopolskolubuski\/wp-json\/wp\/v2\/pages\/3771\/revisions"}],"predecessor-version":[{"id":3773,"href":"https:\/\/zzit.org.pl\/okregi\/wielkopolskolubuski\/wp-json\/wp\/v2\/pages\/3771\/revisions\/3773"}],"up":[{"embeddable":true,"href":"https:\/\/zzit.org.pl\/okregi\/wielkopolskolubuski\/wp-json\/wp\/v2\/pages\/3515"}],"wp:attachment":[{"href":"https:\/\/zzit.org.pl\/okregi\/wielkopolskolubuski\/wp-json\/wp\/v2\/media?parent=3771"}],"curies":[{"name":"wp","href":"https:\/\/api.w.org\/{rel}","templated":true}]}}