{"id":3768,"date":"2023-12-11T08:45:09","date_gmt":"2023-12-11T08:45:09","guid":{"rendered":"https:\/\/zzit.org.pl\/okregi\/wielkopolskolubuski\/?page_id=3768"},"modified":"2023-12-11T08:45:25","modified_gmt":"2023-12-11T08:45:25","slug":"wybory-moz-zzit-przy-veolia-energia-poznan-s-a","status":"publish","type":"page","link":"https:\/\/zzit.org.pl\/okregi\/wielkopolskolubuski\/galeria\/2023-2\/wybory-moz-zzit-przy-veolia-energia-poznan-s-a\/","title":{"rendered":"Wybory &#8211; MOZ ZZIT przy Veolia Energia Pozna\u0144 S.A"},"content":{"rendered":"<p style=\"text-align: center\"><strong>Powiadomienie o wynikach wybor\u00f3w w MOZ ZZIT przy Veolia Energia Pozna\u0144 S.A<\/strong><\/p>\n<p style=\"text-align: center\">W\u00a0 dniu 15.11.2023 roku odby\u0142a si\u0119 Konferencja Sprawozdawczo Wyborcza Mi\u0119dzyzak\u0142adowej Organizacji Zwi\u0105zkowej Zwi\u0105zku Zawodowego In\u017cynier\u00f3w i Technik\u00f3w \u2013<strong>Veolia Energia Pozna\u0144 S.A<\/strong><\/p>\n<p style=\"text-align: center\">W wyniku przeprowadzonych wybor\u00f3w w sk\u0142ad Zarz\u0105du Zwi\u0105zku weszli:<\/p>\n<p style=\"text-align: center\"><strong>Adam Grzezierski \u2013 Przewodnicz\u0105cy<\/strong><\/p>\n<p style=\"text-align: center\"><strong>Jacek Bryjak \u2013 Wiceprzewodnicz\u0105cy<\/strong><\/p>\n<p style=\"text-align: center\"><strong>Magdalena Erenz \u2013 Kosicka \u2013 Wiceprzewodnicz\u0105ca<\/strong>\u00a0(Veolia EKOZEC Sp. z o.o.)<\/p>\n<p style=\"text-align: center\"><strong>Przemys\u0142aw Szczepaniak \u2013 Wiceprzewodnicz\u0105cy<\/strong><\/p>\n<p style=\"text-align: center\"><strong>Joanna Urbaniak \u2013 Wiceprzewodnicz\u0105ca<\/strong><\/p>\n<p style=\"text-align: center\"><strong>Beata Korecka \u2013 Sekretarz<\/strong><\/p>\n<p style=\"text-align: center\"><strong>Aleksandra Bar\u0142\u00f3g \u2013 Skarbnik<\/strong><\/p>\n<p style=\"text-align: center\"><strong><em><u>Komisji Rewizyjna w sk\u0142adzie :<\/u><\/em><\/strong><\/p>\n<p style=\"text-align: center\">Dagmara Soko\u0142owska<\/p>\n","protected":false},"excerpt":{"rendered":"<p>Powiadomienie o wynikach wybor\u00f3w w MOZ ZZIT przy Veolia Energia Pozna\u0144 S.A W\u00a0 dniu 15.11.2023 roku odby\u0142a si\u0119 Konferencja Sprawozdawczo Wyborcza Mi\u0119dzyzak\u0142adowej Organizacji Zwi\u0105zkowej Zwi\u0105zku Zawodowego In\u017cynier\u00f3w i Technik\u00f3w \u2013Veolia Energia Pozna\u0144 S.A W wyniku przeprowadzonych wybor\u00f3w w sk\u0142ad Zarz\u0105du &hellip; <a href=\"https:\/\/zzit.org.pl\/okregi\/wielkopolskolubuski\/galeria\/2023-2\/wybory-moz-zzit-przy-veolia-energia-poznan-s-a\/\">Czytaj dalej <span class=\"meta-nav\">&rarr;<\/span><\/a><\/p>\n","protected":false},"author":9,"featured_media":0,"parent":3515,"menu_order":0,"comment_status":"closed","ping_status":"closed","template":"","meta":{"footnotes":""},"class_list":["post-3768","page","type-page","status-publish","hentry"],"_links":{"self":[{"href":"https:\/\/zzit.org.pl\/okregi\/wielkopolskolubuski\/wp-json\/wp\/v2\/pages\/3768","targetHints":{"allow":["GET"]}}],"collection":[{"href":"https:\/\/zzit.org.pl\/okregi\/wielkopolskolubuski\/wp-json\/wp\/v2\/pages"}],"about":[{"href":"https:\/\/zzit.org.pl\/okregi\/wielkopolskolubuski\/wp-json\/wp\/v2\/types\/page"}],"author":[{"embeddable":true,"href":"https:\/\/zzit.org.pl\/okregi\/wielkopolskolubuski\/wp-json\/wp\/v2\/users\/9"}],"replies":[{"embeddable":true,"href":"https:\/\/zzit.org.pl\/okregi\/wielkopolskolubuski\/wp-json\/wp\/v2\/comments?post=3768"}],"version-history":[{"count":2,"href":"https:\/\/zzit.org.pl\/okregi\/wielkopolskolubuski\/wp-json\/wp\/v2\/pages\/3768\/revisions"}],"predecessor-version":[{"id":3770,"href":"https:\/\/zzit.org.pl\/okregi\/wielkopolskolubuski\/wp-json\/wp\/v2\/pages\/3768\/revisions\/3770"}],"up":[{"embeddable":true,"href":"https:\/\/zzit.org.pl\/okregi\/wielkopolskolubuski\/wp-json\/wp\/v2\/pages\/3515"}],"wp:attachment":[{"href":"https:\/\/zzit.org.pl\/okregi\/wielkopolskolubuski\/wp-json\/wp\/v2\/media?parent=3768"}],"curies":[{"name":"wp","href":"https:\/\/api.w.org\/{rel}","templated":true}]}}