{"id":3718,"date":"2023-10-03T11:13:05","date_gmt":"2023-10-03T11:13:05","guid":{"rendered":"https:\/\/zzit.org.pl\/okregi\/wielkopolskolubuski\/?page_id=3718"},"modified":"2023-10-03T11:13:05","modified_gmt":"2023-10-03T11:13:05","slug":"posiedzenie-zarzadu-zzit-okregu-wielkopolsko-lubuskiego-22-06-2023","status":"publish","type":"page","link":"https:\/\/zzit.org.pl\/okregi\/wielkopolskolubuski\/galeria\/2023-2\/posiedzenie-zarzadu-zzit-okregu-wielkopolsko-lubuskiego-22-06-2023\/","title":{"rendered":"Posiedzenie Zarz\u0105du ZZIT Okr\u0119gu Wielkopolsko &#8211; Lubuskiego -22-06-2023"},"content":{"rendered":"<p style=\"text-align: center\"><strong><em>Posiedzenie Zarz\u0105du ZZIT Okr\u0119gu Wielkopolsko &#8211; Lubuskiego<\/em><\/strong><\/p>\n<p style=\"text-align: center\">W dniu 22-09-2023 w Cichowie o godz. 11 odby\u0142o si\u0119 posiedzenie Zarz\u0105du ZZIT\u00a0 Okr\u0119gu Wielkopolsko \u2013 Lubuskiego<\/p>\n<p><a href=\"https:\/\/zzit.org.pl\/okregi\/wielkopolskolubuski\/wp-content\/uploads\/sites\/11\/2023\/10\/IMG_20230922_110158-Kopiowanie.jpg\"><img loading=\"lazy\" decoding=\"async\" class=\"alignnone size-large wp-image-3714\" src=\"https:\/\/zzit.org.pl\/okregi\/wielkopolskolubuski\/wp-content\/uploads\/sites\/11\/2023\/10\/IMG_20230922_110158-Kopiowanie-1024x768.jpg\" alt=\"\" width=\"584\" height=\"438\" srcset=\"https:\/\/zzit.org.pl\/okregi\/wielkopolskolubuski\/wp-content\/uploads\/sites\/11\/2023\/10\/IMG_20230922_110158-Kopiowanie-1024x768.jpg 1024w, https:\/\/zzit.org.pl\/okregi\/wielkopolskolubuski\/wp-content\/uploads\/sites\/11\/2023\/10\/IMG_20230922_110158-Kopiowanie-300x225.jpg 300w, https:\/\/zzit.org.pl\/okregi\/wielkopolskolubuski\/wp-content\/uploads\/sites\/11\/2023\/10\/IMG_20230922_110158-Kopiowanie-768x576.jpg 768w, https:\/\/zzit.org.pl\/okregi\/wielkopolskolubuski\/wp-content\/uploads\/sites\/11\/2023\/10\/IMG_20230922_110158-Kopiowanie-1536x1152.jpg 1536w, https:\/\/zzit.org.pl\/okregi\/wielkopolskolubuski\/wp-content\/uploads\/sites\/11\/2023\/10\/IMG_20230922_110158-Kopiowanie-400x300.jpg 400w, https:\/\/zzit.org.pl\/okregi\/wielkopolskolubuski\/wp-content\/uploads\/sites\/11\/2023\/10\/IMG_20230922_110158-Kopiowanie.jpg 1600w\" sizes=\"auto, (max-width: 584px) 100vw, 584px\" \/><\/a> <a href=\"https:\/\/zzit.org.pl\/okregi\/wielkopolskolubuski\/wp-content\/uploads\/sites\/11\/2023\/10\/IMG_20230922_110211-Kopiowanie.jpg\"><img loading=\"lazy\" decoding=\"async\" class=\"alignnone size-large wp-image-3715\" src=\"https:\/\/zzit.org.pl\/okregi\/wielkopolskolubuski\/wp-content\/uploads\/sites\/11\/2023\/10\/IMG_20230922_110211-Kopiowanie-1024x768.jpg\" alt=\"\" width=\"584\" height=\"438\" srcset=\"https:\/\/zzit.org.pl\/okregi\/wielkopolskolubuski\/wp-content\/uploads\/sites\/11\/2023\/10\/IMG_20230922_110211-Kopiowanie-1024x768.jpg 1024w, https:\/\/zzit.org.pl\/okregi\/wielkopolskolubuski\/wp-content\/uploads\/sites\/11\/2023\/10\/IMG_20230922_110211-Kopiowanie-300x225.jpg 300w, https:\/\/zzit.org.pl\/okregi\/wielkopolskolubuski\/wp-content\/uploads\/sites\/11\/2023\/10\/IMG_20230922_110211-Kopiowanie-768x576.jpg 768w, https:\/\/zzit.org.pl\/okregi\/wielkopolskolubuski\/wp-content\/uploads\/sites\/11\/2023\/10\/IMG_20230922_110211-Kopiowanie-1536x1152.jpg 1536w, https:\/\/zzit.org.pl\/okregi\/wielkopolskolubuski\/wp-content\/uploads\/sites\/11\/2023\/10\/IMG_20230922_110211-Kopiowanie-400x300.jpg 400w, https:\/\/zzit.org.pl\/okregi\/wielkopolskolubuski\/wp-content\/uploads\/sites\/11\/2023\/10\/IMG_20230922_110211-Kopiowanie.jpg 1600w\" sizes=\"auto, (max-width: 584px) 100vw, 584px\" \/><\/a> <a href=\"https:\/\/zzit.org.pl\/okregi\/wielkopolskolubuski\/wp-content\/uploads\/sites\/11\/2023\/10\/IMG_20230922_111602-Kopiowanie.jpg\"><img loading=\"lazy\" decoding=\"async\" class=\"alignnone size-large wp-image-3716\" src=\"https:\/\/zzit.org.pl\/okregi\/wielkopolskolubuski\/wp-content\/uploads\/sites\/11\/2023\/10\/IMG_20230922_111602-Kopiowanie-1024x768.jpg\" alt=\"\" width=\"584\" height=\"438\" srcset=\"https:\/\/zzit.org.pl\/okregi\/wielkopolskolubuski\/wp-content\/uploads\/sites\/11\/2023\/10\/IMG_20230922_111602-Kopiowanie-1024x768.jpg 1024w, https:\/\/zzit.org.pl\/okregi\/wielkopolskolubuski\/wp-content\/uploads\/sites\/11\/2023\/10\/IMG_20230922_111602-Kopiowanie-300x225.jpg 300w, https:\/\/zzit.org.pl\/okregi\/wielkopolskolubuski\/wp-content\/uploads\/sites\/11\/2023\/10\/IMG_20230922_111602-Kopiowanie-768x576.jpg 768w, https:\/\/zzit.org.pl\/okregi\/wielkopolskolubuski\/wp-content\/uploads\/sites\/11\/2023\/10\/IMG_20230922_111602-Kopiowanie-1536x1152.jpg 1536w, https:\/\/zzit.org.pl\/okregi\/wielkopolskolubuski\/wp-content\/uploads\/sites\/11\/2023\/10\/IMG_20230922_111602-Kopiowanie-400x300.jpg 400w, https:\/\/zzit.org.pl\/okregi\/wielkopolskolubuski\/wp-content\/uploads\/sites\/11\/2023\/10\/IMG_20230922_111602-Kopiowanie.jpg 1600w\" sizes=\"auto, (max-width: 584px) 100vw, 584px\" \/><\/a><\/p>\n","protected":false},"excerpt":{"rendered":"<p>Posiedzenie Zarz\u0105du ZZIT Okr\u0119gu Wielkopolsko &#8211; Lubuskiego W dniu 22-09-2023 w Cichowie o godz. 11 odby\u0142o si\u0119 posiedzenie Zarz\u0105du ZZIT\u00a0 Okr\u0119gu Wielkopolsko \u2013 Lubuskiego<\/p>\n","protected":false},"author":9,"featured_media":0,"parent":3515,"menu_order":0,"comment_status":"closed","ping_status":"closed","template":"","meta":{"footnotes":""},"class_list":["post-3718","page","type-page","status-publish","hentry"],"_links":{"self":[{"href":"https:\/\/zzit.org.pl\/okregi\/wielkopolskolubuski\/wp-json\/wp\/v2\/pages\/3718","targetHints":{"allow":["GET"]}}],"collection":[{"href":"https:\/\/zzit.org.pl\/okregi\/wielkopolskolubuski\/wp-json\/wp\/v2\/pages"}],"about":[{"href":"https:\/\/zzit.org.pl\/okregi\/wielkopolskolubuski\/wp-json\/wp\/v2\/types\/page"}],"author":[{"embeddable":true,"href":"https:\/\/zzit.org.pl\/okregi\/wielkopolskolubuski\/wp-json\/wp\/v2\/users\/9"}],"replies":[{"embeddable":true,"href":"https:\/\/zzit.org.pl\/okregi\/wielkopolskolubuski\/wp-json\/wp\/v2\/comments?post=3718"}],"version-history":[{"count":3,"href":"https:\/\/zzit.org.pl\/okregi\/wielkopolskolubuski\/wp-json\/wp\/v2\/pages\/3718\/revisions"}],"predecessor-version":[{"id":3721,"href":"https:\/\/zzit.org.pl\/okregi\/wielkopolskolubuski\/wp-json\/wp\/v2\/pages\/3718\/revisions\/3721"}],"up":[{"embeddable":true,"href":"https:\/\/zzit.org.pl\/okregi\/wielkopolskolubuski\/wp-json\/wp\/v2\/pages\/3515"}],"wp:attachment":[{"href":"https:\/\/zzit.org.pl\/okregi\/wielkopolskolubuski\/wp-json\/wp\/v2\/media?parent=3718"}],"curies":[{"name":"wp","href":"https:\/\/api.w.org\/{rel}","templated":true}]}}