{"id":3710,"date":"2023-10-03T10:55:19","date_gmt":"2023-10-03T10:55:19","guid":{"rendered":"https:\/\/zzit.org.pl\/okregi\/wielkopolskolubuski\/?page_id=3710"},"modified":"2023-10-03T11:08:09","modified_gmt":"2023-10-03T11:08:09","slug":"oznaczenia-22-09-2023-cichowo","status":"publish","type":"page","link":"https:\/\/zzit.org.pl\/okregi\/wielkopolskolubuski\/galeria\/2023-2\/oznaczenia-22-09-2023-cichowo\/","title":{"rendered":"OZNACZENIA 22-09-2023- CICHOWO"},"content":{"rendered":"<p style=\"text-align: center\"><strong>OZNACZENIA<\/strong><\/p>\n<p><strong>W dniu 23-09-2023 Zwi\u0105zek Zawodowy In\u017cynier\u00f3w i Technik\u00f3w- Zarz\u0105d Krajowy przyznaje\u00a0 kol. Stanis\u0142aw Lewandowski\u00a0 Srebrn\u0105 Oznak\u0119 Honorow\u0105 ZZIT \u2013 Gratulacje sk\u0142ada Zarz\u0105d Okr\u0119gu Wielkopolsko \u2013 Lubuskiego<\/strong><\/p>\n<p><a href=\"https:\/\/zzit.org.pl\/okregi\/wielkopolskolubuski\/wp-content\/uploads\/sites\/11\/2023\/10\/IMG_20230922_154157-Kopiowanie.jpg\"><img loading=\"lazy\" decoding=\"async\" class=\"alignnone size-large wp-image-3655\" src=\"https:\/\/zzit.org.pl\/okregi\/wielkopolskolubuski\/wp-content\/uploads\/sites\/11\/2023\/10\/IMG_20230922_154157-Kopiowanie-1024x768.jpg\" alt=\"\" width=\"584\" height=\"438\" srcset=\"https:\/\/zzit.org.pl\/okregi\/wielkopolskolubuski\/wp-content\/uploads\/sites\/11\/2023\/10\/IMG_20230922_154157-Kopiowanie-1024x768.jpg 1024w, https:\/\/zzit.org.pl\/okregi\/wielkopolskolubuski\/wp-content\/uploads\/sites\/11\/2023\/10\/IMG_20230922_154157-Kopiowanie-300x225.jpg 300w, https:\/\/zzit.org.pl\/okregi\/wielkopolskolubuski\/wp-content\/uploads\/sites\/11\/2023\/10\/IMG_20230922_154157-Kopiowanie-768x576.jpg 768w, https:\/\/zzit.org.pl\/okregi\/wielkopolskolubuski\/wp-content\/uploads\/sites\/11\/2023\/10\/IMG_20230922_154157-Kopiowanie-1536x1152.jpg 1536w, https:\/\/zzit.org.pl\/okregi\/wielkopolskolubuski\/wp-content\/uploads\/sites\/11\/2023\/10\/IMG_20230922_154157-Kopiowanie-400x300.jpg 400w, https:\/\/zzit.org.pl\/okregi\/wielkopolskolubuski\/wp-content\/uploads\/sites\/11\/2023\/10\/IMG_20230922_154157-Kopiowanie.jpg 1600w\" sizes=\"auto, (max-width: 584px) 100vw, 584px\" \/><\/a><\/p>\n<p><strong>W dniu 23-09-2023 Zwi\u0105zek Zawodowy In\u017cynier\u00f3w i Technik\u00f3w- Zarz\u0105d Krajowy przyznaje\u00a0 kol. Bogdan Kistowski Srebrn\u0105 Oznak\u0119 Honorow\u0105 ZZIT \u2013 Gratulacje sk\u0142ada Zarz\u0105d Okr\u0119gu Wielkopolsko \u2013 Lubuskiego<\/strong><\/p>\n<p><a href=\"https:\/\/zzit.org.pl\/okregi\/wielkopolskolubuski\/wp-content\/uploads\/sites\/11\/2023\/10\/IMG_20230922_154122-Kopiowanie.jpg\"><img loading=\"lazy\" decoding=\"async\" class=\"alignnone size-large wp-image-3657\" src=\"https:\/\/zzit.org.pl\/okregi\/wielkopolskolubuski\/wp-content\/uploads\/sites\/11\/2023\/10\/IMG_20230922_154122-Kopiowanie-1024x768.jpg\" alt=\"\" width=\"584\" height=\"438\" srcset=\"https:\/\/zzit.org.pl\/okregi\/wielkopolskolubuski\/wp-content\/uploads\/sites\/11\/2023\/10\/IMG_20230922_154122-Kopiowanie-1024x768.jpg 1024w, https:\/\/zzit.org.pl\/okregi\/wielkopolskolubuski\/wp-content\/uploads\/sites\/11\/2023\/10\/IMG_20230922_154122-Kopiowanie-300x225.jpg 300w, https:\/\/zzit.org.pl\/okregi\/wielkopolskolubuski\/wp-content\/uploads\/sites\/11\/2023\/10\/IMG_20230922_154122-Kopiowanie-768x576.jpg 768w, https:\/\/zzit.org.pl\/okregi\/wielkopolskolubuski\/wp-content\/uploads\/sites\/11\/2023\/10\/IMG_20230922_154122-Kopiowanie-1536x1152.jpg 1536w, https:\/\/zzit.org.pl\/okregi\/wielkopolskolubuski\/wp-content\/uploads\/sites\/11\/2023\/10\/IMG_20230922_154122-Kopiowanie-400x300.jpg 400w, https:\/\/zzit.org.pl\/okregi\/wielkopolskolubuski\/wp-content\/uploads\/sites\/11\/2023\/10\/IMG_20230922_154122-Kopiowanie.jpg 1600w\" sizes=\"auto, (max-width: 584px) 100vw, 584px\" \/><\/a><\/p>\n<p><strong>W dniu 23-09-2023 Zwi\u0105zek Zawodowy In\u017cynier\u00f3w i Technik\u00f3w- Zarz\u0105d Krajowy przyznaje\u00a0 kol. Katarzyna Szach i -Dyplom uznania\u00a0 ZZIT \u2013 Gratulacje sk\u0142ada Zarz\u0105d Okr\u0119gu Wielkopolsko \u2013 Lubuskieg<\/strong><\/p>\n<p><a href=\"https:\/\/zzit.org.pl\/okregi\/wielkopolskolubuski\/wp-content\/uploads\/sites\/11\/2023\/10\/IMG_20230922_154050-Kopiowanie.jpg\"><img loading=\"lazy\" decoding=\"async\" class=\"alignnone size-large wp-image-3658\" src=\"https:\/\/zzit.org.pl\/okregi\/wielkopolskolubuski\/wp-content\/uploads\/sites\/11\/2023\/10\/IMG_20230922_154050-Kopiowanie-1024x768.jpg\" alt=\"\" width=\"584\" height=\"438\" srcset=\"https:\/\/zzit.org.pl\/okregi\/wielkopolskolubuski\/wp-content\/uploads\/sites\/11\/2023\/10\/IMG_20230922_154050-Kopiowanie-1024x768.jpg 1024w, https:\/\/zzit.org.pl\/okregi\/wielkopolskolubuski\/wp-content\/uploads\/sites\/11\/2023\/10\/IMG_20230922_154050-Kopiowanie-300x225.jpg 300w, https:\/\/zzit.org.pl\/okregi\/wielkopolskolubuski\/wp-content\/uploads\/sites\/11\/2023\/10\/IMG_20230922_154050-Kopiowanie-768x576.jpg 768w, https:\/\/zzit.org.pl\/okregi\/wielkopolskolubuski\/wp-content\/uploads\/sites\/11\/2023\/10\/IMG_20230922_154050-Kopiowanie-1536x1152.jpg 1536w, https:\/\/zzit.org.pl\/okregi\/wielkopolskolubuski\/wp-content\/uploads\/sites\/11\/2023\/10\/IMG_20230922_154050-Kopiowanie-400x300.jpg 400w, https:\/\/zzit.org.pl\/okregi\/wielkopolskolubuski\/wp-content\/uploads\/sites\/11\/2023\/10\/IMG_20230922_154050-Kopiowanie.jpg 1600w\" sizes=\"auto, (max-width: 584px) 100vw, 584px\" \/><\/a><\/p>\n","protected":false},"excerpt":{"rendered":"<p>OZNACZENIA W dniu 23-09-2023 Zwi\u0105zek Zawodowy In\u017cynier\u00f3w i Technik\u00f3w- Zarz\u0105d Krajowy przyznaje\u00a0 kol. Stanis\u0142aw Lewandowski\u00a0 Srebrn\u0105 Oznak\u0119 Honorow\u0105 ZZIT \u2013 Gratulacje sk\u0142ada Zarz\u0105d Okr\u0119gu Wielkopolsko \u2013 Lubuskiego W dniu 23-09-2023 Zwi\u0105zek Zawodowy In\u017cynier\u00f3w i Technik\u00f3w- Zarz\u0105d Krajowy przyznaje\u00a0 kol. Bogdan &hellip; <a href=\"https:\/\/zzit.org.pl\/okregi\/wielkopolskolubuski\/galeria\/2023-2\/oznaczenia-22-09-2023-cichowo\/\">Czytaj dalej <span class=\"meta-nav\">&rarr;<\/span><\/a><\/p>\n","protected":false},"author":9,"featured_media":0,"parent":3515,"menu_order":0,"comment_status":"closed","ping_status":"closed","template":"","meta":{"footnotes":""},"class_list":["post-3710","page","type-page","status-publish","hentry"],"_links":{"self":[{"href":"https:\/\/zzit.org.pl\/okregi\/wielkopolskolubuski\/wp-json\/wp\/v2\/pages\/3710","targetHints":{"allow":["GET"]}}],"collection":[{"href":"https:\/\/zzit.org.pl\/okregi\/wielkopolskolubuski\/wp-json\/wp\/v2\/pages"}],"about":[{"href":"https:\/\/zzit.org.pl\/okregi\/wielkopolskolubuski\/wp-json\/wp\/v2\/types\/page"}],"author":[{"embeddable":true,"href":"https:\/\/zzit.org.pl\/okregi\/wielkopolskolubuski\/wp-json\/wp\/v2\/users\/9"}],"replies":[{"embeddable":true,"href":"https:\/\/zzit.org.pl\/okregi\/wielkopolskolubuski\/wp-json\/wp\/v2\/comments?post=3710"}],"version-history":[{"count":2,"href":"https:\/\/zzit.org.pl\/okregi\/wielkopolskolubuski\/wp-json\/wp\/v2\/pages\/3710\/revisions"}],"predecessor-version":[{"id":3712,"href":"https:\/\/zzit.org.pl\/okregi\/wielkopolskolubuski\/wp-json\/wp\/v2\/pages\/3710\/revisions\/3712"}],"up":[{"embeddable":true,"href":"https:\/\/zzit.org.pl\/okregi\/wielkopolskolubuski\/wp-json\/wp\/v2\/pages\/3515"}],"wp:attachment":[{"href":"https:\/\/zzit.org.pl\/okregi\/wielkopolskolubuski\/wp-json\/wp\/v2\/media?parent=3710"}],"curies":[{"name":"wp","href":"https:\/\/api.w.org\/{rel}","templated":true}]}}