{"id":3631,"date":"2023-07-20T08:17:25","date_gmt":"2023-07-20T08:17:25","guid":{"rendered":"https:\/\/zzit.org.pl\/okregi\/wielkopolskolubuski\/?page_id=3631"},"modified":"2023-07-20T08:17:36","modified_gmt":"2023-07-20T08:17:36","slug":"splyw-po-drawie-w-drawienskim-parku-narodowym","status":"publish","type":"page","link":"https:\/\/zzit.org.pl\/okregi\/wielkopolskolubuski\/galeria\/2023-2\/splyw-po-drawie-w-drawienskim-parku-narodowym\/","title":{"rendered":"\u00a0 Sp\u0142yw po Drawie w Drawie\u0144skim Parku Narodowym\u00a0"},"content":{"rendered":"<div><\/div>\n<div>\u00a0 \u00a0 \u00a0 \u00a0 \u00a0 \u00a0 \u00a0 \u00a0<strong> \u00a0 \u00a0 \u00a0 Sp\u0142yw po Drawie w Drawie\u0144skim Parku Narodowym\u00a0<\/strong><\/div>\n<div class=\"wp-block-image\" style=\"text-align: center\">\n<figure>\n<div class=\"gwp1a97f738_elementToProof\">W czerwcu sp\u0142yw po Drawie w drawie\u0144skim parku narodowym<\/div>\n<div class=\"gwp1a97f738_elementToProof\"><span class=\"gwp1a97f738_ContentPasted0\">Zosta\u0142 utworzony 1 maja 1990 r., jego powierzchnia wynosi 11.535,66 ha. Drawie\u0144ski Park Narodowy to najbardziej malowniczy fragment R\u00f3wniny Drawskiej, du\u017cego obszaru sandrowego na Pojezierzu Pomorskim, zaj\u0119tego przez zwarty kompleks le\u015bny Puszczy Drawskiej, zwanej te\u017c Puszcz\u0105 nad Draw\u0105. Park narodowy, o charakterystycznym kszta\u0142cie zbli\u017conym do litery V obejmuje dolin\u0119 rzeki Drawy i jej dop\u0142ywu &#8211; P\u0142ocicznej oraz fragmenty Puszczy wraz ze \u015br\u00f3dle\u015bnymi \u0142\u0105kami, torfowiskami\u00a0 \u00a0 \u00a0 \u00a0 \u00a0 \u00a0 \u00a0 \u00a0 \u00a0 \u00a0i jeziorami. Z obszarem Parku i otuliny zwi\u0105zana jest zlewnia Drawy\u00a0 \u00a0 \u00a0 \u00a0 \u00a0 \u00a0 \u00a0 \u00a0 \u00a0 \u00a0 \u00a0o powierzchni 567 km2.<\/span><\/div>\n<\/figure>\n<div><a href=\"https:\/\/zzit.org.pl\/okregi\/wielkopolskolubuski\/wp-content\/uploads\/sites\/11\/2023\/07\/20230708_110712-Kopiowanie.jpg\"><img loading=\"lazy\" decoding=\"async\" class=\"alignnone size-large wp-image-3627\" src=\"https:\/\/zzit.org.pl\/okregi\/wielkopolskolubuski\/wp-content\/uploads\/sites\/11\/2023\/07\/20230708_110712-Kopiowanie-1024x614.jpg\" alt=\"\" width=\"584\" height=\"350\" srcset=\"https:\/\/zzit.org.pl\/okregi\/wielkopolskolubuski\/wp-content\/uploads\/sites\/11\/2023\/07\/20230708_110712-Kopiowanie-1024x614.jpg 1024w, https:\/\/zzit.org.pl\/okregi\/wielkopolskolubuski\/wp-content\/uploads\/sites\/11\/2023\/07\/20230708_110712-Kopiowanie-300x180.jpg 300w, https:\/\/zzit.org.pl\/okregi\/wielkopolskolubuski\/wp-content\/uploads\/sites\/11\/2023\/07\/20230708_110712-Kopiowanie-768x461.jpg 768w, https:\/\/zzit.org.pl\/okregi\/wielkopolskolubuski\/wp-content\/uploads\/sites\/11\/2023\/07\/20230708_110712-Kopiowanie-1536x922.jpg 1536w, https:\/\/zzit.org.pl\/okregi\/wielkopolskolubuski\/wp-content\/uploads\/sites\/11\/2023\/07\/20230708_110712-Kopiowanie-500x300.jpg 500w, https:\/\/zzit.org.pl\/okregi\/wielkopolskolubuski\/wp-content\/uploads\/sites\/11\/2023\/07\/20230708_110712-Kopiowanie.jpg 1605w\" sizes=\"auto, (max-width: 584px) 100vw, 584px\" \/><\/a> <a href=\"https:\/\/zzit.org.pl\/okregi\/wielkopolskolubuski\/wp-content\/uploads\/sites\/11\/2023\/07\/20230708_132410-Kopiowanie.jpg\"><img loading=\"lazy\" decoding=\"async\" class=\"alignnone size-large wp-image-3628\" src=\"https:\/\/zzit.org.pl\/okregi\/wielkopolskolubuski\/wp-content\/uploads\/sites\/11\/2023\/07\/20230708_132410-Kopiowanie-1024x461.jpg\" alt=\"\" width=\"584\" height=\"263\" srcset=\"https:\/\/zzit.org.pl\/okregi\/wielkopolskolubuski\/wp-content\/uploads\/sites\/11\/2023\/07\/20230708_132410-Kopiowanie-1024x461.jpg 1024w, https:\/\/zzit.org.pl\/okregi\/wielkopolskolubuski\/wp-content\/uploads\/sites\/11\/2023\/07\/20230708_132410-Kopiowanie-300x135.jpg 300w, https:\/\/zzit.org.pl\/okregi\/wielkopolskolubuski\/wp-content\/uploads\/sites\/11\/2023\/07\/20230708_132410-Kopiowanie-768x345.jpg 768w, https:\/\/zzit.org.pl\/okregi\/wielkopolskolubuski\/wp-content\/uploads\/sites\/11\/2023\/07\/20230708_132410-Kopiowanie-1536x691.jpg 1536w, https:\/\/zzit.org.pl\/okregi\/wielkopolskolubuski\/wp-content\/uploads\/sites\/11\/2023\/07\/20230708_132410-Kopiowanie-500x225.jpg 500w, https:\/\/zzit.org.pl\/okregi\/wielkopolskolubuski\/wp-content\/uploads\/sites\/11\/2023\/07\/20230708_132410-Kopiowanie.jpg 1605w\" sizes=\"auto, (max-width: 584px) 100vw, 584px\" \/><\/a> <a href=\"https:\/\/zzit.org.pl\/okregi\/wielkopolskolubuski\/wp-content\/uploads\/sites\/11\/2023\/07\/20230708_132608-Kopiowanie.jpg\"><img loading=\"lazy\" decoding=\"async\" class=\"alignnone size-large wp-image-3629\" src=\"https:\/\/zzit.org.pl\/okregi\/wielkopolskolubuski\/wp-content\/uploads\/sites\/11\/2023\/07\/20230708_132608-Kopiowanie-1024x461.jpg\" alt=\"\" width=\"584\" height=\"263\" srcset=\"https:\/\/zzit.org.pl\/okregi\/wielkopolskolubuski\/wp-content\/uploads\/sites\/11\/2023\/07\/20230708_132608-Kopiowanie-1024x461.jpg 1024w, https:\/\/zzit.org.pl\/okregi\/wielkopolskolubuski\/wp-content\/uploads\/sites\/11\/2023\/07\/20230708_132608-Kopiowanie-300x135.jpg 300w, https:\/\/zzit.org.pl\/okregi\/wielkopolskolubuski\/wp-content\/uploads\/sites\/11\/2023\/07\/20230708_132608-Kopiowanie-768x345.jpg 768w, https:\/\/zzit.org.pl\/okregi\/wielkopolskolubuski\/wp-content\/uploads\/sites\/11\/2023\/07\/20230708_132608-Kopiowanie-1536x691.jpg 1536w, https:\/\/zzit.org.pl\/okregi\/wielkopolskolubuski\/wp-content\/uploads\/sites\/11\/2023\/07\/20230708_132608-Kopiowanie-500x225.jpg 500w, https:\/\/zzit.org.pl\/okregi\/wielkopolskolubuski\/wp-content\/uploads\/sites\/11\/2023\/07\/20230708_132608-Kopiowanie.jpg 1605w\" sizes=\"auto, (max-width: 584px) 100vw, 584px\" \/><\/a><\/div>\n<\/div>\n","protected":false},"excerpt":{"rendered":"<p>\u00a0 \u00a0 \u00a0 \u00a0 \u00a0 \u00a0 \u00a0 \u00a0 \u00a0 \u00a0 \u00a0 Sp\u0142yw po Drawie w Drawie\u0144skim Parku Narodowym\u00a0 W czerwcu sp\u0142yw po Drawie w drawie\u0144skim parku narodowym Zosta\u0142 utworzony 1 maja 1990 r., jego powierzchnia wynosi 11.535,66 ha. Drawie\u0144ski Park &hellip; <a href=\"https:\/\/zzit.org.pl\/okregi\/wielkopolskolubuski\/galeria\/2023-2\/splyw-po-drawie-w-drawienskim-parku-narodowym\/\">Czytaj dalej <span class=\"meta-nav\">&rarr;<\/span><\/a><\/p>\n","protected":false},"author":9,"featured_media":0,"parent":3515,"menu_order":0,"comment_status":"closed","ping_status":"closed","template":"","meta":{"footnotes":""},"class_list":["post-3631","page","type-page","status-publish","hentry"],"_links":{"self":[{"href":"https:\/\/zzit.org.pl\/okregi\/wielkopolskolubuski\/wp-json\/wp\/v2\/pages\/3631","targetHints":{"allow":["GET"]}}],"collection":[{"href":"https:\/\/zzit.org.pl\/okregi\/wielkopolskolubuski\/wp-json\/wp\/v2\/pages"}],"about":[{"href":"https:\/\/zzit.org.pl\/okregi\/wielkopolskolubuski\/wp-json\/wp\/v2\/types\/page"}],"author":[{"embeddable":true,"href":"https:\/\/zzit.org.pl\/okregi\/wielkopolskolubuski\/wp-json\/wp\/v2\/users\/9"}],"replies":[{"embeddable":true,"href":"https:\/\/zzit.org.pl\/okregi\/wielkopolskolubuski\/wp-json\/wp\/v2\/comments?post=3631"}],"version-history":[{"count":2,"href":"https:\/\/zzit.org.pl\/okregi\/wielkopolskolubuski\/wp-json\/wp\/v2\/pages\/3631\/revisions"}],"predecessor-version":[{"id":3633,"href":"https:\/\/zzit.org.pl\/okregi\/wielkopolskolubuski\/wp-json\/wp\/v2\/pages\/3631\/revisions\/3633"}],"up":[{"embeddable":true,"href":"https:\/\/zzit.org.pl\/okregi\/wielkopolskolubuski\/wp-json\/wp\/v2\/pages\/3515"}],"wp:attachment":[{"href":"https:\/\/zzit.org.pl\/okregi\/wielkopolskolubuski\/wp-json\/wp\/v2\/media?parent=3631"}],"curies":[{"name":"wp","href":"https:\/\/api.w.org\/{rel}","templated":true}]}}