{"id":3619,"date":"2023-07-19T09:11:28","date_gmt":"2023-07-19T09:11:28","guid":{"rendered":"https:\/\/zzit.org.pl\/okregi\/wielkopolskolubuski\/?page_id=3619"},"modified":"2023-07-19T09:12:21","modified_gmt":"2023-07-19T09:12:21","slug":"3619-2","status":"publish","type":"page","link":"https:\/\/zzit.org.pl\/okregi\/wielkopolskolubuski\/galeria\/2023-2\/3619-2\/","title":{"rendered":"SP\u0141YW KAJAKOWY \u2013 ZZIT GORZ\u00d3W WIELKOPOLSKI"},"content":{"rendered":"<div class=\"wp-block-image\">\n<figure><strong>SP\u0141YW KAJAKOWY \u2013 ZZIT GORZ\u00d3W WIELKOPOLSK<\/strong>I<\/figure>\n<\/div>\n<div class=\"gwp10d0d827_elementToProof\" style=\"text-align: center\">Jak co roku dla MOZ ZZIT z Gorzowa Wlkp.,sezon kajakowy w pe\u0142ni<\/div>\n<div class=\"gwp10d0d827_elementToProof\" style=\"text-align: center\">majowy wyjazd integracyjny do Spa\u0142y i sp\u0142yw Pilic\u0105<\/div>\n<div class=\"gwp10d0d827_elementToProof\" style=\"text-align: center\"><\/div>\n<div class=\"gwp10d0d827_elementToProof\" style=\"text-align: center\"><b class=\"gwp10d0d827_ContentPasted0\">Szaniec Hubala<\/b><span class=\"gwp10d0d827_ContentPasted0\">\u00a0\u2013 symboliczna budowla z kamieni polnych w kszta\u0142cie pier\u015bcienia, znajduj\u0105ca si\u0119 na polanie opodal wsi\u00a0<\/span><a class=\"gwp10d0d827_ContentPasted0\" title=\"Anielin (powiat opoczy\u0144ski)\" href=\"https:\/\/pl.wikipedia.org\/wiki\/Anielin_(powiat_opoczy%C5%84ski)\" target=\"_blank\" rel=\"noopener noreferrer\" data-saferedirecturl=\"https:\/\/zasobygwp.pl\/redirect?sig=82d46098012268187163a236ff77e69d713ce8920bea1046fa8271a0821d0813&amp;url=aHR0cHM6Ly9wbC53aWtpcGVkaWEub3JnL3dpa2kvQW5pZWxpbl8ocG93aWF0X29wb2N6eSVDNSU4NHNraSk=&amp;platform=desktop&amp;brand=o2\" data-loopstyle=\"linkonly\">Anielin<\/a><span class=\"gwp10d0d827_ContentPasted0\">, w miejscu, gdzie o \u015bwicie\u00a0<\/span><a class=\"gwp10d0d827_ContentPasted0\" title=\"30 kwietnia\" href=\"https:\/\/pl.wikipedia.org\/wiki\/30_kwietnia\" target=\"_blank\" rel=\"noopener noreferrer\" data-saferedirecturl=\"https:\/\/zasobygwp.pl\/redirect?sig=890599ad2db099d182daa5583fa5a3d9f5bc342ec53c2789dd6ebe49c8461c0d&amp;url=aHR0cHM6Ly9wbC53aWtpcGVkaWEub3JnL3dpa2kvMzBfa3dpZXRuaWE=&amp;platform=desktop&amp;brand=o2\" data-loopstyle=\"linkonly\">30 kwietnia<\/a><span class=\"gwp10d0d827_ContentPasted0\">\u00a0<\/span><a class=\"gwp10d0d827_ContentPasted0\" title=\"1940\" href=\"https:\/\/pl.wikipedia.org\/wiki\/1940\" target=\"_blank\" rel=\"noopener noreferrer\" data-saferedirecturl=\"https:\/\/zasobygwp.pl\/redirect?sig=971a82ae87f8d9e0cf46064542072f97c463ef3fbe81bd065b634e1e8e674640&amp;url=aHR0cHM6Ly9wbC53aWtpcGVkaWEub3JnL3dpa2kvMTk0MA==&amp;platform=desktop&amp;brand=o2\" data-loopstyle=\"linkonly\">1940<\/a><span class=\"gwp10d0d827_ContentPasted0\">\u00a0w potyczce z Niemcami poleg\u0142 major\u00a0<\/span><a class=\"gwp10d0d827_ContentPasted0\" title=\"Henryk Dobrza\u0144ski\" href=\"https:\/\/pl.wikipedia.org\/wiki\/Henryk_Dobrza%C5%84ski\" target=\"_blank\" rel=\"noopener noreferrer\" data-saferedirecturl=\"https:\/\/zasobygwp.pl\/redirect?sig=524983b1de66ca9f3e2fa098bf1a21caba3fcfa23f814b4fc65fe8881405b2b9&amp;url=aHR0cHM6Ly9wbC53aWtpcGVkaWEub3JnL3dpa2kvSGVucnlrX0RvYnJ6YSVDNSU4NHNraQ==&amp;platform=desktop&amp;brand=o2\" data-loopstyle=\"linkonly\">Henryk Dobrza\u0144ski<\/a><span class=\"gwp10d0d827_ContentPasted0\">\u00a0\u201eHubal\u201d, dow\u00f3dca\u00a0<\/span><a class=\"gwp10d0d827_ContentPasted0\" title=\"Oddzia\u0142 Wydzielony Wojska Polskiego\" href=\"https:\/\/pl.wikipedia.org\/wiki\/Oddzia%C5%82_Wydzielony_Wojska_Polskiego\" target=\"_blank\" rel=\"noopener noreferrer\" data-saferedirecturl=\"https:\/\/zasobygwp.pl\/redirect?sig=fb575c68bae9256d022a0a5d8aeb7e9009a87ed47faa595d4a13313e3857f4a9&amp;url=aHR0cHM6Ly9wbC53aWtpcGVkaWEub3JnL3dpa2kvT2RkemlhJUM1JTgyX1d5ZHppZWxvbnlfV29qc2thX1BvbHNraWVnbw==&amp;platform=desktop&amp;brand=o2\" data-loopstyle=\"linkonly\">Oddzia\u0142u Wydzielonego Wojska Polskiego<\/a><span class=\"gwp10d0d827_ContentPasted0\">. Wraz z nim poleg\u0142 jego podkomendny kapral\u00a0<\/span><a class=\"gwp10d0d827_new gwp10d0d827_ContentPasted0\" title=\"Antoni Kossowski (\u017co\u0142nierz) (strona nie istnieje)\" href=\"https:\/\/pl.wikipedia.org\/w\/index.php?title=Antoni_Kossowski_(%C5%BCo%C5%82nierz)&amp;action=edit&amp;redlink=1\" target=\"_blank\" rel=\"noopener noreferrer\" data-saferedirecturl=\"https:\/\/zasobygwp.pl\/redirect?sig=7148f57b2b14f8432332ed087571b3836bfa6d7eecfd2a5ebaa084c0eca1caf1&amp;url=aHR0cHM6Ly9wbC53aWtpcGVkaWEub3JnL3cvaW5kZXgucGhwP3RpdGxlPUFudG9uaV9Lb3Nzb3dza2lfKCVDNSVCQ28lQzUlODJuaWVyeikmYWN0aW9uPWVkaXQmcmVkbGluaz0x&amp;platform=desktop&amp;brand=o2\" data-loopstyle=\"linkonly\">Antoni Kossowski<\/a><span class=\"gwp10d0d827_ContentPasted0\">\u00a0\u201eRy\u015b\u201d.<\/span><\/div>\n<div><a href=\"https:\/\/zzit.org.pl\/okregi\/wielkopolskolubuski\/wp-content\/uploads\/sites\/11\/2023\/07\/20230520_102301-Kopiowanie.jpg\"><img loading=\"lazy\" decoding=\"async\" class=\"alignnone size-large wp-image-3616\" src=\"https:\/\/zzit.org.pl\/okregi\/wielkopolskolubuski\/wp-content\/uploads\/sites\/11\/2023\/07\/20230520_102301-Kopiowanie-1024x461.jpg\" alt=\"\" width=\"584\" height=\"263\" srcset=\"https:\/\/zzit.org.pl\/okregi\/wielkopolskolubuski\/wp-content\/uploads\/sites\/11\/2023\/07\/20230520_102301-Kopiowanie-1024x461.jpg 1024w, https:\/\/zzit.org.pl\/okregi\/wielkopolskolubuski\/wp-content\/uploads\/sites\/11\/2023\/07\/20230520_102301-Kopiowanie-300x135.jpg 300w, https:\/\/zzit.org.pl\/okregi\/wielkopolskolubuski\/wp-content\/uploads\/sites\/11\/2023\/07\/20230520_102301-Kopiowanie-768x345.jpg 768w, https:\/\/zzit.org.pl\/okregi\/wielkopolskolubuski\/wp-content\/uploads\/sites\/11\/2023\/07\/20230520_102301-Kopiowanie-1536x691.jpg 1536w, https:\/\/zzit.org.pl\/okregi\/wielkopolskolubuski\/wp-content\/uploads\/sites\/11\/2023\/07\/20230520_102301-Kopiowanie-500x225.jpg 500w, https:\/\/zzit.org.pl\/okregi\/wielkopolskolubuski\/wp-content\/uploads\/sites\/11\/2023\/07\/20230520_102301-Kopiowanie.jpg 1605w\" sizes=\"auto, (max-width: 584px) 100vw, 584px\" \/><\/a> <a href=\"https:\/\/zzit.org.pl\/okregi\/wielkopolskolubuski\/wp-content\/uploads\/sites\/11\/2023\/07\/20230520_111305-Kopiowanie.jpg\"><img loading=\"lazy\" decoding=\"async\" class=\"alignnone size-large wp-image-3617\" src=\"https:\/\/zzit.org.pl\/okregi\/wielkopolskolubuski\/wp-content\/uploads\/sites\/11\/2023\/07\/20230520_111305-Kopiowanie-1024x461.jpg\" alt=\"\" width=\"584\" height=\"263\" srcset=\"https:\/\/zzit.org.pl\/okregi\/wielkopolskolubuski\/wp-content\/uploads\/sites\/11\/2023\/07\/20230520_111305-Kopiowanie-1024x461.jpg 1024w, https:\/\/zzit.org.pl\/okregi\/wielkopolskolubuski\/wp-content\/uploads\/sites\/11\/2023\/07\/20230520_111305-Kopiowanie-300x135.jpg 300w, https:\/\/zzit.org.pl\/okregi\/wielkopolskolubuski\/wp-content\/uploads\/sites\/11\/2023\/07\/20230520_111305-Kopiowanie-768x345.jpg 768w, https:\/\/zzit.org.pl\/okregi\/wielkopolskolubuski\/wp-content\/uploads\/sites\/11\/2023\/07\/20230520_111305-Kopiowanie-1536x691.jpg 1536w, https:\/\/zzit.org.pl\/okregi\/wielkopolskolubuski\/wp-content\/uploads\/sites\/11\/2023\/07\/20230520_111305-Kopiowanie-500x225.jpg 500w, https:\/\/zzit.org.pl\/okregi\/wielkopolskolubuski\/wp-content\/uploads\/sites\/11\/2023\/07\/20230520_111305-Kopiowanie.jpg 1605w\" sizes=\"auto, (max-width: 584px) 100vw, 584px\" \/><\/a><\/div>\n<div><a href=\"https:\/\/zzit.org.pl\/okregi\/wielkopolskolubuski\/wp-content\/uploads\/sites\/11\/2023\/07\/20230519_135759-Kopiowanie.jpg\"><img loading=\"lazy\" decoding=\"async\" class=\"alignnone size-large wp-image-3620\" src=\"https:\/\/zzit.org.pl\/okregi\/wielkopolskolubuski\/wp-content\/uploads\/sites\/11\/2023\/07\/20230519_135759-Kopiowanie-1024x461.jpg\" alt=\"\" width=\"584\" height=\"263\" srcset=\"https:\/\/zzit.org.pl\/okregi\/wielkopolskolubuski\/wp-content\/uploads\/sites\/11\/2023\/07\/20230519_135759-Kopiowanie-1024x461.jpg 1024w, https:\/\/zzit.org.pl\/okregi\/wielkopolskolubuski\/wp-content\/uploads\/sites\/11\/2023\/07\/20230519_135759-Kopiowanie-300x135.jpg 300w, https:\/\/zzit.org.pl\/okregi\/wielkopolskolubuski\/wp-content\/uploads\/sites\/11\/2023\/07\/20230519_135759-Kopiowanie-768x345.jpg 768w, https:\/\/zzit.org.pl\/okregi\/wielkopolskolubuski\/wp-content\/uploads\/sites\/11\/2023\/07\/20230519_135759-Kopiowanie-1536x691.jpg 1536w, https:\/\/zzit.org.pl\/okregi\/wielkopolskolubuski\/wp-content\/uploads\/sites\/11\/2023\/07\/20230519_135759-Kopiowanie-500x225.jpg 500w, https:\/\/zzit.org.pl\/okregi\/wielkopolskolubuski\/wp-content\/uploads\/sites\/11\/2023\/07\/20230519_135759-Kopiowanie.jpg 1605w\" sizes=\"auto, (max-width: 584px) 100vw, 584px\" \/><\/a> <a href=\"https:\/\/zzit.org.pl\/okregi\/wielkopolskolubuski\/wp-content\/uploads\/sites\/11\/2023\/07\/20230520_125254-Kopiowanie.jpg\"><img loading=\"lazy\" decoding=\"async\" class=\"size-large wp-image-3622 aligncenter\" src=\"https:\/\/zzit.org.pl\/okregi\/wielkopolskolubuski\/wp-content\/uploads\/sites\/11\/2023\/07\/20230520_125254-Kopiowanie-461x1024.jpg\" alt=\"\" width=\"461\" height=\"1024\" srcset=\"https:\/\/zzit.org.pl\/okregi\/wielkopolskolubuski\/wp-content\/uploads\/sites\/11\/2023\/07\/20230520_125254-Kopiowanie-461x1024.jpg 461w, https:\/\/zzit.org.pl\/okregi\/wielkopolskolubuski\/wp-content\/uploads\/sites\/11\/2023\/07\/20230520_125254-Kopiowanie-135x300.jpg 135w, https:\/\/zzit.org.pl\/okregi\/wielkopolskolubuski\/wp-content\/uploads\/sites\/11\/2023\/07\/20230520_125254-Kopiowanie.jpg 540w\" sizes=\"auto, (max-width: 461px) 100vw, 461px\" \/><\/a><\/div>\n","protected":false},"excerpt":{"rendered":"<p>SP\u0141YW KAJAKOWY \u2013 ZZIT GORZ\u00d3W WIELKOPOLSKI Jak co roku dla MOZ ZZIT z Gorzowa Wlkp.,sezon kajakowy w pe\u0142ni majowy wyjazd integracyjny do Spa\u0142y i sp\u0142yw Pilic\u0105 Szaniec Hubala\u00a0\u2013 symboliczna budowla z kamieni polnych w kszta\u0142cie pier\u015bcienia, znajduj\u0105ca si\u0119 na polanie &hellip; <a href=\"https:\/\/zzit.org.pl\/okregi\/wielkopolskolubuski\/galeria\/2023-2\/3619-2\/\">Czytaj dalej <span class=\"meta-nav\">&rarr;<\/span><\/a><\/p>\n","protected":false},"author":9,"featured_media":0,"parent":3515,"menu_order":0,"comment_status":"closed","ping_status":"closed","template":"","meta":{"footnotes":""},"class_list":["post-3619","page","type-page","status-publish","hentry"],"_links":{"self":[{"href":"https:\/\/zzit.org.pl\/okregi\/wielkopolskolubuski\/wp-json\/wp\/v2\/pages\/3619","targetHints":{"allow":["GET"]}}],"collection":[{"href":"https:\/\/zzit.org.pl\/okregi\/wielkopolskolubuski\/wp-json\/wp\/v2\/pages"}],"about":[{"href":"https:\/\/zzit.org.pl\/okregi\/wielkopolskolubuski\/wp-json\/wp\/v2\/types\/page"}],"author":[{"embeddable":true,"href":"https:\/\/zzit.org.pl\/okregi\/wielkopolskolubuski\/wp-json\/wp\/v2\/users\/9"}],"replies":[{"embeddable":true,"href":"https:\/\/zzit.org.pl\/okregi\/wielkopolskolubuski\/wp-json\/wp\/v2\/comments?post=3619"}],"version-history":[{"count":3,"href":"https:\/\/zzit.org.pl\/okregi\/wielkopolskolubuski\/wp-json\/wp\/v2\/pages\/3619\/revisions"}],"predecessor-version":[{"id":3625,"href":"https:\/\/zzit.org.pl\/okregi\/wielkopolskolubuski\/wp-json\/wp\/v2\/pages\/3619\/revisions\/3625"}],"up":[{"embeddable":true,"href":"https:\/\/zzit.org.pl\/okregi\/wielkopolskolubuski\/wp-json\/wp\/v2\/pages\/3515"}],"wp:attachment":[{"href":"https:\/\/zzit.org.pl\/okregi\/wielkopolskolubuski\/wp-json\/wp\/v2\/media?parent=3619"}],"curies":[{"name":"wp","href":"https:\/\/api.w.org\/{rel}","templated":true}]}}