{"id":3609,"date":"2023-07-03T09:15:06","date_gmt":"2023-07-03T09:15:06","guid":{"rendered":"https:\/\/zzit.org.pl\/okregi\/wielkopolskolubuski\/?page_id=3609"},"modified":"2023-07-03T09:16:09","modified_gmt":"2023-07-03T09:16:09","slug":"obchody-67-rocznicy-wydarzen-poznanski-czerwiec-1956-r","status":"publish","type":"page","link":"https:\/\/zzit.org.pl\/okregi\/wielkopolskolubuski\/galeria\/2023-2\/obchody-67-rocznicy-wydarzen-poznanski-czerwiec-1956-r\/","title":{"rendered":"Obchody 67 rocznicy wydarze\u0144 Pozna\u0144ski Czerwiec 1956 r"},"content":{"rendered":"<p style=\"text-align: center\"><strong>Obchody 67 rocznicy wydarze\u0144 Pozna\u0144ski Czerwiec 1956 r<\/strong><\/p>\n<p><a href=\"https:\/\/zzit.org.pl\/okregi\/wielkopolskolubuski\/wp-content\/uploads\/sites\/11\/2023\/07\/85-85296.jpg\"><img loading=\"lazy\" decoding=\"async\" class=\"alignnone size-full wp-image-3590\" src=\"https:\/\/zzit.org.pl\/okregi\/wielkopolskolubuski\/wp-content\/uploads\/sites\/11\/2023\/07\/85-85296.jpg\" alt=\"\" width=\"800\" height=\"694\" srcset=\"https:\/\/zzit.org.pl\/okregi\/wielkopolskolubuski\/wp-content\/uploads\/sites\/11\/2023\/07\/85-85296.jpg 800w, https:\/\/zzit.org.pl\/okregi\/wielkopolskolubuski\/wp-content\/uploads\/sites\/11\/2023\/07\/85-85296-300x260.jpg 300w, https:\/\/zzit.org.pl\/okregi\/wielkopolskolubuski\/wp-content\/uploads\/sites\/11\/2023\/07\/85-85296-768x666.jpg 768w, https:\/\/zzit.org.pl\/okregi\/wielkopolskolubuski\/wp-content\/uploads\/sites\/11\/2023\/07\/85-85296-346x300.jpg 346w\" sizes=\"auto, (max-width: 800px) 100vw, 800px\" \/><\/a> <a href=\"https:\/\/zzit.org.pl\/okregi\/wielkopolskolubuski\/wp-content\/uploads\/sites\/11\/2023\/07\/85-85301.jpg\"><img loading=\"lazy\" decoding=\"async\" class=\"alignnone size-large wp-image-3591\" src=\"https:\/\/zzit.org.pl\/okregi\/wielkopolskolubuski\/wp-content\/uploads\/sites\/11\/2023\/07\/85-85301.jpg\" alt=\"\" width=\"584\" height=\"445\" srcset=\"https:\/\/zzit.org.pl\/okregi\/wielkopolskolubuski\/wp-content\/uploads\/sites\/11\/2023\/07\/85-85301.jpg 800w, https:\/\/zzit.org.pl\/okregi\/wielkopolskolubuski\/wp-content\/uploads\/sites\/11\/2023\/07\/85-85301-300x229.jpg 300w, https:\/\/zzit.org.pl\/okregi\/wielkopolskolubuski\/wp-content\/uploads\/sites\/11\/2023\/07\/85-85301-768x586.jpg 768w, https:\/\/zzit.org.pl\/okregi\/wielkopolskolubuski\/wp-content\/uploads\/sites\/11\/2023\/07\/85-85301-393x300.jpg 393w\" sizes=\"auto, (max-width: 584px) 100vw, 584px\" \/><\/a> <a href=\"https:\/\/zzit.org.pl\/okregi\/wielkopolskolubuski\/wp-content\/uploads\/sites\/11\/2023\/07\/85-85295.jpg\"><img loading=\"lazy\" decoding=\"async\" class=\"alignnone size-large wp-image-3592\" src=\"https:\/\/zzit.org.pl\/okregi\/wielkopolskolubuski\/wp-content\/uploads\/sites\/11\/2023\/07\/85-85295.jpg\" alt=\"\" width=\"584\" height=\"509\" srcset=\"https:\/\/zzit.org.pl\/okregi\/wielkopolskolubuski\/wp-content\/uploads\/sites\/11\/2023\/07\/85-85295.jpg 800w, https:\/\/zzit.org.pl\/okregi\/wielkopolskolubuski\/wp-content\/uploads\/sites\/11\/2023\/07\/85-85295-300x261.jpg 300w, https:\/\/zzit.org.pl\/okregi\/wielkopolskolubuski\/wp-content\/uploads\/sites\/11\/2023\/07\/85-85295-768x669.jpg 768w, https:\/\/zzit.org.pl\/okregi\/wielkopolskolubuski\/wp-content\/uploads\/sites\/11\/2023\/07\/85-85295-344x300.jpg 344w\" sizes=\"auto, (max-width: 584px) 100vw, 584px\" \/><\/a><\/p>\n<p class=\"gwpac84a29e_gwp06a81e06_MsoNormal\" style=\"text-align: center\">W zwi\u0105zku z wydarzeniami Pozna\u0144skiego Czerwca 56\u2019<\/p>\n<p class=\"gwpac84a29e_gwp06a81e06_MsoNormal\" style=\"text-align: center\">H. Cegielski- Poznan SA zorganizowano:<\/p>\n<p style=\"text-align: center\">\u00a025 czerwca br odby\u0142 si\u0119 bieg, w kt\u00f3rym wzi\u0119\u0142o udzia\u0142 ok 1000 uczestnik\u00f3w z Firmy i mieszka\u0144c\u00f3w, w\u015br\u00f3d nich r\u00f3wnie\u017c cz\u0142onkowie OM ZZIT wraz z dzie\u0107mi.<\/p>\n<p style=\"text-align: center\">\u00a028 czerwca br-obchody 67 rocznicy wydarze\u0144 Pozna\u0144ski Czerwiec 56\u2019. Nie ka\u017cdy wie, \u017ce wydarzenia w Poznaniu spowodowa\u0142y zmiany w ca\u0142ym kraju. Pozna\u0144ski Czerwiec \u201956 by\u0142 pierwszym wielkim buntem robotniczym w dziejach PRL. Po nim nast\u0105pi\u0142y kolejne \u2013 w 1970, 1976 i 1980 roku. 28 czerwca 1956 roku robotnicy z pozna\u0144skich zak\u0142ad\u00f3w zbuntowali si\u0119 przeciwko z\u0142ym warunkom pracy, n\u0119dznym zarobkom i niskiemu poziomowi \u017cycia. Wyszli na ulice i manifestowali przeciw komunistycznej dyktaturze oraz policyjnym metodom rz\u0105dzenia krajem, w kt\u00f3rym \u2013 wed\u0142ug oficjalnej propagandy \u2013 mia\u0142a panowa\u0107 sprawiedliwo\u015b\u0107 spo\u0142eczna, a rz\u0105dy sprawowa\u0142a \u201eludno\u015b\u0107 pracuj\u0105ca miast i wsi\u201d. Szerszy opis mo\u017cna znale\u017a\u0107 na stronie\u00a0<a href=\"https:\/\/ipn.gov.pl\/pl\/archiw\/archiwalia\/archiwalia-1\/31594,Poznanski-Czerwiec-1956-na-archiwalnych-fotografiach.html\" target=\"_blank\" rel=\"noopener noreferrer\" data-saferedirecturl=\"https:\/\/zasobygwp.pl\/redirect?sig=88143506fe0536b9f7b735bcbee3a0507f614ec6e49a4e222e6a607042e45939&amp;url=aHR0cHM6Ly9pcG4uZ292LnBsL3BsL2FyY2hpdy9hcmNoaXdhbGlhL2FyY2hpd2FsaWEtMS8zMTU5NCxQb3puYW5za2ktQ3plcndpZWMtMTk1Ni1uYS1hcmNoaXdhbG55Y2gtZm90b2dyYWZpYWNoLmh0bWw=&amp;platform=desktop&amp;brand=o2\">https:\/\/ipn.gov.pl\/pl\/archiw\/archiwalia\/archiwalia-1\/31594,Poznanski-Czerwiec-1956-na-archiwalnych-fotografiach.html<\/a>\u00a0W obchodach 67 rocznicy pod bram\u0105 FPS-HCP SA i bram\u0105 g\u0142\u00f3wn\u0105 HCP SA wzi\u0119li udzia\u0142 przedstawiciele zarz\u0105du OM ZZIT HCP SA.<\/p>\n<p><a href=\"https:\/\/zzit.org.pl\/okregi\/wielkopolskolubuski\/wp-content\/uploads\/sites\/11\/2023\/07\/20230628_063152-rotated.jpg\"><img loading=\"lazy\" decoding=\"async\" class=\"size-large wp-image-3593 aligncenter\" src=\"https:\/\/zzit.org.pl\/okregi\/wielkopolskolubuski\/wp-content\/uploads\/sites\/11\/2023\/07\/20230628_063152-462x1024.jpg\" alt=\"\" width=\"462\" height=\"1024\" srcset=\"https:\/\/zzit.org.pl\/okregi\/wielkopolskolubuski\/wp-content\/uploads\/sites\/11\/2023\/07\/20230628_063152-462x1024.jpg 462w, https:\/\/zzit.org.pl\/okregi\/wielkopolskolubuski\/wp-content\/uploads\/sites\/11\/2023\/07\/20230628_063152-135x300.jpg 135w, https:\/\/zzit.org.pl\/okregi\/wielkopolskolubuski\/wp-content\/uploads\/sites\/11\/2023\/07\/20230628_063152-768x1704.jpg 768w, https:\/\/zzit.org.pl\/okregi\/wielkopolskolubuski\/wp-content\/uploads\/sites\/11\/2023\/07\/20230628_063152-692x1536.jpg 692w, https:\/\/zzit.org.pl\/okregi\/wielkopolskolubuski\/wp-content\/uploads\/sites\/11\/2023\/07\/20230628_063152-923x2048.jpg 923w, https:\/\/zzit.org.pl\/okregi\/wielkopolskolubuski\/wp-content\/uploads\/sites\/11\/2023\/07\/20230628_063152-rotated.jpg 1042w\" sizes=\"auto, (max-width: 462px) 100vw, 462px\" \/><\/a> <a href=\"https:\/\/zzit.org.pl\/okregi\/wielkopolskolubuski\/wp-content\/uploads\/sites\/11\/2023\/07\/20230628_063326-rotated.jpg\"><img loading=\"lazy\" decoding=\"async\" class=\"size-large wp-image-3594 aligncenter\" src=\"https:\/\/zzit.org.pl\/okregi\/wielkopolskolubuski\/wp-content\/uploads\/sites\/11\/2023\/07\/20230628_063326-462x1024.jpg\" alt=\"\" width=\"462\" height=\"1024\" srcset=\"https:\/\/zzit.org.pl\/okregi\/wielkopolskolubuski\/wp-content\/uploads\/sites\/11\/2023\/07\/20230628_063326-462x1024.jpg 462w, https:\/\/zzit.org.pl\/okregi\/wielkopolskolubuski\/wp-content\/uploads\/sites\/11\/2023\/07\/20230628_063326-135x300.jpg 135w, https:\/\/zzit.org.pl\/okregi\/wielkopolskolubuski\/wp-content\/uploads\/sites\/11\/2023\/07\/20230628_063326-768x1704.jpg 768w, https:\/\/zzit.org.pl\/okregi\/wielkopolskolubuski\/wp-content\/uploads\/sites\/11\/2023\/07\/20230628_063326-692x1536.jpg 692w, https:\/\/zzit.org.pl\/okregi\/wielkopolskolubuski\/wp-content\/uploads\/sites\/11\/2023\/07\/20230628_063326-923x2048.jpg 923w, https:\/\/zzit.org.pl\/okregi\/wielkopolskolubuski\/wp-content\/uploads\/sites\/11\/2023\/07\/20230628_063326-rotated.jpg 1042w\" sizes=\"auto, (max-width: 462px) 100vw, 462px\" \/><\/a> <a href=\"https:\/\/zzit.org.pl\/okregi\/wielkopolskolubuski\/wp-content\/uploads\/sites\/11\/2023\/07\/20230628_063804.jpg\"><img loading=\"lazy\" decoding=\"async\" class=\"alignnone size-large wp-image-3595\" src=\"https:\/\/zzit.org.pl\/okregi\/wielkopolskolubuski\/wp-content\/uploads\/sites\/11\/2023\/07\/20230628_063804-1024x462.jpg\" alt=\"\" width=\"584\" height=\"263\" srcset=\"https:\/\/zzit.org.pl\/okregi\/wielkopolskolubuski\/wp-content\/uploads\/sites\/11\/2023\/07\/20230628_063804-1024x462.jpg 1024w, https:\/\/zzit.org.pl\/okregi\/wielkopolskolubuski\/wp-content\/uploads\/sites\/11\/2023\/07\/20230628_063804-300x135.jpg 300w, https:\/\/zzit.org.pl\/okregi\/wielkopolskolubuski\/wp-content\/uploads\/sites\/11\/2023\/07\/20230628_063804-768x346.jpg 768w, https:\/\/zzit.org.pl\/okregi\/wielkopolskolubuski\/wp-content\/uploads\/sites\/11\/2023\/07\/20230628_063804-1536x692.jpg 1536w, https:\/\/zzit.org.pl\/okregi\/wielkopolskolubuski\/wp-content\/uploads\/sites\/11\/2023\/07\/20230628_063804-2048x923.jpg 2048w, https:\/\/zzit.org.pl\/okregi\/wielkopolskolubuski\/wp-content\/uploads\/sites\/11\/2023\/07\/20230628_063804-500x225.jpg 500w\" sizes=\"auto, (max-width: 584px) 100vw, 584px\" \/><\/a> <a href=\"https:\/\/zzit.org.pl\/okregi\/wielkopolskolubuski\/wp-content\/uploads\/sites\/11\/2023\/07\/20230629_154808.jpg\"><img loading=\"lazy\" decoding=\"async\" class=\"alignnone size-large wp-image-3596\" src=\"https:\/\/zzit.org.pl\/okregi\/wielkopolskolubuski\/wp-content\/uploads\/sites\/11\/2023\/07\/20230629_154808-1024x825.jpg\" alt=\"\" width=\"584\" height=\"471\" srcset=\"https:\/\/zzit.org.pl\/okregi\/wielkopolskolubuski\/wp-content\/uploads\/sites\/11\/2023\/07\/20230629_154808-1024x825.jpg 1024w, https:\/\/zzit.org.pl\/okregi\/wielkopolskolubuski\/wp-content\/uploads\/sites\/11\/2023\/07\/20230629_154808-300x242.jpg 300w, https:\/\/zzit.org.pl\/okregi\/wielkopolskolubuski\/wp-content\/uploads\/sites\/11\/2023\/07\/20230629_154808-768x619.jpg 768w, https:\/\/zzit.org.pl\/okregi\/wielkopolskolubuski\/wp-content\/uploads\/sites\/11\/2023\/07\/20230629_154808-1536x1237.jpg 1536w, https:\/\/zzit.org.pl\/okregi\/wielkopolskolubuski\/wp-content\/uploads\/sites\/11\/2023\/07\/20230629_154808-372x300.jpg 372w, https:\/\/zzit.org.pl\/okregi\/wielkopolskolubuski\/wp-content\/uploads\/sites\/11\/2023\/07\/20230629_154808.jpg 1784w\" sizes=\"auto, (max-width: 584px) 100vw, 584px\" \/><\/a> <a href=\"https:\/\/zzit.org.pl\/okregi\/wielkopolskolubuski\/wp-content\/uploads\/sites\/11\/2023\/07\/20230629_154818-rotated.jpg\"><img loading=\"lazy\" decoding=\"async\" class=\"size-large wp-image-3597 aligncenter\" src=\"https:\/\/zzit.org.pl\/okregi\/wielkopolskolubuski\/wp-content\/uploads\/sites\/11\/2023\/07\/20230629_154818-461x1024.jpg\" alt=\"\" width=\"461\" height=\"1024\" srcset=\"https:\/\/zzit.org.pl\/okregi\/wielkopolskolubuski\/wp-content\/uploads\/sites\/11\/2023\/07\/20230629_154818-461x1024.jpg 461w, https:\/\/zzit.org.pl\/okregi\/wielkopolskolubuski\/wp-content\/uploads\/sites\/11\/2023\/07\/20230629_154818-135x300.jpg 135w, https:\/\/zzit.org.pl\/okregi\/wielkopolskolubuski\/wp-content\/uploads\/sites\/11\/2023\/07\/20230629_154818-768x1707.jpg 768w, https:\/\/zzit.org.pl\/okregi\/wielkopolskolubuski\/wp-content\/uploads\/sites\/11\/2023\/07\/20230629_154818-691x1536.jpg 691w, https:\/\/zzit.org.pl\/okregi\/wielkopolskolubuski\/wp-content\/uploads\/sites\/11\/2023\/07\/20230629_154818-rotated.jpg 900w\" sizes=\"auto, (max-width: 461px) 100vw, 461px\" \/><\/a><a href=\"https:\/\/zzit.org.pl\/okregi\/wielkopolskolubuski\/wp-content\/uploads\/sites\/11\/2023\/07\/received_769869381585510.jpeg\"><img loading=\"lazy\" decoding=\"async\" class=\"alignnone size-large wp-image-3603\" src=\"https:\/\/zzit.org.pl\/okregi\/wielkopolskolubuski\/wp-content\/uploads\/sites\/11\/2023\/07\/received_769869381585510-1024x768.jpeg\" alt=\"\" width=\"584\" height=\"438\" srcset=\"https:\/\/zzit.org.pl\/okregi\/wielkopolskolubuski\/wp-content\/uploads\/sites\/11\/2023\/07\/received_769869381585510-1024x768.jpeg 1024w, https:\/\/zzit.org.pl\/okregi\/wielkopolskolubuski\/wp-content\/uploads\/sites\/11\/2023\/07\/received_769869381585510-300x225.jpeg 300w, https:\/\/zzit.org.pl\/okregi\/wielkopolskolubuski\/wp-content\/uploads\/sites\/11\/2023\/07\/received_769869381585510-768x576.jpeg 768w, https:\/\/zzit.org.pl\/okregi\/wielkopolskolubuski\/wp-content\/uploads\/sites\/11\/2023\/07\/received_769869381585510-1536x1152.jpeg 1536w, https:\/\/zzit.org.pl\/okregi\/wielkopolskolubuski\/wp-content\/uploads\/sites\/11\/2023\/07\/received_769869381585510-400x300.jpeg 400w, https:\/\/zzit.org.pl\/okregi\/wielkopolskolubuski\/wp-content\/uploads\/sites\/11\/2023\/07\/received_769869381585510.jpeg 2048w\" sizes=\"auto, (max-width: 584px) 100vw, 584px\" \/><\/a><a href=\"https:\/\/zzit.org.pl\/okregi\/wielkopolskolubuski\/wp-content\/uploads\/sites\/11\/2023\/07\/received_947430259878136.jpeg\"><img loading=\"lazy\" decoding=\"async\" class=\"alignnone size-large wp-image-3604\" src=\"https:\/\/zzit.org.pl\/okregi\/wielkopolskolubuski\/wp-content\/uploads\/sites\/11\/2023\/07\/received_947430259878136-1024x768.jpeg\" alt=\"\" width=\"584\" height=\"438\" srcset=\"https:\/\/zzit.org.pl\/okregi\/wielkopolskolubuski\/wp-content\/uploads\/sites\/11\/2023\/07\/received_947430259878136-1024x768.jpeg 1024w, https:\/\/zzit.org.pl\/okregi\/wielkopolskolubuski\/wp-content\/uploads\/sites\/11\/2023\/07\/received_947430259878136-300x225.jpeg 300w, https:\/\/zzit.org.pl\/okregi\/wielkopolskolubuski\/wp-content\/uploads\/sites\/11\/2023\/07\/received_947430259878136-768x576.jpeg 768w, https:\/\/zzit.org.pl\/okregi\/wielkopolskolubuski\/wp-content\/uploads\/sites\/11\/2023\/07\/received_947430259878136-1536x1152.jpeg 1536w, https:\/\/zzit.org.pl\/okregi\/wielkopolskolubuski\/wp-content\/uploads\/sites\/11\/2023\/07\/received_947430259878136-400x300.jpeg 400w, https:\/\/zzit.org.pl\/okregi\/wielkopolskolubuski\/wp-content\/uploads\/sites\/11\/2023\/07\/received_947430259878136.jpeg 2048w\" sizes=\"auto, (max-width: 584px) 100vw, 584px\" \/><\/a><a href=\"https:\/\/zzit.org.pl\/okregi\/wielkopolskolubuski\/wp-content\/uploads\/sites\/11\/2023\/07\/20230629_154808.jpg\"><img loading=\"lazy\" decoding=\"async\" class=\"alignnone size-large wp-image-3596\" src=\"https:\/\/zzit.org.pl\/okregi\/wielkopolskolubuski\/wp-content\/uploads\/sites\/11\/2023\/07\/20230629_154808-1024x825.jpg\" alt=\"\" width=\"584\" height=\"471\" srcset=\"https:\/\/zzit.org.pl\/okregi\/wielkopolskolubuski\/wp-content\/uploads\/sites\/11\/2023\/07\/20230629_154808-1024x825.jpg 1024w, https:\/\/zzit.org.pl\/okregi\/wielkopolskolubuski\/wp-content\/uploads\/sites\/11\/2023\/07\/20230629_154808-300x242.jpg 300w, https:\/\/zzit.org.pl\/okregi\/wielkopolskolubuski\/wp-content\/uploads\/sites\/11\/2023\/07\/20230629_154808-768x619.jpg 768w, https:\/\/zzit.org.pl\/okregi\/wielkopolskolubuski\/wp-content\/uploads\/sites\/11\/2023\/07\/20230629_154808-1536x1237.jpg 1536w, https:\/\/zzit.org.pl\/okregi\/wielkopolskolubuski\/wp-content\/uploads\/sites\/11\/2023\/07\/20230629_154808-372x300.jpg 372w, https:\/\/zzit.org.pl\/okregi\/wielkopolskolubuski\/wp-content\/uploads\/sites\/11\/2023\/07\/20230629_154808.jpg 1784w\" sizes=\"auto, (max-width: 584px) 100vw, 584px\" \/><\/a><a href=\"https:\/\/zzit.org.pl\/okregi\/wielkopolskolubuski\/wp-content\/uploads\/sites\/11\/2023\/07\/20230628_063152-rotated.jpg\"><img loading=\"lazy\" decoding=\"async\" class=\"size-large wp-image-3593 aligncenter\" src=\"https:\/\/zzit.org.pl\/okregi\/wielkopolskolubuski\/wp-content\/uploads\/sites\/11\/2023\/07\/20230628_063152-462x1024.jpg\" alt=\"\" width=\"462\" height=\"1024\" srcset=\"https:\/\/zzit.org.pl\/okregi\/wielkopolskolubuski\/wp-content\/uploads\/sites\/11\/2023\/07\/20230628_063152-462x1024.jpg 462w, https:\/\/zzit.org.pl\/okregi\/wielkopolskolubuski\/wp-content\/uploads\/sites\/11\/2023\/07\/20230628_063152-135x300.jpg 135w, https:\/\/zzit.org.pl\/okregi\/wielkopolskolubuski\/wp-content\/uploads\/sites\/11\/2023\/07\/20230628_063152-768x1704.jpg 768w, https:\/\/zzit.org.pl\/okregi\/wielkopolskolubuski\/wp-content\/uploads\/sites\/11\/2023\/07\/20230628_063152-692x1536.jpg 692w, https:\/\/zzit.org.pl\/okregi\/wielkopolskolubuski\/wp-content\/uploads\/sites\/11\/2023\/07\/20230628_063152-923x2048.jpg 923w, https:\/\/zzit.org.pl\/okregi\/wielkopolskolubuski\/wp-content\/uploads\/sites\/11\/2023\/07\/20230628_063152-rotated.jpg 1042w\" sizes=\"auto, (max-width: 462px) 100vw, 462px\" \/><\/a> <a href=\"https:\/\/zzit.org.pl\/okregi\/wielkopolskolubuski\/wp-content\/uploads\/sites\/11\/2023\/07\/IMG-20230625-WA0018.jpg\"><img loading=\"lazy\" decoding=\"async\" class=\"size-full wp-image-3598 aligncenter\" src=\"https:\/\/zzit.org.pl\/okregi\/wielkopolskolubuski\/wp-content\/uploads\/sites\/11\/2023\/07\/IMG-20230625-WA0018.jpg\" alt=\"\" width=\"768\" height=\"1024\" srcset=\"https:\/\/zzit.org.pl\/okregi\/wielkopolskolubuski\/wp-content\/uploads\/sites\/11\/2023\/07\/IMG-20230625-WA0018.jpg 768w, https:\/\/zzit.org.pl\/okregi\/wielkopolskolubuski\/wp-content\/uploads\/sites\/11\/2023\/07\/IMG-20230625-WA0018-225x300.jpg 225w\" sizes=\"auto, (max-width: 768px) 100vw, 768px\" \/><\/a> <a href=\"https:\/\/zzit.org.pl\/okregi\/wielkopolskolubuski\/wp-content\/uploads\/sites\/11\/2023\/07\/IMG-20230625-WA0019.jpg\"><img loading=\"lazy\" decoding=\"async\" class=\"alignnone size-full wp-image-3599\" src=\"https:\/\/zzit.org.pl\/okregi\/wielkopolskolubuski\/wp-content\/uploads\/sites\/11\/2023\/07\/IMG-20230625-WA0019.jpg\" alt=\"\" width=\"768\" height=\"1024\" srcset=\"https:\/\/zzit.org.pl\/okregi\/wielkopolskolubuski\/wp-content\/uploads\/sites\/11\/2023\/07\/IMG-20230625-WA0019.jpg 768w, https:\/\/zzit.org.pl\/okregi\/wielkopolskolubuski\/wp-content\/uploads\/sites\/11\/2023\/07\/IMG-20230625-WA0019-225x300.jpg 225w\" sizes=\"auto, (max-width: 768px) 100vw, 768px\" \/><\/a> <a href=\"https:\/\/zzit.org.pl\/okregi\/wielkopolskolubuski\/wp-content\/uploads\/sites\/11\/2023\/07\/IMG-20230625-WA0021.jpg\"><img loading=\"lazy\" decoding=\"async\" class=\"alignnone size-full wp-image-3601\" src=\"https:\/\/zzit.org.pl\/okregi\/wielkopolskolubuski\/wp-content\/uploads\/sites\/11\/2023\/07\/IMG-20230625-WA0021.jpg\" alt=\"\" width=\"768\" height=\"1024\" srcset=\"https:\/\/zzit.org.pl\/okregi\/wielkopolskolubuski\/wp-content\/uploads\/sites\/11\/2023\/07\/IMG-20230625-WA0021.jpg 768w, https:\/\/zzit.org.pl\/okregi\/wielkopolskolubuski\/wp-content\/uploads\/sites\/11\/2023\/07\/IMG-20230625-WA0021-225x300.jpg 225w\" sizes=\"auto, (max-width: 768px) 100vw, 768px\" \/><\/a> <a href=\"https:\/\/zzit.org.pl\/okregi\/wielkopolskolubuski\/wp-content\/uploads\/sites\/11\/2023\/07\/IMG-20230625-WA0020.jpg\"><img loading=\"lazy\" decoding=\"async\" class=\"alignnone size-full wp-image-3600\" src=\"https:\/\/zzit.org.pl\/okregi\/wielkopolskolubuski\/wp-content\/uploads\/sites\/11\/2023\/07\/IMG-20230625-WA0020.jpg\" alt=\"\" width=\"768\" height=\"1024\" srcset=\"https:\/\/zzit.org.pl\/okregi\/wielkopolskolubuski\/wp-content\/uploads\/sites\/11\/2023\/07\/IMG-20230625-WA0020.jpg 768w, https:\/\/zzit.org.pl\/okregi\/wielkopolskolubuski\/wp-content\/uploads\/sites\/11\/2023\/07\/IMG-20230625-WA0020-225x300.jpg 225w\" sizes=\"auto, (max-width: 768px) 100vw, 768px\" \/><\/a><\/p>\n","protected":false},"excerpt":{"rendered":"<p>Obchody 67 rocznicy wydarze\u0144 Pozna\u0144ski Czerwiec 1956 r W zwi\u0105zku z wydarzeniami Pozna\u0144skiego Czerwca 56\u2019 H. Cegielski- Poznan SA zorganizowano: \u00a025 czerwca br odby\u0142 si\u0119 bieg, w kt\u00f3rym wzi\u0119\u0142o udzia\u0142 ok 1000 uczestnik\u00f3w z Firmy i mieszka\u0144c\u00f3w, w\u015br\u00f3d nich r\u00f3wnie\u017c &hellip; <a href=\"https:\/\/zzit.org.pl\/okregi\/wielkopolskolubuski\/galeria\/2023-2\/obchody-67-rocznicy-wydarzen-poznanski-czerwiec-1956-r\/\">Czytaj dalej <span class=\"meta-nav\">&rarr;<\/span><\/a><\/p>\n","protected":false},"author":9,"featured_media":0,"parent":3515,"menu_order":0,"comment_status":"closed","ping_status":"closed","template":"","meta":{"footnotes":""},"class_list":["post-3609","page","type-page","status-publish","hentry"],"_links":{"self":[{"href":"https:\/\/zzit.org.pl\/okregi\/wielkopolskolubuski\/wp-json\/wp\/v2\/pages\/3609","targetHints":{"allow":["GET"]}}],"collection":[{"href":"https:\/\/zzit.org.pl\/okregi\/wielkopolskolubuski\/wp-json\/wp\/v2\/pages"}],"about":[{"href":"https:\/\/zzit.org.pl\/okregi\/wielkopolskolubuski\/wp-json\/wp\/v2\/types\/page"}],"author":[{"embeddable":true,"href":"https:\/\/zzit.org.pl\/okregi\/wielkopolskolubuski\/wp-json\/wp\/v2\/users\/9"}],"replies":[{"embeddable":true,"href":"https:\/\/zzit.org.pl\/okregi\/wielkopolskolubuski\/wp-json\/wp\/v2\/comments?post=3609"}],"version-history":[{"count":2,"href":"https:\/\/zzit.org.pl\/okregi\/wielkopolskolubuski\/wp-json\/wp\/v2\/pages\/3609\/revisions"}],"predecessor-version":[{"id":3611,"href":"https:\/\/zzit.org.pl\/okregi\/wielkopolskolubuski\/wp-json\/wp\/v2\/pages\/3609\/revisions\/3611"}],"up":[{"embeddable":true,"href":"https:\/\/zzit.org.pl\/okregi\/wielkopolskolubuski\/wp-json\/wp\/v2\/pages\/3515"}],"wp:attachment":[{"href":"https:\/\/zzit.org.pl\/okregi\/wielkopolskolubuski\/wp-json\/wp\/v2\/media?parent=3609"}],"curies":[{"name":"wp","href":"https:\/\/api.w.org\/{rel}","templated":true}]}}