{"id":3584,"date":"2023-07-03T08:58:34","date_gmt":"2023-07-03T08:58:34","guid":{"rendered":"https:\/\/zzit.org.pl\/okregi\/wielkopolskolubuski\/?page_id=3584"},"modified":"2023-07-03T08:59:50","modified_gmt":"2023-07-03T08:59:50","slug":"mahle-ostrow-wielkopolski-piknik-zzit","status":"publish","type":"page","link":"https:\/\/zzit.org.pl\/okregi\/wielkopolskolubuski\/galeria\/2023-2\/mahle-ostrow-wielkopolski-piknik-zzit\/","title":{"rendered":"Mahle Ostr\u00f3w Wielkopolski \u2013 PIKNIK \u2013 ZZIT"},"content":{"rendered":"<p style=\"text-align: center\"><a href=\"https:\/\/zzit.org.pl\/okregi\/wielkopolskolubuski\/wp-content\/uploads\/sites\/11\/2023\/07\/screenshot_2023-07-03-10-37-25-486_com.google.android.apps_.photos-edit.jpg\">W dniu 24-06-2023 w Ostrowie Wielkopolskim odby\u0142 si\u0119 piknik czlonk\u00f3w ZZIT Mahle Ostr\u00f3w Wielkopolski\u00a0<img loading=\"lazy\" decoding=\"async\" class=\"alignnone size-large wp-image-3580\" src=\"https:\/\/zzit.org.pl\/okregi\/wielkopolskolubuski\/wp-content\/uploads\/sites\/11\/2023\/07\/screenshot_2023-07-03-10-37-25-486_com.google.android.apps_.photos-edit-1024x762.jpg\" alt=\"\" width=\"584\" height=\"435\" srcset=\"https:\/\/zzit.org.pl\/okregi\/wielkopolskolubuski\/wp-content\/uploads\/sites\/11\/2023\/07\/screenshot_2023-07-03-10-37-25-486_com.google.android.apps_.photos-edit-1024x762.jpg 1024w, https:\/\/zzit.org.pl\/okregi\/wielkopolskolubuski\/wp-content\/uploads\/sites\/11\/2023\/07\/screenshot_2023-07-03-10-37-25-486_com.google.android.apps_.photos-edit-300x223.jpg 300w, https:\/\/zzit.org.pl\/okregi\/wielkopolskolubuski\/wp-content\/uploads\/sites\/11\/2023\/07\/screenshot_2023-07-03-10-37-25-486_com.google.android.apps_.photos-edit-768x572.jpg 768w, https:\/\/zzit.org.pl\/okregi\/wielkopolskolubuski\/wp-content\/uploads\/sites\/11\/2023\/07\/screenshot_2023-07-03-10-37-25-486_com.google.android.apps_.photos-edit-403x300.jpg 403w, https:\/\/zzit.org.pl\/okregi\/wielkopolskolubuski\/wp-content\/uploads\/sites\/11\/2023\/07\/screenshot_2023-07-03-10-37-25-486_com.google.android.apps_.photos-edit.jpg 1080w\" sizes=\"auto, (max-width: 584px) 100vw, 584px\" \/><\/a> <a href=\"https:\/\/zzit.org.pl\/okregi\/wielkopolskolubuski\/wp-content\/uploads\/sites\/11\/2023\/07\/screenshot_2023-07-03-10-38-28-367_com.google.android.apps_.photos-edit-1.jpg\"><img loading=\"lazy\" decoding=\"async\" class=\"alignnone size-large wp-image-3581\" src=\"https:\/\/zzit.org.pl\/okregi\/wielkopolskolubuski\/wp-content\/uploads\/sites\/11\/2023\/07\/screenshot_2023-07-03-10-38-28-367_com.google.android.apps_.photos-edit-1-1024x753.jpg\" alt=\"\" width=\"584\" height=\"429\" srcset=\"https:\/\/zzit.org.pl\/okregi\/wielkopolskolubuski\/wp-content\/uploads\/sites\/11\/2023\/07\/screenshot_2023-07-03-10-38-28-367_com.google.android.apps_.photos-edit-1-1024x753.jpg 1024w, https:\/\/zzit.org.pl\/okregi\/wielkopolskolubuski\/wp-content\/uploads\/sites\/11\/2023\/07\/screenshot_2023-07-03-10-38-28-367_com.google.android.apps_.photos-edit-1-300x221.jpg 300w, https:\/\/zzit.org.pl\/okregi\/wielkopolskolubuski\/wp-content\/uploads\/sites\/11\/2023\/07\/screenshot_2023-07-03-10-38-28-367_com.google.android.apps_.photos-edit-1-768x565.jpg 768w, https:\/\/zzit.org.pl\/okregi\/wielkopolskolubuski\/wp-content\/uploads\/sites\/11\/2023\/07\/screenshot_2023-07-03-10-38-28-367_com.google.android.apps_.photos-edit-1-408x300.jpg 408w, https:\/\/zzit.org.pl\/okregi\/wielkopolskolubuski\/wp-content\/uploads\/sites\/11\/2023\/07\/screenshot_2023-07-03-10-38-28-367_com.google.android.apps_.photos-edit-1.jpg 1080w\" sizes=\"auto, (max-width: 584px) 100vw, 584px\" \/><\/a> <a href=\"https:\/\/zzit.org.pl\/okregi\/wielkopolskolubuski\/wp-content\/uploads\/sites\/11\/2023\/07\/screenshot_2023-07-03-10-37-41-456_com.google.android.apps_.photos-edit.jpg\"><img loading=\"lazy\" decoding=\"async\" class=\"alignnone size-large wp-image-3582\" src=\"https:\/\/zzit.org.pl\/okregi\/wielkopolskolubuski\/wp-content\/uploads\/sites\/11\/2023\/07\/screenshot_2023-07-03-10-37-41-456_com.google.android.apps_.photos-edit-1024x770.jpg\" alt=\"\" width=\"584\" height=\"439\" srcset=\"https:\/\/zzit.org.pl\/okregi\/wielkopolskolubuski\/wp-content\/uploads\/sites\/11\/2023\/07\/screenshot_2023-07-03-10-37-41-456_com.google.android.apps_.photos-edit-1024x770.jpg 1024w, https:\/\/zzit.org.pl\/okregi\/wielkopolskolubuski\/wp-content\/uploads\/sites\/11\/2023\/07\/screenshot_2023-07-03-10-37-41-456_com.google.android.apps_.photos-edit-300x226.jpg 300w, https:\/\/zzit.org.pl\/okregi\/wielkopolskolubuski\/wp-content\/uploads\/sites\/11\/2023\/07\/screenshot_2023-07-03-10-37-41-456_com.google.android.apps_.photos-edit-768x577.jpg 768w, https:\/\/zzit.org.pl\/okregi\/wielkopolskolubuski\/wp-content\/uploads\/sites\/11\/2023\/07\/screenshot_2023-07-03-10-37-41-456_com.google.android.apps_.photos-edit-399x300.jpg 399w, https:\/\/zzit.org.pl\/okregi\/wielkopolskolubuski\/wp-content\/uploads\/sites\/11\/2023\/07\/screenshot_2023-07-03-10-37-41-456_com.google.android.apps_.photos-edit.jpg 1080w\" sizes=\"auto, (max-width: 584px) 100vw, 584px\" \/><\/a><\/p>\n<p><a href=\"https:\/\/zzit.org.pl\/okregi\/wielkopolskolubuski\/wp-content\/uploads\/sites\/11\/2023\/07\/screenshot_2023-07-03-10-38-52-592_com.google.android.apps_.photos-edit.jpg\"><img loading=\"lazy\" decoding=\"async\" class=\"alignnone size-large wp-image-3585\" src=\"https:\/\/zzit.org.pl\/okregi\/wielkopolskolubuski\/wp-content\/uploads\/sites\/11\/2023\/07\/screenshot_2023-07-03-10-38-52-592_com.google.android.apps_.photos-edit-1024x722.jpg\" alt=\"\" width=\"584\" height=\"412\" srcset=\"https:\/\/zzit.org.pl\/okregi\/wielkopolskolubuski\/wp-content\/uploads\/sites\/11\/2023\/07\/screenshot_2023-07-03-10-38-52-592_com.google.android.apps_.photos-edit-1024x722.jpg 1024w, https:\/\/zzit.org.pl\/okregi\/wielkopolskolubuski\/wp-content\/uploads\/sites\/11\/2023\/07\/screenshot_2023-07-03-10-38-52-592_com.google.android.apps_.photos-edit-300x212.jpg 300w, https:\/\/zzit.org.pl\/okregi\/wielkopolskolubuski\/wp-content\/uploads\/sites\/11\/2023\/07\/screenshot_2023-07-03-10-38-52-592_com.google.android.apps_.photos-edit-768x542.jpg 768w, https:\/\/zzit.org.pl\/okregi\/wielkopolskolubuski\/wp-content\/uploads\/sites\/11\/2023\/07\/screenshot_2023-07-03-10-38-52-592_com.google.android.apps_.photos-edit-425x300.jpg 425w, https:\/\/zzit.org.pl\/okregi\/wielkopolskolubuski\/wp-content\/uploads\/sites\/11\/2023\/07\/screenshot_2023-07-03-10-38-52-592_com.google.android.apps_.photos-edit.jpg 1080w\" sizes=\"auto, (max-width: 584px) 100vw, 584px\" \/><\/a> <a href=\"https:\/\/zzit.org.pl\/okregi\/wielkopolskolubuski\/wp-content\/uploads\/sites\/11\/2023\/07\/screenshot_2023-07-03-10-38-40-203_com.google.android.apps_.photos-edit.jpg\"><img loading=\"lazy\" decoding=\"async\" class=\"alignnone size-large wp-image-3586\" src=\"https:\/\/zzit.org.pl\/okregi\/wielkopolskolubuski\/wp-content\/uploads\/sites\/11\/2023\/07\/screenshot_2023-07-03-10-38-40-203_com.google.android.apps_.photos-edit-1024x718.jpg\" alt=\"\" width=\"584\" height=\"409\" srcset=\"https:\/\/zzit.org.pl\/okregi\/wielkopolskolubuski\/wp-content\/uploads\/sites\/11\/2023\/07\/screenshot_2023-07-03-10-38-40-203_com.google.android.apps_.photos-edit-1024x718.jpg 1024w, https:\/\/zzit.org.pl\/okregi\/wielkopolskolubuski\/wp-content\/uploads\/sites\/11\/2023\/07\/screenshot_2023-07-03-10-38-40-203_com.google.android.apps_.photos-edit-300x210.jpg 300w, https:\/\/zzit.org.pl\/okregi\/wielkopolskolubuski\/wp-content\/uploads\/sites\/11\/2023\/07\/screenshot_2023-07-03-10-38-40-203_com.google.android.apps_.photos-edit-768x538.jpg 768w, https:\/\/zzit.org.pl\/okregi\/wielkopolskolubuski\/wp-content\/uploads\/sites\/11\/2023\/07\/screenshot_2023-07-03-10-38-40-203_com.google.android.apps_.photos-edit-428x300.jpg 428w, https:\/\/zzit.org.pl\/okregi\/wielkopolskolubuski\/wp-content\/uploads\/sites\/11\/2023\/07\/screenshot_2023-07-03-10-38-40-203_com.google.android.apps_.photos-edit.jpg 1080w\" sizes=\"auto, (max-width: 584px) 100vw, 584px\" \/><\/a><\/p>\n","protected":false},"excerpt":{"rendered":"<p>W dniu 24-06-2023 w Ostrowie Wielkopolskim odby\u0142 si\u0119 piknik czlonk\u00f3w ZZIT Mahle Ostr\u00f3w Wielkopolski\u00a0<\/p>\n","protected":false},"author":9,"featured_media":0,"parent":3515,"menu_order":0,"comment_status":"closed","ping_status":"closed","template":"","meta":{"footnotes":""},"class_list":["post-3584","page","type-page","status-publish","hentry"],"_links":{"self":[{"href":"https:\/\/zzit.org.pl\/okregi\/wielkopolskolubuski\/wp-json\/wp\/v2\/pages\/3584","targetHints":{"allow":["GET"]}}],"collection":[{"href":"https:\/\/zzit.org.pl\/okregi\/wielkopolskolubuski\/wp-json\/wp\/v2\/pages"}],"about":[{"href":"https:\/\/zzit.org.pl\/okregi\/wielkopolskolubuski\/wp-json\/wp\/v2\/types\/page"}],"author":[{"embeddable":true,"href":"https:\/\/zzit.org.pl\/okregi\/wielkopolskolubuski\/wp-json\/wp\/v2\/users\/9"}],"replies":[{"embeddable":true,"href":"https:\/\/zzit.org.pl\/okregi\/wielkopolskolubuski\/wp-json\/wp\/v2\/comments?post=3584"}],"version-history":[{"count":2,"href":"https:\/\/zzit.org.pl\/okregi\/wielkopolskolubuski\/wp-json\/wp\/v2\/pages\/3584\/revisions"}],"predecessor-version":[{"id":3588,"href":"https:\/\/zzit.org.pl\/okregi\/wielkopolskolubuski\/wp-json\/wp\/v2\/pages\/3584\/revisions\/3588"}],"up":[{"embeddable":true,"href":"https:\/\/zzit.org.pl\/okregi\/wielkopolskolubuski\/wp-json\/wp\/v2\/pages\/3515"}],"wp:attachment":[{"href":"https:\/\/zzit.org.pl\/okregi\/wielkopolskolubuski\/wp-json\/wp\/v2\/media?parent=3584"}],"curies":[{"name":"wp","href":"https:\/\/api.w.org\/{rel}","templated":true}]}}