{"id":3517,"date":"2023-03-20T13:11:17","date_gmt":"2023-03-20T13:11:17","guid":{"rendered":"http:\/\/zzit.org.pl\/okregi\/wielkopolskolubuski\/?page_id=3517"},"modified":"2023-03-20T13:25:51","modified_gmt":"2023-03-20T13:25:51","slug":"zarzad-krajowy-zzit-w-dniu-17-03-2023-warszawa","status":"publish","type":"page","link":"https:\/\/zzit.org.pl\/okregi\/wielkopolskolubuski\/galeria\/2023-2\/zarzad-krajowy-zzit-w-dniu-17-03-2023-warszawa\/","title":{"rendered":"Zarz\u0105d Krajowy ZZIT w dniu 17-03-2023 Warszawa"},"content":{"rendered":"<p style=\"text-align: center\"><strong>Zarz\u0105d Krajowy ZZIT w dniu 17-03-2023 Warszawa<\/strong><\/p>\n<p>W dniu 17-03-2023 w Warszawie odby\u0142y si\u0119 obrady Zarz\u0105du Krajowego ZZIT.\u00a0 \u00a0 \u00a0 \u00a0 \u00a0 \u00a0 \u00a0 \u00a0 \u00a0 W obradach uczestniczy\u0142\u00a0 Przewodnicz\u0105cy OPZZ \u2013 Piotr Ostrowski , kt\u00f3ry przedstawi\u0142 swoj\u0105 aktwyno\u015b\u0107 w ostanim czasie. Przedstawiono sprawozdanie finansowe Zwi\u0105ku. Przedstawiciele Sekcji bran\u017cowych przedstawili sprwozdanie z dzia\u0142alno\u015bci. Podj\u0119to kilka uchwa\u0142.Om\u00f3wiono wsp\u00f3\u0142prac\u0119 z OPZZ.<\/p>\n<p>Przedstawiono propozycj\u0119 organizacji Zjazdu Jubileuszowego delegat\u00f3w w 2024r. Powo\u0142ano Zesp\u00f3\u0142 ds.oraznizacji Zjadu.Przyznano honorowe oznaczenia dla Przewodnicz\u0105cego Okr\u0119gu Swi\u0119tokrzyskiego ZZIT \u2013 Kamil Pliszka.<\/p>\n<p><a href=\"https:\/\/zzit.org.pl\/okregi\/wielkopolskolubuski\/wp-content\/uploads\/sites\/11\/2023\/03\/received_584331890273187-Kopiowanie.jpeg\"><img loading=\"lazy\" decoding=\"async\" class=\"alignnone size-large wp-image-3509\" src=\"https:\/\/zzit.org.pl\/okregi\/wielkopolskolubuski\/wp-content\/uploads\/sites\/11\/2023\/03\/received_584331890273187-Kopiowanie-1024x768.jpeg\" alt=\"\" width=\"584\" height=\"438\" srcset=\"https:\/\/zzit.org.pl\/okregi\/wielkopolskolubuski\/wp-content\/uploads\/sites\/11\/2023\/03\/received_584331890273187-Kopiowanie-1024x768.jpeg 1024w, https:\/\/zzit.org.pl\/okregi\/wielkopolskolubuski\/wp-content\/uploads\/sites\/11\/2023\/03\/received_584331890273187-Kopiowanie-300x225.jpeg 300w, https:\/\/zzit.org.pl\/okregi\/wielkopolskolubuski\/wp-content\/uploads\/sites\/11\/2023\/03\/received_584331890273187-Kopiowanie-768x576.jpeg 768w, https:\/\/zzit.org.pl\/okregi\/wielkopolskolubuski\/wp-content\/uploads\/sites\/11\/2023\/03\/received_584331890273187-Kopiowanie-1536x1152.jpeg 1536w, https:\/\/zzit.org.pl\/okregi\/wielkopolskolubuski\/wp-content\/uploads\/sites\/11\/2023\/03\/received_584331890273187-Kopiowanie-400x300.jpeg 400w, https:\/\/zzit.org.pl\/okregi\/wielkopolskolubuski\/wp-content\/uploads\/sites\/11\/2023\/03\/received_584331890273187-Kopiowanie.jpeg 1600w\" sizes=\"auto, (max-width: 584px) 100vw, 584px\" \/><\/a> <a href=\"https:\/\/zzit.org.pl\/okregi\/wielkopolskolubuski\/wp-content\/uploads\/sites\/11\/2023\/03\/received_751007833040975-Kopiowanie.jpeg\"><img loading=\"lazy\" decoding=\"async\" class=\"alignnone size-large wp-image-3510\" src=\"https:\/\/zzit.org.pl\/okregi\/wielkopolskolubuski\/wp-content\/uploads\/sites\/11\/2023\/03\/received_751007833040975-Kopiowanie-1024x768.jpeg\" alt=\"\" width=\"584\" height=\"438\" srcset=\"https:\/\/zzit.org.pl\/okregi\/wielkopolskolubuski\/wp-content\/uploads\/sites\/11\/2023\/03\/received_751007833040975-Kopiowanie-1024x768.jpeg 1024w, https:\/\/zzit.org.pl\/okregi\/wielkopolskolubuski\/wp-content\/uploads\/sites\/11\/2023\/03\/received_751007833040975-Kopiowanie-300x225.jpeg 300w, https:\/\/zzit.org.pl\/okregi\/wielkopolskolubuski\/wp-content\/uploads\/sites\/11\/2023\/03\/received_751007833040975-Kopiowanie-768x576.jpeg 768w, https:\/\/zzit.org.pl\/okregi\/wielkopolskolubuski\/wp-content\/uploads\/sites\/11\/2023\/03\/received_751007833040975-Kopiowanie-1536x1152.jpeg 1536w, https:\/\/zzit.org.pl\/okregi\/wielkopolskolubuski\/wp-content\/uploads\/sites\/11\/2023\/03\/received_751007833040975-Kopiowanie-400x300.jpeg 400w, https:\/\/zzit.org.pl\/okregi\/wielkopolskolubuski\/wp-content\/uploads\/sites\/11\/2023\/03\/received_751007833040975-Kopiowanie.jpeg 1600w\" sizes=\"auto, (max-width: 584px) 100vw, 584px\" \/><\/a> <a href=\"https:\/\/zzit.org.pl\/okregi\/wielkopolskolubuski\/wp-content\/uploads\/sites\/11\/2023\/03\/received_732811018391288-Kopiowanie.jpeg\"><img loading=\"lazy\" decoding=\"async\" class=\"alignnone size-large wp-image-3511\" src=\"https:\/\/zzit.org.pl\/okregi\/wielkopolskolubuski\/wp-content\/uploads\/sites\/11\/2023\/03\/received_732811018391288-Kopiowanie-1024x768.jpeg\" alt=\"\" width=\"584\" height=\"438\" srcset=\"https:\/\/zzit.org.pl\/okregi\/wielkopolskolubuski\/wp-content\/uploads\/sites\/11\/2023\/03\/received_732811018391288-Kopiowanie-1024x768.jpeg 1024w, https:\/\/zzit.org.pl\/okregi\/wielkopolskolubuski\/wp-content\/uploads\/sites\/11\/2023\/03\/received_732811018391288-Kopiowanie-300x225.jpeg 300w, https:\/\/zzit.org.pl\/okregi\/wielkopolskolubuski\/wp-content\/uploads\/sites\/11\/2023\/03\/received_732811018391288-Kopiowanie-768x576.jpeg 768w, https:\/\/zzit.org.pl\/okregi\/wielkopolskolubuski\/wp-content\/uploads\/sites\/11\/2023\/03\/received_732811018391288-Kopiowanie-1536x1152.jpeg 1536w, https:\/\/zzit.org.pl\/okregi\/wielkopolskolubuski\/wp-content\/uploads\/sites\/11\/2023\/03\/received_732811018391288-Kopiowanie-400x300.jpeg 400w, https:\/\/zzit.org.pl\/okregi\/wielkopolskolubuski\/wp-content\/uploads\/sites\/11\/2023\/03\/received_732811018391288-Kopiowanie.jpeg 1600w\" sizes=\"auto, (max-width: 584px) 100vw, 584px\" \/><\/a> <a href=\"https:\/\/zzit.org.pl\/okregi\/wielkopolskolubuski\/wp-content\/uploads\/sites\/11\/2023\/03\/received_1130917337584040-Kopiowanie.jpeg\"><img loading=\"lazy\" decoding=\"async\" class=\"alignnone size-large wp-image-3512\" src=\"https:\/\/zzit.org.pl\/okregi\/wielkopolskolubuski\/wp-content\/uploads\/sites\/11\/2023\/03\/received_1130917337584040-Kopiowanie-1024x768.jpeg\" alt=\"\" width=\"584\" height=\"438\" srcset=\"https:\/\/zzit.org.pl\/okregi\/wielkopolskolubuski\/wp-content\/uploads\/sites\/11\/2023\/03\/received_1130917337584040-Kopiowanie-1024x768.jpeg 1024w, https:\/\/zzit.org.pl\/okregi\/wielkopolskolubuski\/wp-content\/uploads\/sites\/11\/2023\/03\/received_1130917337584040-Kopiowanie-300x225.jpeg 300w, https:\/\/zzit.org.pl\/okregi\/wielkopolskolubuski\/wp-content\/uploads\/sites\/11\/2023\/03\/received_1130917337584040-Kopiowanie-768x576.jpeg 768w, https:\/\/zzit.org.pl\/okregi\/wielkopolskolubuski\/wp-content\/uploads\/sites\/11\/2023\/03\/received_1130917337584040-Kopiowanie-1536x1152.jpeg 1536w, https:\/\/zzit.org.pl\/okregi\/wielkopolskolubuski\/wp-content\/uploads\/sites\/11\/2023\/03\/received_1130917337584040-Kopiowanie-400x300.jpeg 400w, https:\/\/zzit.org.pl\/okregi\/wielkopolskolubuski\/wp-content\/uploads\/sites\/11\/2023\/03\/received_1130917337584040-Kopiowanie.jpeg 1600w\" sizes=\"auto, (max-width: 584px) 100vw, 584px\" \/><\/a><a href=\"https:\/\/zzit.org.pl\/okregi\/wielkopolskolubuski\/wp-content\/uploads\/sites\/11\/2023\/03\/received_115196958184407-Kopiowanie.jpeg\"><img loading=\"lazy\" decoding=\"async\" class=\"alignnone size-large wp-image-3518\" src=\"https:\/\/zzit.org.pl\/okregi\/wielkopolskolubuski\/wp-content\/uploads\/sites\/11\/2023\/03\/received_115196958184407-Kopiowanie-1024x768.jpeg\" alt=\"\" width=\"584\" height=\"438\" srcset=\"https:\/\/zzit.org.pl\/okregi\/wielkopolskolubuski\/wp-content\/uploads\/sites\/11\/2023\/03\/received_115196958184407-Kopiowanie-1024x768.jpeg 1024w, https:\/\/zzit.org.pl\/okregi\/wielkopolskolubuski\/wp-content\/uploads\/sites\/11\/2023\/03\/received_115196958184407-Kopiowanie-300x225.jpeg 300w, https:\/\/zzit.org.pl\/okregi\/wielkopolskolubuski\/wp-content\/uploads\/sites\/11\/2023\/03\/received_115196958184407-Kopiowanie-768x576.jpeg 768w, https:\/\/zzit.org.pl\/okregi\/wielkopolskolubuski\/wp-content\/uploads\/sites\/11\/2023\/03\/received_115196958184407-Kopiowanie-1536x1152.jpeg 1536w, https:\/\/zzit.org.pl\/okregi\/wielkopolskolubuski\/wp-content\/uploads\/sites\/11\/2023\/03\/received_115196958184407-Kopiowanie-400x300.jpeg 400w, https:\/\/zzit.org.pl\/okregi\/wielkopolskolubuski\/wp-content\/uploads\/sites\/11\/2023\/03\/received_115196958184407-Kopiowanie.jpeg 1600w\" sizes=\"auto, (max-width: 584px) 100vw, 584px\" \/><\/a> <a href=\"https:\/\/zzit.org.pl\/okregi\/wielkopolskolubuski\/wp-content\/uploads\/sites\/11\/2023\/03\/received_941954436977274-Kopiowanie-\u2014-kopia.jpeg\"><img loading=\"lazy\" decoding=\"async\" class=\"alignnone size-large wp-image-3519\" src=\"https:\/\/zzit.org.pl\/okregi\/wielkopolskolubuski\/wp-content\/uploads\/sites\/11\/2023\/03\/received_941954436977274-Kopiowanie-\u2014-kopia-1024x768.jpeg\" alt=\"\" width=\"584\" height=\"438\" srcset=\"https:\/\/zzit.org.pl\/okregi\/wielkopolskolubuski\/wp-content\/uploads\/sites\/11\/2023\/03\/received_941954436977274-Kopiowanie-\u2014-kopia-1024x768.jpeg 1024w, https:\/\/zzit.org.pl\/okregi\/wielkopolskolubuski\/wp-content\/uploads\/sites\/11\/2023\/03\/received_941954436977274-Kopiowanie-\u2014-kopia-300x225.jpeg 300w, https:\/\/zzit.org.pl\/okregi\/wielkopolskolubuski\/wp-content\/uploads\/sites\/11\/2023\/03\/received_941954436977274-Kopiowanie-\u2014-kopia-768x576.jpeg 768w, https:\/\/zzit.org.pl\/okregi\/wielkopolskolubuski\/wp-content\/uploads\/sites\/11\/2023\/03\/received_941954436977274-Kopiowanie-\u2014-kopia-1536x1152.jpeg 1536w, https:\/\/zzit.org.pl\/okregi\/wielkopolskolubuski\/wp-content\/uploads\/sites\/11\/2023\/03\/received_941954436977274-Kopiowanie-\u2014-kopia-400x300.jpeg 400w, https:\/\/zzit.org.pl\/okregi\/wielkopolskolubuski\/wp-content\/uploads\/sites\/11\/2023\/03\/received_941954436977274-Kopiowanie-\u2014-kopia.jpeg 1600w\" sizes=\"auto, (max-width: 584px) 100vw, 584px\" \/><\/a><\/p>\n<p><a href=\"https:\/\/zzit.org.pl\/okregi\/wielkopolskolubuski\/wp-content\/uploads\/sites\/11\/2023\/03\/fb_img_1679318123641.jpg\"><img loading=\"lazy\" decoding=\"async\" class=\"alignnone size-large wp-image-3525\" src=\"https:\/\/zzit.org.pl\/okregi\/wielkopolskolubuski\/wp-content\/uploads\/sites\/11\/2023\/03\/fb_img_1679318123641-1024x768.jpg\" alt=\"\" width=\"584\" height=\"438\" srcset=\"https:\/\/zzit.org.pl\/okregi\/wielkopolskolubuski\/wp-content\/uploads\/sites\/11\/2023\/03\/fb_img_1679318123641-1024x768.jpg 1024w, https:\/\/zzit.org.pl\/okregi\/wielkopolskolubuski\/wp-content\/uploads\/sites\/11\/2023\/03\/fb_img_1679318123641-300x225.jpg 300w, https:\/\/zzit.org.pl\/okregi\/wielkopolskolubuski\/wp-content\/uploads\/sites\/11\/2023\/03\/fb_img_1679318123641-768x576.jpg 768w, https:\/\/zzit.org.pl\/okregi\/wielkopolskolubuski\/wp-content\/uploads\/sites\/11\/2023\/03\/fb_img_1679318123641-400x300.jpg 400w, https:\/\/zzit.org.pl\/okregi\/wielkopolskolubuski\/wp-content\/uploads\/sites\/11\/2023\/03\/fb_img_1679318123641.jpg 1070w\" sizes=\"auto, (max-width: 584px) 100vw, 584px\" \/><\/a> <a href=\"https:\/\/zzit.org.pl\/okregi\/wielkopolskolubuski\/wp-content\/uploads\/sites\/11\/2023\/03\/fb_img_1679318129172.jpg\"><img loading=\"lazy\" decoding=\"async\" class=\"alignnone size-large wp-image-3526\" src=\"https:\/\/zzit.org.pl\/okregi\/wielkopolskolubuski\/wp-content\/uploads\/sites\/11\/2023\/03\/fb_img_1679318129172-768x1024.jpg\" alt=\"\" width=\"584\" height=\"779\" srcset=\"https:\/\/zzit.org.pl\/okregi\/wielkopolskolubuski\/wp-content\/uploads\/sites\/11\/2023\/03\/fb_img_1679318129172-768x1024.jpg 768w, https:\/\/zzit.org.pl\/okregi\/wielkopolskolubuski\/wp-content\/uploads\/sites\/11\/2023\/03\/fb_img_1679318129172-225x300.jpg 225w, https:\/\/zzit.org.pl\/okregi\/wielkopolskolubuski\/wp-content\/uploads\/sites\/11\/2023\/03\/fb_img_1679318129172.jpg 1080w\" sizes=\"auto, (max-width: 584px) 100vw, 584px\" \/><\/a> <a href=\"https:\/\/zzit.org.pl\/okregi\/wielkopolskolubuski\/wp-content\/uploads\/sites\/11\/2023\/03\/fb_img_1679318140619-Kopiowanie.jpg\"><img loading=\"lazy\" decoding=\"async\" class=\"alignnone size-large wp-image-3527\" src=\"https:\/\/zzit.org.pl\/okregi\/wielkopolskolubuski\/wp-content\/uploads\/sites\/11\/2023\/03\/fb_img_1679318140619-Kopiowanie-1024x768.jpg\" alt=\"\" width=\"584\" height=\"438\" srcset=\"https:\/\/zzit.org.pl\/okregi\/wielkopolskolubuski\/wp-content\/uploads\/sites\/11\/2023\/03\/fb_img_1679318140619-Kopiowanie-1024x768.jpg 1024w, https:\/\/zzit.org.pl\/okregi\/wielkopolskolubuski\/wp-content\/uploads\/sites\/11\/2023\/03\/fb_img_1679318140619-Kopiowanie-300x225.jpg 300w, https:\/\/zzit.org.pl\/okregi\/wielkopolskolubuski\/wp-content\/uploads\/sites\/11\/2023\/03\/fb_img_1679318140619-Kopiowanie-768x576.jpg 768w, https:\/\/zzit.org.pl\/okregi\/wielkopolskolubuski\/wp-content\/uploads\/sites\/11\/2023\/03\/fb_img_1679318140619-Kopiowanie-1536x1153.jpg 1536w, https:\/\/zzit.org.pl\/okregi\/wielkopolskolubuski\/wp-content\/uploads\/sites\/11\/2023\/03\/fb_img_1679318140619-Kopiowanie-400x300.jpg 400w, https:\/\/zzit.org.pl\/okregi\/wielkopolskolubuski\/wp-content\/uploads\/sites\/11\/2023\/03\/fb_img_1679318140619-Kopiowanie.jpg 1599w\" sizes=\"auto, (max-width: 584px) 100vw, 584px\" \/><\/a><\/p>\n","protected":false},"excerpt":{"rendered":"<p>Zarz\u0105d Krajowy ZZIT w dniu 17-03-2023 Warszawa W dniu 17-03-2023 w Warszawie odby\u0142y si\u0119 obrady Zarz\u0105du Krajowego ZZIT.\u00a0 \u00a0 \u00a0 \u00a0 \u00a0 \u00a0 \u00a0 \u00a0 \u00a0 W obradach uczestniczy\u0142\u00a0 Przewodnicz\u0105cy OPZZ \u2013 Piotr Ostrowski , kt\u00f3ry przedstawi\u0142 swoj\u0105 aktwyno\u015b\u0107 w &hellip; <a href=\"https:\/\/zzit.org.pl\/okregi\/wielkopolskolubuski\/galeria\/2023-2\/zarzad-krajowy-zzit-w-dniu-17-03-2023-warszawa\/\">Czytaj dalej <span class=\"meta-nav\">&rarr;<\/span><\/a><\/p>\n","protected":false},"author":9,"featured_media":0,"parent":3515,"menu_order":0,"comment_status":"closed","ping_status":"closed","template":"","meta":{"footnotes":""},"class_list":["post-3517","page","type-page","status-publish","hentry"],"_links":{"self":[{"href":"https:\/\/zzit.org.pl\/okregi\/wielkopolskolubuski\/wp-json\/wp\/v2\/pages\/3517","targetHints":{"allow":["GET"]}}],"collection":[{"href":"https:\/\/zzit.org.pl\/okregi\/wielkopolskolubuski\/wp-json\/wp\/v2\/pages"}],"about":[{"href":"https:\/\/zzit.org.pl\/okregi\/wielkopolskolubuski\/wp-json\/wp\/v2\/types\/page"}],"author":[{"embeddable":true,"href":"https:\/\/zzit.org.pl\/okregi\/wielkopolskolubuski\/wp-json\/wp\/v2\/users\/9"}],"replies":[{"embeddable":true,"href":"https:\/\/zzit.org.pl\/okregi\/wielkopolskolubuski\/wp-json\/wp\/v2\/comments?post=3517"}],"version-history":[{"count":3,"href":"https:\/\/zzit.org.pl\/okregi\/wielkopolskolubuski\/wp-json\/wp\/v2\/pages\/3517\/revisions"}],"predecessor-version":[{"id":3529,"href":"https:\/\/zzit.org.pl\/okregi\/wielkopolskolubuski\/wp-json\/wp\/v2\/pages\/3517\/revisions\/3529"}],"up":[{"embeddable":true,"href":"https:\/\/zzit.org.pl\/okregi\/wielkopolskolubuski\/wp-json\/wp\/v2\/pages\/3515"}],"wp:attachment":[{"href":"https:\/\/zzit.org.pl\/okregi\/wielkopolskolubuski\/wp-json\/wp\/v2\/media?parent=3517"}],"curies":[{"name":"wp","href":"https:\/\/api.w.org\/{rel}","templated":true}]}}