{"id":3482,"date":"2022-11-08T13:14:53","date_gmt":"2022-11-08T13:14:53","guid":{"rendered":"http:\/\/zzit.org.pl\/okregi\/wielkopolskolubuski\/?page_id=3482"},"modified":"2022-11-08T13:15:20","modified_gmt":"2022-11-08T13:15:20","slug":"konferencja-sprawozdawczo-wyborcza-moz-zwiazku-zawodowego-inzynierow-i-technikow-zwch-stilon-s-a-gorzow-wlkp","status":"publish","type":"page","link":"https:\/\/zzit.org.pl\/okregi\/wielkopolskolubuski\/galeria\/2022-2\/konferencja-sprawozdawczo-wyborcza-moz-zwiazku-zawodowego-inzynierow-i-technikow-zwch-stilon-s-a-gorzow-wlkp\/","title":{"rendered":"Konferencja Sprawozdawczo -Wyborcza MOZ Zwi\u0105zku Zawodowego In\u017cynier\u00f3w i Technik\u00f3w ZWCH Stilon S.A.\u2013 Gorzow Wlkp,"},"content":{"rendered":"<p style=\"text-align: center\"><strong>W dniu 20-10-2022 r \u2013 Odby\u0142a si\u0119 Konferencja Sprawozdawczo -Wyborcza MOZ Zwi\u0105zku Zawodowego In\u017cynier\u00f3w i Technik\u00f3w ZWCH Stilon S.A.\u2013 Gorzow Wlkp, podczas kt\u00f3rej dokonano wyboru Przewodnicz\u0105cego; Cz\u0142onk\u00f3w Zarz\u0105du oraz Cz\u0142onk\u00f3w Komisji Rewizyjnej na kadencj\u0119 w latach 2022-2027<\/strong><\/p>\n<p>&nbsp;<\/p>\n<p style=\"text-align: center\"><strong>Przewodnicz\u0105ca- Marlena Rutkowska\/ DOMO EPP Sp. z o.o.<\/strong><\/p>\n<p style=\"text-align: center\">Sekretarz -Estera Maj\u0142owska\u00a0 \u00a0 \u00a0 \u00a0 \u00a0 \u00a0 \u00a0 \u00a0 \/ DOMO EPP Sp. z o.o.<\/p>\n<p style=\"text-align: center\">Skarbnik &#8211; Jolanta Chyli\u0144ska\u00a0 \u00a0 \u00a0 \u00a0 \u00a0 \u00a0 \u00a0 \u00a0 \u00a0\/ Antex-STILON S.A.<\/p>\n<p style=\"text-align: center\">Cz\u0142onek Zarz\u0105du &#8211; Mariusz Misiak\u00a0 \u00a0 \u00a0 \u00a0\/\u00a0DOMO EPP Sp. z o.o.<\/p>\n<p style=\"text-align: center\">\u00a0Cz\u0142onek Zarzadu -Marcin Wyr\u0119bski\u00a0 \u00a0 \/ Monosuisse Sp. z o.o.<\/p>\n<p style=\"text-align: center\"><a href=\"https:\/\/zzit.org.pl\/okregi\/wielkopolskolubuski\/wp-content\/uploads\/sites\/11\/2022\/11\/ZARZAD-MOZ-Kopiowanie.jpg\"><img loading=\"lazy\" decoding=\"async\" class=\"alignnone size-large wp-image-3477\" src=\"https:\/\/zzit.org.pl\/okregi\/wielkopolskolubuski\/wp-content\/uploads\/sites\/11\/2022\/11\/ZARZAD-MOZ-Kopiowanie-768x1024.jpg\" alt=\"\" width=\"584\" height=\"779\" srcset=\"https:\/\/zzit.org.pl\/okregi\/wielkopolskolubuski\/wp-content\/uploads\/sites\/11\/2022\/11\/ZARZAD-MOZ-Kopiowanie-768x1024.jpg 768w, https:\/\/zzit.org.pl\/okregi\/wielkopolskolubuski\/wp-content\/uploads\/sites\/11\/2022\/11\/ZARZAD-MOZ-Kopiowanie-225x300.jpg 225w, https:\/\/zzit.org.pl\/okregi\/wielkopolskolubuski\/wp-content\/uploads\/sites\/11\/2022\/11\/ZARZAD-MOZ-Kopiowanie.jpg 900w\" sizes=\"auto, (max-width: 584px) 100vw, 584px\" \/><\/a><\/p>\n<p>&nbsp;<\/p>\n<p style=\"text-align: center\"><strong>Komisja Rewizyjna<\/strong><\/p>\n<p style=\"text-align: center\">Przewodniczacy -Stanis\u0142aw Markowski\u00a0\/\u00a0DOMO EPP Sp. z o.o.<\/p>\n<p style=\"text-align: center\">Czlonek &#8211; Violetta Ko\u0142odzinska\u00a0 \u00a0 \u00a0 \u00a0 \u00a0 \u00a0 \u00a0 \u00a0\/\u00a0DOMO EPP Sp. z o.o.<\/p>\n<p style=\"text-align: center\">Czlonek -Andrzej Maciejewski\u00a0 \u00a0 \u00a0 \u00a0 \u00a0 \u00a0 \u00a0 \u00a0\/\u00a0DOMO EPP Sp. z o.o.<\/p>\n<p><a href=\"https:\/\/zzit.org.pl\/okregi\/wielkopolskolubuski\/wp-content\/uploads\/sites\/11\/2022\/11\/Komisja-rewizyjna-Kopiowanie.jpg\"><img loading=\"lazy\" decoding=\"async\" class=\"alignnone size-large wp-image-3478\" src=\"https:\/\/zzit.org.pl\/okregi\/wielkopolskolubuski\/wp-content\/uploads\/sites\/11\/2022\/11\/Komisja-rewizyjna-Kopiowanie-768x1024.jpg\" alt=\"\" width=\"584\" height=\"779\" srcset=\"https:\/\/zzit.org.pl\/okregi\/wielkopolskolubuski\/wp-content\/uploads\/sites\/11\/2022\/11\/Komisja-rewizyjna-Kopiowanie-768x1024.jpg 768w, https:\/\/zzit.org.pl\/okregi\/wielkopolskolubuski\/wp-content\/uploads\/sites\/11\/2022\/11\/Komisja-rewizyjna-Kopiowanie-225x300.jpg 225w, https:\/\/zzit.org.pl\/okregi\/wielkopolskolubuski\/wp-content\/uploads\/sites\/11\/2022\/11\/Komisja-rewizyjna-Kopiowanie.jpg 900w\" sizes=\"auto, (max-width: 584px) 100vw, 584px\" \/><\/a><\/p>\n","protected":false},"excerpt":{"rendered":"<p>W dniu 20-10-2022 r \u2013 Odby\u0142a si\u0119 Konferencja Sprawozdawczo -Wyborcza MOZ Zwi\u0105zku Zawodowego In\u017cynier\u00f3w i Technik\u00f3w ZWCH Stilon S.A.\u2013 Gorzow Wlkp, podczas kt\u00f3rej dokonano wyboru Przewodnicz\u0105cego; Cz\u0142onk\u00f3w Zarz\u0105du oraz Cz\u0142onk\u00f3w Komisji Rewizyjnej na kadencj\u0119 w latach 2022-2027 &nbsp; Przewodnicz\u0105ca- Marlena &hellip; <a href=\"https:\/\/zzit.org.pl\/okregi\/wielkopolskolubuski\/galeria\/2022-2\/konferencja-sprawozdawczo-wyborcza-moz-zwiazku-zawodowego-inzynierow-i-technikow-zwch-stilon-s-a-gorzow-wlkp\/\">Czytaj dalej <span class=\"meta-nav\">&rarr;<\/span><\/a><\/p>\n","protected":false},"author":9,"featured_media":0,"parent":3152,"menu_order":0,"comment_status":"closed","ping_status":"closed","template":"","meta":{"footnotes":""},"class_list":["post-3482","page","type-page","status-publish","hentry"],"_links":{"self":[{"href":"https:\/\/zzit.org.pl\/okregi\/wielkopolskolubuski\/wp-json\/wp\/v2\/pages\/3482","targetHints":{"allow":["GET"]}}],"collection":[{"href":"https:\/\/zzit.org.pl\/okregi\/wielkopolskolubuski\/wp-json\/wp\/v2\/pages"}],"about":[{"href":"https:\/\/zzit.org.pl\/okregi\/wielkopolskolubuski\/wp-json\/wp\/v2\/types\/page"}],"author":[{"embeddable":true,"href":"https:\/\/zzit.org.pl\/okregi\/wielkopolskolubuski\/wp-json\/wp\/v2\/users\/9"}],"replies":[{"embeddable":true,"href":"https:\/\/zzit.org.pl\/okregi\/wielkopolskolubuski\/wp-json\/wp\/v2\/comments?post=3482"}],"version-history":[{"count":2,"href":"https:\/\/zzit.org.pl\/okregi\/wielkopolskolubuski\/wp-json\/wp\/v2\/pages\/3482\/revisions"}],"predecessor-version":[{"id":3484,"href":"https:\/\/zzit.org.pl\/okregi\/wielkopolskolubuski\/wp-json\/wp\/v2\/pages\/3482\/revisions\/3484"}],"up":[{"embeddable":true,"href":"https:\/\/zzit.org.pl\/okregi\/wielkopolskolubuski\/wp-json\/wp\/v2\/pages\/3152"}],"wp:attachment":[{"href":"https:\/\/zzit.org.pl\/okregi\/wielkopolskolubuski\/wp-json\/wp\/v2\/media?parent=3482"}],"curies":[{"name":"wp","href":"https:\/\/api.w.org\/{rel}","templated":true}]}}