{"id":3444,"date":"2022-10-11T12:36:26","date_gmt":"2022-10-11T12:36:26","guid":{"rendered":"http:\/\/zzit.org.pl\/okregi\/wielkopolskolubuski\/?page_id=3444"},"modified":"2022-10-11T12:36:26","modified_gmt":"2022-10-11T12:36:26","slug":"wybory-zarzadu-przy-h-cegielski-poznan-s-a-30-09-2022","status":"publish","type":"page","link":"https:\/\/zzit.org.pl\/okregi\/wielkopolskolubuski\/galeria\/2022-2\/wybory-zarzadu-przy-h-cegielski-poznan-s-a-30-09-2022\/","title":{"rendered":"Wybory Zarz\u0105du przy H.Cegielski -Pozna\u0144 S.A -30-09-2022"},"content":{"rendered":"<p style=\"text-align: center\"><em><strong>Konsferencja sprawozdawczo -wybprcza MOZ Zwi\u0105zku Zawodowego In\u017cynier\u00f3w i Technik\u00f3w przy H.Cegielski- Pozna\u0144 S.A<\/strong><\/em><\/p>\n<p>W dniu 30-09-2022 r \u2013 Odby\u0142a si\u0119 konferencja sprawozdawczo -wyborcza MOZ Zwi\u0105zku Zawodowego In\u017cynier\u00f3w i Technik\u00f3w przy H.Cegielski \u2013 Pozna\u0144 S.A podczas kt\u00f3rej dokonano wyboru Przewodnicz\u0105cego; Cz\u0142onk\u00f3w Zarz\u0105du oraz Cz\u0142onk\u00f3w Komisji Rewizyjnej na VII kadencj\u0119 w latach 2022-2027<\/p>\n<p>Przewodnicz\u0105ca- Agnieszka B\u0105k<\/p>\n<p>V-ce Przewodnicz\u0105cy \u2013 Tomasz Hreczycho<\/p>\n<p>V-ce Przewodnicz\u0105cy -Maciej Frankowski<\/p>\n<p>Skarbnik -Beata G\u00f3rniewicz<\/p>\n<p>Sekretarz -\u0141ukasz P\u0142\u00f3cieniczak<\/p>\n<p>Cz\u0142onek Zarz\u0105du -Agnieszka Jonasik ; Jolanta Radziej<\/p>\n<p><strong>Romisja Rewizyjna :\u00a0<\/strong><\/p>\n<p>Izabela Kapturzak \u2013 Przewodnicz\u0105ca<\/p>\n<p>Marlena Stojecka V-ce Przewodnicz\u0105ca<\/p>\n<p>Halina Olechnowska \u2013 Sekretarz<\/p>\n<p>Jacek Steike Cz\u0142onek KR<\/p>\n<p>&nbsp;<\/p>\n<p><a href=\"https:\/\/zzit.org.pl\/okregi\/wielkopolskolubuski\/wp-content\/uploads\/sites\/11\/2022\/10\/ZARZAD-ZZIT-HCP-SA-1.png\"><img loading=\"lazy\" decoding=\"async\" class=\"alignnone size-full wp-image-3441\" src=\"https:\/\/zzit.org.pl\/okregi\/wielkopolskolubuski\/wp-content\/uploads\/sites\/11\/2022\/10\/ZARZAD-ZZIT-HCP-SA-1.png\" alt=\"\" width=\"825\" height=\"768\" srcset=\"https:\/\/zzit.org.pl\/okregi\/wielkopolskolubuski\/wp-content\/uploads\/sites\/11\/2022\/10\/ZARZAD-ZZIT-HCP-SA-1.png 825w, https:\/\/zzit.org.pl\/okregi\/wielkopolskolubuski\/wp-content\/uploads\/sites\/11\/2022\/10\/ZARZAD-ZZIT-HCP-SA-1-300x279.png 300w, https:\/\/zzit.org.pl\/okregi\/wielkopolskolubuski\/wp-content\/uploads\/sites\/11\/2022\/10\/ZARZAD-ZZIT-HCP-SA-1-768x715.png 768w, https:\/\/zzit.org.pl\/okregi\/wielkopolskolubuski\/wp-content\/uploads\/sites\/11\/2022\/10\/ZARZAD-ZZIT-HCP-SA-1-322x300.png 322w\" sizes=\"auto, (max-width: 825px) 100vw, 825px\" \/><\/a><a href=\"https:\/\/zzit.org.pl\/okregi\/wielkopolskolubuski\/wp-content\/uploads\/sites\/11\/2022\/10\/P1110874-Kopiowanie.jpg\"><img loading=\"lazy\" decoding=\"async\" class=\"alignnone size-large wp-image-3440\" src=\"https:\/\/zzit.org.pl\/okregi\/wielkopolskolubuski\/wp-content\/uploads\/sites\/11\/2022\/10\/P1110874-Kopiowanie-1024x769.jpg\" alt=\"\" width=\"584\" height=\"439\" srcset=\"https:\/\/zzit.org.pl\/okregi\/wielkopolskolubuski\/wp-content\/uploads\/sites\/11\/2022\/10\/P1110874-Kopiowanie-1024x769.jpg 1024w, https:\/\/zzit.org.pl\/okregi\/wielkopolskolubuski\/wp-content\/uploads\/sites\/11\/2022\/10\/P1110874-Kopiowanie-300x225.jpg 300w, https:\/\/zzit.org.pl\/okregi\/wielkopolskolubuski\/wp-content\/uploads\/sites\/11\/2022\/10\/P1110874-Kopiowanie-768x577.jpg 768w, https:\/\/zzit.org.pl\/okregi\/wielkopolskolubuski\/wp-content\/uploads\/sites\/11\/2022\/10\/P1110874-Kopiowanie-1536x1153.jpg 1536w, https:\/\/zzit.org.pl\/okregi\/wielkopolskolubuski\/wp-content\/uploads\/sites\/11\/2022\/10\/P1110874-Kopiowanie-400x300.jpg 400w, https:\/\/zzit.org.pl\/okregi\/wielkopolskolubuski\/wp-content\/uploads\/sites\/11\/2022\/10\/P1110874-Kopiowanie.jpg 1598w\" sizes=\"auto, (max-width: 584px) 100vw, 584px\" \/><\/a><\/p>\n","protected":false},"excerpt":{"rendered":"<p>Konsferencja sprawozdawczo -wybprcza MOZ Zwi\u0105zku Zawodowego In\u017cynier\u00f3w i Technik\u00f3w przy H.Cegielski- Pozna\u0144 S.A W dniu 30-09-2022 r \u2013 Odby\u0142a si\u0119 konferencja sprawozdawczo -wyborcza MOZ Zwi\u0105zku Zawodowego In\u017cynier\u00f3w i Technik\u00f3w przy H.Cegielski \u2013 Pozna\u0144 S.A podczas kt\u00f3rej dokonano wyboru Przewodnicz\u0105cego; Cz\u0142onk\u00f3w &hellip; <a href=\"https:\/\/zzit.org.pl\/okregi\/wielkopolskolubuski\/galeria\/2022-2\/wybory-zarzadu-przy-h-cegielski-poznan-s-a-30-09-2022\/\">Czytaj dalej <span class=\"meta-nav\">&rarr;<\/span><\/a><\/p>\n","protected":false},"author":9,"featured_media":0,"parent":3152,"menu_order":0,"comment_status":"closed","ping_status":"closed","template":"","meta":{"footnotes":""},"class_list":["post-3444","page","type-page","status-publish","hentry"],"_links":{"self":[{"href":"https:\/\/zzit.org.pl\/okregi\/wielkopolskolubuski\/wp-json\/wp\/v2\/pages\/3444","targetHints":{"allow":["GET"]}}],"collection":[{"href":"https:\/\/zzit.org.pl\/okregi\/wielkopolskolubuski\/wp-json\/wp\/v2\/pages"}],"about":[{"href":"https:\/\/zzit.org.pl\/okregi\/wielkopolskolubuski\/wp-json\/wp\/v2\/types\/page"}],"author":[{"embeddable":true,"href":"https:\/\/zzit.org.pl\/okregi\/wielkopolskolubuski\/wp-json\/wp\/v2\/users\/9"}],"replies":[{"embeddable":true,"href":"https:\/\/zzit.org.pl\/okregi\/wielkopolskolubuski\/wp-json\/wp\/v2\/comments?post=3444"}],"version-history":[{"count":2,"href":"https:\/\/zzit.org.pl\/okregi\/wielkopolskolubuski\/wp-json\/wp\/v2\/pages\/3444\/revisions"}],"predecessor-version":[{"id":3446,"href":"https:\/\/zzit.org.pl\/okregi\/wielkopolskolubuski\/wp-json\/wp\/v2\/pages\/3444\/revisions\/3446"}],"up":[{"embeddable":true,"href":"https:\/\/zzit.org.pl\/okregi\/wielkopolskolubuski\/wp-json\/wp\/v2\/pages\/3152"}],"wp:attachment":[{"href":"https:\/\/zzit.org.pl\/okregi\/wielkopolskolubuski\/wp-json\/wp\/v2\/media?parent=3444"}],"curies":[{"name":"wp","href":"https:\/\/api.w.org\/{rel}","templated":true}]}}