{"id":3311,"date":"2022-05-27T09:44:08","date_gmt":"2022-05-27T09:44:08","guid":{"rendered":"http:\/\/zzit.org.pl\/okregi\/wielkopolskolubuski\/?page_id=3311"},"modified":"2022-05-27T09:53:33","modified_gmt":"2022-05-27T09:53:33","slug":"wybory-rady-powiatu-opzz-kol-ireneusz-pierzchot","status":"publish","type":"page","link":"https:\/\/zzit.org.pl\/okregi\/wielkopolskolubuski\/galeria\/2022-2\/wybory-rady-powiatu-opzz-kol-ireneusz-pierzchot\/","title":{"rendered":"Wybory Rady Powiatu OPZZ &#8211; kol.Ireneusz Pierzchot"},"content":{"rendered":"<p style=\"text-align: center\"><strong>W dniu 26-05-2022 w Ostrowie Wielkopolskim na ul.Wolno\u015bci odby\u0142y si\u0119 wybory Rady Powiatu OPZZ Wiceprzewodnicz\u0105cym zosta\u0142 wybrany kol.Ireneusz Pierzchot \u2013 Gratulujemy !<\/strong><\/p>\n<p><img loading=\"lazy\" decoding=\"async\" class=\"size-full wp-image-3309 aligncenter\" src=\"https:\/\/zzit.org.pl\/okregi\/wielkopolskolubuski\/wp-content\/uploads\/sites\/11\/2022\/05\/img_20220526_120009-Kopiowanie.jpg\" alt=\"\" width=\"1024\" height=\"768\" srcset=\"https:\/\/zzit.org.pl\/okregi\/wielkopolskolubuski\/wp-content\/uploads\/sites\/11\/2022\/05\/img_20220526_120009-Kopiowanie.jpg 1024w, https:\/\/zzit.org.pl\/okregi\/wielkopolskolubuski\/wp-content\/uploads\/sites\/11\/2022\/05\/img_20220526_120009-Kopiowanie-300x225.jpg 300w, https:\/\/zzit.org.pl\/okregi\/wielkopolskolubuski\/wp-content\/uploads\/sites\/11\/2022\/05\/img_20220526_120009-Kopiowanie-768x576.jpg 768w, https:\/\/zzit.org.pl\/okregi\/wielkopolskolubuski\/wp-content\/uploads\/sites\/11\/2022\/05\/img_20220526_120009-Kopiowanie-400x300.jpg 400w\" sizes=\"auto, (max-width: 1024px) 100vw, 1024px\" \/><\/p>\n","protected":false},"excerpt":{"rendered":"<p>W dniu 26-05-2022 w Ostrowie Wielkopolskim na ul.Wolno\u015bci odby\u0142y si\u0119 wybory Rady Powiatu OPZZ Wiceprzewodnicz\u0105cym zosta\u0142 wybrany kol.Ireneusz Pierzchot \u2013 Gratulujemy !<\/p>\n","protected":false},"author":9,"featured_media":0,"parent":3152,"menu_order":0,"comment_status":"closed","ping_status":"closed","template":"","meta":{"footnotes":""},"class_list":["post-3311","page","type-page","status-publish","hentry"],"_links":{"self":[{"href":"https:\/\/zzit.org.pl\/okregi\/wielkopolskolubuski\/wp-json\/wp\/v2\/pages\/3311","targetHints":{"allow":["GET"]}}],"collection":[{"href":"https:\/\/zzit.org.pl\/okregi\/wielkopolskolubuski\/wp-json\/wp\/v2\/pages"}],"about":[{"href":"https:\/\/zzit.org.pl\/okregi\/wielkopolskolubuski\/wp-json\/wp\/v2\/types\/page"}],"author":[{"embeddable":true,"href":"https:\/\/zzit.org.pl\/okregi\/wielkopolskolubuski\/wp-json\/wp\/v2\/users\/9"}],"replies":[{"embeddable":true,"href":"https:\/\/zzit.org.pl\/okregi\/wielkopolskolubuski\/wp-json\/wp\/v2\/comments?post=3311"}],"version-history":[{"count":4,"href":"https:\/\/zzit.org.pl\/okregi\/wielkopolskolubuski\/wp-json\/wp\/v2\/pages\/3311\/revisions"}],"predecessor-version":[{"id":3315,"href":"https:\/\/zzit.org.pl\/okregi\/wielkopolskolubuski\/wp-json\/wp\/v2\/pages\/3311\/revisions\/3315"}],"up":[{"embeddable":true,"href":"https:\/\/zzit.org.pl\/okregi\/wielkopolskolubuski\/wp-json\/wp\/v2\/pages\/3152"}],"wp:attachment":[{"href":"https:\/\/zzit.org.pl\/okregi\/wielkopolskolubuski\/wp-json\/wp\/v2\/media?parent=3311"}],"curies":[{"name":"wp","href":"https:\/\/api.w.org\/{rel}","templated":true}]}}