{"id":3270,"date":"2022-03-29T07:19:59","date_gmt":"2022-03-29T07:19:59","guid":{"rendered":"http:\/\/zzit.org.pl\/okregi\/wielkopolskolubuski\/?page_id=3270"},"modified":"2022-03-29T07:19:59","modified_gmt":"2022-03-29T07:19:59","slug":"krs","status":"publish","type":"page","link":"https:\/\/zzit.org.pl\/okregi\/wielkopolskolubuski\/krs\/","title":{"rendered":"KRS"},"content":{"rendered":"<h3><strong>KRS 0000125208<\/strong><\/h3>\n<hr size=\"2\" \/>\n<p>Aby pobra\u0107 wypis z Krajowego Rejestru S\u0105dowego (KRS) nale\u017cy:<\/p>\n<p>1.Wej\u015b\u0107 na stron\u0119 Ministerstwa Sprawiedliwo\u015bci:\u00a0 <a title=\"Ministerstwo Sprawiedliwo\u015bci\" href=\"https:\/\/ems.ms.gov.pl\/\" target=\"_blank\" rel=\"noopener noreferrer\">https:\/\/ems.ms.gov.pl\/<\/a><\/p>\n<p>2Klikn\u0105\u0107 na czerwonym przycisku z bia\u0142ym napisem \u201eKrajowy Rejestr S\u0105dowy\u201d.<br \/>\nOtworzy si\u0119 nowa strona na, kt\u00f3rej nale\u017cy:<\/p>\n<p>3.Zaznaczy\u0107 pole obok napisu: \u201e<em>Stowarzyszenia, inne organizacje spo\u0142. i zawodowe, fundacje, ZOZ<\/em>\u201e.<\/p>\n<p>4.Wpisa\u0107 nr KRS: <strong>0000125208<\/strong><\/p>\n<p>5.Przepisa\u0107 kod z obrazka.<\/p>\n<p>6.Klikn\u0105\u0107 przycisk \u201eSzukaj\u201d.<\/p>\n<p>7.W tym momencie strona zostanie od\u015bwie\u017cona i poni\u017cej przycisku \u201eSzukaj\u201d pojawi si\u0119 informacja o ZZIT.<\/p>\n<p>8.Aby wy\u015bwietli\u0107 dane, nale\u017cy pod napisem \u201eDane szczeg\u00f3\u0142owe\u201d klikn\u0105\u0107 na czerwony napis \u201e<strong>Wy\u015bwietl<\/strong>\u201e.<\/p>\n<p>9.Aby wydrukowa\u0107 wypis nale\u017cy klikn\u0105\u0107 przycisk \u201e<strong>Pobierz wydruk<\/strong>\u201e.<\/p>\n<p>Filmik instrukta\u017cowy mo\u017cna zobaczy\u0107 na stronie Okr\u0119gu Lubelskiego ZZIT:<\/p>\n<p><a href=\"http:\/\/www.zzit.home.pl\/okreg%20lubelski\/KRS.gif\" target=\"_blank\" rel=\"noopener noreferrer\">http:\/\/www.zzit.home.pl\/okreg%20lubelski\/KRS.gif<\/a><\/p>\n<p>&nbsp;<\/p>\n","protected":false},"excerpt":{"rendered":"<p>KRS 0000125208 Aby pobra\u0107 wypis z Krajowego Rejestru S\u0105dowego (KRS) nale\u017cy: 1.Wej\u015b\u0107 na stron\u0119 Ministerstwa Sprawiedliwo\u015bci:\u00a0 https:\/\/ems.ms.gov.pl\/ 2Klikn\u0105\u0107 na czerwonym przycisku z bia\u0142ym napisem \u201eKrajowy Rejestr S\u0105dowy\u201d. Otworzy si\u0119 nowa strona na, kt\u00f3rej nale\u017cy: 3.Zaznaczy\u0107 pole obok napisu: \u201eStowarzyszenia, inne &hellip; <a href=\"https:\/\/zzit.org.pl\/okregi\/wielkopolskolubuski\/krs\/\">Czytaj dalej <span class=\"meta-nav\">&rarr;<\/span><\/a><\/p>\n","protected":false},"author":9,"featured_media":0,"parent":0,"menu_order":0,"comment_status":"closed","ping_status":"closed","template":"","meta":{"footnotes":""},"class_list":["post-3270","page","type-page","status-publish","hentry"],"_links":{"self":[{"href":"https:\/\/zzit.org.pl\/okregi\/wielkopolskolubuski\/wp-json\/wp\/v2\/pages\/3270","targetHints":{"allow":["GET"]}}],"collection":[{"href":"https:\/\/zzit.org.pl\/okregi\/wielkopolskolubuski\/wp-json\/wp\/v2\/pages"}],"about":[{"href":"https:\/\/zzit.org.pl\/okregi\/wielkopolskolubuski\/wp-json\/wp\/v2\/types\/page"}],"author":[{"embeddable":true,"href":"https:\/\/zzit.org.pl\/okregi\/wielkopolskolubuski\/wp-json\/wp\/v2\/users\/9"}],"replies":[{"embeddable":true,"href":"https:\/\/zzit.org.pl\/okregi\/wielkopolskolubuski\/wp-json\/wp\/v2\/comments?post=3270"}],"version-history":[{"count":2,"href":"https:\/\/zzit.org.pl\/okregi\/wielkopolskolubuski\/wp-json\/wp\/v2\/pages\/3270\/revisions"}],"predecessor-version":[{"id":3272,"href":"https:\/\/zzit.org.pl\/okregi\/wielkopolskolubuski\/wp-json\/wp\/v2\/pages\/3270\/revisions\/3272"}],"wp:attachment":[{"href":"https:\/\/zzit.org.pl\/okregi\/wielkopolskolubuski\/wp-json\/wp\/v2\/media?parent=3270"}],"curies":[{"name":"wp","href":"https:\/\/api.w.org\/{rel}","templated":true}]}}