{"id":3216,"date":"2022-03-18T09:42:40","date_gmt":"2022-03-18T09:42:40","guid":{"rendered":"http:\/\/zzit.org.pl\/okregi\/wielkopolskolubuski\/?page_id=3216"},"modified":"2022-03-18T09:44:20","modified_gmt":"2022-03-18T09:44:20","slug":"16-03-2022-oznaczenie-zzit-kol-jolanta-chylinska","status":"publish","type":"page","link":"https:\/\/zzit.org.pl\/okregi\/wielkopolskolubuski\/galeria\/2022-2\/16-03-2022-oznaczenie-zzit-kol-jolanta-chylinska\/","title":{"rendered":"16-03-2022 &#8211; Oznaczenie ZZIT  kol.Jolanta Chyli\u0144ska"},"content":{"rendered":"<p><strong>W dniu 16-03-2022 Zwi\u0105zek Zawodowy In\u017cynier\u00f3w i Technik\u00f3w- Zarz\u0105d Krajowy dniu 10 grudnia 2021r przyznaj\u0119\u00a0 kol.Jolancie Chyli\u0144skiej\u00a0 \u00a0 Srebrn\u0105 Oznak\u0119 Honorow\u0105 ZZIT \u2013 Gratulacje sk\u0142ada Zarz\u0105d Okr\u0119gu Wielkopolsko \u2013 Lubuskiego<\/strong><\/p>\n<p><a href=\"https:\/\/zzit.org.pl\/okregi\/wielkopolskolubuski\/wp-content\/uploads\/sites\/11\/2022\/03\/IMG_20220120_110728-Kopiowanie.jpg\"><img loading=\"lazy\" decoding=\"async\" class=\"alignnone size-full wp-image-3210\" src=\"https:\/\/zzit.org.pl\/okregi\/wielkopolskolubuski\/wp-content\/uploads\/sites\/11\/2022\/03\/IMG_20220120_110728-Kopiowanie.jpg\" alt=\"\" width=\"1024\" height=\"768\" srcset=\"https:\/\/zzit.org.pl\/okregi\/wielkopolskolubuski\/wp-content\/uploads\/sites\/11\/2022\/03\/IMG_20220120_110728-Kopiowanie.jpg 1024w, https:\/\/zzit.org.pl\/okregi\/wielkopolskolubuski\/wp-content\/uploads\/sites\/11\/2022\/03\/IMG_20220120_110728-Kopiowanie-300x225.jpg 300w, https:\/\/zzit.org.pl\/okregi\/wielkopolskolubuski\/wp-content\/uploads\/sites\/11\/2022\/03\/IMG_20220120_110728-Kopiowanie-768x576.jpg 768w, https:\/\/zzit.org.pl\/okregi\/wielkopolskolubuski\/wp-content\/uploads\/sites\/11\/2022\/03\/IMG_20220120_110728-Kopiowanie-400x300.jpg 400w\" sizes=\"auto, (max-width: 1024px) 100vw, 1024px\" \/><\/a> <a href=\"https:\/\/zzit.org.pl\/okregi\/wielkopolskolubuski\/wp-content\/uploads\/sites\/11\/2022\/03\/IMG_20220316_102732.jpg\"><img loading=\"lazy\" decoding=\"async\" class=\"alignnone size-full wp-image-3211\" src=\"https:\/\/zzit.org.pl\/okregi\/wielkopolskolubuski\/wp-content\/uploads\/sites\/11\/2022\/03\/IMG_20220316_102732.jpg\" alt=\"\" width=\"1107\" height=\"830\" srcset=\"https:\/\/zzit.org.pl\/okregi\/wielkopolskolubuski\/wp-content\/uploads\/sites\/11\/2022\/03\/IMG_20220316_102732.jpg 1107w, https:\/\/zzit.org.pl\/okregi\/wielkopolskolubuski\/wp-content\/uploads\/sites\/11\/2022\/03\/IMG_20220316_102732-300x225.jpg 300w, https:\/\/zzit.org.pl\/okregi\/wielkopolskolubuski\/wp-content\/uploads\/sites\/11\/2022\/03\/IMG_20220316_102732-1024x768.jpg 1024w, https:\/\/zzit.org.pl\/okregi\/wielkopolskolubuski\/wp-content\/uploads\/sites\/11\/2022\/03\/IMG_20220316_102732-768x576.jpg 768w, https:\/\/zzit.org.pl\/okregi\/wielkopolskolubuski\/wp-content\/uploads\/sites\/11\/2022\/03\/IMG_20220316_102732-400x300.jpg 400w\" sizes=\"auto, (max-width: 1107px) 100vw, 1107px\" \/><\/a> <a href=\"https:\/\/zzit.org.pl\/okregi\/wielkopolskolubuski\/wp-content\/uploads\/sites\/11\/2022\/03\/IMG_20220316_102739.jpg\"><img loading=\"lazy\" decoding=\"async\" class=\"alignnone size-full wp-image-3212\" src=\"https:\/\/zzit.org.pl\/okregi\/wielkopolskolubuski\/wp-content\/uploads\/sites\/11\/2022\/03\/IMG_20220316_102739.jpg\" alt=\"\" width=\"1107\" height=\"830\" srcset=\"https:\/\/zzit.org.pl\/okregi\/wielkopolskolubuski\/wp-content\/uploads\/sites\/11\/2022\/03\/IMG_20220316_102739.jpg 1107w, https:\/\/zzit.org.pl\/okregi\/wielkopolskolubuski\/wp-content\/uploads\/sites\/11\/2022\/03\/IMG_20220316_102739-300x225.jpg 300w, https:\/\/zzit.org.pl\/okregi\/wielkopolskolubuski\/wp-content\/uploads\/sites\/11\/2022\/03\/IMG_20220316_102739-1024x768.jpg 1024w, https:\/\/zzit.org.pl\/okregi\/wielkopolskolubuski\/wp-content\/uploads\/sites\/11\/2022\/03\/IMG_20220316_102739-768x576.jpg 768w, https:\/\/zzit.org.pl\/okregi\/wielkopolskolubuski\/wp-content\/uploads\/sites\/11\/2022\/03\/IMG_20220316_102739-400x300.jpg 400w\" sizes=\"auto, (max-width: 1107px) 100vw, 1107px\" \/><\/a> <a href=\"https:\/\/zzit.org.pl\/okregi\/wielkopolskolubuski\/wp-content\/uploads\/sites\/11\/2022\/03\/IMG_20220316_102804.jpg\"><img loading=\"lazy\" decoding=\"async\" class=\"alignnone size-full wp-image-3213\" src=\"https:\/\/zzit.org.pl\/okregi\/wielkopolskolubuski\/wp-content\/uploads\/sites\/11\/2022\/03\/IMG_20220316_102804.jpg\" alt=\"\" width=\"622\" height=\"830\" srcset=\"https:\/\/zzit.org.pl\/okregi\/wielkopolskolubuski\/wp-content\/uploads\/sites\/11\/2022\/03\/IMG_20220316_102804.jpg 622w, https:\/\/zzit.org.pl\/okregi\/wielkopolskolubuski\/wp-content\/uploads\/sites\/11\/2022\/03\/IMG_20220316_102804-225x300.jpg 225w\" sizes=\"auto, (max-width: 622px) 100vw, 622px\" \/><\/a> <a href=\"https:\/\/zzit.org.pl\/okregi\/wielkopolskolubuski\/wp-content\/uploads\/sites\/11\/2022\/03\/IMG_20220316_102834.jpg\"><img loading=\"lazy\" decoding=\"async\" class=\"alignnone size-full wp-image-3214\" src=\"https:\/\/zzit.org.pl\/okregi\/wielkopolskolubuski\/wp-content\/uploads\/sites\/11\/2022\/03\/IMG_20220316_102834.jpg\" alt=\"\" width=\"622\" height=\"830\" srcset=\"https:\/\/zzit.org.pl\/okregi\/wielkopolskolubuski\/wp-content\/uploads\/sites\/11\/2022\/03\/IMG_20220316_102834.jpg 622w, https:\/\/zzit.org.pl\/okregi\/wielkopolskolubuski\/wp-content\/uploads\/sites\/11\/2022\/03\/IMG_20220316_102834-225x300.jpg 225w\" sizes=\"auto, (max-width: 622px) 100vw, 622px\" \/><\/a><\/p>\n","protected":false},"excerpt":{"rendered":"<p>W dniu 16-03-2022 Zwi\u0105zek Zawodowy In\u017cynier\u00f3w i Technik\u00f3w- Zarz\u0105d Krajowy dniu 10 grudnia 2021r przyznaj\u0119\u00a0 kol.Jolancie Chyli\u0144skiej\u00a0 \u00a0 Srebrn\u0105 Oznak\u0119 Honorow\u0105 ZZIT \u2013 Gratulacje sk\u0142ada Zarz\u0105d Okr\u0119gu Wielkopolsko \u2013 Lubuskiego<\/p>\n","protected":false},"author":9,"featured_media":0,"parent":3152,"menu_order":0,"comment_status":"closed","ping_status":"closed","template":"","meta":{"footnotes":""},"class_list":["post-3216","page","type-page","status-publish","hentry"],"_links":{"self":[{"href":"https:\/\/zzit.org.pl\/okregi\/wielkopolskolubuski\/wp-json\/wp\/v2\/pages\/3216","targetHints":{"allow":["GET"]}}],"collection":[{"href":"https:\/\/zzit.org.pl\/okregi\/wielkopolskolubuski\/wp-json\/wp\/v2\/pages"}],"about":[{"href":"https:\/\/zzit.org.pl\/okregi\/wielkopolskolubuski\/wp-json\/wp\/v2\/types\/page"}],"author":[{"embeddable":true,"href":"https:\/\/zzit.org.pl\/okregi\/wielkopolskolubuski\/wp-json\/wp\/v2\/users\/9"}],"replies":[{"embeddable":true,"href":"https:\/\/zzit.org.pl\/okregi\/wielkopolskolubuski\/wp-json\/wp\/v2\/comments?post=3216"}],"version-history":[{"count":2,"href":"https:\/\/zzit.org.pl\/okregi\/wielkopolskolubuski\/wp-json\/wp\/v2\/pages\/3216\/revisions"}],"predecessor-version":[{"id":3219,"href":"https:\/\/zzit.org.pl\/okregi\/wielkopolskolubuski\/wp-json\/wp\/v2\/pages\/3216\/revisions\/3219"}],"up":[{"embeddable":true,"href":"https:\/\/zzit.org.pl\/okregi\/wielkopolskolubuski\/wp-json\/wp\/v2\/pages\/3152"}],"wp:attachment":[{"href":"https:\/\/zzit.org.pl\/okregi\/wielkopolskolubuski\/wp-json\/wp\/v2\/media?parent=3216"}],"curies":[{"name":"wp","href":"https:\/\/api.w.org\/{rel}","templated":true}]}}