{"id":3191,"date":"2022-03-18T09:25:23","date_gmt":"2022-03-18T09:25:23","guid":{"rendered":"http:\/\/zzit.org.pl\/okregi\/wielkopolskolubuski\/?page_id=3191"},"modified":"2022-03-18T09:26:54","modified_gmt":"2022-03-18T09:26:54","slug":"16-03-2022-poznan-zarzad-okregu-wielkopolsko-lubuskiego-i-komisja-rewizyjna","status":"publish","type":"page","link":"https:\/\/zzit.org.pl\/okregi\/wielkopolskolubuski\/galeria\/2022-2\/16-03-2022-poznan-zarzad-okregu-wielkopolsko-lubuskiego-i-komisja-rewizyjna\/","title":{"rendered":"16-03-2022 Pozna\u0144 &#8211; Zarz\u0105d Okr\u0119gu Wielkopolsko &#8211; Lubuskiego i Komisja Rewizyjna"},"content":{"rendered":"<p><a href=\"https:\/\/zzit.org.pl\/okregi\/wielkopolskolubuski\/wp-content\/uploads\/sites\/11\/2022\/03\/IMG_20220316_102924.jpg\"><img loading=\"lazy\" decoding=\"async\" class=\"alignnone size-full wp-image-3204\" src=\"https:\/\/zzit.org.pl\/okregi\/wielkopolskolubuski\/wp-content\/uploads\/sites\/11\/2022\/03\/IMG_20220316_102924.jpg\" alt=\"\" width=\"1107\" height=\"830\" srcset=\"https:\/\/zzit.org.pl\/okregi\/wielkopolskolubuski\/wp-content\/uploads\/sites\/11\/2022\/03\/IMG_20220316_102924.jpg 1107w, https:\/\/zzit.org.pl\/okregi\/wielkopolskolubuski\/wp-content\/uploads\/sites\/11\/2022\/03\/IMG_20220316_102924-300x225.jpg 300w, https:\/\/zzit.org.pl\/okregi\/wielkopolskolubuski\/wp-content\/uploads\/sites\/11\/2022\/03\/IMG_20220316_102924-1024x768.jpg 1024w, https:\/\/zzit.org.pl\/okregi\/wielkopolskolubuski\/wp-content\/uploads\/sites\/11\/2022\/03\/IMG_20220316_102924-768x576.jpg 768w, https:\/\/zzit.org.pl\/okregi\/wielkopolskolubuski\/wp-content\/uploads\/sites\/11\/2022\/03\/IMG_20220316_102924-400x300.jpg 400w\" sizes=\"auto, (max-width: 1107px) 100vw, 1107px\" \/><\/a><a href=\"https:\/\/zzit.org.pl\/okregi\/wielkopolskolubuski\/wp-content\/uploads\/sites\/11\/2022\/03\/IMG_20220316_102935.jpg\"><img loading=\"lazy\" decoding=\"async\" class=\"alignnone size-full wp-image-3205\" src=\"https:\/\/zzit.org.pl\/okregi\/wielkopolskolubuski\/wp-content\/uploads\/sites\/11\/2022\/03\/IMG_20220316_102935.jpg\" alt=\"\" width=\"1107\" height=\"830\" srcset=\"https:\/\/zzit.org.pl\/okregi\/wielkopolskolubuski\/wp-content\/uploads\/sites\/11\/2022\/03\/IMG_20220316_102935.jpg 1107w, https:\/\/zzit.org.pl\/okregi\/wielkopolskolubuski\/wp-content\/uploads\/sites\/11\/2022\/03\/IMG_20220316_102935-300x225.jpg 300w, https:\/\/zzit.org.pl\/okregi\/wielkopolskolubuski\/wp-content\/uploads\/sites\/11\/2022\/03\/IMG_20220316_102935-1024x768.jpg 1024w, https:\/\/zzit.org.pl\/okregi\/wielkopolskolubuski\/wp-content\/uploads\/sites\/11\/2022\/03\/IMG_20220316_102935-768x576.jpg 768w, https:\/\/zzit.org.pl\/okregi\/wielkopolskolubuski\/wp-content\/uploads\/sites\/11\/2022\/03\/IMG_20220316_102935-400x300.jpg 400w\" sizes=\"auto, (max-width: 1107px) 100vw, 1107px\" \/><\/a><a href=\"https:\/\/zzit.org.pl\/okregi\/wielkopolskolubuski\/wp-content\/uploads\/sites\/11\/2022\/03\/IMG_20220316_100922-1.jpg\"><img loading=\"lazy\" decoding=\"async\" class=\"alignnone size-full wp-image-3192\" src=\"https:\/\/zzit.org.pl\/okregi\/wielkopolskolubuski\/wp-content\/uploads\/sites\/11\/2022\/03\/IMG_20220316_100922-1.jpg\" alt=\"\" width=\"1107\" height=\"830\" srcset=\"https:\/\/zzit.org.pl\/okregi\/wielkopolskolubuski\/wp-content\/uploads\/sites\/11\/2022\/03\/IMG_20220316_100922-1.jpg 1107w, https:\/\/zzit.org.pl\/okregi\/wielkopolskolubuski\/wp-content\/uploads\/sites\/11\/2022\/03\/IMG_20220316_100922-1-300x225.jpg 300w, https:\/\/zzit.org.pl\/okregi\/wielkopolskolubuski\/wp-content\/uploads\/sites\/11\/2022\/03\/IMG_20220316_100922-1-1024x768.jpg 1024w, https:\/\/zzit.org.pl\/okregi\/wielkopolskolubuski\/wp-content\/uploads\/sites\/11\/2022\/03\/IMG_20220316_100922-1-768x576.jpg 768w, https:\/\/zzit.org.pl\/okregi\/wielkopolskolubuski\/wp-content\/uploads\/sites\/11\/2022\/03\/IMG_20220316_100922-1-400x300.jpg 400w\" sizes=\"auto, (max-width: 1107px) 100vw, 1107px\" \/><\/a> <a href=\"https:\/\/zzit.org.pl\/okregi\/wielkopolskolubuski\/wp-content\/uploads\/sites\/11\/2022\/03\/IMG_20220316_101027.jpg\"><img loading=\"lazy\" decoding=\"async\" class=\"alignnone size-full wp-image-3194\" src=\"https:\/\/zzit.org.pl\/okregi\/wielkopolskolubuski\/wp-content\/uploads\/sites\/11\/2022\/03\/IMG_20220316_101027.jpg\" alt=\"\" width=\"1107\" height=\"830\" srcset=\"https:\/\/zzit.org.pl\/okregi\/wielkopolskolubuski\/wp-content\/uploads\/sites\/11\/2022\/03\/IMG_20220316_101027.jpg 1107w, https:\/\/zzit.org.pl\/okregi\/wielkopolskolubuski\/wp-content\/uploads\/sites\/11\/2022\/03\/IMG_20220316_101027-300x225.jpg 300w, https:\/\/zzit.org.pl\/okregi\/wielkopolskolubuski\/wp-content\/uploads\/sites\/11\/2022\/03\/IMG_20220316_101027-1024x768.jpg 1024w, https:\/\/zzit.org.pl\/okregi\/wielkopolskolubuski\/wp-content\/uploads\/sites\/11\/2022\/03\/IMG_20220316_101027-768x576.jpg 768w, https:\/\/zzit.org.pl\/okregi\/wielkopolskolubuski\/wp-content\/uploads\/sites\/11\/2022\/03\/IMG_20220316_101027-400x300.jpg 400w\" sizes=\"auto, (max-width: 1107px) 100vw, 1107px\" \/><\/a> <a href=\"https:\/\/zzit.org.pl\/okregi\/wielkopolskolubuski\/wp-content\/uploads\/sites\/11\/2022\/03\/IMG_20220316_101030.jpg\"><img loading=\"lazy\" decoding=\"async\" class=\"alignnone size-full wp-image-3195\" src=\"https:\/\/zzit.org.pl\/okregi\/wielkopolskolubuski\/wp-content\/uploads\/sites\/11\/2022\/03\/IMG_20220316_101030.jpg\" alt=\"\" width=\"1107\" height=\"830\" srcset=\"https:\/\/zzit.org.pl\/okregi\/wielkopolskolubuski\/wp-content\/uploads\/sites\/11\/2022\/03\/IMG_20220316_101030.jpg 1107w, https:\/\/zzit.org.pl\/okregi\/wielkopolskolubuski\/wp-content\/uploads\/sites\/11\/2022\/03\/IMG_20220316_101030-300x225.jpg 300w, https:\/\/zzit.org.pl\/okregi\/wielkopolskolubuski\/wp-content\/uploads\/sites\/11\/2022\/03\/IMG_20220316_101030-1024x768.jpg 1024w, https:\/\/zzit.org.pl\/okregi\/wielkopolskolubuski\/wp-content\/uploads\/sites\/11\/2022\/03\/IMG_20220316_101030-768x576.jpg 768w, https:\/\/zzit.org.pl\/okregi\/wielkopolskolubuski\/wp-content\/uploads\/sites\/11\/2022\/03\/IMG_20220316_101030-400x300.jpg 400w\" sizes=\"auto, (max-width: 1107px) 100vw, 1107px\" \/><\/a> <a href=\"https:\/\/zzit.org.pl\/okregi\/wielkopolskolubuski\/wp-content\/uploads\/sites\/11\/2022\/03\/IMG_20220316_101100.jpg\"><img loading=\"lazy\" decoding=\"async\" class=\"alignnone size-full wp-image-3196\" src=\"https:\/\/zzit.org.pl\/okregi\/wielkopolskolubuski\/wp-content\/uploads\/sites\/11\/2022\/03\/IMG_20220316_101100.jpg\" alt=\"\" width=\"1107\" height=\"830\" srcset=\"https:\/\/zzit.org.pl\/okregi\/wielkopolskolubuski\/wp-content\/uploads\/sites\/11\/2022\/03\/IMG_20220316_101100.jpg 1107w, https:\/\/zzit.org.pl\/okregi\/wielkopolskolubuski\/wp-content\/uploads\/sites\/11\/2022\/03\/IMG_20220316_101100-300x225.jpg 300w, https:\/\/zzit.org.pl\/okregi\/wielkopolskolubuski\/wp-content\/uploads\/sites\/11\/2022\/03\/IMG_20220316_101100-1024x768.jpg 1024w, https:\/\/zzit.org.pl\/okregi\/wielkopolskolubuski\/wp-content\/uploads\/sites\/11\/2022\/03\/IMG_20220316_101100-768x576.jpg 768w, https:\/\/zzit.org.pl\/okregi\/wielkopolskolubuski\/wp-content\/uploads\/sites\/11\/2022\/03\/IMG_20220316_101100-400x300.jpg 400w\" sizes=\"auto, (max-width: 1107px) 100vw, 1107px\" \/><\/a> <a href=\"https:\/\/zzit.org.pl\/okregi\/wielkopolskolubuski\/wp-content\/uploads\/sites\/11\/2022\/03\/IMG_20220316_101104.jpg\"><img loading=\"lazy\" decoding=\"async\" class=\"alignnone size-full wp-image-3197\" src=\"https:\/\/zzit.org.pl\/okregi\/wielkopolskolubuski\/wp-content\/uploads\/sites\/11\/2022\/03\/IMG_20220316_101104.jpg\" alt=\"\" width=\"1107\" height=\"830\" srcset=\"https:\/\/zzit.org.pl\/okregi\/wielkopolskolubuski\/wp-content\/uploads\/sites\/11\/2022\/03\/IMG_20220316_101104.jpg 1107w, https:\/\/zzit.org.pl\/okregi\/wielkopolskolubuski\/wp-content\/uploads\/sites\/11\/2022\/03\/IMG_20220316_101104-300x225.jpg 300w, https:\/\/zzit.org.pl\/okregi\/wielkopolskolubuski\/wp-content\/uploads\/sites\/11\/2022\/03\/IMG_20220316_101104-1024x768.jpg 1024w, https:\/\/zzit.org.pl\/okregi\/wielkopolskolubuski\/wp-content\/uploads\/sites\/11\/2022\/03\/IMG_20220316_101104-768x576.jpg 768w, https:\/\/zzit.org.pl\/okregi\/wielkopolskolubuski\/wp-content\/uploads\/sites\/11\/2022\/03\/IMG_20220316_101104-400x300.jpg 400w\" sizes=\"auto, (max-width: 1107px) 100vw, 1107px\" \/><\/a> <a href=\"https:\/\/zzit.org.pl\/okregi\/wielkopolskolubuski\/wp-content\/uploads\/sites\/11\/2022\/03\/IMG_20220316_102610.jpg\"><img loading=\"lazy\" decoding=\"async\" class=\"alignnone size-full wp-image-3200\" src=\"https:\/\/zzit.org.pl\/okregi\/wielkopolskolubuski\/wp-content\/uploads\/sites\/11\/2022\/03\/IMG_20220316_102610.jpg\" alt=\"\" width=\"1107\" height=\"830\" srcset=\"https:\/\/zzit.org.pl\/okregi\/wielkopolskolubuski\/wp-content\/uploads\/sites\/11\/2022\/03\/IMG_20220316_102610.jpg 1107w, https:\/\/zzit.org.pl\/okregi\/wielkopolskolubuski\/wp-content\/uploads\/sites\/11\/2022\/03\/IMG_20220316_102610-300x225.jpg 300w, https:\/\/zzit.org.pl\/okregi\/wielkopolskolubuski\/wp-content\/uploads\/sites\/11\/2022\/03\/IMG_20220316_102610-1024x768.jpg 1024w, https:\/\/zzit.org.pl\/okregi\/wielkopolskolubuski\/wp-content\/uploads\/sites\/11\/2022\/03\/IMG_20220316_102610-768x576.jpg 768w, https:\/\/zzit.org.pl\/okregi\/wielkopolskolubuski\/wp-content\/uploads\/sites\/11\/2022\/03\/IMG_20220316_102610-400x300.jpg 400w\" sizes=\"auto, (max-width: 1107px) 100vw, 1107px\" \/><\/a><a href=\"https:\/\/zzit.org.pl\/okregi\/wielkopolskolubuski\/wp-content\/uploads\/sites\/11\/2022\/03\/IMG_20220316_120814.jpg\"><img loading=\"lazy\" decoding=\"async\" class=\"alignnone size-full wp-image-3175\" src=\"https:\/\/zzit.org.pl\/okregi\/wielkopolskolubuski\/wp-content\/uploads\/sites\/11\/2022\/03\/IMG_20220316_120814.jpg\" alt=\"\" width=\"1204\" height=\"903\" srcset=\"https:\/\/zzit.org.pl\/okregi\/wielkopolskolubuski\/wp-content\/uploads\/sites\/11\/2022\/03\/IMG_20220316_120814.jpg 1204w, https:\/\/zzit.org.pl\/okregi\/wielkopolskolubuski\/wp-content\/uploads\/sites\/11\/2022\/03\/IMG_20220316_120814-300x225.jpg 300w, https:\/\/zzit.org.pl\/okregi\/wielkopolskolubuski\/wp-content\/uploads\/sites\/11\/2022\/03\/IMG_20220316_120814-1024x768.jpg 1024w, https:\/\/zzit.org.pl\/okregi\/wielkopolskolubuski\/wp-content\/uploads\/sites\/11\/2022\/03\/IMG_20220316_120814-768x576.jpg 768w, https:\/\/zzit.org.pl\/okregi\/wielkopolskolubuski\/wp-content\/uploads\/sites\/11\/2022\/03\/IMG_20220316_120814-400x300.jpg 400w\" sizes=\"auto, (max-width: 1204px) 100vw, 1204px\" \/><\/a><\/p>\n","protected":false},"excerpt":{"rendered":"","protected":false},"author":9,"featured_media":0,"parent":3152,"menu_order":0,"comment_status":"closed","ping_status":"closed","template":"","meta":{"footnotes":""},"class_list":["post-3191","page","type-page","status-publish","hentry"],"_links":{"self":[{"href":"https:\/\/zzit.org.pl\/okregi\/wielkopolskolubuski\/wp-json\/wp\/v2\/pages\/3191","targetHints":{"allow":["GET"]}}],"collection":[{"href":"https:\/\/zzit.org.pl\/okregi\/wielkopolskolubuski\/wp-json\/wp\/v2\/pages"}],"about":[{"href":"https:\/\/zzit.org.pl\/okregi\/wielkopolskolubuski\/wp-json\/wp\/v2\/types\/page"}],"author":[{"embeddable":true,"href":"https:\/\/zzit.org.pl\/okregi\/wielkopolskolubuski\/wp-json\/wp\/v2\/users\/9"}],"replies":[{"embeddable":true,"href":"https:\/\/zzit.org.pl\/okregi\/wielkopolskolubuski\/wp-json\/wp\/v2\/comments?post=3191"}],"version-history":[{"count":3,"href":"https:\/\/zzit.org.pl\/okregi\/wielkopolskolubuski\/wp-json\/wp\/v2\/pages\/3191\/revisions"}],"predecessor-version":[{"id":3207,"href":"https:\/\/zzit.org.pl\/okregi\/wielkopolskolubuski\/wp-json\/wp\/v2\/pages\/3191\/revisions\/3207"}],"up":[{"embeddable":true,"href":"https:\/\/zzit.org.pl\/okregi\/wielkopolskolubuski\/wp-json\/wp\/v2\/pages\/3152"}],"wp:attachment":[{"href":"https:\/\/zzit.org.pl\/okregi\/wielkopolskolubuski\/wp-json\/wp\/v2\/media?parent=3191"}],"curies":[{"name":"wp","href":"https:\/\/api.w.org\/{rel}","templated":true}]}}