{"id":3001,"date":"2022-01-09T11:51:35","date_gmt":"2022-01-09T11:51:35","guid":{"rendered":"http:\/\/zzit.org.pl\/okregi\/wielkopolskolubuski\/?page_id=3001"},"modified":"2022-01-09T11:53:05","modified_gmt":"2022-01-09T11:53:05","slug":"oznaczenie-kol-agnieszka-bak-zlota-oznaka-honorowa-zzit-nr-1301-z-dnia-28-07-2021","status":"publish","type":"page","link":"https:\/\/zzit.org.pl\/okregi\/wielkopolskolubuski\/galeria\/2021-2\/oznaczenie-kol-agnieszka-bak-zlota-oznaka-honorowa-zzit-nr-1301-z-dnia-28-07-2021\/","title":{"rendered":"Oznaczenie &#8211; kol.Agnieszka B\u0105k -Z\u0142ota Oznaka Honorowa ZZIT\u00a0 nr 1301 z dnia\u00a0 28-07-2021"},"content":{"rendered":"<p style=\"text-align: center\"><strong>W dniu 24.09.2021 Zarz\u0105d Krajowy oznaczy\u0142 kol.Agnieszka B\u0105k -Z\u0142ota Oznaka Honorowa ZZIT\u00a0 nr 1301 z dnia\u00a0 28-07-2021<\/strong><\/p>\n<p><a href=\"https:\/\/zzit.org.pl\/okregi\/wielkopolskolubuski\/wp-content\/uploads\/sites\/11\/2022\/01\/DSCF1565-10-1.jpg\"><img loading=\"lazy\" decoding=\"async\" class=\"size-full wp-image-2999 aligncenter\" src=\"https:\/\/zzit.org.pl\/okregi\/wielkopolskolubuski\/wp-content\/uploads\/sites\/11\/2022\/01\/DSCF1565-10-1.jpg\" alt=\"\" width=\"556\" height=\"768\" srcset=\"https:\/\/zzit.org.pl\/okregi\/wielkopolskolubuski\/wp-content\/uploads\/sites\/11\/2022\/01\/DSCF1565-10-1.jpg 556w, https:\/\/zzit.org.pl\/okregi\/wielkopolskolubuski\/wp-content\/uploads\/sites\/11\/2022\/01\/DSCF1565-10-1-217x300.jpg 217w\" sizes=\"auto, (max-width: 556px) 100vw, 556px\" \/><\/a><\/p>\n<p><a href=\"https:\/\/zzit.org.pl\/okregi\/wielkopolskolubuski\/wp-content\/uploads\/sites\/11\/2022\/01\/IMG_20210921_092035.jpg\"><img loading=\"lazy\" decoding=\"async\" class=\"alignnone size-full wp-image-3004\" src=\"https:\/\/zzit.org.pl\/okregi\/wielkopolskolubuski\/wp-content\/uploads\/sites\/11\/2022\/01\/IMG_20210921_092035.jpg\" alt=\"\" width=\"1024\" height=\"768\" srcset=\"https:\/\/zzit.org.pl\/okregi\/wielkopolskolubuski\/wp-content\/uploads\/sites\/11\/2022\/01\/IMG_20210921_092035.jpg 1024w, https:\/\/zzit.org.pl\/okregi\/wielkopolskolubuski\/wp-content\/uploads\/sites\/11\/2022\/01\/IMG_20210921_092035-300x225.jpg 300w, https:\/\/zzit.org.pl\/okregi\/wielkopolskolubuski\/wp-content\/uploads\/sites\/11\/2022\/01\/IMG_20210921_092035-768x576.jpg 768w, https:\/\/zzit.org.pl\/okregi\/wielkopolskolubuski\/wp-content\/uploads\/sites\/11\/2022\/01\/IMG_20210921_092035-400x300.jpg 400w\" sizes=\"auto, (max-width: 1024px) 100vw, 1024px\" \/><\/a><\/p>\n","protected":false},"excerpt":{"rendered":"<p>W dniu 24.09.2021 Zarz\u0105d Krajowy oznaczy\u0142 kol.Agnieszka B\u0105k -Z\u0142ota Oznaka Honorowa ZZIT\u00a0 nr 1301 z dnia\u00a0 28-07-2021<\/p>\n","protected":false},"author":9,"featured_media":0,"parent":2798,"menu_order":0,"comment_status":"closed","ping_status":"closed","template":"","meta":{"footnotes":""},"class_list":["post-3001","page","type-page","status-publish","hentry"],"_links":{"self":[{"href":"https:\/\/zzit.org.pl\/okregi\/wielkopolskolubuski\/wp-json\/wp\/v2\/pages\/3001","targetHints":{"allow":["GET"]}}],"collection":[{"href":"https:\/\/zzit.org.pl\/okregi\/wielkopolskolubuski\/wp-json\/wp\/v2\/pages"}],"about":[{"href":"https:\/\/zzit.org.pl\/okregi\/wielkopolskolubuski\/wp-json\/wp\/v2\/types\/page"}],"author":[{"embeddable":true,"href":"https:\/\/zzit.org.pl\/okregi\/wielkopolskolubuski\/wp-json\/wp\/v2\/users\/9"}],"replies":[{"embeddable":true,"href":"https:\/\/zzit.org.pl\/okregi\/wielkopolskolubuski\/wp-json\/wp\/v2\/comments?post=3001"}],"version-history":[{"count":3,"href":"https:\/\/zzit.org.pl\/okregi\/wielkopolskolubuski\/wp-json\/wp\/v2\/pages\/3001\/revisions"}],"predecessor-version":[{"id":3005,"href":"https:\/\/zzit.org.pl\/okregi\/wielkopolskolubuski\/wp-json\/wp\/v2\/pages\/3001\/revisions\/3005"}],"up":[{"embeddable":true,"href":"https:\/\/zzit.org.pl\/okregi\/wielkopolskolubuski\/wp-json\/wp\/v2\/pages\/2798"}],"wp:attachment":[{"href":"https:\/\/zzit.org.pl\/okregi\/wielkopolskolubuski\/wp-json\/wp\/v2\/media?parent=3001"}],"curies":[{"name":"wp","href":"https:\/\/api.w.org\/{rel}","templated":true}]}}