{"id":2951,"date":"2022-01-09T09:39:39","date_gmt":"2022-01-09T09:39:39","guid":{"rendered":"http:\/\/zzit.org.pl\/okregi\/wielkopolskolubuski\/?page_id=2951"},"modified":"2022-01-09T10:22:08","modified_gmt":"2022-01-09T10:22:08","slug":"wybory-mahle-behr-ostrow-wlkp-25-09-2021","status":"publish","type":"page","link":"https:\/\/zzit.org.pl\/okregi\/wielkopolskolubuski\/galeria\/2021-2\/wybory-mahle-behr-ostrow-wlkp-25-09-2021\/","title":{"rendered":"Wybory Mahle Behr Ostr\u00f3w Wlkp 25-09-2021"},"content":{"rendered":"<p style=\"text-align: center\"><strong>W dniu 25-09-2021 \u2013 Wybory Zarz\u0105du ZZIT -Mahle Behr Ostr\u00f3w Wielkopolski zosta\u0142 powo\u0142any Zarz\u0105d w sk\u0142adzie :<\/strong><\/p>\n<p style=\"text-align: center\">Przewodnicz\u0105cy &#8211;\u00a0 Ireneusz Pierzchot<\/p>\n<p style=\"text-align: center\">Wiceprzewodnicz\u0105cy\u00a0 &#8211; Kamil Mizera<\/p>\n<p style=\"text-align: center\">Sekretarz &#8211; Wojtczak B\u0142a\u017cej<\/p>\n<p style=\"text-align: center\">Skarbnik &#8211; Piotr Skowronek<\/p>\n<p style=\"text-align: center\">Cz\u0142onkowie Zarz\u0105du : Violetta Troszczy\u0144ska ; Zbigniew Kurek ; Ma\u0142gorzata Tyc ;B\u0142a\u017cej Zimniak ; Ewa Koci\u0144ska ; Rados\u0142aw Tura ; Mariusz Binek<\/p>\n<p style=\"text-align: center\">Komisja Rewizyjna : Marek Owoc ; Agnieszka Gorgolewska ; Micha\u0142 Kardas<\/p>\n<p><a href=\"https:\/\/zzit.org.pl\/okregi\/wielkopolskolubuski\/wp-content\/uploads\/sites\/11\/2022\/01\/IMG_20210925_183734-1111-scaled.jpg\"><img loading=\"lazy\" decoding=\"async\" class=\"size-large wp-image-2949 aligncenter\" src=\"https:\/\/zzit.org.pl\/okregi\/wielkopolskolubuski\/wp-content\/uploads\/sites\/11\/2022\/01\/IMG_20210925_183734-1111-1024x531.jpg\" alt=\"\" width=\"584\" height=\"303\" srcset=\"https:\/\/zzit.org.pl\/okregi\/wielkopolskolubuski\/wp-content\/uploads\/sites\/11\/2022\/01\/IMG_20210925_183734-1111-1024x531.jpg 1024w, https:\/\/zzit.org.pl\/okregi\/wielkopolskolubuski\/wp-content\/uploads\/sites\/11\/2022\/01\/IMG_20210925_183734-1111-300x155.jpg 300w, https:\/\/zzit.org.pl\/okregi\/wielkopolskolubuski\/wp-content\/uploads\/sites\/11\/2022\/01\/IMG_20210925_183734-1111-768x398.jpg 768w, https:\/\/zzit.org.pl\/okregi\/wielkopolskolubuski\/wp-content\/uploads\/sites\/11\/2022\/01\/IMG_20210925_183734-1111-1536x796.jpg 1536w, https:\/\/zzit.org.pl\/okregi\/wielkopolskolubuski\/wp-content\/uploads\/sites\/11\/2022\/01\/IMG_20210925_183734-1111-2048x1061.jpg 2048w, https:\/\/zzit.org.pl\/okregi\/wielkopolskolubuski\/wp-content\/uploads\/sites\/11\/2022\/01\/IMG_20210925_183734-1111-500x259.jpg 500w\" sizes=\"auto, (max-width: 584px) 100vw, 584px\" \/><\/a><a href=\"https:\/\/zzit.org.pl\/okregi\/wielkopolskolubuski\/wp-content\/uploads\/sites\/11\/2022\/01\/IMG_20210925_190349-10-scaled.jpg\"><img loading=\"lazy\" decoding=\"async\" class=\"alignnone size-large wp-image-2957\" src=\"https:\/\/zzit.org.pl\/okregi\/wielkopolskolubuski\/wp-content\/uploads\/sites\/11\/2022\/01\/IMG_20210925_190349-10-1024x958.jpg\" alt=\"\" width=\"584\" height=\"546\" srcset=\"https:\/\/zzit.org.pl\/okregi\/wielkopolskolubuski\/wp-content\/uploads\/sites\/11\/2022\/01\/IMG_20210925_190349-10-1024x958.jpg 1024w, https:\/\/zzit.org.pl\/okregi\/wielkopolskolubuski\/wp-content\/uploads\/sites\/11\/2022\/01\/IMG_20210925_190349-10-300x281.jpg 300w, https:\/\/zzit.org.pl\/okregi\/wielkopolskolubuski\/wp-content\/uploads\/sites\/11\/2022\/01\/IMG_20210925_190349-10-768x718.jpg 768w, https:\/\/zzit.org.pl\/okregi\/wielkopolskolubuski\/wp-content\/uploads\/sites\/11\/2022\/01\/IMG_20210925_190349-10-1536x1436.jpg 1536w, https:\/\/zzit.org.pl\/okregi\/wielkopolskolubuski\/wp-content\/uploads\/sites\/11\/2022\/01\/IMG_20210925_190349-10-2048x1915.jpg 2048w, https:\/\/zzit.org.pl\/okregi\/wielkopolskolubuski\/wp-content\/uploads\/sites\/11\/2022\/01\/IMG_20210925_190349-10-321x300.jpg 321w\" sizes=\"auto, (max-width: 584px) 100vw, 584px\" \/><\/a><\/p>\n<p><a href=\"https:\/\/zzit.org.pl\/okregi\/wielkopolskolubuski\/wp-content\/uploads\/sites\/11\/2022\/01\/IMG_20210925_162057-2-scaled.jpg\"><img loading=\"lazy\" decoding=\"async\" class=\"wp-image-2959 aligncenter\" src=\"https:\/\/zzit.org.pl\/okregi\/wielkopolskolubuski\/wp-content\/uploads\/sites\/11\/2022\/01\/IMG_20210925_162057-2-615x1024.jpg\" alt=\"\" width=\"403\" height=\"665\" \/><\/a><a href=\"https:\/\/zzit.org.pl\/okregi\/wielkopolskolubuski\/wp-content\/uploads\/sites\/11\/2022\/01\/IMG_20210925_162039-1-scaled.jpg\"><img loading=\"lazy\" decoding=\"async\" class=\"alignnone size-large wp-image-2960\" src=\"https:\/\/zzit.org.pl\/okregi\/wielkopolskolubuski\/wp-content\/uploads\/sites\/11\/2022\/01\/IMG_20210925_162039-1-1024x699.jpg\" alt=\"\" width=\"584\" height=\"399\" srcset=\"https:\/\/zzit.org.pl\/okregi\/wielkopolskolubuski\/wp-content\/uploads\/sites\/11\/2022\/01\/IMG_20210925_162039-1-1024x699.jpg 1024w, https:\/\/zzit.org.pl\/okregi\/wielkopolskolubuski\/wp-content\/uploads\/sites\/11\/2022\/01\/IMG_20210925_162039-1-300x205.jpg 300w, https:\/\/zzit.org.pl\/okregi\/wielkopolskolubuski\/wp-content\/uploads\/sites\/11\/2022\/01\/IMG_20210925_162039-1-768x525.jpg 768w, https:\/\/zzit.org.pl\/okregi\/wielkopolskolubuski\/wp-content\/uploads\/sites\/11\/2022\/01\/IMG_20210925_162039-1-1536x1049.jpg 1536w, https:\/\/zzit.org.pl\/okregi\/wielkopolskolubuski\/wp-content\/uploads\/sites\/11\/2022\/01\/IMG_20210925_162039-1-2048x1399.jpg 2048w, https:\/\/zzit.org.pl\/okregi\/wielkopolskolubuski\/wp-content\/uploads\/sites\/11\/2022\/01\/IMG_20210925_162039-1-439x300.jpg 439w\" sizes=\"auto, (max-width: 584px) 100vw, 584px\" \/><\/a><\/p>\n<p><a href=\"https:\/\/zzit.org.pl\/okregi\/wielkopolskolubuski\/wp-content\/uploads\/sites\/11\/2022\/01\/IMG_20210925_162101-3-scaled.jpg\"><img loading=\"lazy\" decoding=\"async\" class=\"alignnone size-large wp-image-2961\" src=\"https:\/\/zzit.org.pl\/okregi\/wielkopolskolubuski\/wp-content\/uploads\/sites\/11\/2022\/01\/IMG_20210925_162101-3-1024x569.jpg\" alt=\"\" width=\"584\" height=\"325\" srcset=\"https:\/\/zzit.org.pl\/okregi\/wielkopolskolubuski\/wp-content\/uploads\/sites\/11\/2022\/01\/IMG_20210925_162101-3-1024x569.jpg 1024w, https:\/\/zzit.org.pl\/okregi\/wielkopolskolubuski\/wp-content\/uploads\/sites\/11\/2022\/01\/IMG_20210925_162101-3-300x167.jpg 300w, https:\/\/zzit.org.pl\/okregi\/wielkopolskolubuski\/wp-content\/uploads\/sites\/11\/2022\/01\/IMG_20210925_162101-3-768x427.jpg 768w, https:\/\/zzit.org.pl\/okregi\/wielkopolskolubuski\/wp-content\/uploads\/sites\/11\/2022\/01\/IMG_20210925_162101-3-1536x854.jpg 1536w, https:\/\/zzit.org.pl\/okregi\/wielkopolskolubuski\/wp-content\/uploads\/sites\/11\/2022\/01\/IMG_20210925_162101-3-2048x1138.jpg 2048w, https:\/\/zzit.org.pl\/okregi\/wielkopolskolubuski\/wp-content\/uploads\/sites\/11\/2022\/01\/IMG_20210925_162101-3-500x278.jpg 500w\" sizes=\"auto, (max-width: 584px) 100vw, 584px\" \/><\/a><\/p>\n<p><a href=\"https:\/\/zzit.org.pl\/okregi\/wielkopolskolubuski\/wp-content\/uploads\/sites\/11\/2022\/01\/IMG_20210925_163517-5-scaled.jpg\"><img loading=\"lazy\" decoding=\"async\" class=\"alignnone size-large wp-image-2962\" src=\"https:\/\/zzit.org.pl\/okregi\/wielkopolskolubuski\/wp-content\/uploads\/sites\/11\/2022\/01\/IMG_20210925_163517-5-1024x694.jpg\" alt=\"\" width=\"584\" height=\"396\" srcset=\"https:\/\/zzit.org.pl\/okregi\/wielkopolskolubuski\/wp-content\/uploads\/sites\/11\/2022\/01\/IMG_20210925_163517-5-1024x694.jpg 1024w, https:\/\/zzit.org.pl\/okregi\/wielkopolskolubuski\/wp-content\/uploads\/sites\/11\/2022\/01\/IMG_20210925_163517-5-300x203.jpg 300w, https:\/\/zzit.org.pl\/okregi\/wielkopolskolubuski\/wp-content\/uploads\/sites\/11\/2022\/01\/IMG_20210925_163517-5-768x521.jpg 768w, https:\/\/zzit.org.pl\/okregi\/wielkopolskolubuski\/wp-content\/uploads\/sites\/11\/2022\/01\/IMG_20210925_163517-5-1536x1041.jpg 1536w, https:\/\/zzit.org.pl\/okregi\/wielkopolskolubuski\/wp-content\/uploads\/sites\/11\/2022\/01\/IMG_20210925_163517-5-2048x1388.jpg 2048w, https:\/\/zzit.org.pl\/okregi\/wielkopolskolubuski\/wp-content\/uploads\/sites\/11\/2022\/01\/IMG_20210925_163517-5-443x300.jpg 443w\" sizes=\"auto, (max-width: 584px) 100vw, 584px\" \/><\/a><\/p>\n<p><a href=\"https:\/\/zzit.org.pl\/okregi\/wielkopolskolubuski\/wp-content\/uploads\/sites\/11\/2022\/01\/IMG_20210925_181043-6-scaled.jpg\"><img loading=\"lazy\" decoding=\"async\" class=\"alignnone size-large wp-image-2963\" src=\"https:\/\/zzit.org.pl\/okregi\/wielkopolskolubuski\/wp-content\/uploads\/sites\/11\/2022\/01\/IMG_20210925_181043-6-1024x523.jpg\" alt=\"\" width=\"584\" height=\"298\" srcset=\"https:\/\/zzit.org.pl\/okregi\/wielkopolskolubuski\/wp-content\/uploads\/sites\/11\/2022\/01\/IMG_20210925_181043-6-1024x523.jpg 1024w, https:\/\/zzit.org.pl\/okregi\/wielkopolskolubuski\/wp-content\/uploads\/sites\/11\/2022\/01\/IMG_20210925_181043-6-300x153.jpg 300w, https:\/\/zzit.org.pl\/okregi\/wielkopolskolubuski\/wp-content\/uploads\/sites\/11\/2022\/01\/IMG_20210925_181043-6-768x392.jpg 768w, https:\/\/zzit.org.pl\/okregi\/wielkopolskolubuski\/wp-content\/uploads\/sites\/11\/2022\/01\/IMG_20210925_181043-6-1536x785.jpg 1536w, https:\/\/zzit.org.pl\/okregi\/wielkopolskolubuski\/wp-content\/uploads\/sites\/11\/2022\/01\/IMG_20210925_181043-6-2048x1046.jpg 2048w, https:\/\/zzit.org.pl\/okregi\/wielkopolskolubuski\/wp-content\/uploads\/sites\/11\/2022\/01\/IMG_20210925_181043-6-500x255.jpg 500w\" sizes=\"auto, (max-width: 584px) 100vw, 584px\" \/><\/a><\/p>\n<p><a href=\"https:\/\/zzit.org.pl\/okregi\/wielkopolskolubuski\/wp-content\/uploads\/sites\/11\/2022\/01\/IMG_20210925_183258-8-scaled.jpg\"><img loading=\"lazy\" decoding=\"async\" class=\"alignnone size-large wp-image-2964\" src=\"https:\/\/zzit.org.pl\/okregi\/wielkopolskolubuski\/wp-content\/uploads\/sites\/11\/2022\/01\/IMG_20210925_183258-8-1024x465.jpg\" alt=\"\" width=\"584\" height=\"265\" srcset=\"https:\/\/zzit.org.pl\/okregi\/wielkopolskolubuski\/wp-content\/uploads\/sites\/11\/2022\/01\/IMG_20210925_183258-8-1024x465.jpg 1024w, https:\/\/zzit.org.pl\/okregi\/wielkopolskolubuski\/wp-content\/uploads\/sites\/11\/2022\/01\/IMG_20210925_183258-8-300x136.jpg 300w, https:\/\/zzit.org.pl\/okregi\/wielkopolskolubuski\/wp-content\/uploads\/sites\/11\/2022\/01\/IMG_20210925_183258-8-768x349.jpg 768w, https:\/\/zzit.org.pl\/okregi\/wielkopolskolubuski\/wp-content\/uploads\/sites\/11\/2022\/01\/IMG_20210925_183258-8-1536x698.jpg 1536w, https:\/\/zzit.org.pl\/okregi\/wielkopolskolubuski\/wp-content\/uploads\/sites\/11\/2022\/01\/IMG_20210925_183258-8-2048x930.jpg 2048w, https:\/\/zzit.org.pl\/okregi\/wielkopolskolubuski\/wp-content\/uploads\/sites\/11\/2022\/01\/IMG_20210925_183258-8-500x227.jpg 500w\" sizes=\"auto, (max-width: 584px) 100vw, 584px\" \/><\/a><\/p>\n<p><a href=\"https:\/\/zzit.org.pl\/okregi\/wielkopolskolubuski\/wp-content\/uploads\/sites\/11\/2022\/01\/IMG_20210925_183433-9-scaled.jpg\"><img loading=\"lazy\" decoding=\"async\" class=\"size-large wp-image-2965 aligncenter\" src=\"https:\/\/zzit.org.pl\/okregi\/wielkopolskolubuski\/wp-content\/uploads\/sites\/11\/2022\/01\/IMG_20210925_183433-9-1024x722.jpg\" alt=\"\" width=\"584\" height=\"412\" srcset=\"https:\/\/zzit.org.pl\/okregi\/wielkopolskolubuski\/wp-content\/uploads\/sites\/11\/2022\/01\/IMG_20210925_183433-9-1024x722.jpg 1024w, https:\/\/zzit.org.pl\/okregi\/wielkopolskolubuski\/wp-content\/uploads\/sites\/11\/2022\/01\/IMG_20210925_183433-9-300x212.jpg 300w, https:\/\/zzit.org.pl\/okregi\/wielkopolskolubuski\/wp-content\/uploads\/sites\/11\/2022\/01\/IMG_20210925_183433-9-768x541.jpg 768w, https:\/\/zzit.org.pl\/okregi\/wielkopolskolubuski\/wp-content\/uploads\/sites\/11\/2022\/01\/IMG_20210925_183433-9-1536x1083.jpg 1536w, https:\/\/zzit.org.pl\/okregi\/wielkopolskolubuski\/wp-content\/uploads\/sites\/11\/2022\/01\/IMG_20210925_183433-9-2048x1444.jpg 2048w, https:\/\/zzit.org.pl\/okregi\/wielkopolskolubuski\/wp-content\/uploads\/sites\/11\/2022\/01\/IMG_20210925_183433-9-426x300.jpg 426w\" sizes=\"auto, (max-width: 584px) 100vw, 584px\" \/><\/a><a href=\"https:\/\/zzit.org.pl\/okregi\/wielkopolskolubuski\/wp-content\/uploads\/sites\/11\/2022\/01\/IMG_20210925_183518-11-scaled.jpg\"><img loading=\"lazy\" decoding=\"async\" class=\"alignnone size-large wp-image-2966\" src=\"https:\/\/zzit.org.pl\/okregi\/wielkopolskolubuski\/wp-content\/uploads\/sites\/11\/2022\/01\/IMG_20210925_183518-11-1024x768.jpg\" alt=\"\" width=\"584\" height=\"438\" srcset=\"https:\/\/zzit.org.pl\/okregi\/wielkopolskolubuski\/wp-content\/uploads\/sites\/11\/2022\/01\/IMG_20210925_183518-11-1024x768.jpg 1024w, https:\/\/zzit.org.pl\/okregi\/wielkopolskolubuski\/wp-content\/uploads\/sites\/11\/2022\/01\/IMG_20210925_183518-11-300x225.jpg 300w, https:\/\/zzit.org.pl\/okregi\/wielkopolskolubuski\/wp-content\/uploads\/sites\/11\/2022\/01\/IMG_20210925_183518-11-768x576.jpg 768w, https:\/\/zzit.org.pl\/okregi\/wielkopolskolubuski\/wp-content\/uploads\/sites\/11\/2022\/01\/IMG_20210925_183518-11-1536x1152.jpg 1536w, https:\/\/zzit.org.pl\/okregi\/wielkopolskolubuski\/wp-content\/uploads\/sites\/11\/2022\/01\/IMG_20210925_183518-11-2048x1536.jpg 2048w, https:\/\/zzit.org.pl\/okregi\/wielkopolskolubuski\/wp-content\/uploads\/sites\/11\/2022\/01\/IMG_20210925_183518-11-400x300.jpg 400w\" sizes=\"auto, (max-width: 584px) 100vw, 584px\" \/><\/a><\/p>\n<p>&nbsp;<\/p>\n<p>&nbsp;<\/p>\n","protected":false},"excerpt":{"rendered":"<p>W dniu 25-09-2021 \u2013 Wybory Zarz\u0105du ZZIT -Mahle Behr Ostr\u00f3w Wielkopolski zosta\u0142 powo\u0142any Zarz\u0105d w sk\u0142adzie : Przewodnicz\u0105cy &#8211;\u00a0 Ireneusz Pierzchot Wiceprzewodnicz\u0105cy\u00a0 &#8211; Kamil Mizera Sekretarz &#8211; Wojtczak B\u0142a\u017cej Skarbnik &#8211; Piotr Skowronek Cz\u0142onkowie Zarz\u0105du : Violetta Troszczy\u0144ska ; Zbigniew &hellip; <a href=\"https:\/\/zzit.org.pl\/okregi\/wielkopolskolubuski\/galeria\/2021-2\/wybory-mahle-behr-ostrow-wlkp-25-09-2021\/\">Czytaj dalej <span class=\"meta-nav\">&rarr;<\/span><\/a><\/p>\n","protected":false},"author":9,"featured_media":0,"parent":2798,"menu_order":0,"comment_status":"closed","ping_status":"closed","template":"","meta":{"footnotes":""},"class_list":["post-2951","page","type-page","status-publish","hentry"],"_links":{"self":[{"href":"https:\/\/zzit.org.pl\/okregi\/wielkopolskolubuski\/wp-json\/wp\/v2\/pages\/2951","targetHints":{"allow":["GET"]}}],"collection":[{"href":"https:\/\/zzit.org.pl\/okregi\/wielkopolskolubuski\/wp-json\/wp\/v2\/pages"}],"about":[{"href":"https:\/\/zzit.org.pl\/okregi\/wielkopolskolubuski\/wp-json\/wp\/v2\/types\/page"}],"author":[{"embeddable":true,"href":"https:\/\/zzit.org.pl\/okregi\/wielkopolskolubuski\/wp-json\/wp\/v2\/users\/9"}],"replies":[{"embeddable":true,"href":"https:\/\/zzit.org.pl\/okregi\/wielkopolskolubuski\/wp-json\/wp\/v2\/comments?post=2951"}],"version-history":[{"count":4,"href":"https:\/\/zzit.org.pl\/okregi\/wielkopolskolubuski\/wp-json\/wp\/v2\/pages\/2951\/revisions"}],"predecessor-version":[{"id":2955,"href":"https:\/\/zzit.org.pl\/okregi\/wielkopolskolubuski\/wp-json\/wp\/v2\/pages\/2951\/revisions\/2955"}],"up":[{"embeddable":true,"href":"https:\/\/zzit.org.pl\/okregi\/wielkopolskolubuski\/wp-json\/wp\/v2\/pages\/2798"}],"wp:attachment":[{"href":"https:\/\/zzit.org.pl\/okregi\/wielkopolskolubuski\/wp-json\/wp\/v2\/media?parent=2951"}],"curies":[{"name":"wp","href":"https:\/\/api.w.org\/{rel}","templated":true}]}}