{"id":2861,"date":"2021-07-02T05:19:59","date_gmt":"2021-07-02T05:19:59","guid":{"rendered":"http:\/\/zzit.org.pl\/okregi\/wielkopolskolubuski\/?page_id=2861"},"modified":"2021-07-02T05:19:59","modified_gmt":"2021-07-02T05:19:59","slug":"09-06-2021-wybory-zarzadu-zzit-organizacja-odlewnia-zeliwa-srem-s-a","status":"publish","type":"page","link":"https:\/\/zzit.org.pl\/okregi\/wielkopolskolubuski\/galeria\/2021-2\/09-06-2021-wybory-zarzadu-zzit-organizacja-odlewnia-zeliwa-srem-s-a\/","title":{"rendered":"09-06-2021 \u2013 Wybory Zarz\u0105du ZZIT \u2013 Organizacja Odlewnia \u017beliwa ,,\u015arem\u201d S.A"},"content":{"rendered":"<p style=\"text-align: center\"><strong>W dniu 09-06-2021 \u2013 Wybory Zarz\u0105du ZZIT \u2013 Organizacja Odlewnia \u017beliwa ,,\u015arem\u201d S.A zosta\u0142 powo\u0142any Zarz\u0105d ZZIT w sk\u0142adzie :<\/strong><\/p>\n<p style=\"text-align: center\">Janusz St\u0119pniak- <em><strong>Przewodnicz\u0105cy\u00a0<\/strong><\/em><\/p>\n<p style=\"text-align: center\">Karolina Dominiczak-Goc \u2013 <strong><em>Wice -przewodnicz\u0105ca<\/em><\/strong><\/p>\n<p style=\"text-align: center\">Teresa Drgas \u2013 <strong><em>Skarbnik<\/em><\/strong><\/p>\n<p style=\"text-align: center\">Bogdan Beszterda \u2013 <strong>Sekretarz<\/strong><\/p>\n<p>&nbsp;<\/p>\n<p><a href=\"https:\/\/zzit.org.pl\/okregi\/wielkopolskolubuski\/wp-content\/uploads\/sites\/11\/2021\/07\/srem.jpg\"><img loading=\"lazy\" decoding=\"async\" class=\"size-medium wp-image-2858 aligncenter\" src=\"https:\/\/zzit.org.pl\/okregi\/wielkopolskolubuski\/wp-content\/uploads\/sites\/11\/2021\/07\/srem-300x192.jpg\" alt=\"\" width=\"300\" height=\"192\" srcset=\"https:\/\/zzit.org.pl\/okregi\/wielkopolskolubuski\/wp-content\/uploads\/sites\/11\/2021\/07\/srem-300x192.jpg 300w, https:\/\/zzit.org.pl\/okregi\/wielkopolskolubuski\/wp-content\/uploads\/sites\/11\/2021\/07\/srem-768x491.jpg 768w, https:\/\/zzit.org.pl\/okregi\/wielkopolskolubuski\/wp-content\/uploads\/sites\/11\/2021\/07\/srem-469x300.jpg 469w, https:\/\/zzit.org.pl\/okregi\/wielkopolskolubuski\/wp-content\/uploads\/sites\/11\/2021\/07\/srem.jpg 1007w\" sizes=\"auto, (max-width: 300px) 100vw, 300px\" \/><\/a><\/p>\n","protected":false},"excerpt":{"rendered":"<p>W dniu 09-06-2021 \u2013 Wybory Zarz\u0105du ZZIT \u2013 Organizacja Odlewnia \u017beliwa ,,\u015arem\u201d S.A zosta\u0142 powo\u0142any Zarz\u0105d ZZIT w sk\u0142adzie : Janusz St\u0119pniak- Przewodnicz\u0105cy\u00a0 Karolina Dominiczak-Goc \u2013 Wice -przewodnicz\u0105ca Teresa Drgas \u2013 Skarbnik Bogdan Beszterda \u2013 Sekretarz &nbsp;<\/p>\n","protected":false},"author":9,"featured_media":0,"parent":2798,"menu_order":0,"comment_status":"closed","ping_status":"closed","template":"","meta":{"footnotes":""},"class_list":["post-2861","page","type-page","status-publish","hentry"],"_links":{"self":[{"href":"https:\/\/zzit.org.pl\/okregi\/wielkopolskolubuski\/wp-json\/wp\/v2\/pages\/2861","targetHints":{"allow":["GET"]}}],"collection":[{"href":"https:\/\/zzit.org.pl\/okregi\/wielkopolskolubuski\/wp-json\/wp\/v2\/pages"}],"about":[{"href":"https:\/\/zzit.org.pl\/okregi\/wielkopolskolubuski\/wp-json\/wp\/v2\/types\/page"}],"author":[{"embeddable":true,"href":"https:\/\/zzit.org.pl\/okregi\/wielkopolskolubuski\/wp-json\/wp\/v2\/users\/9"}],"replies":[{"embeddable":true,"href":"https:\/\/zzit.org.pl\/okregi\/wielkopolskolubuski\/wp-json\/wp\/v2\/comments?post=2861"}],"version-history":[{"count":2,"href":"https:\/\/zzit.org.pl\/okregi\/wielkopolskolubuski\/wp-json\/wp\/v2\/pages\/2861\/revisions"}],"predecessor-version":[{"id":2863,"href":"https:\/\/zzit.org.pl\/okregi\/wielkopolskolubuski\/wp-json\/wp\/v2\/pages\/2861\/revisions\/2863"}],"up":[{"embeddable":true,"href":"https:\/\/zzit.org.pl\/okregi\/wielkopolskolubuski\/wp-json\/wp\/v2\/pages\/2798"}],"wp:attachment":[{"href":"https:\/\/zzit.org.pl\/okregi\/wielkopolskolubuski\/wp-json\/wp\/v2\/media?parent=2861"}],"curies":[{"name":"wp","href":"https:\/\/api.w.org\/{rel}","templated":true}]}}