{"id":2850,"date":"2021-07-01T10:34:41","date_gmt":"2021-07-01T10:34:41","guid":{"rendered":"http:\/\/zzit.org.pl\/okregi\/wielkopolskolubuski\/?page_id=2850"},"modified":"2021-07-01T10:36:28","modified_gmt":"2021-07-01T10:36:28","slug":"22-06-2021-oznaka-honorowa-zzit-hcp","status":"publish","type":"page","link":"https:\/\/zzit.org.pl\/okregi\/wielkopolskolubuski\/galeria\/2021-2\/22-06-2021-oznaka-honorowa-zzit-hcp\/","title":{"rendered":"22-06-2021   OZNAKA HONOROWA ZZIT- HCP"},"content":{"rendered":"<p style=\"text-align: center\"><strong>W dniu 22-06-2021 na posiedzeniu Zarz\u0105du Okr\u0119gu Wielkopolsko Lubuskiego przyznano oznaczenia ZZIT na podstawie protok\u00f3\u0142 nr 67\/2020 SREBRN OZNAKA HONOROWA ZZIT:<\/strong><\/p>\n<p style=\"text-align: center\">G\u00f3rniewicz Beata\u00a0 &#8211; HCP Pozna\u0144 nr 1290<\/p>\n<p style=\"text-align: center\">Jankowski Jaros\u0142aw &#8211; HCP\u00a0 Pozna\u0144 1291<\/p>\n<p style=\"text-align: center\">P\u0142\u00f3cieniczak \u0141ukasz -HCP Pozna\u0144\u00a0 1295<\/p>\n<p><a href=\"https:\/\/zzit.org.pl\/okregi\/wielkopolskolubuski\/wp-content\/uploads\/sites\/11\/2021\/07\/3.jpg\"><img loading=\"lazy\" decoding=\"async\" class=\"size-medium wp-image-2843 aligncenter\" src=\"https:\/\/zzit.org.pl\/okregi\/wielkopolskolubuski\/wp-content\/uploads\/sites\/11\/2021\/07\/3-300x224.jpg\" alt=\"\" width=\"300\" height=\"224\" srcset=\"https:\/\/zzit.org.pl\/okregi\/wielkopolskolubuski\/wp-content\/uploads\/sites\/11\/2021\/07\/3-300x224.jpg 300w, https:\/\/zzit.org.pl\/okregi\/wielkopolskolubuski\/wp-content\/uploads\/sites\/11\/2021\/07\/3-1024x765.jpg 1024w, https:\/\/zzit.org.pl\/okregi\/wielkopolskolubuski\/wp-content\/uploads\/sites\/11\/2021\/07\/3-768x574.jpg 768w, https:\/\/zzit.org.pl\/okregi\/wielkopolskolubuski\/wp-content\/uploads\/sites\/11\/2021\/07\/3-402x300.jpg 402w, https:\/\/zzit.org.pl\/okregi\/wielkopolskolubuski\/wp-content\/uploads\/sites\/11\/2021\/07\/3.jpg 1155w\" sizes=\"auto, (max-width: 300px) 100vw, 300px\" \/><\/a><\/p>\n<p><a href=\"https:\/\/zzit.org.pl\/okregi\/wielkopolskolubuski\/wp-content\/uploads\/sites\/11\/2021\/07\/5.jpg\"><img loading=\"lazy\" decoding=\"async\" class=\"size-medium wp-image-2844 aligncenter\" src=\"https:\/\/zzit.org.pl\/okregi\/wielkopolskolubuski\/wp-content\/uploads\/sites\/11\/2021\/07\/5-300x223.jpg\" alt=\"\" width=\"300\" height=\"223\" srcset=\"https:\/\/zzit.org.pl\/okregi\/wielkopolskolubuski\/wp-content\/uploads\/sites\/11\/2021\/07\/5-300x223.jpg 300w, https:\/\/zzit.org.pl\/okregi\/wielkopolskolubuski\/wp-content\/uploads\/sites\/11\/2021\/07\/5-1024x761.jpg 1024w, https:\/\/zzit.org.pl\/okregi\/wielkopolskolubuski\/wp-content\/uploads\/sites\/11\/2021\/07\/5-768x571.jpg 768w, https:\/\/zzit.org.pl\/okregi\/wielkopolskolubuski\/wp-content\/uploads\/sites\/11\/2021\/07\/5-404x300.jpg 404w, https:\/\/zzit.org.pl\/okregi\/wielkopolskolubuski\/wp-content\/uploads\/sites\/11\/2021\/07\/5.jpg 1150w\" sizes=\"auto, (max-width: 300px) 100vw, 300px\" \/><\/a><a href=\"https:\/\/zzit.org.pl\/okregi\/wielkopolskolubuski\/wp-content\/uploads\/sites\/11\/2021\/07\/received_171446608208120-e1625135276523.jpeg\"><img loading=\"lazy\" decoding=\"async\" class=\"size-medium wp-image-2846 aligncenter\" src=\"https:\/\/zzit.org.pl\/okregi\/wielkopolskolubuski\/wp-content\/uploads\/sites\/11\/2021\/07\/received_171446608208120-e1625135276523-300x225.jpeg\" alt=\"\" width=\"300\" height=\"225\" srcset=\"https:\/\/zzit.org.pl\/okregi\/wielkopolskolubuski\/wp-content\/uploads\/sites\/11\/2021\/07\/received_171446608208120-e1625135276523-300x225.jpeg 300w, https:\/\/zzit.org.pl\/okregi\/wielkopolskolubuski\/wp-content\/uploads\/sites\/11\/2021\/07\/received_171446608208120-e1625135276523-400x300.jpeg 400w, https:\/\/zzit.org.pl\/okregi\/wielkopolskolubuski\/wp-content\/uploads\/sites\/11\/2021\/07\/received_171446608208120-e1625135276523-768x576.jpeg 768w, https:\/\/zzit.org.pl\/okregi\/wielkopolskolubuski\/wp-content\/uploads\/sites\/11\/2021\/07\/received_171446608208120-e1625135276523.jpeg 912w\" sizes=\"auto, (max-width: 300px) 100vw, 300px\" \/><\/a><a href=\"https:\/\/zzit.org.pl\/okregi\/wielkopolskolubuski\/wp-content\/uploads\/sites\/11\/2021\/07\/4-e1625135221173.jpg\"><img loading=\"lazy\" decoding=\"async\" class=\"size-medium wp-image-2845 aligncenter\" src=\"https:\/\/zzit.org.pl\/okregi\/wielkopolskolubuski\/wp-content\/uploads\/sites\/11\/2021\/07\/4-e1625135221173-300x273.jpg\" alt=\"\" width=\"300\" height=\"273\" srcset=\"https:\/\/zzit.org.pl\/okregi\/wielkopolskolubuski\/wp-content\/uploads\/sites\/11\/2021\/07\/4-e1625135221173-300x273.jpg 300w, https:\/\/zzit.org.pl\/okregi\/wielkopolskolubuski\/wp-content\/uploads\/sites\/11\/2021\/07\/4-e1625135221173-330x300.jpg 330w, https:\/\/zzit.org.pl\/okregi\/wielkopolskolubuski\/wp-content\/uploads\/sites\/11\/2021\/07\/4-e1625135221173.jpg 634w\" sizes=\"auto, (max-width: 300px) 100vw, 300px\" \/><\/a><a href=\"https:\/\/zzit.org.pl\/okregi\/wielkopolskolubuski\/wp-content\/uploads\/sites\/11\/2021\/07\/received_495514395059416.jpeg\"><img loading=\"lazy\" decoding=\"async\" class=\"size-medium wp-image-2848 aligncenter\" src=\"https:\/\/zzit.org.pl\/okregi\/wielkopolskolubuski\/wp-content\/uploads\/sites\/11\/2021\/07\/received_495514395059416-300x225.jpeg\" alt=\"\" width=\"300\" height=\"225\" srcset=\"https:\/\/zzit.org.pl\/okregi\/wielkopolskolubuski\/wp-content\/uploads\/sites\/11\/2021\/07\/received_495514395059416-300x225.jpeg 300w, https:\/\/zzit.org.pl\/okregi\/wielkopolskolubuski\/wp-content\/uploads\/sites\/11\/2021\/07\/received_495514395059416-768x576.jpeg 768w, https:\/\/zzit.org.pl\/okregi\/wielkopolskolubuski\/wp-content\/uploads\/sites\/11\/2021\/07\/received_495514395059416-400x300.jpeg 400w, https:\/\/zzit.org.pl\/okregi\/wielkopolskolubuski\/wp-content\/uploads\/sites\/11\/2021\/07\/received_495514395059416.jpeg 912w\" sizes=\"auto, (max-width: 300px) 100vw, 300px\" \/><\/a><\/p>\n","protected":false},"excerpt":{"rendered":"<p>W dniu 22-06-2021 na posiedzeniu Zarz\u0105du Okr\u0119gu Wielkopolsko Lubuskiego przyznano oznaczenia ZZIT na podstawie protok\u00f3\u0142 nr 67\/2020 SREBRN OZNAKA HONOROWA ZZIT: G\u00f3rniewicz Beata\u00a0 &#8211; HCP Pozna\u0144 nr 1290 Jankowski Jaros\u0142aw &#8211; HCP\u00a0 Pozna\u0144 1291 P\u0142\u00f3cieniczak \u0141ukasz -HCP Pozna\u0144\u00a0 1295<\/p>\n","protected":false},"author":9,"featured_media":0,"parent":2798,"menu_order":0,"comment_status":"closed","ping_status":"closed","template":"","meta":{"footnotes":""},"class_list":["post-2850","page","type-page","status-publish","hentry"],"_links":{"self":[{"href":"https:\/\/zzit.org.pl\/okregi\/wielkopolskolubuski\/wp-json\/wp\/v2\/pages\/2850","targetHints":{"allow":["GET"]}}],"collection":[{"href":"https:\/\/zzit.org.pl\/okregi\/wielkopolskolubuski\/wp-json\/wp\/v2\/pages"}],"about":[{"href":"https:\/\/zzit.org.pl\/okregi\/wielkopolskolubuski\/wp-json\/wp\/v2\/types\/page"}],"author":[{"embeddable":true,"href":"https:\/\/zzit.org.pl\/okregi\/wielkopolskolubuski\/wp-json\/wp\/v2\/users\/9"}],"replies":[{"embeddable":true,"href":"https:\/\/zzit.org.pl\/okregi\/wielkopolskolubuski\/wp-json\/wp\/v2\/comments?post=2850"}],"version-history":[{"count":4,"href":"https:\/\/zzit.org.pl\/okregi\/wielkopolskolubuski\/wp-json\/wp\/v2\/pages\/2850\/revisions"}],"predecessor-version":[{"id":2855,"href":"https:\/\/zzit.org.pl\/okregi\/wielkopolskolubuski\/wp-json\/wp\/v2\/pages\/2850\/revisions\/2855"}],"up":[{"embeddable":true,"href":"https:\/\/zzit.org.pl\/okregi\/wielkopolskolubuski\/wp-json\/wp\/v2\/pages\/2798"}],"wp:attachment":[{"href":"https:\/\/zzit.org.pl\/okregi\/wielkopolskolubuski\/wp-json\/wp\/v2\/media?parent=2850"}],"curies":[{"name":"wp","href":"https:\/\/api.w.org\/{rel}","templated":true}]}}