{"id":2828,"date":"2021-03-29T09:10:48","date_gmt":"2021-03-29T09:10:48","guid":{"rendered":"http:\/\/zzit.org.pl\/okregi\/wielkopolskolubuski\/?page_id=2828"},"modified":"2021-03-29T09:14:06","modified_gmt":"2021-03-29T09:14:06","slug":"zarzad-krajowy-17-03-2021-w-trybie-online","status":"publish","type":"page","link":"https:\/\/zzit.org.pl\/okregi\/wielkopolskolubuski\/galeria\/2021-2\/zarzad-krajowy-17-03-2021-w-trybie-online\/","title":{"rendered":"ZARZ\u0104D KRAJOWY -17-03-2021 w trybie online"},"content":{"rendered":"<p><a href=\"https:\/\/zzit.org.pl\/okregi\/wielkopolskolubuski\/wp-content\/uploads\/sites\/11\/2021\/03\/Przechwytywanie.jpg\"><img loading=\"lazy\" decoding=\"async\" class=\"size-medium wp-image-2826 aligncenter\" src=\"https:\/\/zzit.org.pl\/okregi\/wielkopolskolubuski\/wp-content\/uploads\/sites\/11\/2021\/03\/Przechwytywanie-300x165.jpg\" alt=\"\" width=\"300\" height=\"165\" srcset=\"https:\/\/zzit.org.pl\/okregi\/wielkopolskolubuski\/wp-content\/uploads\/sites\/11\/2021\/03\/Przechwytywanie-300x165.jpg 300w, https:\/\/zzit.org.pl\/okregi\/wielkopolskolubuski\/wp-content\/uploads\/sites\/11\/2021\/03\/Przechwytywanie-1024x565.jpg 1024w, https:\/\/zzit.org.pl\/okregi\/wielkopolskolubuski\/wp-content\/uploads\/sites\/11\/2021\/03\/Przechwytywanie-768x423.jpg 768w, https:\/\/zzit.org.pl\/okregi\/wielkopolskolubuski\/wp-content\/uploads\/sites\/11\/2021\/03\/Przechwytywanie-500x276.jpg 500w, https:\/\/zzit.org.pl\/okregi\/wielkopolskolubuski\/wp-content\/uploads\/sites\/11\/2021\/03\/Przechwytywanie.jpg 1168w\" sizes=\"auto, (max-width: 300px) 100vw, 300px\" \/><\/a><\/p>\n<p style=\"text-align: center\">1.Zosta\u0142y przyj\u0119te Sprawozdania finansowe i merytoryczne za 2020 rok<\/p>\n<p style=\"text-align: center\">2.Preliminarz wydatk\u00f3w na 2021 rok<\/p>\n<p style=\"text-align: center\">3.Przyj\u0119to do wiadomo\u015bci Protok\u00f3\u0142 Krajowej Komisji Rewizyjnej<\/p>\n<p style=\"text-align: center\">4.Przyznano odznaczenia dla 6 cz\u0142onk\u00f3w ZZIT :<\/p>\n<p style=\"text-align: center\"><strong>SREBRNA ODZNAKA HONOROWA ZZIT<\/strong><\/p>\n<ol style=\"text-align: center\">\n<li><em><strong>G\u00f3rniewicz Beata<\/strong><\/em>\u00a0 Okr\u0119g Wielkopolsko &#8211; Lubuski\u00a0 1290<\/li>\n<li><strong>Jankowski Jaros\u0142aw<\/strong>\u00a0 Okr\u0119g Wielkopolsko &#8211; Lubuski 1291<\/li>\n<li><em><strong>Koci\u0144ska Ewa<\/strong><\/em> Okr\u0119g Wielkopolsko -Lubuski\u00a0 \u00a01292<\/li>\n<li><em><strong>Kurek Zbigniew<\/strong><\/em> Okr\u0119g Wielkopolsko &#8211; Lubuski\u00a0 1293<\/li>\n<li><em><strong>Mizera Kamil<\/strong><\/em> Okr\u0119g Wielkopolsko &#8211; Lubuski\u00a0 \u00a0 \u00a0 1294<\/li>\n<li><em><strong>P\u0142\u00f3cieniczak \u0141ukasz<\/strong><\/em> Okr\u0119g Wielkopolsko &#8211; Lubuski 1295<\/li>\n<\/ol>\n<p style=\"text-align: center\">5.Zgodnie z informacj\u0105 skarbnika z wp\u0142at\u0105 sk\u0142adek za IV kwarta\u0142 2020 roku zalegaj\u0105 okr\u0119gi: kujawsko &#8211; pomorski, ma\u0142opolski, warmi\u0144sko-mazurski i olszty\u0144ski.<\/p>\n<p style=\"text-align: center\">6.Ustalono, \u017ce Komisja Statutowa roze\u015ble posiadane propozycje zmian do Statutu do cz\u0142onk\u00f3w ZK<\/p>\n<p style=\"text-align: center\">7.Planowany na czerwiec 2022 -Krajowy Zjazd Delegat\u00f3w w o\u015brodku \u201eStasinda\u201d w Bukowinie Tatrza\u0144skiej<\/p>\n<p style=\"text-align: center\">8.Powo\u0142ano zesp\u00f3\u0142 organizacyjny Zjazd Delegat\u00f3w w 2022 roku ustalaj\u0105c, \u017ce do wyliczenia ilo\u015bci delegat\u00f3w dla poszczeg\u00f3lnych okr\u0119g\u00f3w b\u0119d\u0105 przyj\u0119te u\u015brednione wp\u0142aty sk\u0142adek do ZK za rok 2021<\/p>\n<p style=\"text-align: center\">9. W Preliminarzu wydatk\u00f3w przewidziano pokrycie koszt\u00f3w wyk\u0142adowcy\u00a0 na spotkaniu\u00a0 makroregionalnym , kt\u00f3re powinno\u00a0 zosta\u0107 zorganizowane je\u017celi sytuacja sanitarno -epidemiologiczna na to pozwoli. Organizacj\u0119 spotkania\u00a0 w dniach 17-18 wrze\u015bnia 2021 zaproponowa\u0142 Okr\u0119g Wielkopolsko- Lubuski.<\/p>\n<p style=\"text-align: center\">10.W sprawach r\u00f3\u017cnych om\u00f3wiono zmiany w informacji o ZZIT w Wikipedii.<\/p>\n<p style=\"text-align: center\">\n","protected":false},"excerpt":{"rendered":"<p>1.Zosta\u0142y przyj\u0119te Sprawozdania finansowe i merytoryczne za 2020 rok 2.Preliminarz wydatk\u00f3w na 2021 rok 3.Przyj\u0119to do wiadomo\u015bci Protok\u00f3\u0142 Krajowej Komisji Rewizyjnej 4.Przyznano odznaczenia dla 6 cz\u0142onk\u00f3w ZZIT : SREBRNA ODZNAKA HONOROWA ZZIT G\u00f3rniewicz Beata\u00a0 Okr\u0119g Wielkopolsko &#8211; Lubuski\u00a0 1290 Jankowski &hellip; <a href=\"https:\/\/zzit.org.pl\/okregi\/wielkopolskolubuski\/galeria\/2021-2\/zarzad-krajowy-17-03-2021-w-trybie-online\/\">Czytaj dalej <span class=\"meta-nav\">&rarr;<\/span><\/a><\/p>\n","protected":false},"author":9,"featured_media":0,"parent":2798,"menu_order":0,"comment_status":"closed","ping_status":"closed","template":"","meta":{"footnotes":""},"class_list":["post-2828","page","type-page","status-publish","hentry"],"_links":{"self":[{"href":"https:\/\/zzit.org.pl\/okregi\/wielkopolskolubuski\/wp-json\/wp\/v2\/pages\/2828","targetHints":{"allow":["GET"]}}],"collection":[{"href":"https:\/\/zzit.org.pl\/okregi\/wielkopolskolubuski\/wp-json\/wp\/v2\/pages"}],"about":[{"href":"https:\/\/zzit.org.pl\/okregi\/wielkopolskolubuski\/wp-json\/wp\/v2\/types\/page"}],"author":[{"embeddable":true,"href":"https:\/\/zzit.org.pl\/okregi\/wielkopolskolubuski\/wp-json\/wp\/v2\/users\/9"}],"replies":[{"embeddable":true,"href":"https:\/\/zzit.org.pl\/okregi\/wielkopolskolubuski\/wp-json\/wp\/v2\/comments?post=2828"}],"version-history":[{"count":4,"href":"https:\/\/zzit.org.pl\/okregi\/wielkopolskolubuski\/wp-json\/wp\/v2\/pages\/2828\/revisions"}],"predecessor-version":[{"id":2830,"href":"https:\/\/zzit.org.pl\/okregi\/wielkopolskolubuski\/wp-json\/wp\/v2\/pages\/2828\/revisions\/2830"}],"up":[{"embeddable":true,"href":"https:\/\/zzit.org.pl\/okregi\/wielkopolskolubuski\/wp-json\/wp\/v2\/pages\/2798"}],"wp:attachment":[{"href":"https:\/\/zzit.org.pl\/okregi\/wielkopolskolubuski\/wp-json\/wp\/v2\/media?parent=2828"}],"curies":[{"name":"wp","href":"https:\/\/api.w.org\/{rel}","templated":true}]}}