{"id":2324,"date":"2019-11-03T19:22:31","date_gmt":"2019-11-03T19:22:31","guid":{"rendered":"http:\/\/zzit.org.pl\/okregi\/wielkopolskolubuski\/?page_id=2324"},"modified":"2019-11-06T07:45:49","modified_gmt":"2019-11-06T07:45:49","slug":"om-zzit-h-cegielski-poznan-s-a","status":"publish","type":"page","link":"https:\/\/zzit.org.pl\/okregi\/wielkopolskolubuski\/galeria\/2019-2\/om-zzit-h-cegielski-poznan-s-a\/","title":{"rendered":"OM ZZIT &#8211; H.Cegielski Pozna\u0144 S.A"},"content":{"rendered":"\n<p><\/p>\n\n\n\n<p style=\"text-align:left\">W dniach 7-8 wrzesie\u0144 2019 roku  &#8211; Wyjazd integracyjny cz\u0142onk\u00f3w OM ZZIT-H.Cegielski-Pozna\u0144 S.A. i Sympatyk\u00f3w organizacji do \u0141odzi i \u015alesina.<\/p>\n\n\n\n<figure class=\"wp-block-image\"><img loading=\"lazy\" decoding=\"async\" width=\"1024\" height=\"768\" src=\"https:\/\/zzit.org.pl\/okregi\/wielkopolskolubuski\/wp-content\/uploads\/sites\/11\/2019\/11\/IMG-20190907-WA0040-1-1024x768.jpg\" alt=\"\" class=\"wp-image-2325\" srcset=\"https:\/\/zzit.org.pl\/okregi\/wielkopolskolubuski\/wp-content\/uploads\/sites\/11\/2019\/11\/IMG-20190907-WA0040-1-1024x768.jpg 1024w, https:\/\/zzit.org.pl\/okregi\/wielkopolskolubuski\/wp-content\/uploads\/sites\/11\/2019\/11\/IMG-20190907-WA0040-1-300x225.jpg 300w, https:\/\/zzit.org.pl\/okregi\/wielkopolskolubuski\/wp-content\/uploads\/sites\/11\/2019\/11\/IMG-20190907-WA0040-1-768x576.jpg 768w, https:\/\/zzit.org.pl\/okregi\/wielkopolskolubuski\/wp-content\/uploads\/sites\/11\/2019\/11\/IMG-20190907-WA0040-1-400x300.jpg 400w, https:\/\/zzit.org.pl\/okregi\/wielkopolskolubuski\/wp-content\/uploads\/sites\/11\/2019\/11\/IMG-20190907-WA0040-1.jpg 1600w\" sizes=\"auto, (max-width: 1024px) 100vw, 1024px\" \/><\/figure>\n\n\n\n<ul class=\"wp-block-gallery columns-3 is-cropped wp-block-gallery-1 is-layout-flex wp-block-gallery-is-layout-flex\"><li class=\"blocks-gallery-item\"><figure><img loading=\"lazy\" decoding=\"async\" width=\"744\" height=\"992\" src=\"https:\/\/zzit.org.pl\/okregi\/wielkopolskolubuski\/wp-content\/uploads\/sites\/11\/2019\/11\/IMG_20190907_105248_resized_20191021_123104248.jpg\" alt=\"\" data-id=\"2326\" data-link=\"https:\/\/zzit.org.pl\/okregi\/wielkopolskolubuski\/?attachment_id=2326\" class=\"wp-image-2326\" srcset=\"https:\/\/zzit.org.pl\/okregi\/wielkopolskolubuski\/wp-content\/uploads\/sites\/11\/2019\/11\/IMG_20190907_105248_resized_20191021_123104248.jpg 744w, https:\/\/zzit.org.pl\/okregi\/wielkopolskolubuski\/wp-content\/uploads\/sites\/11\/2019\/11\/IMG_20190907_105248_resized_20191021_123104248-225x300.jpg 225w\" sizes=\"auto, (max-width: 744px) 100vw, 744px\" \/><\/figure><\/li><li class=\"blocks-gallery-item\"><figure><img loading=\"lazy\" decoding=\"async\" width=\"744\" height=\"992\" src=\"https:\/\/zzit.org.pl\/okregi\/wielkopolskolubuski\/wp-content\/uploads\/sites\/11\/2019\/11\/IMG_20190907_120454_resized_20191021_123103891.jpg\" alt=\"\" data-id=\"2327\" data-link=\"https:\/\/zzit.org.pl\/okregi\/wielkopolskolubuski\/?attachment_id=2327\" class=\"wp-image-2327\" srcset=\"https:\/\/zzit.org.pl\/okregi\/wielkopolskolubuski\/wp-content\/uploads\/sites\/11\/2019\/11\/IMG_20190907_120454_resized_20191021_123103891.jpg 744w, https:\/\/zzit.org.pl\/okregi\/wielkopolskolubuski\/wp-content\/uploads\/sites\/11\/2019\/11\/IMG_20190907_120454_resized_20191021_123103891-225x300.jpg 225w\" sizes=\"auto, (max-width: 744px) 100vw, 744px\" \/><\/figure><\/li><li class=\"blocks-gallery-item\"><figure><img loading=\"lazy\" decoding=\"async\" width=\"744\" height=\"992\" src=\"https:\/\/zzit.org.pl\/okregi\/wielkopolskolubuski\/wp-content\/uploads\/sites\/11\/2019\/11\/IMG_20190907_134403_resized_20191021_123104643.jpg\" alt=\"\" data-id=\"2328\" data-link=\"https:\/\/zzit.org.pl\/okregi\/wielkopolskolubuski\/?attachment_id=2328\" class=\"wp-image-2328\" srcset=\"https:\/\/zzit.org.pl\/okregi\/wielkopolskolubuski\/wp-content\/uploads\/sites\/11\/2019\/11\/IMG_20190907_134403_resized_20191021_123104643.jpg 744w, https:\/\/zzit.org.pl\/okregi\/wielkopolskolubuski\/wp-content\/uploads\/sites\/11\/2019\/11\/IMG_20190907_134403_resized_20191021_123104643-225x300.jpg 225w\" sizes=\"auto, (max-width: 744px) 100vw, 744px\" \/><\/figure><\/li><li class=\"blocks-gallery-item\"><figure><img loading=\"lazy\" decoding=\"async\" width=\"992\" height=\"744\" src=\"https:\/\/zzit.org.pl\/okregi\/wielkopolskolubuski\/wp-content\/uploads\/sites\/11\/2019\/11\/IMG_20190908_102858_resized_20191021_123103619.jpg\" alt=\"\" data-id=\"2329\" data-link=\"https:\/\/zzit.org.pl\/okregi\/wielkopolskolubuski\/?attachment_id=2329\" class=\"wp-image-2329\" srcset=\"https:\/\/zzit.org.pl\/okregi\/wielkopolskolubuski\/wp-content\/uploads\/sites\/11\/2019\/11\/IMG_20190908_102858_resized_20191021_123103619.jpg 992w, https:\/\/zzit.org.pl\/okregi\/wielkopolskolubuski\/wp-content\/uploads\/sites\/11\/2019\/11\/IMG_20190908_102858_resized_20191021_123103619-300x225.jpg 300w, https:\/\/zzit.org.pl\/okregi\/wielkopolskolubuski\/wp-content\/uploads\/sites\/11\/2019\/11\/IMG_20190908_102858_resized_20191021_123103619-768x576.jpg 768w, https:\/\/zzit.org.pl\/okregi\/wielkopolskolubuski\/wp-content\/uploads\/sites\/11\/2019\/11\/IMG_20190908_102858_resized_20191021_123103619-400x300.jpg 400w\" sizes=\"auto, (max-width: 992px) 100vw, 992px\" \/><\/figure><\/li><li class=\"blocks-gallery-item\"><figure><img loading=\"lazy\" decoding=\"async\" width=\"744\" height=\"992\" src=\"https:\/\/zzit.org.pl\/okregi\/wielkopolskolubuski\/wp-content\/uploads\/sites\/11\/2019\/11\/IMG_20190908_103011_resized_20191021_123102938.jpg\" alt=\"\" data-id=\"2330\" data-link=\"https:\/\/zzit.org.pl\/okregi\/wielkopolskolubuski\/?attachment_id=2330\" class=\"wp-image-2330\" srcset=\"https:\/\/zzit.org.pl\/okregi\/wielkopolskolubuski\/wp-content\/uploads\/sites\/11\/2019\/11\/IMG_20190908_103011_resized_20191021_123102938.jpg 744w, https:\/\/zzit.org.pl\/okregi\/wielkopolskolubuski\/wp-content\/uploads\/sites\/11\/2019\/11\/IMG_20190908_103011_resized_20191021_123102938-225x300.jpg 225w\" sizes=\"auto, (max-width: 744px) 100vw, 744px\" \/><\/figure><\/li><li class=\"blocks-gallery-item\"><figure><img loading=\"lazy\" decoding=\"async\" width=\"744\" height=\"992\" src=\"https:\/\/zzit.org.pl\/okregi\/wielkopolskolubuski\/wp-content\/uploads\/sites\/11\/2019\/11\/IMG_20190908_103536_resized_20191021_123102706.jpg\" alt=\"\" data-id=\"2331\" data-link=\"https:\/\/zzit.org.pl\/okregi\/wielkopolskolubuski\/?attachment_id=2331\" class=\"wp-image-2331\" srcset=\"https:\/\/zzit.org.pl\/okregi\/wielkopolskolubuski\/wp-content\/uploads\/sites\/11\/2019\/11\/IMG_20190908_103536_resized_20191021_123102706.jpg 744w, https:\/\/zzit.org.pl\/okregi\/wielkopolskolubuski\/wp-content\/uploads\/sites\/11\/2019\/11\/IMG_20190908_103536_resized_20191021_123102706-225x300.jpg 225w\" sizes=\"auto, (max-width: 744px) 100vw, 744px\" \/><\/figure><\/li><li class=\"blocks-gallery-item\"><figure><img loading=\"lazy\" decoding=\"async\" width=\"939\" height=\"704\" src=\"https:\/\/zzit.org.pl\/okregi\/wielkopolskolubuski\/wp-content\/uploads\/sites\/11\/2019\/11\/IMG_20190908_200837_resized_20191021_123103130.jpg\" alt=\"\" data-id=\"2332\" data-link=\"https:\/\/zzit.org.pl\/okregi\/wielkopolskolubuski\/?attachment_id=2332\" class=\"wp-image-2332\" srcset=\"https:\/\/zzit.org.pl\/okregi\/wielkopolskolubuski\/wp-content\/uploads\/sites\/11\/2019\/11\/IMG_20190908_200837_resized_20191021_123103130.jpg 939w, https:\/\/zzit.org.pl\/okregi\/wielkopolskolubuski\/wp-content\/uploads\/sites\/11\/2019\/11\/IMG_20190908_200837_resized_20191021_123103130-300x225.jpg 300w, https:\/\/zzit.org.pl\/okregi\/wielkopolskolubuski\/wp-content\/uploads\/sites\/11\/2019\/11\/IMG_20190908_200837_resized_20191021_123103130-768x576.jpg 768w, https:\/\/zzit.org.pl\/okregi\/wielkopolskolubuski\/wp-content\/uploads\/sites\/11\/2019\/11\/IMG_20190908_200837_resized_20191021_123103130-400x300.jpg 400w\" sizes=\"auto, (max-width: 939px) 100vw, 939px\" \/><\/figure><\/li><li class=\"blocks-gallery-item\"><figure><img loading=\"lazy\" decoding=\"async\" width=\"992\" height=\"744\" src=\"https:\/\/zzit.org.pl\/okregi\/wielkopolskolubuski\/wp-content\/uploads\/sites\/11\/2019\/11\/IMG_20190908_201705_resized_20191021_123103328.jpg\" alt=\"\" data-id=\"2333\" data-link=\"https:\/\/zzit.org.pl\/okregi\/wielkopolskolubuski\/?attachment_id=2333\" class=\"wp-image-2333\" srcset=\"https:\/\/zzit.org.pl\/okregi\/wielkopolskolubuski\/wp-content\/uploads\/sites\/11\/2019\/11\/IMG_20190908_201705_resized_20191021_123103328.jpg 992w, https:\/\/zzit.org.pl\/okregi\/wielkopolskolubuski\/wp-content\/uploads\/sites\/11\/2019\/11\/IMG_20190908_201705_resized_20191021_123103328-300x225.jpg 300w, https:\/\/zzit.org.pl\/okregi\/wielkopolskolubuski\/wp-content\/uploads\/sites\/11\/2019\/11\/IMG_20190908_201705_resized_20191021_123103328-768x576.jpg 768w, https:\/\/zzit.org.pl\/okregi\/wielkopolskolubuski\/wp-content\/uploads\/sites\/11\/2019\/11\/IMG_20190908_201705_resized_20191021_123103328-400x300.jpg 400w\" sizes=\"auto, (max-width: 992px) 100vw, 992px\" \/><\/figure><\/li><li class=\"blocks-gallery-item\"><figure><img loading=\"lazy\" decoding=\"async\" width=\"768\" height=\"1024\" src=\"https:\/\/zzit.org.pl\/okregi\/wielkopolskolubuski\/wp-content\/uploads\/sites\/11\/2019\/11\/IMG-20190907-WA0007-768x1024.jpg\" alt=\"\" data-id=\"2334\" data-link=\"https:\/\/zzit.org.pl\/okregi\/wielkopolskolubuski\/?attachment_id=2334\" class=\"wp-image-2334\" srcset=\"https:\/\/zzit.org.pl\/okregi\/wielkopolskolubuski\/wp-content\/uploads\/sites\/11\/2019\/11\/IMG-20190907-WA0007-768x1024.jpg 768w, https:\/\/zzit.org.pl\/okregi\/wielkopolskolubuski\/wp-content\/uploads\/sites\/11\/2019\/11\/IMG-20190907-WA0007-225x300.jpg 225w, https:\/\/zzit.org.pl\/okregi\/wielkopolskolubuski\/wp-content\/uploads\/sites\/11\/2019\/11\/IMG-20190907-WA0007.jpg 1200w\" sizes=\"auto, (max-width: 768px) 100vw, 768px\" \/><\/figure><\/li><li class=\"blocks-gallery-item\"><figure><img loading=\"lazy\" decoding=\"async\" width=\"768\" height=\"1024\" src=\"https:\/\/zzit.org.pl\/okregi\/wielkopolskolubuski\/wp-content\/uploads\/sites\/11\/2019\/11\/IMG-20190907-WA0018-768x1024.jpg\" alt=\"\" data-id=\"2335\" data-link=\"https:\/\/zzit.org.pl\/okregi\/wielkopolskolubuski\/?attachment_id=2335\" class=\"wp-image-2335\" srcset=\"https:\/\/zzit.org.pl\/okregi\/wielkopolskolubuski\/wp-content\/uploads\/sites\/11\/2019\/11\/IMG-20190907-WA0018-768x1024.jpg 768w, https:\/\/zzit.org.pl\/okregi\/wielkopolskolubuski\/wp-content\/uploads\/sites\/11\/2019\/11\/IMG-20190907-WA0018-225x300.jpg 225w, https:\/\/zzit.org.pl\/okregi\/wielkopolskolubuski\/wp-content\/uploads\/sites\/11\/2019\/11\/IMG-20190907-WA0018.jpg 1200w\" sizes=\"auto, (max-width: 768px) 100vw, 768px\" \/><\/figure><\/li><li class=\"blocks-gallery-item\"><figure><img loading=\"lazy\" decoding=\"async\" width=\"768\" height=\"1024\" src=\"https:\/\/zzit.org.pl\/okregi\/wielkopolskolubuski\/wp-content\/uploads\/sites\/11\/2019\/11\/IMG-20190907-WA0023-768x1024.jpg\" alt=\"\" data-id=\"2336\" data-link=\"https:\/\/zzit.org.pl\/okregi\/wielkopolskolubuski\/?attachment_id=2336\" class=\"wp-image-2336\" srcset=\"https:\/\/zzit.org.pl\/okregi\/wielkopolskolubuski\/wp-content\/uploads\/sites\/11\/2019\/11\/IMG-20190907-WA0023-768x1024.jpg 768w, https:\/\/zzit.org.pl\/okregi\/wielkopolskolubuski\/wp-content\/uploads\/sites\/11\/2019\/11\/IMG-20190907-WA0023-225x300.jpg 225w, https:\/\/zzit.org.pl\/okregi\/wielkopolskolubuski\/wp-content\/uploads\/sites\/11\/2019\/11\/IMG-20190907-WA0023.jpg 1200w\" sizes=\"auto, (max-width: 768px) 100vw, 768px\" \/><\/figure><\/li><\/ul>\n","protected":false},"excerpt":{"rendered":"<p>W dniach 7-8 wrzesie\u0144 2019 roku &#8211; Wyjazd integracyjny cz\u0142onk\u00f3w OM ZZIT-H.Cegielski-Pozna\u0144 S.A. i Sympatyk\u00f3w organizacji do \u0141odzi i \u015alesina.<\/p>\n","protected":false},"author":1,"featured_media":0,"parent":2082,"menu_order":0,"comment_status":"closed","ping_status":"closed","template":"","meta":{"footnotes":""},"class_list":["post-2324","page","type-page","status-publish","hentry"],"_links":{"self":[{"href":"https:\/\/zzit.org.pl\/okregi\/wielkopolskolubuski\/wp-json\/wp\/v2\/pages\/2324","targetHints":{"allow":["GET"]}}],"collection":[{"href":"https:\/\/zzit.org.pl\/okregi\/wielkopolskolubuski\/wp-json\/wp\/v2\/pages"}],"about":[{"href":"https:\/\/zzit.org.pl\/okregi\/wielkopolskolubuski\/wp-json\/wp\/v2\/types\/page"}],"author":[{"embeddable":true,"href":"https:\/\/zzit.org.pl\/okregi\/wielkopolskolubuski\/wp-json\/wp\/v2\/users\/1"}],"replies":[{"embeddable":true,"href":"https:\/\/zzit.org.pl\/okregi\/wielkopolskolubuski\/wp-json\/wp\/v2\/comments?post=2324"}],"version-history":[{"count":3,"href":"https:\/\/zzit.org.pl\/okregi\/wielkopolskolubuski\/wp-json\/wp\/v2\/pages\/2324\/revisions"}],"predecessor-version":[{"id":2340,"href":"https:\/\/zzit.org.pl\/okregi\/wielkopolskolubuski\/wp-json\/wp\/v2\/pages\/2324\/revisions\/2340"}],"up":[{"embeddable":true,"href":"https:\/\/zzit.org.pl\/okregi\/wielkopolskolubuski\/wp-json\/wp\/v2\/pages\/2082"}],"wp:attachment":[{"href":"https:\/\/zzit.org.pl\/okregi\/wielkopolskolubuski\/wp-json\/wp\/v2\/media?parent=2324"}],"curies":[{"name":"wp","href":"https:\/\/api.w.org\/{rel}","templated":true}]}}