{"id":2313,"date":"2019-11-03T19:10:29","date_gmt":"2019-11-03T19:10:29","guid":{"rendered":"http:\/\/zzit.org.pl\/okregi\/wielkopolskolubuski\/?page_id=2313"},"modified":"2019-11-03T19:10:29","modified_gmt":"2019-11-03T19:10:29","slug":"moz-zzit-zwch-stilon-sa","status":"publish","type":"page","link":"https:\/\/zzit.org.pl\/okregi\/wielkopolskolubuski\/galeria\/2019-2\/moz-zzit-zwch-stilon-sa\/","title":{"rendered":"MOZ ZZIT ZWCH Stilon SA"},"content":{"rendered":"\n<p>W dniu 6 wrze\u015bnia 2019 r -Cz\u0142onkowie i Sympatycy MOZ ZWCH STILON SA Gorz\u00f3w Wlkp, podcza wyjazdu   integracyjnego Lublin\/ Zamo\u015b\u0107\/Kazimierz Dolny odwiedzili Zak\u0142ady PZL \u015awidnik i spotkali sie z Przewodnicz\u0105cym Zarz\u0105du Krajowego <strong>Piotrem Sadowskim&nbsp;<\/strong><\/p>\n\n\n\n<p><\/p>\n\n\n\n<figure class=\"wp-block-image\"><img loading=\"lazy\" decoding=\"async\" width=\"1024\" height=\"576\" src=\"https:\/\/zzit.org.pl\/okregi\/wielkopolskolubuski\/wp-content\/uploads\/sites\/11\/2019\/11\/Raport-8d-kroki-1024x576.jpg\" alt=\"\" class=\"wp-image-2318\" srcset=\"https:\/\/zzit.org.pl\/okregi\/wielkopolskolubuski\/wp-content\/uploads\/sites\/11\/2019\/11\/Raport-8d-kroki.jpg 1024w, https:\/\/zzit.org.pl\/okregi\/wielkopolskolubuski\/wp-content\/uploads\/sites\/11\/2019\/11\/Raport-8d-kroki-300x169.jpg 300w, https:\/\/zzit.org.pl\/okregi\/wielkopolskolubuski\/wp-content\/uploads\/sites\/11\/2019\/11\/Raport-8d-kroki-768x432.jpg 768w, https:\/\/zzit.org.pl\/okregi\/wielkopolskolubuski\/wp-content\/uploads\/sites\/11\/2019\/11\/Raport-8d-kroki-500x281.jpg 500w\" sizes=\"auto, (max-width: 1024px) 100vw, 1024px\" \/><\/figure>\n","protected":false},"excerpt":{"rendered":"<p>W dniu 6 wrze\u015bnia 2019 r -Cz\u0142onkowie i Sympatycy MOZ ZWCH STILON SA Gorz\u00f3w Wlkp, podcza wyjazdu integracyjnego Lublin\/ Zamo\u015b\u0107\/Kazimierz Dolny odwiedzili Zak\u0142ady PZL \u015awidnik i spotkali sie z Przewodnicz\u0105cym Zarz\u0105du Krajowego Piotrem Sadowskim&nbsp;<\/p>\n","protected":false},"author":1,"featured_media":0,"parent":2082,"menu_order":0,"comment_status":"closed","ping_status":"closed","template":"","meta":{"footnotes":""},"class_list":["post-2313","page","type-page","status-publish","hentry"],"_links":{"self":[{"href":"https:\/\/zzit.org.pl\/okregi\/wielkopolskolubuski\/wp-json\/wp\/v2\/pages\/2313","targetHints":{"allow":["GET"]}}],"collection":[{"href":"https:\/\/zzit.org.pl\/okregi\/wielkopolskolubuski\/wp-json\/wp\/v2\/pages"}],"about":[{"href":"https:\/\/zzit.org.pl\/okregi\/wielkopolskolubuski\/wp-json\/wp\/v2\/types\/page"}],"author":[{"embeddable":true,"href":"https:\/\/zzit.org.pl\/okregi\/wielkopolskolubuski\/wp-json\/wp\/v2\/users\/1"}],"replies":[{"embeddable":true,"href":"https:\/\/zzit.org.pl\/okregi\/wielkopolskolubuski\/wp-json\/wp\/v2\/comments?post=2313"}],"version-history":[{"count":3,"href":"https:\/\/zzit.org.pl\/okregi\/wielkopolskolubuski\/wp-json\/wp\/v2\/pages\/2313\/revisions"}],"predecessor-version":[{"id":2320,"href":"https:\/\/zzit.org.pl\/okregi\/wielkopolskolubuski\/wp-json\/wp\/v2\/pages\/2313\/revisions\/2320"}],"up":[{"embeddable":true,"href":"https:\/\/zzit.org.pl\/okregi\/wielkopolskolubuski\/wp-json\/wp\/v2\/pages\/2082"}],"wp:attachment":[{"href":"https:\/\/zzit.org.pl\/okregi\/wielkopolskolubuski\/wp-json\/wp\/v2\/media?parent=2313"}],"curies":[{"name":"wp","href":"https:\/\/api.w.org\/{rel}","templated":true}]}}