{"id":2082,"date":"2019-01-16T10:34:56","date_gmt":"2019-01-16T10:34:56","guid":{"rendered":"http:\/\/zzit.org.pl\/okregi\/wielkopolskolubuski\/?page_id=2082"},"modified":"2019-03-27T20:31:03","modified_gmt":"2019-03-27T20:31:03","slug":"2019-2","status":"publish","type":"page","link":"https:\/\/zzit.org.pl\/okregi\/wielkopolskolubuski\/galeria\/2019-2\/","title":{"rendered":"2019"},"content":{"rendered":"\n<p><strong>ZEBRANIE ZARZ\u0104DU KRAJOWEGO 22 MARCA 2019 r WARSZAWA<\/strong><\/p>\n\n\n\n<div class=\"wp-block-image\"><figure class=\"aligncenter is-resized\"><img loading=\"lazy\" decoding=\"async\" src=\"https:\/\/zzit.org.pl\/okregi\/wielkopolskolubuski\/wp-content\/uploads\/sites\/11\/2019\/03\/img_20190322_171641688_hdr-1024x768.jpg\" alt=\"\" class=\"wp-image-2122\" width=\"247\" height=\"189\"\/><\/figure><\/div>\n\n\n\n<ul class=\"wp-block-gallery columns-3 is-cropped wp-block-gallery-1 is-layout-flex wp-block-gallery-is-layout-flex\"><li class=\"blocks-gallery-item\"><figure><img loading=\"lazy\" decoding=\"async\" width=\"1024\" height=\"526\" src=\"https:\/\/zzit.org.pl\/okregi\/wielkopolskolubuski\/wp-content\/uploads\/sites\/11\/2019\/03\/img_20190322_115203725-1-1024x526.jpg\" alt=\"\" data-id=\"2111\" data-link=\"https:\/\/zzit.org.pl\/okregi\/wielkopolskolubuski\/galeria\/2019-2\/img_20190322_115203725-2\/\" class=\"wp-image-2111\" srcset=\"https:\/\/zzit.org.pl\/okregi\/wielkopolskolubuski\/wp-content\/uploads\/sites\/11\/2019\/03\/img_20190322_115203725-1.jpg 1024w, https:\/\/zzit.org.pl\/okregi\/wielkopolskolubuski\/wp-content\/uploads\/sites\/11\/2019\/03\/img_20190322_115203725-1-300x154.jpg 300w, https:\/\/zzit.org.pl\/okregi\/wielkopolskolubuski\/wp-content\/uploads\/sites\/11\/2019\/03\/img_20190322_115203725-1-768x395.jpg 768w, https:\/\/zzit.org.pl\/okregi\/wielkopolskolubuski\/wp-content\/uploads\/sites\/11\/2019\/03\/img_20190322_115203725-1-500x257.jpg 500w\" sizes=\"auto, (max-width: 1024px) 100vw, 1024px\" \/><\/figure><\/li><li class=\"blocks-gallery-item\"><figure><img loading=\"lazy\" decoding=\"async\" width=\"1024\" height=\"768\" src=\"https:\/\/zzit.org.pl\/okregi\/wielkopolskolubuski\/wp-content\/uploads\/sites\/11\/2019\/03\/img_20190322_115215225-1-1024x768.jpg\" alt=\"\" data-id=\"2112\" data-link=\"https:\/\/zzit.org.pl\/okregi\/wielkopolskolubuski\/galeria\/2019-2\/img_20190322_115215225-2\/\" class=\"wp-image-2112\" srcset=\"https:\/\/zzit.org.pl\/okregi\/wielkopolskolubuski\/wp-content\/uploads\/sites\/11\/2019\/03\/img_20190322_115215225-1.jpg 1024w, https:\/\/zzit.org.pl\/okregi\/wielkopolskolubuski\/wp-content\/uploads\/sites\/11\/2019\/03\/img_20190322_115215225-1-300x225.jpg 300w, https:\/\/zzit.org.pl\/okregi\/wielkopolskolubuski\/wp-content\/uploads\/sites\/11\/2019\/03\/img_20190322_115215225-1-768x576.jpg 768w, https:\/\/zzit.org.pl\/okregi\/wielkopolskolubuski\/wp-content\/uploads\/sites\/11\/2019\/03\/img_20190322_115215225-1-400x300.jpg 400w\" sizes=\"auto, (max-width: 1024px) 100vw, 1024px\" \/><\/figure><\/li><li class=\"blocks-gallery-item\"><figure><img loading=\"lazy\" decoding=\"async\" width=\"1024\" height=\"768\" src=\"https:\/\/zzit.org.pl\/okregi\/wielkopolskolubuski\/wp-content\/uploads\/sites\/11\/2019\/03\/img_20190322_115613689-1-1024x768.jpg\" alt=\"\" data-id=\"2113\" data-link=\"https:\/\/zzit.org.pl\/okregi\/wielkopolskolubuski\/galeria\/2019-2\/img_20190322_115613689-2\/\" class=\"wp-image-2113\" srcset=\"https:\/\/zzit.org.pl\/okregi\/wielkopolskolubuski\/wp-content\/uploads\/sites\/11\/2019\/03\/img_20190322_115613689-1.jpg 1024w, https:\/\/zzit.org.pl\/okregi\/wielkopolskolubuski\/wp-content\/uploads\/sites\/11\/2019\/03\/img_20190322_115613689-1-300x225.jpg 300w, https:\/\/zzit.org.pl\/okregi\/wielkopolskolubuski\/wp-content\/uploads\/sites\/11\/2019\/03\/img_20190322_115613689-1-768x576.jpg 768w, https:\/\/zzit.org.pl\/okregi\/wielkopolskolubuski\/wp-content\/uploads\/sites\/11\/2019\/03\/img_20190322_115613689-1-400x300.jpg 400w\" sizes=\"auto, (max-width: 1024px) 100vw, 1024px\" \/><\/figure><\/li><li class=\"blocks-gallery-item\"><figure><img loading=\"lazy\" decoding=\"async\" width=\"1024\" height=\"768\" src=\"https:\/\/zzit.org.pl\/okregi\/wielkopolskolubuski\/wp-content\/uploads\/sites\/11\/2019\/03\/img_20190322_115638505-1-1024x768.jpg\" alt=\"\" data-id=\"2114\" data-link=\"https:\/\/zzit.org.pl\/okregi\/wielkopolskolubuski\/galeria\/2019-2\/img_20190322_115638505-2\/\" class=\"wp-image-2114\" srcset=\"https:\/\/zzit.org.pl\/okregi\/wielkopolskolubuski\/wp-content\/uploads\/sites\/11\/2019\/03\/img_20190322_115638505-1.jpg 1024w, https:\/\/zzit.org.pl\/okregi\/wielkopolskolubuski\/wp-content\/uploads\/sites\/11\/2019\/03\/img_20190322_115638505-1-300x225.jpg 300w, https:\/\/zzit.org.pl\/okregi\/wielkopolskolubuski\/wp-content\/uploads\/sites\/11\/2019\/03\/img_20190322_115638505-1-768x576.jpg 768w, https:\/\/zzit.org.pl\/okregi\/wielkopolskolubuski\/wp-content\/uploads\/sites\/11\/2019\/03\/img_20190322_115638505-1-400x300.jpg 400w\" sizes=\"auto, (max-width: 1024px) 100vw, 1024px\" \/><\/figure><\/li><li class=\"blocks-gallery-item\"><figure><img loading=\"lazy\" decoding=\"async\" width=\"1024\" height=\"768\" src=\"https:\/\/zzit.org.pl\/okregi\/wielkopolskolubuski\/wp-content\/uploads\/sites\/11\/2019\/03\/img_20190322_115647276-1-1024x768.jpg\" alt=\"\" data-id=\"2115\" data-link=\"https:\/\/zzit.org.pl\/okregi\/wielkopolskolubuski\/galeria\/2019-2\/img_20190322_115647276-2\/\" class=\"wp-image-2115\" srcset=\"https:\/\/zzit.org.pl\/okregi\/wielkopolskolubuski\/wp-content\/uploads\/sites\/11\/2019\/03\/img_20190322_115647276-1.jpg 1024w, https:\/\/zzit.org.pl\/okregi\/wielkopolskolubuski\/wp-content\/uploads\/sites\/11\/2019\/03\/img_20190322_115647276-1-300x225.jpg 300w, https:\/\/zzit.org.pl\/okregi\/wielkopolskolubuski\/wp-content\/uploads\/sites\/11\/2019\/03\/img_20190322_115647276-1-768x576.jpg 768w, https:\/\/zzit.org.pl\/okregi\/wielkopolskolubuski\/wp-content\/uploads\/sites\/11\/2019\/03\/img_20190322_115647276-1-400x300.jpg 400w\" sizes=\"auto, (max-width: 1024px) 100vw, 1024px\" \/><\/figure><\/li><li class=\"blocks-gallery-item\"><figure><img loading=\"lazy\" decoding=\"async\" width=\"1024\" height=\"768\" src=\"https:\/\/zzit.org.pl\/okregi\/wielkopolskolubuski\/wp-content\/uploads\/sites\/11\/2019\/03\/img_20190322_115659559-1-1024x768.jpg\" alt=\"\" data-id=\"2116\" data-link=\"https:\/\/zzit.org.pl\/okregi\/wielkopolskolubuski\/galeria\/2019-2\/img_20190322_115659559-2\/\" class=\"wp-image-2116\" srcset=\"https:\/\/zzit.org.pl\/okregi\/wielkopolskolubuski\/wp-content\/uploads\/sites\/11\/2019\/03\/img_20190322_115659559-1.jpg 1024w, https:\/\/zzit.org.pl\/okregi\/wielkopolskolubuski\/wp-content\/uploads\/sites\/11\/2019\/03\/img_20190322_115659559-1-300x225.jpg 300w, https:\/\/zzit.org.pl\/okregi\/wielkopolskolubuski\/wp-content\/uploads\/sites\/11\/2019\/03\/img_20190322_115659559-1-768x576.jpg 768w, https:\/\/zzit.org.pl\/okregi\/wielkopolskolubuski\/wp-content\/uploads\/sites\/11\/2019\/03\/img_20190322_115659559-1-400x300.jpg 400w\" sizes=\"auto, (max-width: 1024px) 100vw, 1024px\" \/><\/figure><\/li><li class=\"blocks-gallery-item\"><figure><img loading=\"lazy\" decoding=\"async\" width=\"1024\" height=\"768\" src=\"https:\/\/zzit.org.pl\/okregi\/wielkopolskolubuski\/wp-content\/uploads\/sites\/11\/2019\/03\/img_20190322_115702557-1-1024x768.jpg\" alt=\"\" data-id=\"2117\" data-link=\"https:\/\/zzit.org.pl\/okregi\/wielkopolskolubuski\/galeria\/2019-2\/img_20190322_115702557-2\/\" class=\"wp-image-2117\" srcset=\"https:\/\/zzit.org.pl\/okregi\/wielkopolskolubuski\/wp-content\/uploads\/sites\/11\/2019\/03\/img_20190322_115702557-1.jpg 1024w, https:\/\/zzit.org.pl\/okregi\/wielkopolskolubuski\/wp-content\/uploads\/sites\/11\/2019\/03\/img_20190322_115702557-1-300x225.jpg 300w, https:\/\/zzit.org.pl\/okregi\/wielkopolskolubuski\/wp-content\/uploads\/sites\/11\/2019\/03\/img_20190322_115702557-1-768x576.jpg 768w, https:\/\/zzit.org.pl\/okregi\/wielkopolskolubuski\/wp-content\/uploads\/sites\/11\/2019\/03\/img_20190322_115702557-1-400x300.jpg 400w\" sizes=\"auto, (max-width: 1024px) 100vw, 1024px\" \/><\/figure><\/li><li class=\"blocks-gallery-item\"><figure><img loading=\"lazy\" decoding=\"async\" width=\"1024\" height=\"768\" src=\"https:\/\/zzit.org.pl\/okregi\/wielkopolskolubuski\/wp-content\/uploads\/sites\/11\/2019\/03\/img_20190322_115705479-1-1024x768.jpg\" alt=\"\" data-id=\"2118\" data-link=\"https:\/\/zzit.org.pl\/okregi\/wielkopolskolubuski\/galeria\/2019-2\/img_20190322_115705479-2\/\" class=\"wp-image-2118\" srcset=\"https:\/\/zzit.org.pl\/okregi\/wielkopolskolubuski\/wp-content\/uploads\/sites\/11\/2019\/03\/img_20190322_115705479-1.jpg 1024w, https:\/\/zzit.org.pl\/okregi\/wielkopolskolubuski\/wp-content\/uploads\/sites\/11\/2019\/03\/img_20190322_115705479-1-300x225.jpg 300w, https:\/\/zzit.org.pl\/okregi\/wielkopolskolubuski\/wp-content\/uploads\/sites\/11\/2019\/03\/img_20190322_115705479-1-768x576.jpg 768w, https:\/\/zzit.org.pl\/okregi\/wielkopolskolubuski\/wp-content\/uploads\/sites\/11\/2019\/03\/img_20190322_115705479-1-400x300.jpg 400w\" sizes=\"auto, (max-width: 1024px) 100vw, 1024px\" \/><\/figure><\/li><li class=\"blocks-gallery-item\"><figure><img loading=\"lazy\" decoding=\"async\" width=\"1024\" height=\"768\" src=\"https:\/\/zzit.org.pl\/okregi\/wielkopolskolubuski\/wp-content\/uploads\/sites\/11\/2019\/03\/img_20190322_132842804-1-1024x768.jpg\" alt=\"\" data-id=\"2119\" data-link=\"https:\/\/zzit.org.pl\/okregi\/wielkopolskolubuski\/galeria\/2019-2\/img_20190322_132842804-2\/\" class=\"wp-image-2119\" srcset=\"https:\/\/zzit.org.pl\/okregi\/wielkopolskolubuski\/wp-content\/uploads\/sites\/11\/2019\/03\/img_20190322_132842804-1.jpg 1024w, https:\/\/zzit.org.pl\/okregi\/wielkopolskolubuski\/wp-content\/uploads\/sites\/11\/2019\/03\/img_20190322_132842804-1-300x225.jpg 300w, https:\/\/zzit.org.pl\/okregi\/wielkopolskolubuski\/wp-content\/uploads\/sites\/11\/2019\/03\/img_20190322_132842804-1-768x576.jpg 768w, https:\/\/zzit.org.pl\/okregi\/wielkopolskolubuski\/wp-content\/uploads\/sites\/11\/2019\/03\/img_20190322_132842804-1-400x300.jpg 400w\" sizes=\"auto, (max-width: 1024px) 100vw, 1024px\" \/><\/figure><\/li><li class=\"blocks-gallery-item\"><figure><img loading=\"lazy\" decoding=\"async\" width=\"1024\" height=\"768\" src=\"https:\/\/zzit.org.pl\/okregi\/wielkopolskolubuski\/wp-content\/uploads\/sites\/11\/2019\/03\/img_20190322_132849416-1-1024x768.jpg\" alt=\"\" data-id=\"2120\" data-link=\"https:\/\/zzit.org.pl\/okregi\/wielkopolskolubuski\/galeria\/2019-2\/img_20190322_132849416-2\/\" class=\"wp-image-2120\" srcset=\"https:\/\/zzit.org.pl\/okregi\/wielkopolskolubuski\/wp-content\/uploads\/sites\/11\/2019\/03\/img_20190322_132849416-1.jpg 1024w, https:\/\/zzit.org.pl\/okregi\/wielkopolskolubuski\/wp-content\/uploads\/sites\/11\/2019\/03\/img_20190322_132849416-1-300x225.jpg 300w, https:\/\/zzit.org.pl\/okregi\/wielkopolskolubuski\/wp-content\/uploads\/sites\/11\/2019\/03\/img_20190322_132849416-1-768x576.jpg 768w, https:\/\/zzit.org.pl\/okregi\/wielkopolskolubuski\/wp-content\/uploads\/sites\/11\/2019\/03\/img_20190322_132849416-1-400x300.jpg 400w\" sizes=\"auto, (max-width: 1024px) 100vw, 1024px\" \/><\/figure><\/li><\/ul>\n\n\n\n<h2 class=\"wp-block-heading\">Zarz\u0105d Okr\u0119gu Wielkopolsko Lubuskiego  27-03-2019 Pozna\u0144<\/h2>\n\n\n\n<ul class=\"wp-block-gallery columns-3 is-cropped wp-block-gallery-2 is-layout-flex wp-block-gallery-is-layout-flex\"><li class=\"blocks-gallery-item\"><figure><img loading=\"lazy\" decoding=\"async\" width=\"1024\" height=\"768\" src=\"https:\/\/zzit.org.pl\/okregi\/wielkopolskolubuski\/wp-content\/uploads\/sites\/11\/2019\/03\/img_20190327_123906745-1024x768.jpg\" alt=\"\" data-id=\"2124\" data-link=\"https:\/\/zzit.org.pl\/okregi\/wielkopolskolubuski\/galeria\/2019-2\/img_20190327_123906745\/\" class=\"wp-image-2124\" srcset=\"https:\/\/zzit.org.pl\/okregi\/wielkopolskolubuski\/wp-content\/uploads\/sites\/11\/2019\/03\/img_20190327_123906745.jpg 1024w, https:\/\/zzit.org.pl\/okregi\/wielkopolskolubuski\/wp-content\/uploads\/sites\/11\/2019\/03\/img_20190327_123906745-300x225.jpg 300w, https:\/\/zzit.org.pl\/okregi\/wielkopolskolubuski\/wp-content\/uploads\/sites\/11\/2019\/03\/img_20190327_123906745-768x576.jpg 768w, https:\/\/zzit.org.pl\/okregi\/wielkopolskolubuski\/wp-content\/uploads\/sites\/11\/2019\/03\/img_20190327_123906745-400x300.jpg 400w\" sizes=\"auto, (max-width: 1024px) 100vw, 1024px\" \/><\/figure><\/li><li class=\"blocks-gallery-item\"><figure><img loading=\"lazy\" decoding=\"async\" width=\"1024\" height=\"768\" src=\"https:\/\/zzit.org.pl\/okregi\/wielkopolskolubuski\/wp-content\/uploads\/sites\/11\/2019\/03\/img_20190327_124433666_burst000_cover_top-1-1024x768.jpg\" alt=\"\" data-id=\"2125\" data-link=\"https:\/\/zzit.org.pl\/okregi\/wielkopolskolubuski\/galeria\/2019-2\/img_20190327_124433666_burst000_cover_top-2\/\" class=\"wp-image-2125\" srcset=\"https:\/\/zzit.org.pl\/okregi\/wielkopolskolubuski\/wp-content\/uploads\/sites\/11\/2019\/03\/img_20190327_124433666_burst000_cover_top-1.jpg 1024w, https:\/\/zzit.org.pl\/okregi\/wielkopolskolubuski\/wp-content\/uploads\/sites\/11\/2019\/03\/img_20190327_124433666_burst000_cover_top-1-300x225.jpg 300w, https:\/\/zzit.org.pl\/okregi\/wielkopolskolubuski\/wp-content\/uploads\/sites\/11\/2019\/03\/img_20190327_124433666_burst000_cover_top-1-768x576.jpg 768w, https:\/\/zzit.org.pl\/okregi\/wielkopolskolubuski\/wp-content\/uploads\/sites\/11\/2019\/03\/img_20190327_124433666_burst000_cover_top-1-400x300.jpg 400w\" sizes=\"auto, (max-width: 1024px) 100vw, 1024px\" \/><\/figure><\/li><li class=\"blocks-gallery-item\"><figure><img loading=\"lazy\" decoding=\"async\" width=\"1024\" height=\"768\" src=\"https:\/\/zzit.org.pl\/okregi\/wielkopolskolubuski\/wp-content\/uploads\/sites\/11\/2019\/03\/img_20190327_124437713-1024x768.jpg\" alt=\"\" data-id=\"2126\" data-link=\"https:\/\/zzit.org.pl\/okregi\/wielkopolskolubuski\/galeria\/2019-2\/img_20190327_124437713\/\" class=\"wp-image-2126\" srcset=\"https:\/\/zzit.org.pl\/okregi\/wielkopolskolubuski\/wp-content\/uploads\/sites\/11\/2019\/03\/img_20190327_124437713.jpg 1024w, https:\/\/zzit.org.pl\/okregi\/wielkopolskolubuski\/wp-content\/uploads\/sites\/11\/2019\/03\/img_20190327_124437713-300x225.jpg 300w, https:\/\/zzit.org.pl\/okregi\/wielkopolskolubuski\/wp-content\/uploads\/sites\/11\/2019\/03\/img_20190327_124437713-768x576.jpg 768w, https:\/\/zzit.org.pl\/okregi\/wielkopolskolubuski\/wp-content\/uploads\/sites\/11\/2019\/03\/img_20190327_124437713-400x300.jpg 400w\" sizes=\"auto, (max-width: 1024px) 100vw, 1024px\" \/><\/figure><\/li><\/ul>\n","protected":false},"excerpt":{"rendered":"<p>ZEBRANIE ZARZ\u0104DU KRAJOWEGO 22 MARCA 2019 r WARSZAWA Zarz\u0105d Okr\u0119gu Wielkopolsko Lubuskiego 27-03-2019 Pozna\u0144<\/p>\n","protected":false},"author":1,"featured_media":0,"parent":15,"menu_order":0,"comment_status":"closed","ping_status":"closed","template":"","meta":{"footnotes":""},"class_list":["post-2082","page","type-page","status-publish","hentry"],"_links":{"self":[{"href":"https:\/\/zzit.org.pl\/okregi\/wielkopolskolubuski\/wp-json\/wp\/v2\/pages\/2082","targetHints":{"allow":["GET"]}}],"collection":[{"href":"https:\/\/zzit.org.pl\/okregi\/wielkopolskolubuski\/wp-json\/wp\/v2\/pages"}],"about":[{"href":"https:\/\/zzit.org.pl\/okregi\/wielkopolskolubuski\/wp-json\/wp\/v2\/types\/page"}],"author":[{"embeddable":true,"href":"https:\/\/zzit.org.pl\/okregi\/wielkopolskolubuski\/wp-json\/wp\/v2\/users\/1"}],"replies":[{"embeddable":true,"href":"https:\/\/zzit.org.pl\/okregi\/wielkopolskolubuski\/wp-json\/wp\/v2\/comments?post=2082"}],"version-history":[{"count":3,"href":"https:\/\/zzit.org.pl\/okregi\/wielkopolskolubuski\/wp-json\/wp\/v2\/pages\/2082\/revisions"}],"predecessor-version":[{"id":2127,"href":"https:\/\/zzit.org.pl\/okregi\/wielkopolskolubuski\/wp-json\/wp\/v2\/pages\/2082\/revisions\/2127"}],"up":[{"embeddable":true,"href":"https:\/\/zzit.org.pl\/okregi\/wielkopolskolubuski\/wp-json\/wp\/v2\/pages\/15"}],"wp:attachment":[{"href":"https:\/\/zzit.org.pl\/okregi\/wielkopolskolubuski\/wp-json\/wp\/v2\/media?parent=2082"}],"curies":[{"name":"wp","href":"https:\/\/api.w.org\/{rel}","templated":true}]}}