{"id":9,"date":"2014-04-18T16:59:42","date_gmt":"2014-04-18T16:59:42","guid":{"rendered":"http:\/\/zzit.org.pl\/okregi\/poludniowowschodni\/?page_id=9"},"modified":"2023-09-08T19:35:33","modified_gmt":"2023-09-08T19:35:33","slug":"zarzad","status":"publish","type":"page","link":"https:\/\/zzit.org.pl\/okregi\/poludniowowschodni\/zarzad\/","title":{"rendered":"Zarz\u0105d"},"content":{"rendered":"<h1 style=\"text-align: center\"><span style=\"color: #003366\"><strong>W\u0142adze Okr\u0119gu Po\u0142udniowo-Wschodniego ZZIT<\/strong><\/span><\/h1>\n<p style=\"text-align: center\">Kadencja od 24.09.2021<\/p>\n<p style=\"text-align: left\"><span style=\"color: #003300\"><strong>ZARZ\u0104D<\/strong><\/span><\/p>\n<table>\n<tbody>\n<tr>\n<td width=\"127\"><span style=\"color: #003300\">Janusz Hyjek<\/span><\/td>\n<td width=\"133\"><span style=\"color: #003300\">Przewodnicz\u0105cy<br \/>\n<\/span><\/td>\n<td width=\"170\"><span style=\"color: #003300\">Huta Stalowa Wola S.A.<\/span><br \/>\n<span style=\"color: #003300\"> Stalowa Wola<\/span><\/td>\n<td width=\"76\"><span style=\"color: #003300\">601\u00a0490 255<\/span><\/td>\n<\/tr>\n<tr>\n<td width=\"127\"><span style=\"color: #003300\">Waldemar Ferfecki<\/span><\/td>\n<td width=\"133\"><span style=\"color: #003300\">Wiceprzewodnicz\u0105cy<br \/>\n<\/span><\/td>\n<td width=\"170\"><span style=\"color: #003300\">LERG S.A.<\/span><br \/>\n<span style=\"color: #003300\">Pustk\u00f3w<\/span><\/td>\n<td width=\"76\"><\/td>\n<\/tr>\n<tr>\n<td width=\"127\"><span style=\"color: #003300\">Lech Markuszewski<\/span><\/td>\n<td width=\"133\"><span style=\"color: #003300\">Wiceprzewodnicz\u0105cy<br \/>\n<\/span><\/td>\n<td width=\"170\"><span style=\"color: #003300\">Tikkurila Polska S.A.<\/span><br \/>\n<span style=\"color: #003300\"> D\u0119bica<\/span><\/td>\n<td width=\"76\"><\/td>\n<\/tr>\n<tr>\n<td width=\"127\"><span style=\"color: #003300\">Stanis\u0142aw Grzegorczyk<\/span><\/td>\n<td width=\"133\"><span style=\"color: #003300\">Sekretarz<\/span><\/td>\n<td width=\"170\"><span style=\"color: #003300\">Huta Stalowa Wola S.A.<\/span><br \/>\n<span style=\"color: #003300\"> Stalowa Wola<\/span><\/td>\n<td width=\"76\"><span style=\"color: #003300\">600 988 848<\/span><\/td>\n<\/tr>\n<tr>\n<td width=\"127\"><span style=\"color: #003300\">Jan Zaj\u0105c<\/span><\/td>\n<td width=\"133\"><span style=\"color: #003300\">Skarbnik<\/span><\/td>\n<td width=\"170\"><span style=\"color: #003300\">ATI ZKM Forging Sp. z o.o.<\/span><br \/>\n<span style=\"color: #003300\"> Stalowa Wola<\/span><\/td>\n<td width=\"76\"><span style=\"color: #003300\">\u00a0<\/span><\/td>\n<\/tr>\n<tr>\n<td width=\"127\"><span style=\"color: #003300\">Halina Makuch<\/span><\/td>\n<td width=\"133\"><span style=\"color: #003300\">Cz\u0142onek Prezydium<\/span><\/td>\n<td width=\"170\"><span style=\"color: #003300\">Mielecka Sp\u00f3\u0142dzielnia<\/span><br \/>\n<span style=\"color: #003300\">Mieszkaniowa<\/span><\/td>\n<td width=\"76\"><span style=\"color: #003300\">\u00a0<\/span><\/td>\n<\/tr>\n<tr>\n<td width=\"127\"><span style=\"color: #003300\">Janusz Jaworski<\/span><\/td>\n<td width=\"133\"><span style=\"color: #003300\">Cz\u0142onek ZO<\/span><\/td>\n<td width=\"161\"><span style=\"color: #003300\">BWI \u00a0Poland Technologies Sp. z o.o. Krosno<\/span><\/td>\n<td width=\"76\"><span style=\"color: #003300\">\u00a0<\/span><\/td>\n<\/tr>\n<tr>\n<td width=\"127\">Pawe\u0142 Mazur<\/td>\n<td width=\"133\"><span style=\"color: #003300\">Cz\u0142onek ZO<\/span><\/td>\n<td width=\"161\"><\/td>\n<td width=\"76\"><span style=\"color: #003300\">\u00a0<\/span><\/td>\n<\/tr>\n<tr>\n<td width=\"127\"><span style=\"color: #003300\">Mariusz Sobi\u0142o<\/span><\/td>\n<td width=\"133\"><span style=\"color: #003300\">Cz\u0142onek ZO<\/span><\/td>\n<td width=\"161\"><\/td>\n<td width=\"76\"><span style=\"color: #003300\">\u00a0<\/span><\/td>\n<\/tr>\n<tr>\n<td width=\"127\"><span style=\"color: #003300\">Ewa Zakielarz<\/span><\/td>\n<td width=\"133\"><span style=\"color: #003300\">Cz\u0142onek ZO<\/span><\/td>\n<td width=\"161\"><\/td>\n<td width=\"76\"><span style=\"color: #003300\">\u00a0<\/span><\/td>\n<\/tr>\n<\/tbody>\n<\/table>\n<p><span style=\"color: #333300\"><strong>KOMISJA REWIZYJNA<\/strong><\/span><\/p>\n<table>\n<tbody>\n<tr>\n<td width=\"127\"><span style=\"color: #333300\">Piotr Dro\u017cd\u017c<\/span><\/td>\n<td width=\"133\"><span style=\"color: #333300\">Przewodnicz\u0105cy KR<\/span><\/td>\n<td width=\"161\"><span style=\"color: #333300\">ATI ZKM Forging Sp. z o.o.<\/span><br \/>\n<span style=\"color: #333300\"> Stalowa Wola<\/span><\/td>\n<td width=\"76\"><span style=\"color: #333300\">505\u00a0931 884<\/span><\/td>\n<\/tr>\n<tr>\n<td width=\"127\"><span style=\"color: #333300\">Krzysztof O\u017aga<\/span><\/td>\n<td width=\"133\"><span style=\"color: #333300\">Wicerzewodnicz\u0105cy KR<\/span><\/td>\n<td width=\"161\"><span style=\"color: #333300\">AXTONE HSW<\/span><br \/>\n<span style=\"color: #333300\"> Stalowa Wola<\/span><\/td>\n<td width=\"76\"><\/td>\n<\/tr>\n<tr>\n<td width=\"127\">Adam Gazdowicz<\/td>\n<td width=\"133\"><span style=\"color: #333300\">Cz\u0142onek KR<\/span><\/td>\n<td width=\"161\">BWI Krosno<\/td>\n<td width=\"76\"><span style=\"color: #333300\">\u00a0<\/span><\/td>\n<\/tr>\n<tr>\n<td width=\"127\"><span style=\"color: #333300\">Piotr Kraso\u0144<\/span><\/td>\n<td width=\"133\"><span style=\"color: #333300\">Cz\u0142onek KR<\/span><\/td>\n<td width=\"161\"><span style=\"color: #333300\">LERG S.A. Pustk\u00f3w<\/span><\/td>\n<td width=\"76\"><span style=\"color: #333300\">\u00a0<\/span><\/td>\n<\/tr>\n<tr>\n<td width=\"127\"><span style=\"color: #333300\">Jadwiga Ma\u0142ys<\/span><\/td>\n<td width=\"133\"><span style=\"color: #333300\">Cz\u0142onek KR<\/span><\/td>\n<td width=\"161\"><span style=\"color: #333300\">Federal-Mogul Sp. z o.o.<\/span><br \/>\n<span style=\"color: #333300\"> Gorzyce<\/span><\/td>\n<td width=\"76\"><span style=\"color: #333300\">\u00a0<\/span><\/td>\n<\/tr>\n<\/tbody>\n<\/table>\n","protected":false},"excerpt":{"rendered":"<p>W\u0142adze Okr\u0119gu Po\u0142udniowo-Wschodniego ZZIT Kadencja od 24.09.2021 ZARZ\u0104D Janusz Hyjek Przewodnicz\u0105cy Huta Stalowa Wola S.A. Stalowa Wola 601\u00a0490 255 Waldemar Ferfecki Wiceprzewodnicz\u0105cy LERG S.A. Pustk\u00f3w Lech Markuszewski Wiceprzewodnicz\u0105cy Tikkurila Polska S.A. D\u0119bica Stanis\u0142aw Grzegorczyk Sekretarz Huta Stalowa Wola S.A. Stalowa &hellip; <a href=\"https:\/\/zzit.org.pl\/okregi\/poludniowowschodni\/zarzad\/\">Czytaj dalej <span class=\"meta-nav\">&rarr;<\/span><\/a><\/p>\n","protected":false},"author":1,"featured_media":0,"parent":0,"menu_order":1,"comment_status":"closed","ping_status":"closed","template":"sidebar-page.php","meta":{"footnotes":""},"class_list":["post-9","page","type-page","status-publish","hentry"],"_links":{"self":[{"href":"https:\/\/zzit.org.pl\/okregi\/poludniowowschodni\/wp-json\/wp\/v2\/pages\/9","targetHints":{"allow":["GET"]}}],"collection":[{"href":"https:\/\/zzit.org.pl\/okregi\/poludniowowschodni\/wp-json\/wp\/v2\/pages"}],"about":[{"href":"https:\/\/zzit.org.pl\/okregi\/poludniowowschodni\/wp-json\/wp\/v2\/types\/page"}],"author":[{"embeddable":true,"href":"https:\/\/zzit.org.pl\/okregi\/poludniowowschodni\/wp-json\/wp\/v2\/users\/1"}],"replies":[{"embeddable":true,"href":"https:\/\/zzit.org.pl\/okregi\/poludniowowschodni\/wp-json\/wp\/v2\/comments?post=9"}],"version-history":[{"count":19,"href":"https:\/\/zzit.org.pl\/okregi\/poludniowowschodni\/wp-json\/wp\/v2\/pages\/9\/revisions"}],"predecessor-version":[{"id":99,"href":"https:\/\/zzit.org.pl\/okregi\/poludniowowschodni\/wp-json\/wp\/v2\/pages\/9\/revisions\/99"}],"wp:attachment":[{"href":"https:\/\/zzit.org.pl\/okregi\/poludniowowschodni\/wp-json\/wp\/v2\/media?parent=9"}],"curies":[{"name":"wp","href":"https:\/\/api.w.org\/{rel}","templated":true}]}}