{"id":13,"date":"2014-04-18T17:00:27","date_gmt":"2014-04-18T17:00:27","guid":{"rendered":"http:\/\/zzit.org.pl\/okregi\/poludniowowschodni\/?page_id=13"},"modified":"2025-12-16T20:08:27","modified_gmt":"2025-12-16T20:08:27","slug":"organizacje","status":"publish","type":"page","link":"https:\/\/zzit.org.pl\/okregi\/poludniowowschodni\/organizacje\/","title":{"rendered":"Organizacje"},"content":{"rendered":"<p><span style=\"color: #8e0c04\"><strong>Organizacje Okr\u0119gu Po\u0142udniowo-Wschodniego ZZIT <\/strong><em><span style=\"color: #000000\">(stan na 01.12.2025)<\/span><\/em><\/span><\/p>\n<p><em>Nr w rejestrze ZO<\/em><br \/>\n<em>Nazwa i adres zak\u0142adu<\/em><br \/>\n<em> Imi\u0119 i nazwisko przewodnicz\u0105cego<\/em><br \/>\n<em> Kontakt (telefon, e-mail)<\/em><\/p>\n<p><span style=\"color: #000080\"><strong>03\/1991<\/strong><\/span><br \/>\n<strong>PPG Deco Polska Sp. z o.o.<br \/>\n39-200 D\u0119bica, ul. Mo\u015bcickiego 23<br \/>\n<span style=\"color: #003300\">Wac\u0142aw Baran<\/span><br \/>\ntel. 600 826 681;<br \/>\n<\/strong><\/p>\n<p><span style=\"color: #000080\"><strong>04\/1993<\/strong><\/span><br \/>\n<strong>BWI Poland Technologies Sp. z o.o. Oddzia\u0142 w Kro\u015bnie<br \/>\n38-400 Krosno, ul. Okulickiego 7<br \/>\n<span style=\"color: #003300\">Janusz Jaworski<\/span><br \/>\ntel. 602\u00a0696 994<\/strong><\/p>\n<p><span style=\"color: #000080\"><strong>06\/1993<\/strong><\/span><br \/>\n<strong> Huta STALOWA WOLA S.A.<br \/>\n37-450 Stalowa Wola, ul. Kwiatkowskiego 1<br \/>\n<span style=\"color: #003300\">Janusz Hyjek<\/span><br \/>\ntel. 601 490 255; janusz.hyjek@zzit.org.pl<br \/>\n<\/strong><\/p>\n<p><span style=\"color: #000080\"><strong>07\/1995<\/strong><\/span><br \/>\n<strong>Zak\u0142ady Tworzyw Sztucznych LERG S.A.<br \/>\n39-206 Pustk\u00f3w 3<br \/>\n<span style=\"color: #003300\">Piotr Kraso\u0144<\/span><br \/>\ntel. 661\u00a0999 870<br \/>\n<\/strong><\/p>\n<p><span style=\"color: #000080\"><strong>10\/1995<\/strong><\/span><br \/>\n<strong>HSW &#8211; Oddzia\u0142 Autosan w Sanoku<br \/>\n38-500 Sanok, ul. Lipi\u0144skiego 109<br \/>\n<span style=\"color: #003300\">Krzysztof Krupa<\/span><br \/>\ntel. 602 307 991<\/strong><\/p>\n<p><span style=\"color: #000080\"><strong>11\/1995<\/strong><\/span><br \/>\n<strong>FEDERAL-MOGUL GORZYCE Sp. z o.o.<br \/>\n39-432 Gorzyce, ul. Odlewnik\u00f3w 52<br \/>\n<span style=\"color: #003300\">Jacek Polek<\/span><br \/>\ntel. 602 695 402<\/strong><\/p>\n<p><span style=\"color: #000080\"><strong>14\/2006<\/strong><\/span><br \/>\n<strong> Mielecka Sp\u00f3\u0142dzielnia Mieszkaniowa<br \/>\n39-300 Mielec, ul. Staffa 4a<br \/>\n<span style=\"color: #003300\">Halina Makuch<\/span><br \/>\ntel. 17 583 08 69; halina.makuch@interia.pl<\/strong><\/p>\n<p><span style=\"color: #000080\"><strong>15\/2015<\/strong><\/span><br \/>\n<strong>Mieleckie Zak\u0142ady Lotnicze Sp. z o.o.<\/strong><br \/>\n<strong>39-300 Mielec, ul. Lotniskowa 33B<\/strong><br \/>\n<strong>Marek Szkudlarek<\/strong><br \/>\n<strong>tel. 660 782 560<\/strong><\/p>\n<p><span style=\"color: #000080\"><strong>16\/2015<\/strong><\/span><br \/>\n<strong>Zak\u0142ady Metalowe DEZAMET Nowa D\u0119ba<\/strong><br \/>\n<strong>39-460 Nowa D\u0119ba, ul. Szypowskiego 1<\/strong><br \/>\n<strong>Pawe\u0142 Mazur<\/strong><br \/>\n<strong>tel. 507 558 968<\/strong><\/p>\n<p>&nbsp;<\/p>\n","protected":false},"excerpt":{"rendered":"<p>Organizacje Okr\u0119gu Po\u0142udniowo-Wschodniego ZZIT (stan na 01.12.2025) Nr w rejestrze ZO Nazwa i adres zak\u0142adu Imi\u0119 i nazwisko przewodnicz\u0105cego Kontakt (telefon, e-mail) 03\/1991 PPG Deco Polska Sp. z o.o. 39-200 D\u0119bica, ul. Mo\u015bcickiego 23 Wac\u0142aw Baran tel. 600 826 681; &hellip; <a href=\"https:\/\/zzit.org.pl\/okregi\/poludniowowschodni\/organizacje\/\">Czytaj dalej <span class=\"meta-nav\">&rarr;<\/span><\/a><\/p>\n","protected":false},"author":1,"featured_media":0,"parent":0,"menu_order":3,"comment_status":"closed","ping_status":"closed","template":"sidebar-page.php","meta":{"footnotes":""},"class_list":["post-13","page","type-page","status-publish","hentry"],"_links":{"self":[{"href":"https:\/\/zzit.org.pl\/okregi\/poludniowowschodni\/wp-json\/wp\/v2\/pages\/13","targetHints":{"allow":["GET"]}}],"collection":[{"href":"https:\/\/zzit.org.pl\/okregi\/poludniowowschodni\/wp-json\/wp\/v2\/pages"}],"about":[{"href":"https:\/\/zzit.org.pl\/okregi\/poludniowowschodni\/wp-json\/wp\/v2\/types\/page"}],"author":[{"embeddable":true,"href":"https:\/\/zzit.org.pl\/okregi\/poludniowowschodni\/wp-json\/wp\/v2\/users\/1"}],"replies":[{"embeddable":true,"href":"https:\/\/zzit.org.pl\/okregi\/poludniowowschodni\/wp-json\/wp\/v2\/comments?post=13"}],"version-history":[{"count":13,"href":"https:\/\/zzit.org.pl\/okregi\/poludniowowschodni\/wp-json\/wp\/v2\/pages\/13\/revisions"}],"predecessor-version":[{"id":113,"href":"https:\/\/zzit.org.pl\/okregi\/poludniowowschodni\/wp-json\/wp\/v2\/pages\/13\/revisions\/113"}],"wp:attachment":[{"href":"https:\/\/zzit.org.pl\/okregi\/poludniowowschodni\/wp-json\/wp\/v2\/media?parent=13"}],"curies":[{"name":"wp","href":"https:\/\/api.w.org\/{rel}","templated":true}]}}