{"id":11,"date":"2014-04-18T17:00:09","date_gmt":"2014-04-18T17:00:09","guid":{"rendered":"http:\/\/zzit.org.pl\/okregi\/poludniowowschodni\/?page_id=11"},"modified":"2025-12-16T20:00:47","modified_gmt":"2025-12-16T20:00:47","slug":"historia","status":"publish","type":"page","link":"https:\/\/zzit.org.pl\/okregi\/poludniowowschodni\/historia\/","title":{"rendered":"Historia"},"content":{"rendered":"<table border=\"0\" width=\"100%\" cellspacing=\"0\" cellpadding=\"3\" align=\"center\">\n<tbody>\n<tr>\n<td colspan=\"5\" align=\"center\" width=\"100%\" height=\"2\">\n<p align=\"justify\">\u00a0\u00a0\u00a0\u00a0\u00a0\u00a0\u00a0\u00a0\u00a0\u00a0 Powstanie struktur ZZIT w obecnym wojew\u00f3dztwie podkarpackim datuje si\u0119 na listopad 1989 roku. Powo\u0142ana zosta\u0142a wtedy pierwsza organizacja zwi\u0105zkowa w KiZPS &#8222;Siarkopol&#8221; w Tarnobrzegu. Grupa za\u0142o\u017cycielska liczy\u0142a 15 os\u00f3b i w kr\u00f3tkim czasie liczebno\u015b\u0107 organizacji wzros\u0142a do 140 cz\u0142onk\u00f3w. Przewodnicz\u0105cym zwi\u0105zku zosta\u0142 mgr in\u017c. Ryszard Bakowski, kt\u00f3ry jako delegat uczestniczy\u0142 w I Zje\u017adzie Delegat\u00f3w ZZIT w lutym 1990 r. w Warszawie.<\/p>\n<\/td>\n<\/tr>\n<tr>\n<td colspan=\"5\" width=\"100%\" height=\"1\">W kolejnych latach organizacje zwi\u0105zkowe powstawa\u0142y nast\u0119pnych zak\u0142adach:<\/td>\n<\/tr>\n<tr>\n<td width=\"6%\" height=\"4\"><\/td>\n<td width=\"2%\" height=\"4\"><\/td>\n<td width=\"71%\" height=\"4\"><b>w 1991 roku:<\/b><\/td>\n<td width=\"20%\" height=\"4\"><\/td>\n<td width=\"2%\" height=\"4\"><\/td>\n<\/tr>\n<tr>\n<td width=\"6%\" height=\"4\">\u00a0&gt;<\/td>\n<td width=\"2%\" height=\"4\"><\/td>\n<td width=\"71%\" height=\"4\"><b>Cukrownia &#8222;ROPCZYCE&#8221; w Ropczycach<\/b><\/td>\n<td width=\"20%\" height=\"4\"><\/td>\n<td width=\"2%\" height=\"4\"><\/td>\n<\/tr>\n<tr>\n<td width=\"6%\" height=\"4\">\u00a0&gt;<\/td>\n<td width=\"2%\" height=\"4\"><\/td>\n<td width=\"71%\" height=\"4\"><b>Fabryka Farb i Lakier\u00f3w &#8222;POLIFARB&#8221; w D\u0119bicy<\/b><\/td>\n<td width=\"20%\" height=\"4\"><\/td>\n<td width=\"2%\" height=\"4\"><\/td>\n<\/tr>\n<tr>\n<td width=\"6%\" height=\"4\">\u00a0&gt;<\/td>\n<td width=\"2%\" height=\"4\"><\/td>\n<td width=\"71%\" height=\"4\"><b>Fabryka Filtr\u00f3w w S\u0119dziszowie Ma\u0142opolskim<\/b><\/td>\n<td width=\"20%\" height=\"4\"><\/td>\n<td width=\"2%\" height=\"4\"><\/td>\n<\/tr>\n<tr>\n<td colspan=\"5\" width=\"100%\" height=\"21\"><\/td>\n<\/tr>\n<tr>\n<td width=\"6%\" height=\"4\"><\/td>\n<td width=\"2%\" height=\"4\"><\/td>\n<td width=\"71%\" height=\"4\"><b>w 1992 roku:<\/b><\/td>\n<td width=\"20%\" height=\"4\"><\/td>\n<td width=\"2%\" height=\"4\"><\/td>\n<\/tr>\n<tr>\n<td width=\"6%\" height=\"4\">\u00a0&gt;<\/td>\n<td width=\"2%\" height=\"4\"><\/td>\n<td width=\"71%\" height=\"4\"><b>Huta Szk\u0142a Opakowaniowego w Jaros\u0142awiu<br \/>\n(organizacj\u0119 rozwi\u0105zano po przej\u0119ciu zak\u0142adu przez kapita\u0142 zagraniczny)<\/b><\/td>\n<td width=\"20%\" height=\"4\"><\/td>\n<td width=\"2%\" height=\"4\"><\/td>\n<\/tr>\n<tr>\n<td colspan=\"5\" width=\"100%\" height=\"21\"><\/td>\n<\/tr>\n<tr>\n<td width=\"6%\" height=\"4\"><\/td>\n<td width=\"2%\" height=\"4\"><\/td>\n<td width=\"71%\" height=\"4\"><b>w 1993 roku:<\/b><\/td>\n<td width=\"20%\" height=\"4\"><\/td>\n<td width=\"2%\" height=\"4\"><\/td>\n<\/tr>\n<tr>\n<td width=\"6%\" height=\"4\">&gt;<\/td>\n<td width=\"2%\" height=\"4\"><\/td>\n<td width=\"71%\" height=\"4\"><b>Elektrociep\u0142ownia &#8222;RZESZ\u00d3W&#8221; w Rzeszowie<\/b><\/td>\n<td width=\"20%\" height=\"4\"><\/td>\n<td width=\"2%\" height=\"4\"><\/td>\n<\/tr>\n<tr>\n<td width=\"6%\" height=\"4\">&gt;<\/td>\n<td width=\"2%\" height=\"4\"><\/td>\n<td width=\"71%\" height=\"4\"><b>ZZSP &#8222;ZELMER&#8221; w Rzeszowie<\/b><\/td>\n<td width=\"20%\" height=\"4\"><\/td>\n<td width=\"2%\" height=\"4\"><\/td>\n<\/tr>\n<tr>\n<td width=\"6%\" height=\"4\">&gt;<\/td>\n<td width=\"2%\" height=\"4\"><\/td>\n<td width=\"71%\" height=\"4\"><b>KP &#8222;HUTA STALOWA WOLA&#8221; w Stalowej Woli<\/b><\/td>\n<td width=\"20%\" height=\"4\"><\/td>\n<td width=\"2%\" height=\"4\"><\/td>\n<\/tr>\n<tr>\n<td width=\"6%\" height=\"4\">&gt;<\/td>\n<td width=\"2%\" height=\"4\"><\/td>\n<td width=\"71%\" height=\"4\"><b>Zak\u0142ady Mechaniczne &#8222;NIMET-URSUS&#8221; w Nisku<\/b><\/td>\n<td width=\"20%\" height=\"4\"><\/td>\n<td width=\"2%\" height=\"4\"><\/td>\n<\/tr>\n<tr>\n<td colspan=\"5\" width=\"100%\" height=\"21\"><\/td>\n<\/tr>\n<tr>\n<td width=\"6%\" height=\"4\"><\/td>\n<td width=\"2%\" height=\"4\"><\/td>\n<td width=\"71%\" height=\"4\"><b>w 1994 roku:<\/b><\/td>\n<td width=\"20%\" height=\"4\"><\/td>\n<td width=\"2%\" height=\"4\"><\/td>\n<\/tr>\n<tr>\n<td width=\"6%\" height=\"4\">&gt;<\/td>\n<td width=\"2%\" height=\"4\"><\/td>\n<td width=\"71%\" height=\"4\"><b>FABRYKA MASZYN w Strzy\u017cowie<\/b><\/td>\n<td width=\"20%\" height=\"4\"><\/td>\n<td width=\"2%\" height=\"4\"><\/td>\n<\/tr>\n<tr>\n<td width=\"6%\" height=\"4\">&gt;<\/td>\n<td width=\"2%\" height=\"4\"><\/td>\n<td width=\"71%\" height=\"4\"><b>Wytw\u00f3rnia Aparatury Wtryskowej WSK w Mielcu<\/b><\/td>\n<td width=\"20%\" height=\"4\"><\/td>\n<td width=\"2%\" height=\"4\"><\/td>\n<\/tr>\n<tr>\n<td width=\"6%\" height=\"4\">&gt;<\/td>\n<td width=\"2%\" height=\"4\"><\/td>\n<td width=\"71%\" height=\"4\"><b>Wytw\u00f3rnia Beton\u00f3w &#8222;PREFABET&#8221; w Stalowej Woli<\/b><\/td>\n<td width=\"20%\" height=\"4\"><\/td>\n<td width=\"2%\" height=\"4\"><\/td>\n<\/tr>\n<tr>\n<td colspan=\"5\" width=\"100%\" height=\"21\"><\/td>\n<\/tr>\n<tr>\n<td width=\"6%\" height=\"4\"><\/td>\n<td width=\"2%\" height=\"4\"><\/td>\n<td width=\"71%\" height=\"4\"><b>w latach 1995-1998 roku:<\/b><\/td>\n<td width=\"20%\" height=\"4\"><\/td>\n<td width=\"2%\" height=\"4\"><\/td>\n<\/tr>\n<tr>\n<td width=\"6%\" height=\"4\">&gt;<\/td>\n<td width=\"2%\" height=\"4\"><\/td>\n<td width=\"71%\" height=\"4\"><b>Zak\u0142ady Tworzyw Sztucznych &#8222;ERG&#8221; w Pustkowie<\/b><\/td>\n<td width=\"20%\" height=\"4\"><\/td>\n<td width=\"2%\" height=\"4\"><\/td>\n<\/tr>\n<tr>\n<td width=\"6%\" height=\"4\">&gt;<\/td>\n<td width=\"2%\" height=\"4\"><\/td>\n<td width=\"71%\" height=\"4\"><b>Zak\u0142ad Urz\u0105dze\u0144 Naftowych &#8222;NAFTOMET&#8221; w Kro\u015bnie<\/b><\/td>\n<td width=\"20%\" height=\"4\"><\/td>\n<td width=\"2%\" height=\"4\"><\/td>\n<\/tr>\n<tr>\n<td width=\"6%\" height=\"4\">&gt;<\/td>\n<td width=\"2%\" height=\"4\"><\/td>\n<td width=\"71%\" height=\"4\"><b>OBRO &#8222;CEBEA&#8221; w Bochni (obecnie Okr\u0119g Ma\u0142opolski)<\/b><\/td>\n<td width=\"20%\" height=\"4\"><\/td>\n<td width=\"2%\" height=\"4\"><\/td>\n<\/tr>\n<tr>\n<td width=\"6%\" height=\"4\">&gt;<\/td>\n<td width=\"2%\" height=\"4\"><\/td>\n<td width=\"71%\" height=\"4\"><b>Wytw\u00f3rnia Urz\u0105dze\u0144 Ch\u0142odniczych w Bochni (obecnie Okr\u0119g Ma\u0142opolski)<\/b><\/td>\n<td width=\"20%\" height=\"4\"><\/td>\n<td width=\"2%\" height=\"4\"><\/td>\n<\/tr>\n<tr>\n<td width=\"6%\" height=\"4\">&gt;<\/td>\n<td width=\"2%\" height=\"4\"><\/td>\n<td width=\"71%\" height=\"4\"><b>Kro\u015bnie\u0144skie Huty Szk\u0142a &#8222;KROSNO&#8221; w Kro\u015bnie<\/b><\/td>\n<td width=\"20%\" height=\"4\"><\/td>\n<td width=\"2%\" height=\"4\"><\/td>\n<\/tr>\n<tr>\n<td width=\"6%\" height=\"4\">&gt;<\/td>\n<td width=\"2%\" height=\"4\"><\/td>\n<td width=\"71%\" height=\"4\"><b>Zak\u0142ady Wyrob\u00f3w Powlekanych &#8222;SANWIL&#8221; w Przemy\u015blu<\/b><\/td>\n<td width=\"20%\" height=\"4\"><\/td>\n<td width=\"2%\" height=\"4\"><\/td>\n<\/tr>\n<tr>\n<td width=\"6%\" height=\"4\">&gt;<\/td>\n<td width=\"2%\" height=\"4\"><\/td>\n<td width=\"71%\" height=\"4\"><b>Fabryka Autobus\u00f3w &#8222;AUTOSAN&#8221; w Sanoku<\/b><\/td>\n<td width=\"20%\" height=\"4\"><\/td>\n<td width=\"2%\" height=\"4\"><\/td>\n<\/tr>\n<tr>\n<td width=\"6%\" height=\"4\">&gt;<\/td>\n<td width=\"2%\" height=\"4\"><\/td>\n<td width=\"71%\" height=\"4\"><b>WSK w Gorzycach<\/b><\/td>\n<td width=\"20%\" height=\"4\"><\/td>\n<td width=\"2%\" height=\"4\"><\/td>\n<\/tr>\n<tr>\n<td width=\"6%\" height=\"4\">&gt;<\/td>\n<td width=\"2%\" height=\"4\"><\/td>\n<td width=\"71%\" height=\"4\"><b>WSK PZL w Mielcu<\/b><\/td>\n<td width=\"20%\" height=\"4\"><\/td>\n<td width=\"2%\" height=\"4\"><\/td>\n<\/tr>\n<tr>\n<td colspan=\"5\" width=\"100%\" height=\"21\"><\/td>\n<\/tr>\n<tr>\n<td colspan=\"5\" width=\"100%\" height=\"21\">W 1993 roku powsta\u0142y warunki do utworzenia okr\u0119gu zwi\u0105zkowego.<br \/>\nZebranie za\u0142o\u017cycielskie odby\u0142o si\u0119 7 listopada 1993. W nast\u0119pnym roku odby\u0142a si\u0119 I Konferencja Delegat\u00f3w Okr\u0119gu Po\u0142udniowo-Wschodniego (obejmuj\u0105cego wojew\u00f3dztwa: rzeszowskie, tarnobrzeskie, kro\u015bnie\u0144skie i tarnowskie), na kt\u00f3rej wybrano w\u0142adze okr\u0119gu w sk\u0142adzie:<\/td>\n<\/tr>\n<tr>\n<td colspan=\"5\" width=\"100%\" height=\"21\">\n<ol start=\"1\" type=\"1\">\n<li>Krzysztof Dynia &#8211; przewodnicz\u0105cy<\/li>\n<li>Ryszard Bakowski &#8211; wiceprzewodnicz\u0105cy<\/li>\n<li>Leszek Benedyk &#8211; skarbnik<\/li>\n<li>Arkadiusz Ciep\u0142y &#8211; sekretarz<\/li>\n<li>Robert Dzik &#8211; cz\u0142onek zarz\u0105du<\/li>\n<li>Zbigniew \u015awidzi\u0144ski &#8211; cz\u0142onek zarz\u0105du<\/li>\n<li>Janusz J\u0119drusiak &#8211; cz\u0142onek zarz\u0105du<\/li>\n<li>Kazimierz Oparowski &#8211; cz\u0142onek zarz\u0105du<\/li>\n<\/ol>\n<\/td>\n<\/tr>\n<tr>\n<td colspan=\"5\" width=\"100%\" height=\"21\">Siedziba Zarz\u0105du Okr\u0119gu zlokalizowana by\u0142a przy ZOZ &#8222;ZELMER&#8221; w <b>Rzeszowie<\/b>.<br \/>\nZe wzgl\u0119du na rozwi\u0105zanie organizacji zwi\u0105zkowej w ZELMERze, w marcu <b>1996<\/b> r. Nadzwyczajna Konferencja Delegat\u00f3w Okr\u0119gu przenios\u0142a siedzib\u0119 ZO do <b>Tarnobrzega<\/b> i wybra\u0142a <b>Zarz\u0105d<\/b> w sk\u0142adzie:<\/td>\n<\/tr>\n<tr>\n<td colspan=\"5\" width=\"100%\" height=\"21\">\n<ol start=\"1\" type=\"1\">\n<li>Ryszard Bakowski &#8211; przewodnicz\u0105cy<\/li>\n<li>Stefan Luba\u015b &#8211; wiceprzewodnicz\u0105cy<\/li>\n<li>Wies\u0142aw Baniak &#8211; skarbnik<\/li>\n<li>Janusz J\u0119drusiak &#8211; sekretarz<\/li>\n<li>Arkadiusz Ciep\u0142y &#8211; cz\u0142onek zarz\u0105du<\/li>\n<li>Andrzej Litwi\u0144ski &#8211; cz\u0142onek zarz\u0105du<\/li>\n<li>Jan Majewski &#8211; cz\u0142onek zarz\u0105du<\/li>\n<\/ol>\n<\/td>\n<\/tr>\n<tr>\n<td colspan=\"5\" width=\"100%\" height=\"21\">oraz Komisj\u0119 Rewizyjn\u0105:<\/td>\n<\/tr>\n<tr>\n<td colspan=\"5\" width=\"100%\" height=\"21\">\n<ol start=\"1\" type=\"1\">\n<li>Mieczys\u0142aw Podg\u00f3rczyk &#8211; przewodnicz\u0105cy<\/li>\n<li>Andrzej Kuprowski &#8211; cz\u0142onek<\/li>\n<li>Marian Kaczanowski &#8211; cz\u0142onek<\/li>\n<\/ol>\n<\/td>\n<\/tr>\n<tr>\n<td colspan=\"5\" width=\"100%\" height=\"21\">W <b>1998<\/b> roku zmieniono struktur\u0119 organizacyjn\u0105 Zwi\u0105zku, dostosowuj\u0105c j\u0105 do nowego podzia\u0142u administracyjnego kraju. Powsta\u0142o 13 okr\u0119g\u00f3w; nasz okr\u0119g obj\u0105\u0142 teren wojew\u00f3dztwa podkarpackiego zachowuj\u0105c dotychczasow\u0105 nazw\u0119.<\/td>\n<\/tr>\n<tr>\n<td colspan=\"5\" width=\"100%\" height=\"21\">19 stycznia <b>1999<\/b> r. odby\u0142a si\u0119 Nadzwyczajna Konferencja Delegat\u00f3w Okr\u0119gu P\u0142d. &#8211; Wsch., na kt\u00f3rej m.in. podj\u0119to uchwa\u0142\u0119 o zwi\u0119kszeniu sk\u0142adu zarz\u0105du do 10 os\u00f3b i przeprowadzono wybory uzupe\u0142niaj\u0105ce. Nowy sk\u0142ad zarz\u0105du by\u0142 nast\u0119puj\u0105cy:<\/td>\n<\/tr>\n<tr>\n<td colspan=\"5\" width=\"100%\" height=\"21\">\n<ol start=\"1\" type=\"1\">\n<li>Ryszard Bakowski (KiZPS &#8222;Siarkopol&#8221;) &#8211; przewodnicz\u0105cy<\/li>\n<li>Stefan Luba\u015b (ZUN &#8222;Naftomet&#8221;) &#8211; wiceprzewodnicz\u0105cy<\/li>\n<li>Janusz Hyjek (Huta Stalowa Wola) &#8211; wiceprzewodnicz\u0105cy<\/li>\n<li>Wies\u0142aw Baniak (KiZPS &#8222;Siarkopol&#8221;) &#8211; skarbnik<\/li>\n<li>Janusz J\u0119drusiak (Cukrownia &#8222;Ropczyce&#8221;) &#8211; sekretarz<\/li>\n<li>Leszek D\u0105bkowski (Huta Stalowa Wola) &#8211; cz\u0142onek zarz\u0105du<\/li>\n<li>Jan Majewski (&#8222;Polifarb&#8221; D\u0119bica) &#8211; cz\u0142onek zarz\u0105du<\/li>\n<li>Jerzy Or\u0142owski (WSK Zak\u0142ad Lotniczy Mielec) &#8211; cz\u0142onek zarz\u0105du<\/li>\n<li>Jan Stala (WSK Gorzyce) &#8211; cz\u0142onek zarz\u0105du<\/li>\n<li>Grzegorz Szyszkowski (Elektrociep\u0142ownia &#8222;Rzesz\u00f3w&#8221;) &#8211; cz\u0142onek zarz\u0105du<\/li>\n<\/ol>\n<\/td>\n<\/tr>\n<tr>\n<td colspan=\"5\" width=\"100%\" height=\"21\">27 kwietnia <b>2001<\/b>r. w Krynicy odby\u0142a si\u0119 III Konferencja Sprawozdawczo-Wyborcza Delegat\u00f3w Okr\u0119gu Po\u0142udniowo-Wschodniego ZZIT z udzia\u0142em m.in. Zygmunta Mierzejewskiego &#8211; przewodnicz\u0105cego Zarz\u0105du Krajowego.<br \/>\nDelegaci udzielili absolutorium ust\u0119puj\u0105cemu Zarz\u0105dowi. Podj\u0119to m.in. uchwa\u0142\u0119 o przeniesieniu siedziby Zarz\u0105du Okr\u0119gu do <b>Stalowej Woli<\/b>. Uchwalono r\u00f3wnie\u017c 13-osobowy sk\u0142ad Zarz\u0105du Okr\u0119gu oraz 5-osobow\u0105 Komisj\u0119 Rewizyjn\u0105.Wybrano w\u0142adze w nast\u0119puj\u0105cym sk\u0142adzie:<\/td>\n<\/tr>\n<tr>\n<td colspan=\"5\" width=\"100%\" height=\"21\"><b>ZARZ\u0104D<\/b><\/td>\n<\/tr>\n<tr>\n<td colspan=\"5\" width=\"100%\" height=\"21\">\n<ol start=\"1\" type=\"1\">\n<li>Janusz Hyjek (Huta Stalowa Wola S.A.) &#8211; przewodnicz\u0105cy<\/li>\n<li>Stefan Luba\u015b (ZUN &#8222;Naftomet&#8221;) &#8211; wiceprzewodnicz\u0105cy<\/li>\n<li>Jan Stala (FEDERAL MOGUL S.A. Gorzyce) &#8211; wiceprzewodnicz\u0105cy<\/li>\n<li>Jan Gwo\u017ad\u017a (Huta Stalowa Wola S.A.) &#8211; skarbnik<\/li>\n<li>Stanis\u0142aw Grzegorczyk (Huta Stalowa Wola S.A.) &#8211; sekretarz<\/li>\n<li>Grzegorz Szyszkowski (EC &#8222;Rzesz\u00f3w&#8221;) &#8211; cz\u0142onek prezydium zarz\u0105du<\/li>\n<li>Augustyn Turek (KiZPS &#8222;Siarkopol&#8221;) &#8211; cz\u0142onek prezydium zarz\u0105du<\/li>\n<li>Wies\u0142aw Barna\u015b (FEDERAL MOGUL S.A. Gorzyce) &#8211; cz\u0142onek zarz\u0105du<\/li>\n<li>Bogumi\u0142 Brzuchacz (&#8222;TBD&#8221; S.A. D\u0119bica) &#8211; cz\u0142onek zarz\u0105du<\/li>\n<li>Witold G\u00f3rski (Cukrownia &#8222;Ropczyce&#8221; S.A.) &#8211; cz\u0142onek zarz\u0105du<\/li>\n<li>Adam Milczanowski (&#8222;Autosan&#8221; S.A. Sanok) &#8211; cz\u0142onek zarz\u0105du<\/li>\n<li>Jan Zaj\u0105c (Huta Stalowa Wola S.A.) &#8211; cz\u0142onek zarz\u0105du<\/li>\n<li>Mariusz Zaj\u0105c (KSH &#8222;KROSNO&#8221; S.A) &#8211; cz\u0142onek zarz\u0105du<\/li>\n<\/ol>\n<\/td>\n<\/tr>\n<tr>\n<td colspan=\"5\" width=\"100%\" height=\"21\"><b>KOMISJA REWIZYJNA<\/b><\/td>\n<\/tr>\n<tr>\n<td colspan=\"5\" width=\"100%\" height=\"21\">\n<ol start=\"1\" type=\"1\">\n<li>Ryszard Bakowski (KiZPS &#8222;Siarkopol&#8221;) &#8211; przewodnicz\u0105cy<\/li>\n<li>Piotr Dro\u017cd\u017c (Huta Stalowa Wola S.A.) &#8211; wiceprzewodnicz\u0105cy<\/li>\n<li>Zbigniew Gronek (FEDERAL MOGUL S.A. Gorzyce) &#8211; cz\u0142onek komisji<\/li>\n<li>Andrzej Kuprowski (ZUN &#8222;Naftomet&#8221;) &#8211; cz\u0142onek komisji<\/li>\n<li>Janusz Winiarczyk (Huta Stalowa Wola S.A.) &#8211; cz\u0142onek komisji<\/li>\n<\/ol>\n<\/td>\n<\/tr>\n<tr>\n<td colspan=\"5\" width=\"100%\" height=\"21\">Po rozwi\u0105zaniu organizacji ZZIT w KiZPS &#8222;Siarkopol&#8221; (likwidacja przedsi\u0119biorstwa) i rezygnacji cz\u0142onk\u00f3w ZO i KR obecnie sk\u0142ad w\u0142adz okr\u0119gu by\u0142 nast\u0119puj\u0105cy:<\/td>\n<\/tr>\n<tr>\n<td colspan=\"5\" width=\"100%\" height=\"21\"><b>ZARZ\u0104D<\/b><\/td>\n<\/tr>\n<tr>\n<td colspan=\"5\" width=\"100%\" height=\"21\">\n<ol start=\"1\" type=\"1\">\n<li>Janusz Hyjek (Huta Stalowa Wola S.A.) &#8211; przewodnicz\u0105cy<\/li>\n<li>Stefan Luba\u015b (ZUN &#8222;Naftomet&#8221;) &#8211; wiceprzewodnicz\u0105cy<\/li>\n<li>Jan Stala (FEDERAL MOGUL S.A. Gorzyce) &#8211; wiceprzewodnicz\u0105cy<\/li>\n<li>Jan Gwo\u017ad\u017a (Huta Stalowa Wola S.A.) &#8211; skarbnik<\/li>\n<li>Stanis\u0142aw Grzegorczyk (Huta Stalowa Wola S.A.) &#8211; sekretarz<\/li>\n<li>Grzegorz Szyszkowski (EC &#8222;Rzesz\u00f3w&#8221;) &#8211; cz\u0142onek prezydium zarz\u0105du<\/li>\n<li>Wies\u0142aw Barna\u015b (FEDERAL MOGUL S.A. Gorzyce) &#8211; cz\u0142onek zarz\u0105du<\/li>\n<li>Bogumi\u0142 Brzuchacz (&#8222;TBD&#8221; S.A. D\u0119bica) &#8211; cz\u0142onek zarz\u0105du<\/li>\n<li>Witold G\u00f3rski (Cukrownia &#8222;Ropczyce&#8221; S.A.) &#8211; cz\u0142onek zarz\u0105du<\/li>\n<li>Adam Milczanowski (&#8222;Autosan&#8221; S.A. Sanok) &#8211; cz\u0142onek zarz\u0105du<\/li>\n<li>Jan Zaj\u0105c (Huta Stalowa Wola S.A.) &#8211; cz\u0142onek zarz\u0105du<\/li>\n<li>Mariusz Zaj\u0105c (KSH &#8222;KROSNO&#8221; S.A) &#8211; cz\u0142onek zarz\u0105du<\/li>\n<\/ol>\n<\/td>\n<\/tr>\n<tr>\n<td colspan=\"5\" width=\"100%\" height=\"21\"><b>KOMISJA REWIZYJNA<\/b><\/td>\n<\/tr>\n<tr>\n<td colspan=\"5\" width=\"100%\" height=\"21\">\n<ol start=\"1\" type=\"1\">\n<li>Piotr Dro\u017cd\u017c (Huta Stalowa Wola S.A.) &#8211; przewodnicz\u0105cy<\/li>\n<li>Zbigniew Gronek (FEDERAL MOGUL S.A. Gorzyce) &#8211; cz\u0142onek komisji<\/li>\n<li>Andrzej Kuprowski (ZUN &#8222;Naftomet&#8221;) &#8211; cz\u0142onek komisji<\/li>\n<li>Janusz Winiarczyk (Huta Stalowa Wola S.A.) &#8211; cz\u0142onek komisji<\/li>\n<\/ol>\n<\/td>\n<\/tr>\n<tr>\n<td colspan=\"5\" width=\"100%\" height=\"21\"><strong>W dniach 27-28 maja 2011 w Rajskiem<\/strong> odby\u0142a si\u0119 V Konferencja Sprawozdawczo-Wyborcza Delegat\u00f3w Zak\u0142adowych\/Mi\u0119dzyzak\u0142adowych\u00a0 Organizacji Zwi\u0105zkowych Okr\u0119gu Po\u0142udniowo-Wschodniego ZZIT.<br \/>\nDelegaci udzielili absolutorium ust\u0119puj\u0105cemu Zarz\u0105dowi. W wyniku wybor\u00f3w wy\u0142oniono w\u0142adze w sk\u0142adzie:<\/td>\n<\/tr>\n<tr>\n<td colspan=\"5\" width=\"100%\" height=\"21\"><b>ZARZ\u0104D<\/b><\/td>\n<\/tr>\n<tr>\n<td colspan=\"5\" width=\"100%\" height=\"21\">\n<ol start=\"1\" type=\"1\">\n<li>Janusz Hyjek (Huta Stalowa Wola S.A.) &#8211; przewodnicz\u0105cy<\/li>\n<li>Jan Dudu\u015b (AUTOSAN S.A.) &#8211; wiceprzewodnicz\u0105cy<\/li>\n<li>Lech Markuszewski (Tikkurila S.A. D\u0119bica) &#8211; wiceprzewodnicz\u0105cy<\/li>\n<li>Stanis\u0142aw Grzegorczyk (Huta Stalowa Wola S.A.) &#8211; sekretarz<\/li>\n<li>Jan Zaj\u0105c (ATI ZKM FORGING Sp. z o.o.) &#8211; skarbnik<\/li>\n<li>Wies\u0142aw Barna\u015b (Federal-Mogul Sp. z o.o. Gorzyce) &#8211; cz\u0142onek zarz\u0105du<\/li>\n<li>Bo\u017cena B\u0105k (Huta Stali Jako\u015bciowych S.A.) &#8211; cz\u0142onek zarz\u0105du<\/li>\n<li>Tomasz Ska\u0142acki (ZELMER S.A.) &#8211; cz\u0142onek zarz\u0105d<\/li>\n<li><span style=\"color: #999999\">Marcin Stach (AUTOSAN S.A.) &#8211; cz\u0142onek zarz\u0105du<\/span><\/li>\n<li>S\u0142awomir Starzec (SOLBET Sp. z o.o Stalowa Wola) &#8211; cz\u0142onek zarz\u0105du<\/li>\n<\/ol>\n<\/td>\n<\/tr>\n<tr>\n<td colspan=\"5\" width=\"100%\" height=\"21\"><b>KOMISJA REWIZYJNA<\/b><\/td>\n<\/tr>\n<tr>\n<td colspan=\"5\" width=\"100%\" height=\"21\">\n<ol start=\"1\" type=\"1\">\n<li>Piotr Dro\u017cd\u017c (ATI ZKM FORGING Sp. z o.o.) &#8211; przewodnicz\u0105cy<\/li>\n<li>Janusz Jaworski (BWI\u00a0Poland Technologies Sp. z o.o. Krosno)\u00a0 &#8211; cz\u0142onek komisji<\/li>\n<li>El\u017cbieta Lech (Tikkurila S.A. D\u0119bica) &#8211; cz\u0142onek komisji<\/li>\n<li>Jadwiga Ma\u0142ys (Federal-Mogul Sp. z o.o. Gorzyce) &#8211; cz\u0142onek komisji<\/li>\n<\/ol>\n<\/td>\n<\/tr>\n<tr>\n<td colspan=\"5\" width=\"100%\" height=\"21\"><strong>W dniach 16-18 wrze\u015bnia 2016 r. w Bukowcu\u00a0<\/strong>odby\u0142a si\u0119 VI Konferencja Sprawozdawczo-Wyborcza Delegat\u00f3w Zak\u0142adowych\/Mi\u0119dzyzak\u0142adowych\u00a0 Organizacji Zwi\u0105zkowych Okr\u0119gu Po\u0142udniowo-Wschodniego ZZIT.<\/p>\n<p>W wyniku wybor\u00f3w wy\u0142oniono w\u0142adze w sk\u0142adzie:<\/p>\n<p><b>ZARZ\u0104D<\/b><\/p>\n<ol start=\"1\" type=\"1\">\n<li>Janusz Hyjek (Huta Stalowa Wola S.A.) &#8211; przewodnicz\u0105cy<\/li>\n<li>Lech Markuszewski (Tikkurila S.A. D\u0119bica) &#8211; wiceprzewodnicz\u0105cy<\/li>\n<li>Waldemar Ferfecki (LERG S.A. Pustk\u00f3w) &#8211; wiceprzewodnicz\u0105cy<\/li>\n<li>Stanis\u0142aw Grzegorczyk (Huta Stalowa Wola S.A.) &#8211; sekretarz<\/li>\n<li>Jan Zaj\u0105c (ATI ZKM FORGING Sp. z o.o.) &#8211; skarbnik<\/li>\n<li>Halina Makuch (MSM Mielec) &#8211; cz\u0142onek prezydium zarz\u0105du<\/li>\n<li>Bo\u017cena B\u0105k (Huta Stali Jako\u015bciowych S.A.) &#8211; cz\u0142onek zarz\u0105du<\/li>\n<li>Krzysztof Jankowski (Huta Stalowa Wola S.A.) &#8211; cz\u0142onek zarz\u0105du<\/li>\n<li>Krzysztof Krupa (AUTOSAN S.A.) &#8211; cz\u0142onek zarz\u0105du<\/li>\n<li>Wies\u0142\u0105w Pizur (Federal-Mogul Sp. z o.o. Gorzyce) &#8211; cz\u0142onek zarz\u0105du<\/li>\n<li>Tomasz Ska\u0142acki (ZELMER S.A.) &#8211; cz\u0142onek zarz\u0105du<\/li>\n<\/ol>\n<p><b>KOMISJA REWIZYJNA<\/b><\/p>\n<ol start=\"1\" type=\"1\">\n<li>Piotr Dro\u017cd\u017c (ATI ZKM FORGING Sp. z o.o.) &#8211; przewodnicz\u0105cy<\/li>\n<li>Krzysztof O\u017aga (Huta Stalowa Wola S.A.) &#8211; \u00a0cz\u0142onek komisji<\/li>\n<li>Janusz Jaworski (BWI\u00a0Poland Technologies Sp. z o.o. Krosno)\u00a0 &#8211; cz\u0142onek komisji<\/li>\n<li>El\u017cbieta Lech (Tikkurila S.A. D\u0119bica) &#8211; cz\u0142onek komisji<\/li>\n<li>Jadwiga Ma\u0142ys (Federal-Mogul Sp. z o.o. Gorzyce) &#8211; cz\u0142onek komisji<\/li>\n<\/ol>\n<\/td>\n<\/tr>\n<tr>\n<td colspan=\"5\" width=\"100%\" height=\"21\"><strong>W dniach 22-24 wrze\u015bnia 2021 r. w Bukowcu <\/strong>odby\u0142a si\u0119 VII Konferencja Sprawozdawczo-Wyborcza Delegat\u00f3w Zak\u0142adowych\/Mi\u0119dzyzak\u0142adowych\u00a0 Organizacji Zwi\u0105zkowych Okr\u0119gu Po\u0142udniowo-Wschodniego ZZIT.<\/p>\n<p>W wyniku wybor\u00f3w wy\u0142oniono w\u0142adze w sk\u0142adzie:<\/p>\n<p><b>ZARZ\u0104D<\/b><\/p>\n<ol start=\"1\" type=\"1\">\n<li>Janusz Hyjek (Huta Stalowa Wola S.A.) &#8211; przewodnicz\u0105cy<\/li>\n<li>Waldemar Ferfecki (LERG S.A. Pustk\u00f3w) &#8211; wiceprzewodnicz\u0105cy<\/li>\n<li>Lech Markuszewski (Tikkurila S.A. D\u0119bica) &#8211; wiceprzewodnicz\u0105cy<\/li>\n<li>Stanis\u0142aw Grzegorczyk (Huta Stalowa Wola S.A.) &#8211; sekretarz<\/li>\n<li>Jan Zaj\u0105c (ATI ZKM FORGING Sp. z o.o.) &#8211; skarbnik<\/li>\n<li>Krzysztof Jankowski (Huta Stalowa Wola S.A.) &#8211; cz\u0142onek zarz\u0105du<\/li>\n<li>Janusz Jaworski (BWI Poland Technologies Sp. z o.o. Krosno) &#8211; cz\u0142onek zarz\u0105du<\/li>\n<li>Halina Makuch (MSM Mielec) &#8211; cz\u0142onek zarz\u0105du<\/li>\n<li>Pawe\u0142 Mazur (DEZAMET Nowa D\u0119ba) &#8211; cz\u0142onek zarz\u0105du<\/li>\n<li>Mariusz Sobi\u0142o (Huta Stalowa Wola S.A.) &#8211; cz\u0142onek zarz\u0105du<\/li>\n<li>Ewa Zakielarz (Federal-Mogul Sp. z o.o. Gorzyce) &#8211; cz\u0142onek zarz\u0105du<\/li>\n<\/ol>\n<p><b>KOMISJA REWIZYJNA<\/b><\/p>\n<ol start=\"1\" type=\"1\">\n<li>Piotr Dro\u017cd\u017c (ATI ZKM FORGING Sp. z o.o.) &#8211; przewodnicz\u0105cy<\/li>\n<li>Krzysztof O\u017aga (AXTONE Stalowa Wola) &#8211; \u00a0cz\u0142onek komisji<\/li>\n<li><span style=\"color: #999999\">Adam Gazdowicz (BWI Poland Technologies Sp. z o.o. Krosno)\u00a0 &#8211; cz\u0142onek komisji<\/span><\/li>\n<li>Piotr Kraso\u0144 (LERG S.A. Pustk\u00f3w) &#8211; cz\u0142onek komisji<\/li>\n<li>Jadwiga Ma\u0142ys (Federal-Mogul Sp. z o.o. Gorzyce) &#8211; cz\u0142onek komisji<\/li>\n<\/ol>\n<p>&nbsp;<\/td>\n<\/tr>\n<\/tbody>\n<\/table>\n","protected":false},"excerpt":{"rendered":"<p>\u00a0\u00a0\u00a0\u00a0\u00a0\u00a0\u00a0\u00a0\u00a0\u00a0 Powstanie struktur ZZIT w obecnym wojew\u00f3dztwie podkarpackim datuje si\u0119 na listopad 1989 roku. Powo\u0142ana zosta\u0142a wtedy pierwsza organizacja zwi\u0105zkowa w KiZPS &#8222;Siarkopol&#8221; w Tarnobrzegu. Grupa za\u0142o\u017cycielska liczy\u0142a 15 os\u00f3b i w kr\u00f3tkim czasie liczebno\u015b\u0107 organizacji wzros\u0142a do 140 cz\u0142onk\u00f3w. &hellip; <a href=\"https:\/\/zzit.org.pl\/okregi\/poludniowowschodni\/historia\/\">Czytaj dalej <span class=\"meta-nav\">&rarr;<\/span><\/a><\/p>\n","protected":false},"author":1,"featured_media":0,"parent":0,"menu_order":2,"comment_status":"closed","ping_status":"closed","template":"sidebar-page.php","meta":{"footnotes":""},"class_list":["post-11","page","type-page","status-publish","hentry"],"_links":{"self":[{"href":"https:\/\/zzit.org.pl\/okregi\/poludniowowschodni\/wp-json\/wp\/v2\/pages\/11","targetHints":{"allow":["GET"]}}],"collection":[{"href":"https:\/\/zzit.org.pl\/okregi\/poludniowowschodni\/wp-json\/wp\/v2\/pages"}],"about":[{"href":"https:\/\/zzit.org.pl\/okregi\/poludniowowschodni\/wp-json\/wp\/v2\/types\/page"}],"author":[{"embeddable":true,"href":"https:\/\/zzit.org.pl\/okregi\/poludniowowschodni\/wp-json\/wp\/v2\/users\/1"}],"replies":[{"embeddable":true,"href":"https:\/\/zzit.org.pl\/okregi\/poludniowowschodni\/wp-json\/wp\/v2\/comments?post=11"}],"version-history":[{"count":13,"href":"https:\/\/zzit.org.pl\/okregi\/poludniowowschodni\/wp-json\/wp\/v2\/pages\/11\/revisions"}],"predecessor-version":[{"id":109,"href":"https:\/\/zzit.org.pl\/okregi\/poludniowowschodni\/wp-json\/wp\/v2\/pages\/11\/revisions\/109"}],"wp:attachment":[{"href":"https:\/\/zzit.org.pl\/okregi\/poludniowowschodni\/wp-json\/wp\/v2\/media?parent=11"}],"curies":[{"name":"wp","href":"https:\/\/api.w.org\/{rel}","templated":true}]}}