{"id":8,"date":"2014-04-18T16:54:06","date_gmt":"2014-04-18T16:54:06","guid":{"rendered":"http:\/\/zzit.org.pl\/okregi\/mazowiecki\/?page_id=8"},"modified":"2025-11-22T20:20:19","modified_gmt":"2025-11-22T20:20:19","slug":"zarzad","status":"publish","type":"page","link":"https:\/\/zzit.org.pl\/okregi\/mazowiecki\/zarzad\/","title":{"rendered":"Zarz\u0105d"},"content":{"rendered":"<p style=\"text-align: center;\"><b><span style=\"font-size: 18.0pt;\">Zarz\u0105d Okr\u0119gu<br \/>\nMazowieckiego<\/span><\/b><\/p>\n<p><center>\n<table id=\"tablepress-1\" class=\"tablepress tablepress-id-1\">\n<thead>\n<tr class=\"row-1\">\n\t<th class=\"column-1\"><p style=\"text-align: center\"><strong>Imi\u0119 Nazwisko<\/strong><\/p><\/th><th class=\"column-2\"><p style=\"text-align: center\"><strong>Funkcja<\/strong><\/p><\/th><th class=\"column-3\"><p style=\"text-align: center\"><strong>Kontakt<\/strong><\/p><\/th>\n<\/tr>\n<\/thead>\n<tbody class=\"row-striping row-hover\">\n<tr class=\"row-2\">\n\t<td class=\"column-1\"><strong>Adam Chrustowicz<\/strong><\/td><td class=\"column-2\">Przewodnicz\u0105cy<\/td><td class=\"column-3\"><a href=\"mailto:adam.chrustowicz@airbus.com\"><strong>adam.chrustowicz@airbus.com<\/strong> <\/a><\/td>\n<\/tr>\n<tr class=\"row-3\">\n\t<td class=\"column-1\">Artur \u017belazko<\/td><td class=\"column-2\">Wiceprzewodnicz\u0105cy<\/td><td class=\"column-3\"><a href=\"mailto:a.zelazko@mpwik.com.pl\"><strong>a.zelazko@mpwik.com.pl<\/strong> <\/a><\/td>\n<\/tr>\n<tr class=\"row-4\">\n\t<td class=\"column-1\">Ireneusz Iwa\u0144ski<\/td><td class=\"column-2\">Wiceprzewodnicz\u0105cy<\/td><td class=\"column-3\"><\/td>\n<\/tr>\n<tr class=\"row-5\">\n\t<td class=\"column-1\">Janusz Dobrzeniecki<\/td><td class=\"column-2\">Cz\u0142onek zarz\u0105du<\/td><td class=\"column-3\"><\/td>\n<\/tr>\n<\/tbody>\n<\/table>\n<!-- #tablepress-1 from cache --><\/center><\/p>\n<hr \/>\n<p style=\"text-align: center;\"><b><span style=\"font-size: 18.0pt;\">Komisja Rewizyjna<br \/>\nOkr\u0119gu Mazowieckiego<\/span><\/b><\/p>\n<p><center>\n<table id=\"tablepress-2\" class=\"tablepress tablepress-id-2\">\n<thead>\n<tr class=\"row-1\">\n\t<th class=\"column-1\"><p style=\"text-align: center\"><strong>Imi\u0119 Nazwisko<\/strong><\/p><\/th><th class=\"column-2\"><p style=\"text-align: center\"><strong>Funkcja<\/strong><\/p><\/th><th class=\"column-3\"><p style=\"text-align: center\"><strong>Kontakt<\/strong><\/p><\/th>\n<\/tr>\n<\/thead>\n<tbody class=\"row-striping row-hover\">\n<tr class=\"row-2\">\n\t<td class=\"column-1\"><strong>Jaros\u0142aw Kopa\u0144czyk<\/strong><\/td><td class=\"column-2\">Przewodnicz\u0105cy<\/td><td class=\"column-3\"><\/td>\n<\/tr>\n<tr class=\"row-3\">\n\t<td class=\"column-1\">Marek Ciesielski<\/td><td class=\"column-2\">Cz\u0142onek Komisji<\/td><td class=\"column-3\"><\/td>\n<\/tr>\n<tr class=\"row-4\">\n\t<td class=\"column-1\">\u0141ukasz Godlewski<\/td><td class=\"column-2\">Cz\u0142onek Komisji<\/td><td class=\"column-3\"><\/td>\n<\/tr>\n<\/tbody>\n<\/table>\n<!-- #tablepress-2 from cache --><\/center><\/p>\n<hr \/>\n<p style=\"text-align: left;\"><b><span style=\"font-size: 16.0pt;\">Delegaci na Krajowy Zjazd ZZIT (kadencja 2017 \u2013 2022)<\/span><\/b><\/p>\n<p><strong> &#8211; Adam Chrustowicz<\/strong>,<br \/>\n<strong> &#8211; Janusz Dobrzeniecki<\/strong>,<br \/>\n<strong> &#8211; Ireneusz Iwa\u0144ski<\/strong>,<br \/>\n<strong>&#8211; Jaros\u0142aw Kopa\u0144czyk<\/strong>,<br \/>\n<strong> &#8211; Artur \u017belazko<\/strong>.<\/p>\n","protected":false},"excerpt":{"rendered":"<p>Zarz\u0105d Okr\u0119gu Mazowieckiego Komisja Rewizyjna Okr\u0119gu Mazowieckiego Delegaci na Krajowy Zjazd ZZIT (kadencja 2017 \u2013 2022) &#8211; Adam Chrustowicz, &#8211; Janusz Dobrzeniecki, &#8211; Ireneusz Iwa\u0144ski, &#8211; Jaros\u0142aw Kopa\u0144czyk, &#8211; Artur \u017belazko.<\/p>\n","protected":false},"author":1,"featured_media":0,"parent":0,"menu_order":1,"comment_status":"closed","ping_status":"closed","template":"","meta":{"footnotes":""},"class_list":["post-8","page","type-page","status-publish"],"_links":{"self":[{"href":"https:\/\/zzit.org.pl\/okregi\/mazowiecki\/wp-json\/wp\/v2\/pages\/8","targetHints":{"allow":["GET"]}}],"collection":[{"href":"https:\/\/zzit.org.pl\/okregi\/mazowiecki\/wp-json\/wp\/v2\/pages"}],"about":[{"href":"https:\/\/zzit.org.pl\/okregi\/mazowiecki\/wp-json\/wp\/v2\/types\/page"}],"author":[{"embeddable":true,"href":"https:\/\/zzit.org.pl\/okregi\/mazowiecki\/wp-json\/wp\/v2\/users\/1"}],"replies":[{"embeddable":true,"href":"https:\/\/zzit.org.pl\/okregi\/mazowiecki\/wp-json\/wp\/v2\/comments?post=8"}],"version-history":[{"count":24,"href":"https:\/\/zzit.org.pl\/okregi\/mazowiecki\/wp-json\/wp\/v2\/pages\/8\/revisions"}],"predecessor-version":[{"id":119,"href":"https:\/\/zzit.org.pl\/okregi\/mazowiecki\/wp-json\/wp\/v2\/pages\/8\/revisions\/119"}],"wp:attachment":[{"href":"https:\/\/zzit.org.pl\/okregi\/mazowiecki\/wp-json\/wp\/v2\/media?parent=8"}],"curies":[{"name":"wp","href":"https:\/\/api.w.org\/{rel}","templated":true}]}}