{"id":12,"date":"2014-04-18T16:54:40","date_gmt":"2014-04-18T16:54:40","guid":{"rendered":"http:\/\/zzit.org.pl\/okregi\/mazowiecki\/?page_id=12"},"modified":"2026-02-24T10:44:24","modified_gmt":"2026-02-24T10:44:24","slug":"organizacje","status":"publish","type":"page","link":"https:\/\/zzit.org.pl\/okregi\/mazowiecki\/organizacje\/","title":{"rendered":"Organizacje"},"content":{"rendered":"<table width=\"1264\">\n<tbody>\n<tr>\n<td width=\"58\"><strong>LP<\/strong><\/td>\n<td width=\"226\"><strong>Nazwa Organizacji <\/strong><\/td>\n<td width=\"148\"><strong>Przewodnicz\u0105cy<\/strong><\/td>\n<td width=\"220\"><strong>E-mail<\/strong><\/td>\n<td width=\"227\"><strong>Nazwa Siedziba Zak\u0142adu<\/strong><\/td>\n<td width=\"386\"><strong>Przedmiot Podstawowej Dzia\u0142alno\u015bci<\/strong><\/td>\n<\/tr>\n<tr>\n<td width=\"58\">1<\/td>\n<td width=\"226\">MI\u0118DZYZAK\u0141ADOWA ORGANIZACJA ZWI\u0104ZKU ZAWODOWEGO IN\u017bYNIER\u00d3W I TECHNIK\u00d3W<\/td>\n<td width=\"148\">Ireneusz Iwa\u0144ski<\/td>\n<td width=\"220\">Zzit.fanar@gmail.com<\/td>\n<td width=\"227\">FABRYKA NARZ\u0118DZI FANAR SP\u00d3\u0141KA AKCYJNA<\/p>\n<p>ul. P\u0141OCKA 11; 06-400 CIECHAN\u00d3W<\/td>\n<td width=\"386\">PRODUKCJA NARZ\u0118DZI DO OBR\u00d3BKI SKRAWANIEM<\/td>\n<\/tr>\n<tr>\n<td width=\"58\">2<\/td>\n<td width=\"226\">MI\u0118DZYZAK\u0141ADOWA ORGANIZACJA ZWI\u0104ZKU ZAWODOWEGO IN\u017bYNIER\u00d3W I TECHNIK\u00d3W<\/td>\n<td width=\"148\">Konrad Gajewski<\/td>\n<td width=\"220\">Konrad.gajewski@cnhind.com<\/td>\n<td width=\"227\">\u201eCNH INDUSTRIUL POLSKA\u201d SP\u00d3\u0141KA Z OGRANICZON\u0104 ODPOWIEDZIALNO\u015aCI\u0104<\/p>\n<p>ul. OTOLI\u0143SKA 25; 09-407 P\u0141OCK<\/td>\n<td width=\"386\">PRODUKCJA MASZYN DLA ROLNICTWA I LE\u015aNICTWA<\/td>\n<\/tr>\n<tr>\n<td width=\"58\">3<\/td>\n<td width=\"226\">ZWI\u0104ZKI ZAWODOWE IN\u017bYNIER\u00d3W I TECHNIK\u00d3W PRZY WOJEW\u00d3DZKIEJ STACJI POGOTOWIA RATUNKOWEGO I TRANSPORTU SANITARNEGO W P\u0141CKU<\/td>\n<td width=\"148\">Ewelina Maliszewska<\/td>\n<td width=\"220\">e.maliszewska86@wp.pl<\/td>\n<td width=\"227\">SAMODZIELNY PUBLICZNY ZAK\u0141AD OPIEKI ZDROWOTNEJ WOJEW\u00d3DZKA STACJA POGOTOWIA RATUNKOWEGO I TRANSPORTU SANITARNEGO W P\u0141OCKU<\/td>\n<td width=\"386\">1. PODSTAWOWYM CELEM DZIA\u0141ANIA ZAK\u0141ADU JEST WYKONYWANIE DZIA\u0141ALNO\u015aCI LECZNICZEJ<\/p>\n<p>POPRZEZ UDZIELANIE \u015aWIADCZE\u0143 ZDROWOTNYCH, JAK R\u00d3WNIE\u017b PROMOCJA ZDROWIA I<\/p>\n<p>REALIZACJA ZADA\u0143 DYDAKTYCZNYCH W POWI\u0104ZANIU Z UDZIELANIEM \u015aWIADCZE\u0143<\/p>\n<p>ZDROWOTNYCH I PROMOCJ\u0104 ZDROWIA.<\/p>\n<p>2. REALIZUJ\u0104C CELE OKRE\u015aLONE W UST.1 ZAK\u0141AD MO\u017bE UCZESTNICZY\u0106 W PRZYGOTOWYWANIU<\/p>\n<p>OS\u00d3B DO WYKONYWANIA ZAWODU MEDYCZNEGO I KSZTA\u0141CENIU OS\u00d3B WYKONUJ\u0104CYCH<\/p>\n<p>ZAW\u00d3D MEDYCZNY.<\/td>\n<\/tr>\n<tr>\n<td width=\"58\">4<\/td>\n<td width=\"226\">ZAK\u0141ADOWA ORGANIZACJA ZZIT SIEMENS ENERGY<\/td>\n<td width=\"148\">Janusz Leszczy\u0144ski<\/td>\n<td width=\"220\">przewodniczacy.se@zzit.org.pl<\/p>\n<p>zarzad.se@zzit.org.pl<\/td>\n<td width=\"227\">SIEMENS ENERGY SP\u00d3\u0141KA Z OGRANICZON\u0104 ODPOWIEDZIALNO\u015aCI\u0104<\/p>\n<p>ul. ALEJA ARMII LUDOWEJ, nr 26; 00-609 WARSZAWA<\/td>\n<td width=\"386\">ROBOTY ZWI\u0104ZANE Z BUDOW\u0104 LINII TELEKOMUNIKACYJMYCH I ELEKTROENERGETYCZNYCH<\/td>\n<\/tr>\n<tr>\n<td width=\"58\">5<\/td>\n<td width=\"226\">ZAK\u0141ADOWA ORGANIZACJA ZWI\u0104ZKU ZAWODOWEGO IN\u017bYNIER\u00d3W I TENIK\u00d3W W MIEJSKIM PRZEDSI\u0118BIORSTWIE WODOCI\u0104G\u00d3W I KANLIZACJI S.A<\/td>\n<td width=\"148\">Jaros\u0142aw Floria\u0144czyk<\/td>\n<td width=\"220\">j.florjanczyk@mpwik.com.pl<\/td>\n<td width=\"227\">MIEJSKIE PRZEDSI\u0118BIORSTWO WODOCI\u0104G\u00d3W I KANALIZACJI W W.ST.WARSZAWIE SP\u00d3LKA AKCYJNA<\/p>\n<p>ul. PLAC STARYNKIEWICZA, nr 5<\/p>\n<p>02-015 WARSZAWA<\/td>\n<td width=\"386\">ODPROWADZANIE I OCZYSZCZANIE \u015aCIEK\u00d3W<\/td>\n<\/tr>\n<tr>\n<td width=\"58\">6<\/td>\n<td width=\"226\">ZAK\u0141ADOWA ORGANIZACJA ZWI\u0104ZKU ZAWODOWEGO IN\u017bYNIER\u00d3W I TENIK\u00d3W PRZY MIEJSKIM PRZEDSI\u0118BIORSTWIE WODOCI\u0104G\u00d3W I KANLIZACJI SP\u00d3\u0141KA Z O. O. W \u0141OM\u017bY<\/td>\n<td width=\"148\">Jaros\u0142aw Kopa\u0144czyk<\/td>\n<td width=\"220\">Jaro464@wp.pl<\/td>\n<td width=\"227\">MIEJSKIE PRZEDSI\u0118BIORSTWO WODOCI\u0104G\u00d3W I KANALIZACJI SP\u00d3\u0141KA Z OGRANICZON\u0104 ODPOWIEDZIALNO\u015aCI\u0104<\/p>\n<p>ul. ZAJAZD nr 23<\/p>\n<p>18-400 \u0141OM\u017bA<\/td>\n<td width=\"386\">ODPROWADZANIE I OCZYSZCZANIE \u015aCIEK\u00d3W<\/td>\n<\/tr>\n<tr>\n<td width=\"58\">7<\/td>\n<td width=\"226\">ORGANIZACJA ZAK\u0141\u0104DOWA ZWI\u0104ZKU ZAWODOWEGO IN\u017bYNIER\u00d3W I TECHNIK\u00d3W W PSI SP\u00d3\u0141DZIELCZY PRODUCENT SPR\u0118\u017bYN<\/td>\n<td width=\"148\">Micha\u0142 Skwierczy\u0144ski<\/td>\n<td width=\"220\">skwierczmi@wp.pl<\/td>\n<td width=\"227\">PSI SP\u00d3\u0141DZIELCZY PRODUCENT SPR\u0118\u017bYN<\/p>\n<p>ul. BRZESKA 72; 08-110 SIEDLCE<\/td>\n<td width=\"386\">PRODUKCJA WYROB\u00d3W Z DRUTU, \u0141A\u0143CUCH\u00d3W I SPR\u0118\u017bYN<\/td>\n<\/tr>\n<tr>\n<td width=\"58\">8<\/td>\n<td width=\"226\">ZAK\u0141ADOWA ORGANIZACJA ZWI\u0104ZKU ZAWODOWEGO IN\u017bYNIER\u00d3W I TECHNIK\u00d3W PZL OK\u0118CIE<\/td>\n<td width=\"148\">Adam Chrustowicz<\/td>\n<td width=\"220\">Adam.chrustowicz@airbus.com<\/td>\n<td width=\"227\">AIRBUS POLAND SP\u00d3LKA AKCYJNA<\/p>\n<p>ul. AL.KRAKOWSKA 110\/114; 02-256 WARSZAWA<\/td>\n<td width=\"386\">PRODUKCJA STATK\u00d3W POWIETRZNYCH, STATK\u00d3W KOSMICZNYCH I PODOBNYCH MASZYN<\/td>\n<\/tr>\n<\/tbody>\n<\/table>\n","protected":false},"excerpt":{"rendered":"<p>LP Nazwa Organizacji Przewodnicz\u0105cy E-mail Nazwa Siedziba Zak\u0142adu Przedmiot Podstawowej Dzia\u0142alno\u015bci 1 MI\u0118DZYZAK\u0141ADOWA ORGANIZACJA ZWI\u0104ZKU ZAWODOWEGO IN\u017bYNIER\u00d3W I TECHNIK\u00d3W Ireneusz Iwa\u0144ski Zzit.fanar@gmail.com FABRYKA NARZ\u0118DZI FANAR SP\u00d3\u0141KA AKCYJNA ul. P\u0141OCKA 11; 06-400 CIECHAN\u00d3W PRODUKCJA NARZ\u0118DZI DO OBR\u00d3BKI SKRAWANIEM 2 MI\u0118DZYZAK\u0141ADOWA ORGANIZACJA ZWI\u0104ZKU ZAWODOWEGO IN\u017bYNIER\u00d3W I TECHNIK\u00d3W Konrad Gajewski Konrad.gajewski@cnhind.com \u201eCNH INDUSTRIUL POLSKA\u201d SP\u00d3\u0141KA Z OGRANICZON\u0104 ODPOWIEDZIALNO\u015aCI\u0104 &#8230; <a title=\"Organizacje\" class=\"read-more\" href=\"https:\/\/zzit.org.pl\/okregi\/mazowiecki\/organizacje\/\" aria-label=\"Dowiedz si\u0119 wi\u0119cej o Organizacje\">Dowiedz si\u0119 wi\u0119cej<\/a><\/p>\n","protected":false},"author":1,"featured_media":0,"parent":0,"menu_order":2,"comment_status":"closed","ping_status":"closed","template":"","meta":{"footnotes":""},"class_list":["post-12","page","type-page","status-publish"],"_links":{"self":[{"href":"https:\/\/zzit.org.pl\/okregi\/mazowiecki\/wp-json\/wp\/v2\/pages\/12","targetHints":{"allow":["GET"]}}],"collection":[{"href":"https:\/\/zzit.org.pl\/okregi\/mazowiecki\/wp-json\/wp\/v2\/pages"}],"about":[{"href":"https:\/\/zzit.org.pl\/okregi\/mazowiecki\/wp-json\/wp\/v2\/types\/page"}],"author":[{"embeddable":true,"href":"https:\/\/zzit.org.pl\/okregi\/mazowiecki\/wp-json\/wp\/v2\/users\/1"}],"replies":[{"embeddable":true,"href":"https:\/\/zzit.org.pl\/okregi\/mazowiecki\/wp-json\/wp\/v2\/comments?post=12"}],"version-history":[{"count":5,"href":"https:\/\/zzit.org.pl\/okregi\/mazowiecki\/wp-json\/wp\/v2\/pages\/12\/revisions"}],"predecessor-version":[{"id":128,"href":"https:\/\/zzit.org.pl\/okregi\/mazowiecki\/wp-json\/wp\/v2\/pages\/12\/revisions\/128"}],"wp:attachment":[{"href":"https:\/\/zzit.org.pl\/okregi\/mazowiecki\/wp-json\/wp\/v2\/media?parent=12"}],"curies":[{"name":"wp","href":"https:\/\/api.w.org\/{rel}","templated":true}]}}