{"id":6,"date":"2014-04-18T15:41:19","date_gmt":"2014-04-18T13:41:19","guid":{"rendered":"http:\/\/zzit.org.pl\/okregi\/lodzki\/?page_id=6"},"modified":"2024-11-13T12:21:18","modified_gmt":"2024-11-13T11:21:18","slug":"strona-glowna","status":"publish","type":"page","link":"https:\/\/zzit.org.pl\/okregi\/lodzki\/","title":{"rendered":"Strona g\u0142\u00f3wna"},"content":{"rendered":"\r\n<div class=\"wp-block-image\">\r\n<figure class=\"alignleft size-large is-resized\"><img loading=\"lazy\" decoding=\"async\" class=\"wp-image-72\" src=\"https:\/\/zzit.org.pl\/okregi\/lodzki\/wp-content\/uploads\/sites\/3\/2020\/02\/zzit-logo.png\" alt=\"\" width=\"223\" height=\"97\" \/><\/figure>\r\n<\/div>\r\n\r\n<p><strong>Okr\u0119g \u0141\u00f3dzki<\/strong> obejmuje zasi\u0119giem swego dzia\u0142ania wojew\u00f3dztwo \u0142\u00f3dzkie.<br \/>Zosta\u0142 utworzony na bazie by\u0142ych okr\u0119g\u00f3w : <em>\u0142\u00f3dzkiego i piotrkowskiego.<\/em><br \/>W okr\u0119gu dzia\u0142a 12 zak\u0142adowych organizacji zwi\u0105zkowych.<br \/>Siedziba okr\u0119gu znajduje si\u0119 w \u0141odzi.<\/p>\r\n<p><em>Adres Biura Okr\u0119gu:<\/em><br \/>90-975 \u0141\u00f3d\u017a ul. Jadzi Andrzejewskiej 5<br \/>e \u2013 mail: zdzislaw.mielczarek@zzit.org.pl<\/p>","protected":false},"excerpt":{"rendered":"<p>Okr\u0119g \u0141\u00f3dzki obejmuje zasi\u0119giem swego dzia\u0142ania wojew\u00f3dztwo \u0142\u00f3dzkie.Zosta\u0142 utworzony na bazie by\u0142ych okr\u0119g\u00f3w : \u0142\u00f3dzkiego i piotrkowskiego.W okr\u0119gu dzia\u0142a 12 zak\u0142adowych organizacji zwi\u0105zkowych.Siedziba okr\u0119gu znajduje si\u0119 w \u0141odzi. Adres Biura Okr\u0119gu:90-975 \u0141\u00f3d\u017a ul. Jadzi Andrzejewskiej 5e \u2013 mail: zdzislaw.mielczarek@zzit.org.pl<\/p>\n","protected":false},"author":1,"featured_media":0,"parent":0,"menu_order":0,"comment_status":"closed","ping_status":"closed","template":"sidebar-page.php","meta":{"footnotes":""},"class_list":["post-6","page","type-page","status-publish","hentry"],"_links":{"self":[{"href":"https:\/\/zzit.org.pl\/okregi\/lodzki\/wp-json\/wp\/v2\/pages\/6","targetHints":{"allow":["GET"]}}],"collection":[{"href":"https:\/\/zzit.org.pl\/okregi\/lodzki\/wp-json\/wp\/v2\/pages"}],"about":[{"href":"https:\/\/zzit.org.pl\/okregi\/lodzki\/wp-json\/wp\/v2\/types\/page"}],"author":[{"embeddable":true,"href":"https:\/\/zzit.org.pl\/okregi\/lodzki\/wp-json\/wp\/v2\/users\/1"}],"replies":[{"embeddable":true,"href":"https:\/\/zzit.org.pl\/okregi\/lodzki\/wp-json\/wp\/v2\/comments?post=6"}],"version-history":[{"count":7,"href":"https:\/\/zzit.org.pl\/okregi\/lodzki\/wp-json\/wp\/v2\/pages\/6\/revisions"}],"predecessor-version":[{"id":1229,"href":"https:\/\/zzit.org.pl\/okregi\/lodzki\/wp-json\/wp\/v2\/pages\/6\/revisions\/1229"}],"wp:attachment":[{"href":"https:\/\/zzit.org.pl\/okregi\/lodzki\/wp-json\/wp\/v2\/media?parent=6"}],"curies":[{"name":"wp","href":"https:\/\/api.w.org\/{rel}","templated":true}]}}