{"id":588,"date":"2020-12-21T12:58:27","date_gmt":"2020-12-21T11:58:27","guid":{"rendered":"http:\/\/zzit.org.pl\/okregi\/lodzki\/?page_id=588"},"modified":"2022-11-21T15:59:08","modified_gmt":"2022-11-21T14:59:08","slug":"588-2","status":"publish","type":"page","link":"https:\/\/zzit.org.pl\/okregi\/lodzki\/588-2\/","title":{"rendered":"Ustawy i Projekty ustaw"},"content":{"rendered":"<p><span style=\"color: #008000\"><strong>21 LISTOPAD, 2022<\/strong><\/span><\/p>\r\n<p><em>Szanowni Pa\u0144stwo,<\/em><\/p>\r\n<p>Z upowa\u017cnienia Pana Leszka Mi\u0119tka, Przewodnicz\u0105cego Zespo\u0142u ds. polityki gospodarczej i rynku pracy, przesy\u0142am Pa\u0144stwu <strong>projekt Ustawy o publicznym transporcie zbiorowym<\/strong> i <strong>Ustaw\u0119 o publicznym transporcie zbiorowym. <\/strong>Zwracam si\u0119 do Pa\u0144stwa z uprzejm\u0105 pro\u015bb\u0105 o ewentualne zainteresowanie dokumentami.<\/p>\r\n<p>Projekt wp\u0142yn\u0105\u0142 do RDS w dniu 18 listopada 2022 r. \u00a0<\/p>\r\n<p><a href=\"https:\/\/zzit.org.pl\/okregi\/lodzki\/wp-content\/uploads\/sites\/3\/2022\/11\/przewodnie-ustawa-o-publicznym-transporcie-zbiorowym.pdf\">przewodnie &#8211; ustawa o publicznym transporcie zbiorowym<\/a><\/p>\r\n<p><a href=\"https:\/\/zzit.org.pl\/okregi\/lodzki\/wp-content\/uploads\/sites\/3\/2022\/11\/ustawa-o-publicznym-transporcie-zbiorowym.pdf\">ustawa o publicznym transporcie zbiorowym<\/a><\/p>\r\n<p><span style=\"color: #008000\"><strong>18 STYCZE\u0143, 2022<\/strong><\/span><\/p>\r\n<p style=\"text-align: center\"><span style=\"color: #0000ff\"><strong>Poselski projekt ustawy o zmianie ustawy &#8211; Prawo energetyczne oraz niekt\u00f3rych innych ustaw<\/strong><\/span><\/p>\r\n<p><strong>Wed\u0142ug rozdzielnika:<\/strong><\/p>\r\n<p><strong>Cz\u0142onkowie Zespo\u0142u ds. <\/strong><strong>polityki gospodarczej <\/strong><strong>i rynku pracy RDS<\/strong><\/p>\r\n<p>Z upowa\u017cnienia Przewodnicz\u0105cego Zespo\u0142u ds. polityki gospodarczej i rynku pracy w za\u0142\u0105czeniu przesy\u0142am Poselski projekt ustawy o zmianie ustawy &#8211; Prawo energetyczne oraz niekt\u00f3rych innych ustaw.<\/p>\r\n<p>W przypadku zainteresowania rozpatrzeniem projektu lub ewentualnym wypracowaniem wsp\u00f3lnego stanowiska prosz\u0119 przekazanie do dnia 21 stycznia 2022 r. informacji zawieraj\u0105cej uwagi do projektu oraz projekt stanowiska, kt\u00f3re nast\u0119pnie zostan\u0105 poddane ocenie cz\u0142onk\u00f3w Zespo\u0142u.<\/p>\r\n<p><a href=\"https:\/\/zzit.org.pl\/okregi\/lodzki\/wp-content\/uploads\/sites\/3\/2022\/01\/Projekt.pdf\">Projekt<\/a><\/p>\r\n<p><a href=\"https:\/\/zzit.org.pl\/okregi\/lodzki\/wp-content\/uploads\/sites\/3\/2022\/01\/doc01372920220118085000.pdf\">doc01372920220118085000<\/a><\/p>\r\n<p><span style=\"color: #008000\"><strong>25 PA\u0179DZIERNIK, 2021<\/strong><\/span><\/p>\r\n<p style=\"text-align: center\"><span style=\"color: #0000ff\"><strong>Wytyczne JASPERS dot. kwalifikowania projekt\u00f3w do poszczeg\u00f3lnych filar\u00f3w MST<\/strong><\/span><\/p>\r\n<p>Szanowni Pa\u0144stwo,<\/p>\r\n<p>przekazujemy Pa\u0144stwu \u00a0przygotowane przez ekspert\u00f3w JASPERS<strong> Wytyczne dot. kwalifikowania projekt\u00f3w do poszczeg\u00f3lnych filar\u00f3w Mechanizmu Sprawiedliwej Transformacji<\/strong> (w wersji angielskiej oraz w wersji polskiej). <br \/><br \/>Celem tych Wytycznych jest dostarczenie wskaz\u00f3wek regionom oraz promotorom projekt\u00f3w jak w optymalny spos\u00f3b przyporz\u0105dkowywa\u0107 projekty inwestycyjne do konkretnych filar\u00f3w Mechanizmu Sprawiedliwej Transformacji, tj.: \u00a0Funduszu na rzecz Sprawiedliwej Transformacji (filar I), systemu sprawiedliwej transformacji w ramach Invest EU (filar II) oraz instrumentu po\u017cyczkowego EBI na rzecz sektora publicznego (filar III).<\/p>\r\n<p><a href=\"https:\/\/zzit.org.pl\/okregi\/lodzki\/wp-content\/uploads\/sites\/3\/2021\/10\/guidance-on-three-JTM-pillars_1.pdf\">guidance on three JTM pillars_1<\/a> &#8211;\u00a0 <a href=\"https:\/\/zzit.org.pl\/okregi\/lodzki\/wp-content\/uploads\/sites\/3\/2021\/10\/guidance-on-three-JTM-pillars_2.pdf\">guidance on three JTM pillars_2<\/a>\u00a0 &#8211;\u00a0<a href=\"https:\/\/zzit.org.pl\/okregi\/lodzki\/wp-content\/uploads\/sites\/3\/2021\/10\/guidance-on-three-JTM-pillars_3.pdf\">guidance on three JTM pillars_3<\/a><\/p>\r\n<p><a href=\"https:\/\/zzit.org.pl\/okregi\/lodzki\/wp-content\/uploads\/sites\/3\/2021\/10\/wytyczne-dotyczace-trzech-filarow-MST_1.pdf.pdf\">wytyczne dotyczace trzech filarow MST_1.pdf<\/a>\u00a0 &#8211;\u00a0<a href=\"https:\/\/zzit.org.pl\/okregi\/lodzki\/wp-content\/uploads\/sites\/3\/2021\/10\/wytyczne-dotyczace-trzech-filarow-MST_2.pdf.pdf\">wytyczne dotyczace trzech filarow MST_2.pdf<\/a>\u00a0 &#8211; <a href=\"https:\/\/zzit.org.pl\/okregi\/lodzki\/wp-content\/uploads\/sites\/3\/2021\/10\/wytyczne-dotyczace-trzech-filarow-MST_3.pdf.pdf\">wytyczne dotyczace trzech filarow MST_3.pdf<\/a><\/p>\r\n<p><span style=\"color: #008000\"><strong>05 PA\u0179DZIERNIK, 2021<\/strong><\/span><\/p>\r\n<p>Szanowni Pa\u0144stwo,<\/p>\r\n<p>Z upowa\u017cnienia Przewodnicz\u0105cego Zespo\u0142u ds. polityki gospodarczej i rynku pracy w za\u0142\u0105czeniu przesy\u0142am projekt ustawy o zmianie ustawy o systemie rekompensat dla sektor\u00f3w i podsektor\u00f3w energoch\u0142onnych. W przypadku zainteresowania rozpatrzeniem projektu lub ewentualnym wypracowaniem wsp\u00f3lnego stanowiska prosz\u0119 o przekazanie do dnia 11 pa\u017adziernika 2021 r. informacji zawieraj\u0105cej uwagi do projektu oraz projekt stanowiska, kt\u00f3re nast\u0119pnie zostan\u0105 poddane ocenie cz\u0142onk\u00f3w Zespo\u0142u.<\/p>\r\n<p>Link do projektu: <a href=\"https:\/\/legislacja.gov.pl\/projekt\/12351900\/katalog\/12820514#12820514\">https:\/\/legislacja.gov.pl\/projekt\/12351900\/katalog\/12820514#12820514<\/a><\/p>\r\n<p><a href=\"https:\/\/zzit.org.pl\/okregi\/lodzki\/wp-content\/uploads\/sites\/3\/2021\/10\/2021-10-01-pismo-do-RDS.pdf\">2021 10 01 pismo do RDS<\/a><\/p>\r\n<p><span style=\"color: #008000\"><strong>22 WRZESIE\u0143, 2021<\/strong><\/span><\/p>\r\n<p>Z upowa\u017cnienia wiceprzewodnicz\u0105cego OPZZ,\u00a0 przekazuj\u0119 opini\u0119 Og\u00f3lnopolskiego Porozumienia Zwi\u0105zk\u00f3w Zawodowych w sprawie projektu ustawy bud\u017cetowej na rok 2022.<\/p>\r\n<p><a href=\"https:\/\/zzit.org.pl\/okregi\/lodzki\/wp-content\/uploads\/sites\/3\/2021\/09\/Opinia-OPZZ_projekt-budzetu-2022.pdf\">Opinia OPZZ_projekt budzetu 2022<\/a><\/p>\r\n<p><span style=\"color: #008000\"><strong>13 WRZESIE\u0143, 2021<\/strong><\/span><\/p>\r\n<p>Szanowni Pa\u0144stwo,<\/p>\r\n<p>Z upowa\u017cnienia Przewodnicz\u0105cego Zespo\u0142u ds. polityki gospodarczej i rynku pracy w za\u0142\u0105czeniu przesy\u0142am rz\u0105dowy projekt ustawy o zmianie ustawy &#8211; Kodeks sp\u00f3\u0142ek handlowych oraz niekt\u00f3rych innych ustaw. W przypadku zainteresowania rozpatrzeniem projektu lub ewentualnym wypracowaniem wsp\u00f3lnego stanowiska prosz\u0119 o przekazanie do dnia 10 wrze\u015bnia 2021 r. informacji zawieraj\u0105cej uwagi do projektu oraz projekt stanowiska, kt\u00f3re nast\u0119pnie zostan\u0105 poddane ocenie cz\u0142onk\u00f3w Zespo\u0142u.<\/p>\r\n<p>Link do projektu 1131\/09\/2021: <a href=\"https:\/\/legislacja.gov.pl\/projekt\/12336750\/katalog\/12704852#12704852\">https:\/\/legislacja.gov.pl\/projekt\/12336750\/katalog\/12704852#12704852<\/a><\/p>\r\n<p><a href=\"https:\/\/zzit.org.pl\/okregi\/lodzki\/wp-content\/uploads\/sites\/3\/2021\/09\/doc27.09.21.pdf\">doc27.09.21<\/a><\/p>\r\n<p><span style=\"color: #008000\"><strong>27\u00a0 SIERPIE\u0143, 2021<\/strong><\/span><\/p>\r\n<p>Z upowa\u017cnienia wiceprzewodnicz\u0105cego OPZZ, Piotra Ostrowskiego, przekazuj\u0119 poni\u017cszy\u00a0 link do projektu ustawy bud\u017cetowej na rok 2022 wraz z uzasadnieniem obejmuj\u0105cy r\u00f3wnie\u017c \u201ePlanowanie w uk\u0142adzie zadaniowym na 2022 rok \u2013 Skonsolidowany plan wydatk\u00f3w w uk\u0142adzie zadaniowym na 2022 rok i dwa kolejne lata\u201d oraz za\u0142\u0105cznikami. Do\u0142\u0105czam r\u00f3wnie\u017c pismo pana Sebastiana Skuzy, sekretarza stanu w Ministerstwie Finans\u00f3w.<\/p>\r\n<p>Link: <a href=\"https:\/\/www.myqnapcloud.com\/smartshare\/6976h5174l6p701q1w6ux0y8_a7g51fil409528661863u8a2c97dhef7\">https:\/\/www.myqnapcloud.com\/smartshare\/6976h5174l6p701q1w6ux0y8_a7g51fil409528661863u8a2c97dhef7<\/a><\/p>\r\n<p>Ewentualnie na wszelki wypadek drugi link do strony Ministerstwa Finans\u00f3w :<\/p>\r\n<p><a href=\"https:\/\/www.gov.pl\/web\/finanse\/projekt-przekazany-do-rds3\">https:\/\/www.gov.pl\/web\/finanse\/projekt-przekazany-do-rds3<\/a><\/p>\r\n<p>Wys\u0142anie projektu bud\u017cetu w formie linka podyktowane jest du\u017c\u0105 wielko\u015bci\u0105 plik\u00f3w.<\/p>\r\n<p>Ewentualne uwagi do projektu prosz\u0119 przesy\u0142a\u0107 na adres: <a href=\"mailto:pietrzak@opzz.org.pl\">pietrzak@opzz.org.pl<\/a>.<\/p>\r\n<p>Informuj\u0119, \u017ce ustawa RDS przewiduje kr\u00f3tkie terminy na przedstawienie uwag: strony RDS mog\u0105 wsp\u00f3lnie przedstawi\u0107 stanowisko w sprawie projektu nie p\u00f3\u017aniej ni\u017c w 10 dniu roboczym nast\u0119puj\u0105cym po dniu, w kt\u00f3rym otrzyma\u0142y projekt, b\u0105d\u017a je\u015bli tego nie uczyni\u0105 w ci\u0105gu 5 kolejnych dni roboczych w odr\u0119bnie stron RDS \u2013 a je\u015bli to nie nast\u0105pi \u2013 w ci\u0105gu 3 kolejnych dni opini\u0119 mo\u017ce przedstawi\u0107 ka\u017cda organizacja z RDS.<\/p>\r\n<p><a href=\"https:\/\/zzit.org.pl\/okregi\/lodzki\/wp-content\/uploads\/sites\/3\/2021\/08\/pismo-przekazujace-projekt-ustawy-budzetowej-na-2022-rok.pdf\">pismo przekazuj\u0105ce projekt ustawy bud\u017cetowej na 2022 rok<\/a><\/p>\r\n<p><span style=\"color: #008000\"><strong>12 LIPIEC, 2021<\/strong><\/span><\/p>\r\n<p>Szanowni Pa\u0144stwo,<\/p>\r\n<p>Z upowa\u017cnienia Przewodnicz\u0105cego Zespo\u0142u ds. polityki gospodarczej i rynku pracy w poni\u017cej poselski projekt ustawy o zmianie ustawy o odnawialnych \u017ar\u00f3d\u0142ach energii oraz niekt. in. ustaw, do ewentualnego rozpatrzenia na Zespole problemowym ds. polityki gospodarczej i rynku pracy.<\/p>\r\n<p><a href=\"https:\/\/zzit.org.pl\/okregi\/lodzki\/wp-content\/uploads\/sites\/3\/2021\/07\/odnawialne_1.pdf\">odnawialne_1<\/a><\/p>\r\n<p><a href=\"https:\/\/zzit.org.pl\/okregi\/lodzki\/wp-content\/uploads\/sites\/3\/2021\/07\/odnawialne_2.pdf\">odnawialne_2<\/a><\/p>\r\n<p><a href=\"https:\/\/zzit.org.pl\/okregi\/lodzki\/wp-content\/uploads\/sites\/3\/2021\/07\/odnawialne_3.pdf\">odnawialne_3<\/a><\/p>\r\n<p><a href=\"https:\/\/zzit.org.pl\/okregi\/lodzki\/wp-content\/uploads\/sites\/3\/2021\/07\/odnawialne_4.pdf\">odnawialne_4<\/a><\/p>\r\n<p><a href=\"https:\/\/zzit.org.pl\/okregi\/lodzki\/wp-content\/uploads\/sites\/3\/2021\/07\/sps-wp.020.217.5.2021.002.pdf\">sps-wp.020.217.5.2021.002<\/a><\/p>\r\n<p><span style=\"color: #008000\"><strong>28 MAJ, 2021<\/strong><\/span><\/p>\r\n<p style=\"text-align: center\">Przekazuj\u0119\u00a0 dokument \u201eTransformacja sektora elektroenergetycznego w Polsce. Wydzielenie wytw\u00f3rczych aktyw\u00f3w w\u0119glowych ze sp\u00f3\u0142ek z udzia\u0142em Skarbu Pa\u0144stwa\u201d.<\/p>\r\n<p><em>Uwagi do projektu prosz\u0119 przesy\u0142a\u0107 do 24 czerwca 2021 r. na adres:<\/em> <a href=\"mailto:pietrzak@opzz.org.pl\">pietrzak@opzz.org.pl<\/a>.<\/p>\r\n<p><span style=\"color: #993366\"><a style=\"color: #993366\" href=\"https:\/\/zzit.org.pl\/okregi\/lodzki\/wp-content\/uploads\/sites\/3\/2021\/05\/Projekt-Transformacja-sektora-elektroenergetycznego-w-Polsce.pdf\">Projekt &#8211; Transformacja sektora elektroenergetycznego w Polsce<\/a><\/span><\/p>\r\n<p><span style=\"color: #993366\"><a style=\"color: #993366\" href=\"https:\/\/zzit.org.pl\/okregi\/lodzki\/wp-content\/uploads\/sites\/3\/2021\/05\/SSAS-do-Strona-Spoleczna-ws.-Program-dot.-transformacji.pdf\">SSAS do Strona Spo\u0142eczna ws. Program dot. transformacji<\/a><\/span><\/p>\r\n<p><span style=\"color: #008000\"><strong>15 MARZEC, 2021<\/strong><\/span><\/p>\r\n<p>Szanowni Pa\u0144stwo,<\/p>\r\n<p>Z upowa\u017cnienia Przewodnicz\u0105cego Zespo\u0142u ds. polityki gospodarczej i rynku pracy w za\u0142\u0105czeniu przesy\u0142am projekt ustawy o zmianie ustawy o systemie handlu uprawnieniami do emisji gaz\u00f3w cieplarnianych oraz niekt\u00f3rych innych ustaw. W przypadku zainteresowania rozpatrzeniem projektu lub ewentualnym wypracowaniem wsp\u00f3lnego stanowiska prosz\u0119 o przekazanie do dnia 19 marca 2021 r. informacji zawieraj\u0105cej uwagi do projektu oraz projekt stanowiska, kt\u00f3re nast\u0119pnie zostanie poddane ocenie cz\u0142onk\u00f3w Zespo\u0142u.<\/p>\r\n<p><a href=\"https:\/\/zzit.org.pl\/okregi\/lodzki\/wp-content\/uploads\/sites\/3\/2021\/03\/SPS-WP.020.83.3.2021.pdf\">SPS-WP.020.83.3.2021<\/a><\/p>\r\n<p><a href=\"https:\/\/zzit.org.pl\/okregi\/lodzki\/wp-content\/uploads\/sites\/3\/2021\/03\/RM-0610-23-21_1.pdf\">RM-0610-23-21_1<\/a><\/p>\r\n<p><a href=\"https:\/\/zzit.org.pl\/okregi\/lodzki\/wp-content\/uploads\/sites\/3\/2021\/03\/RM-0610-23-21_2.pdf\">RM-0610-23-21_2<\/a><\/p>\r\n<p><a href=\"https:\/\/zzit.org.pl\/okregi\/lodzki\/wp-content\/uploads\/sites\/3\/2021\/03\/RM-0610-23-21_3.pdf\">RM-0610-23-21_3<\/a><\/p>\r\n<p><a href=\"https:\/\/zzit.org.pl\/okregi\/lodzki\/wp-content\/uploads\/sites\/3\/2021\/03\/RM-0610-23-21_4.pdf\">RM-0610-23-21_4<\/a><\/p>\r\n<p><span style=\"color: #008000\"><strong>15 MARZEC, 2021<\/strong><\/span><\/p>\r\n<p style=\"text-align: center\"><span style=\"font-family: 'Cambria',serif\">Z<\/span> <span style=\"font-family: 'Cambria',serif\">upowa\u017cnienia wiceprzewodnicz\u0105cego OPZZ, Piotra Ostrowskiego przekazuj\u0119 poni\u017cej link do Monitora Polskiego, w kt\u00f3rym opublikowano<\/span> <span style=\"font-family: 'Cambria',serif\">Obwieszczenia Ministra Klimatu i \u015arodowiska z dnia 2 marca 2021 r. w sprawie polityki energetycznej pa\u0144stwa do 2040 r.<\/span><\/p>\r\n<p><a href=\"https:\/\/www.dziennikustaw.gov.pl\/MP\/2021\/264\"><span style=\"font-family: 'Cambria',serif;color: #0563c1\">https:\/\/www.dziennikustaw.gov.pl\/MP\/2021\/264<\/span><\/a><\/p>\r\n<p><span style=\"color: #008000\"><strong>21 GRUDZIE\u0143, 2020<\/strong><\/span><\/p>\r\n\r\n<p><em>Dzie\u0144 dobry,<\/em><\/p>\r\n\r\n\r\n\r\n<p>Z upowa\u017cnienia wiceprzewodnicz\u0105cego OPZZ, Piotra Ostrowskiego, przekazuj\u0119 w za\u0142\u0105czeniu poselski projekt ustawy o zmianie niekt\u00f3rych ustaw dotycz\u0105cych skutk\u00f3w rozprzestrzeniania si\u0119 COVID-19 w zwi\u0105zku z udzielaniem zam\u00f3wie\u0144 publicznych.<\/p>\r\n\r\n\r\n\r\n<p>Ewentualne uwagi do projektu prosz\u0119 przekazywa\u0107 na adres: <a href=\"mailto:pietrzak@opzz.org.pl\">pietrzak@opzz.org.pl<\/a>.<\/p>\r\n\r\n\r\n\r\n<p><em>Z powa\u017caniem<\/em><\/p>\r\n\r\n\r\n\r\n<p>Katarzyna Pietrzak<\/p>\r\n\r\n\r\n\r\n<div class=\"wp-block-file\"><a href=\"https:\/\/zzit.org.pl\/okregi\/lodzki\/wp-content\/uploads\/sites\/3\/2020\/12\/9-020-344-2020-skutki-COVID-19-i-PZP-ZUS-i-BT.pdf\">9-020-344-2020-skutki-COVID-19-i-PZP-ZUS-i-BT<\/a><a class=\"wp-block-file__button\" href=\"https:\/\/zzit.org.pl\/okregi\/lodzki\/wp-content\/uploads\/sites\/3\/2020\/12\/9-020-344-2020-skutki-COVID-19-i-PZP-ZUS-i-BT.pdf\">Pobierz<\/a><\/div>\r\n","protected":false},"excerpt":{"rendered":"<p>21 LISTOPAD, 2022 Szanowni Pa\u0144stwo, Z upowa\u017cnienia Pana Leszka Mi\u0119tka, Przewodnicz\u0105cego Zespo\u0142u ds. polityki gospodarczej i rynku pracy, przesy\u0142am Pa\u0144stwu projekt Ustawy o publicznym transporcie zbiorowym i Ustaw\u0119 o publicznym transporcie zbiorowym. Zwracam si\u0119 do Pa\u0144stwa z uprzejm\u0105 pro\u015bb\u0105 o &hellip; <a href=\"https:\/\/zzit.org.pl\/okregi\/lodzki\/588-2\/\">Czytaj dalej <span class=\"meta-nav\">&rarr;<\/span><\/a><\/p>\n","protected":false},"author":11,"featured_media":0,"parent":0,"menu_order":0,"comment_status":"closed","ping_status":"closed","template":"","meta":{"footnotes":""},"class_list":["post-588","page","type-page","status-publish","hentry"],"_links":{"self":[{"href":"https:\/\/zzit.org.pl\/okregi\/lodzki\/wp-json\/wp\/v2\/pages\/588","targetHints":{"allow":["GET"]}}],"collection":[{"href":"https:\/\/zzit.org.pl\/okregi\/lodzki\/wp-json\/wp\/v2\/pages"}],"about":[{"href":"https:\/\/zzit.org.pl\/okregi\/lodzki\/wp-json\/wp\/v2\/types\/page"}],"author":[{"embeddable":true,"href":"https:\/\/zzit.org.pl\/okregi\/lodzki\/wp-json\/wp\/v2\/users\/11"}],"replies":[{"embeddable":true,"href":"https:\/\/zzit.org.pl\/okregi\/lodzki\/wp-json\/wp\/v2\/comments?post=588"}],"version-history":[{"count":19,"href":"https:\/\/zzit.org.pl\/okregi\/lodzki\/wp-json\/wp\/v2\/pages\/588\/revisions"}],"predecessor-version":[{"id":1069,"href":"https:\/\/zzit.org.pl\/okregi\/lodzki\/wp-json\/wp\/v2\/pages\/588\/revisions\/1069"}],"wp:attachment":[{"href":"https:\/\/zzit.org.pl\/okregi\/lodzki\/wp-json\/wp\/v2\/media?parent=588"}],"curies":[{"name":"wp","href":"https:\/\/api.w.org\/{rel}","templated":true}]}}